{"id":644,"date":"2020-03-18T14:29:02","date_gmt":"2020-03-18T12:29:02","guid":{"rendered":"http:\/\/koulutuselamaan.fi\/?page_id=644"},"modified":"2023-01-10T16:10:27","modified_gmt":"2023-01-10T14:10:27","slug":"harold","status":"publish","type":"page","link":"https:\/\/koulutuselamaan.fi\/sv\/lapsille-2\/harold\/","title":{"rendered":"Harolds spel och instruktioner"},"content":{"rendered":"<div data-elementor-type=\"wp-page\" data-elementor-id=\"644\" class=\"elementor elementor-644\" data-elementor-post-type=\"page\">\n\t\t\t\t\t\t<section class=\"elementor-section elementor-top-section elementor-element elementor-element-a333489 elementor-section-boxed elementor-section-height-default elementor-section-height-default\" data-id=\"a333489\" data-element_type=\"section\">\n\t\t\t\t\t\t<div class=\"elementor-container elementor-column-gap-default\">\n\t\t\t\t\t<div class=\"elementor-column elementor-col-100 elementor-top-column elementor-element elementor-element-70250791\" data-id=\"70250791\" data-element_type=\"column\">\n\t\t\t<div class=\"elementor-widget-wrap elementor-element-populated\">\n\t\t\t\t\t\t<div class=\"elementor-element elementor-element-e78bb8b elementor-widget elementor-widget-text-editor\" data-id=\"e78bb8b\" data-element_type=\"widget\" data-widget_type=\"text-editor.default\">\n\t\t\t\t<div class=\"elementor-widget-container\">\n\t\t\t\t\t\t\t\t\t<h1 class=\"translation-block\">Harolds spel och instruktioner<\/h1>\t\t\t\t\t\t\t\t<\/div>\n\t\t\t\t<\/div>\n\t\t\t\t<section class=\"elementor-section elementor-inner-section elementor-element elementor-element-ae1dda3 elementor-section-boxed elementor-section-height-default elementor-section-height-default\" data-id=\"ae1dda3\" data-element_type=\"section\">\n\t\t\t\t\t\t<div class=\"elementor-container elementor-column-gap-default\">\n\t\t\t\t\t<div class=\"elementor-column elementor-col-66 elementor-inner-column elementor-element elementor-element-feb714c\" data-id=\"feb714c\" data-element_type=\"column\">\n\t\t\t<div class=\"elementor-widget-wrap elementor-element-populated\">\n\t\t\t\t\t\t<div class=\"elementor-element elementor-element-c9ebb7e elementor-widget elementor-widget-text-editor\" data-id=\"c9ebb7e\" data-element_type=\"widget\" data-widget_type=\"text-editor.default\">\n\t\t\t\t<div class=\"elementor-widget-container\">\n\t\t\t\t\t\t\t\t\t<p>I det h\u00e4r spelet funderar vi p\u00e5 maskotgiraffen Harolds dr\u00f6mmar. I b\u00f6rjan av spelrundan dr\u00f6mmer Harold att han springer. Spelarens uppgift \u00e4r att hj\u00e4lpa Harold att f\u00e5nga h\u00e4lsosamma alternativ och undvika att tr\u00e4ffa skadliga. Harold flyttas p\u00e5 banan genom att hoppa och ducka med hj\u00e4lp av knapparna nere i h\u00f6rnen. Efter loppet hj\u00e4lper vi Harold att k\u00e4nna igen p\u00e5st\u00e5enden som st\u00e4mmer. D\u00e5 vi klickar p\u00e5 p\u00e5st\u00e5enden som st\u00e4mmer blir de gr\u00f6na, men p\u00e5st\u00e5enden som inte st\u00e4mmer blir r\u00f6da. Vissa p\u00e5st\u00e5enden \u00e4r inte entydigt r\u00e4tt eller fel, och dessa blir gula. D\u00e5 vi st\u00f6ter p\u00e5 gula p\u00e5st\u00e5enden funderar vi varf\u00f6r p\u00e5st\u00e5endet inte klart \u00e4r n\u00e5gondera. Spelet har tre rundor. Varje runda har ett lopp med tv\u00e5 motsatta h\u00e4lsoteman samt ett avsnitt d\u00e4r vi funderar p\u00e5 teman relaterade till h\u00e4lsan.<\/p>\n<p>Teman i spelet:<\/p>\n<ul>\n<li>Energidrycker<\/li>\n<li>Tobaksprodukter<\/li>\n<li>Alkohol<\/li>\n<li>S\u00f6mn<\/li>\n<li>Kost<\/li>\n<li>Fritid<\/li>\n<\/ul>\n<p>Rekommenderade \u00e5ldrar f\u00f6r spelet:<\/p>\n<ul>\n<li><span style=\"color: #00ccff;\">Turkos<\/span> stig f\u00f6r \u00e5rskurs 4<\/li>\n<li><span style=\"color: #ff9900;\">Orange<\/span> stig f\u00f6r \u00e5rskurs 5<\/li>\n<li><span style=\"color: #800080;\">Violett<\/span> stig f\u00f6r \u00e5rskurs 6<\/li>\n<\/ul>\n<p>Spelet \u00e4r riktat till barn i \u00e5rskurs 4-6, men ger \u00e4ven \u00e4ldre n\u00e5got att t\u00e4nka p\u00e5. Spelet kan spelas med klassen i skolan, ensam, med en v\u00e4n eller mor- eller farf\u00f6r\u00e4lder, v\u00e5rdnadshavare, eller med ett \u00e4ldre syskon. Spelet passar \u00e4ven programkv\u00e4llar p\u00e5 fritidsg\u00e5rdar. I slutet ger spelet mera information om de olika teman och uppmuntrar att barnet att fr\u00e5ga en trygg vuxen om s\u00e5dant som hen funderar \u00f6ver.<\/p>\n\t\t\t\t\t\t\t\t<\/div>\n\t\t\t\t<\/div>\n\t\t\t\t\t<\/div>\n\t\t<\/div>\n\t\t\t\t<div class=\"elementor-column elementor-col-33 elementor-inner-column elementor-element elementor-element-68a0715\" data-id=\"68a0715\" data-element_type=\"column\">\n\t\t\t<div class=\"elementor-widget-wrap elementor-element-populated\">\n\t\t\t\t\t\t<div class=\"elementor-element elementor-element-26221b2 elementor-widget elementor-widget-image\" data-id=\"26221b2\" data-element_type=\"widget\" data-widget_type=\"image.default\">\n\t\t\t\t<div class=\"elementor-widget-container\">\n\t\t\t\t\t\t\t\t\t\t\t\t\t\t\t<img fetchpriority=\"high\" decoding=\"async\" width=\"712\" height=\"399\" src=\"https:\/\/koulutuselamaan.fi\/wp-content\/uploads\/2021\/02\/Screenshot-2021-02-15-at-13.10.01-768x430.png\" class=\"attachment-medium_large size-medium_large wp-image-2057\" alt=\"Harold-spelet\" srcset=\"https:\/\/koulutuselamaan.fi\/wp-content\/uploads\/2021\/02\/Screenshot-2021-02-15-at-13.10.01-768x430.png 768w, https:\/\/koulutuselamaan.fi\/wp-content\/uploads\/2021\/02\/Screenshot-2021-02-15-at-13.10.01-600x336.png 600w, https:\/\/koulutuselamaan.fi\/wp-content\/uploads\/2021\/02\/Screenshot-2021-02-15-at-13.10.01-300x168.png 300w, https:\/\/koulutuselamaan.fi\/wp-content\/uploads\/2021\/02\/Screenshot-2021-02-15-at-13.10.01-1024x574.png 1024w, https:\/\/koulutuselamaan.fi\/wp-content\/uploads\/2021\/02\/Screenshot-2021-02-15-at-13.10.01-1536x861.png 1536w, https:\/\/koulutuselamaan.fi\/wp-content\/uploads\/2021\/02\/Screenshot-2021-02-15-at-13.10.01-16x9.png 16w, https:\/\/koulutuselamaan.fi\/wp-content\/uploads\/2021\/02\/Screenshot-2021-02-15-at-13.10.01-680x382.png 680w, https:\/\/koulutuselamaan.fi\/wp-content\/uploads\/2021\/02\/Screenshot-2021-02-15-at-13.10.01-1080x605.png 1080w, https:\/\/koulutuselamaan.fi\/wp-content\/uploads\/2021\/02\/Screenshot-2021-02-15-at-13.10.01.png 1654w\" sizes=\"(max-width: 712px) 100vw, 712px\" \/>\t\t\t\t\t\t\t\t\t\t\t\t\t\t\t<\/div>\n\t\t\t\t<\/div>\n\t\t\t\t<div class=\"elementor-element elementor-element-f39cd59 elementor-button-info elementor-align-center elementor-widget elementor-widget-button\" data-id=\"f39cd59\" data-element_type=\"widget\" data-widget_type=\"button.default\">\n\t\t\t\t<div class=\"elementor-widget-container\">\n\t\t\t\t\t\t\t\t\t<div class=\"elementor-button-wrapper\">\n\t\t\t\t\t<a class=\"elementor-button elementor-button-link elementor-size-lg\" href=\"https:\/\/koulutuselamaan.fi\/sv\/harold-peliin\/\">\n\t\t\t\t\t\t<span class=\"elementor-button-content-wrapper\">\n\t\t\t\t\t\t\t\t\t<span class=\"elementor-button-text\">Spela h\u00e4r<\/span>\n\t\t\t\t\t<\/span>\n\t\t\t\t\t<\/a>\n\t\t\t\t<\/div>\n\t\t\t\t\t\t\t\t<\/div>\n\t\t\t\t<\/div>\n\t\t\t\t\t<\/div>\n\t\t<\/div>\n\t\t\t\t\t<\/div>\n\t\t<\/section>\n\t\t\t\t\t<\/div>\n\t\t<\/div>\n\t\t\t\t\t<\/div>\n\t\t<\/section>\n\t\t\t\t<\/div>","protected":false},"excerpt":{"rendered":"<p>Harold-peli ja&nbsp;ohjeet&nbsp; T\u00e4ss\u00e4 peliss\u00e4 pohditaan maskottimme Harold-kirahvin unia. Pelikierroksen alussa Harold uneksii juoksevansa, pelaajan teht\u00e4v\u00e4n\u00e4 on auttaa saamaan kiinni terveellisi\u00e4 vaihtoehtoja ja v\u00e4ltt\u00e4\u00e4 osumasta haitallisiin. Haroldia liikutetaan radalla hypp\u00e4\u00e4m\u00e4ll\u00e4 ja v\u00e4ist\u00e4m\u00e4ll\u00e4 alareunan painikkeilla. Juoksun j\u00e4lkeen autetaan Haroldia tunnistamaan tosiasiat. Klikkaamalla tosiasioita ne muuttuvat vihreiksi ja jos klikattu sana ei pid\u00e4 paikkaansa, se muuttuu punaiseksi. Osa &hellip; <a href=\"https:\/\/koulutuselamaan.fi\/sv\/lapsille-2\/harold\/\" class=\"more-link\">Forts\u00e4tt l\u00e4sa <span class=\"screen-reader-text\">Harolds spel och instruktioner<\/span><\/a><\/p>","protected":false},"author":5,"featured_media":0,"parent":317,"menu_order":0,"comment_status":"closed","ping_status":"closed","template":"elementor_header_footer","meta":{"footnotes":""},"tags":[],"class_list":["post-644","page","type-page","status-publish","hentry","no-featured-image"],"jetpack_sharing_enabled":true,"_links":{"self":[{"href":"https:\/\/koulutuselamaan.fi\/sv\/wp-json\/wp\/v2\/pages\/644","targetHints":{"allow":["GET"]}}],"collection":[{"href":"https:\/\/koulutuselamaan.fi\/sv\/wp-json\/wp\/v2\/pages"}],"about":[{"href":"https:\/\/koulutuselamaan.fi\/sv\/wp-json\/wp\/v2\/types\/page"}],"author":[{"embeddable":true,"href":"https:\/\/koulutuselamaan.fi\/sv\/wp-json\/wp\/v2\/users\/5"}],"replies":[{"embeddable":true,"href":"https:\/\/koulutuselamaan.fi\/sv\/wp-json\/wp\/v2\/comments?post=644"}],"version-history":[{"count":59,"href":"https:\/\/koulutuselamaan.fi\/sv\/wp-json\/wp\/v2\/pages\/644\/revisions"}],"predecessor-version":[{"id":4820,"href":"https:\/\/koulutuselamaan.fi\/sv\/wp-json\/wp\/v2\/pages\/644\/revisions\/4820"}],"up":[{"embeddable":true,"href":"https:\/\/koulutuselamaan.fi\/sv\/wp-json\/wp\/v2\/pages\/317"}],"wp:attachment":[{"href":"https:\/\/koulutuselamaan.fi\/sv\/wp-json\/wp\/v2\/media?parent=644"}],"wp:term":[{"taxonomy":"post_tag","embeddable":true,"href":"https:\/\/koulutuselamaan.fi\/sv\/wp-json\/wp\/v2\/tags?post=644"}],"curies":[{"name":"wp","href":"https:\/\/api.w.org\/{rel}","templated":true}]}}