{"id":54,"date":"2019-09-12T14:55:25","date_gmt":"2019-09-12T11:55:25","guid":{"rendered":"http:\/\/wp.koulutuselamaan.fi\/?page_id=54"},"modified":"2024-04-02T16:50:50","modified_gmt":"2024-04-02T13:50:50","slug":"tue-toimintaamme","status":"publish","type":"page","link":"https:\/\/koulutuselamaan.fi\/sv\/tue-toimintaamme\/","title":{"rendered":"Underst\u00f6d v\u00e5r verksamhet"},"content":{"rendered":"<div data-elementor-type=\"wp-page\" data-elementor-id=\"54\" class=\"elementor elementor-54\" data-elementor-post-type=\"page\">\n\t\t\t\t\t\t<section class=\"elementor-section elementor-top-section elementor-element elementor-element-6fb10a8b elementor-section-boxed elementor-section-height-default elementor-section-height-default\" data-id=\"6fb10a8b\" data-element_type=\"section\">\n\t\t\t\t\t\t<div class=\"elementor-container elementor-column-gap-default\">\n\t\t\t\t\t<div class=\"elementor-column elementor-col-100 elementor-top-column elementor-element elementor-element-515914ae\" data-id=\"515914ae\" data-element_type=\"column\">\n\t\t\t<div class=\"elementor-widget-wrap elementor-element-populated\">\n\t\t\t\t\t\t<div class=\"elementor-element elementor-element-8137f83 elementor-widget elementor-widget-image\" data-id=\"8137f83\" data-element_type=\"widget\" data-widget_type=\"image.default\">\n\t\t\t\t<div class=\"elementor-widget-container\">\n\t\t\t\t\t\t\t\t\t\t\t\t\t\t\t<img decoding=\"async\" src=\"https:\/\/koulutuselamaan.fi\/wp-content\/uploads\/elementor\/thumbs\/KE_web_tue_S-of26vev20gc3oo57qt08j7gwmlh8hle31ibsok9zt4.jpg\" title=\"KE_web_tue_S\" alt=\"KE_web_tue_S\" loading=\"lazy\" \/>\t\t\t\t\t\t\t\t\t\t\t\t\t\t\t<\/div>\n\t\t\t\t<\/div>\n\t\t\t\t<section class=\"elementor-section elementor-inner-section elementor-element elementor-element-7d93d02 elementor-section-boxed elementor-section-height-default elementor-section-height-default\" data-id=\"7d93d02\" data-element_type=\"section\">\n\t\t\t\t\t\t<div class=\"elementor-container elementor-column-gap-default\">\n\t\t\t\t\t<div class=\"elementor-column elementor-col-66 elementor-inner-column elementor-element elementor-element-8a26d0b\" data-id=\"8a26d0b\" data-element_type=\"column\">\n\t\t\t<div class=\"elementor-widget-wrap elementor-element-populated\">\n\t\t\t\t\t\t<div class=\"elementor-element elementor-element-3e372e8b elementor-widget elementor-widget-text-editor\" data-id=\"3e372e8b\" data-element_type=\"widget\" data-widget_type=\"text-editor.default\">\n\t\t\t\t<div class=\"elementor-widget-container\">\n\t\t\t\t\t\t\t\t\t<h1>Underst\u00f6d v\u00e5r verksamhet<\/h1>\n<p>Vi erbjuder v\u00e5ra bidragsgivare m\u00f6jligheten att f\u00f6rmedla att de \u00e4r med och bygger en b\u00e4ttre framtid f\u00f6r finska barn.<\/p>\n<h2>1 DAGS UTBILDNINGAR<\/h2>\n<p>Tavoitetaan noin 70 lasta \/ 700 euroa<\/p>\n<h2>1 VECKAS UTBILDNINGAR<\/h2>\n<p>Tavoitetaan noin 325 lasta \/ 3000 euroa<\/p>\n<p>Till\u00e4ggsinformation om stiftelsens verksamhet, att boka undervisning till din skola och finansiering av bes\u00f6ket:<\/p>\n<p>Sami Teikko, Verksamhetsledare<br>tfn 0400 638 863<\/p>\n<p>sami.teikko@koulutuselamaan.fi<\/p>\t\t\t\t\t\t\t\t<\/div>\n\t\t\t\t<\/div>\n\t\t\t\t\t<\/div>\n\t\t<\/div>\n\t\t\t\t<div class=\"elementor-column elementor-col-33 elementor-inner-column elementor-element elementor-element-fc9ccd2\" data-id=\"fc9ccd2\" data-element_type=\"column\">\n\t\t\t<div class=\"elementor-widget-wrap elementor-element-populated\">\n\t\t\t\t\t\t<div class=\"elementor-element elementor-element-96e33f3 elementor-widget-divider--view-line elementor-widget elementor-widget-divider\" data-id=\"96e33f3\" data-element_type=\"widget\" data-widget_type=\"divider.default\">\n\t\t\t\t<div class=\"elementor-widget-container\">\n\t\t\t\t\t\t\t<div class=\"elementor-divider\">\n\t\t\t<span class=\"elementor-divider-separator\">\n\t\t\t\t\t\t<\/span>\n\t\t<\/div>\n\t\t\t\t\t\t<\/div>\n\t\t\t\t<\/div>\n\t\t\t\t<div class=\"elementor-element elementor-element-9126b59 elementor-nav-menu--dropdown-tablet elementor-nav-menu__text-align-aside elementor-widget elementor-widget-nav-menu\" data-id=\"9126b59\" data-element_type=\"widget\" data-settings=\"{&quot;layout&quot;:&quot;vertical&quot;,&quot;submenu_icon&quot;:{&quot;value&quot;:&quot;&lt;i class=\\&quot;fas fa-caret-down\\&quot;&gt;&lt;\\\/i&gt;&quot;,&quot;library&quot;:&quot;fa-solid&quot;}}\" data-widget_type=\"nav-menu.default\">\n\t\t\t\t<div class=\"elementor-widget-container\">\n\t\t\t\t\t\t\t\t<nav aria-label=\"Meny\" class=\"elementor-nav-menu--main elementor-nav-menu__container elementor-nav-menu--layout-vertical e--pointer-underline e--animation-fade\">\n\t\t\t\t<ul id=\"menu-1-9126b59\" class=\"elementor-nav-menu sm-vertical\"><li class=\"menu-item menu-item-type-post_type menu-item-object-page menu-item-2709\"><a href=\"https:\/\/koulutuselamaan.fi\/sv\/tue-toimintaamme\/tee-lahjoitus\/\" class=\"elementor-item\">Ge ett bidrag<\/a><\/li>\n<li class=\"menu-item menu-item-type-post_type menu-item-object-page menu-item-2710\"><a href=\"https:\/\/koulutuselamaan.fi\/sv\/tue-toimintaamme\/yhteistyokumppanit\/\" class=\"elementor-item\">Bidragsgivare<\/a><\/li>\n<\/ul>\t\t\t<\/nav>\n\t\t\t\t\t\t<nav class=\"elementor-nav-menu--dropdown elementor-nav-menu__container\" aria-hidden=\"true\">\n\t\t\t\t<ul id=\"menu-2-9126b59\" class=\"elementor-nav-menu sm-vertical\"><li class=\"menu-item menu-item-type-post_type menu-item-object-page menu-item-2709\"><a href=\"https:\/\/koulutuselamaan.fi\/sv\/tue-toimintaamme\/tee-lahjoitus\/\" class=\"elementor-item\" tabindex=\"-1\">Ge ett bidrag<\/a><\/li>\n<li class=\"menu-item menu-item-type-post_type menu-item-object-page menu-item-2710\"><a href=\"https:\/\/koulutuselamaan.fi\/sv\/tue-toimintaamme\/yhteistyokumppanit\/\" class=\"elementor-item\" tabindex=\"-1\">Bidragsgivare<\/a><\/li>\n<\/ul>\t\t\t<\/nav>\n\t\t\t\t\t\t<\/div>\n\t\t\t\t<\/div>\n\t\t\t\t<div class=\"elementor-element elementor-element-bb43b0b elementor-widget-divider--view-line elementor-widget elementor-widget-divider\" data-id=\"bb43b0b\" data-element_type=\"widget\" data-widget_type=\"divider.default\">\n\t\t\t\t<div class=\"elementor-widget-container\">\n\t\t\t\t\t\t\t<div class=\"elementor-divider\">\n\t\t\t<span class=\"elementor-divider-separator\">\n\t\t\t\t\t\t<\/span>\n\t\t<\/div>\n\t\t\t\t\t\t<\/div>\n\t\t\t\t<\/div>\n\t\t\t\t\t<\/div>\n\t\t<\/div>\n\t\t\t\t\t<\/div>\n\t\t<\/section>\n\t\t\t\t\t<\/div>\n\t\t<\/div>\n\t\t\t\t\t<\/div>\n\t\t<\/section>\n\t\t\t\t<\/div>","protected":false},"excerpt":{"rendered":"<p>Tue toimintaamme Tukijoillemme tarjoamme mahdollisuuksia viestitt\u00e4\u00e4, ett\u00e4 he ovat mukana rakentamassa suomalaisille lapsille parempaa tulevaisuutta. 1 PV KOULUTUKSIA Tavoitetaan noin 70 lasta \/ 700 euroa 1 VK KOULUTUKSIA Tavoitetaan noin 325 lasta \/ 3000 euroa Lis\u00e4tietoa s\u00e4\u00e4ti\u00f6n toiminnasta, opetuksen tilaamisesta koululle ja vierailun rahoittamisesta: Sami Teikko, ToiminnanjohtajaPuh. 0400 638 863 sami.teikko@koulutuselamaan.fi<\/p>","protected":false},"author":1,"featured_media":273,"parent":0,"menu_order":0,"comment_status":"closed","ping_status":"closed","template":"elementor_header_footer","meta":{"footnotes":""},"tags":[],"class_list":["post-54","page","type-page","status-publish","has-post-thumbnail","hentry"],"jetpack_sharing_enabled":true,"_links":{"self":[{"href":"https:\/\/koulutuselamaan.fi\/sv\/wp-json\/wp\/v2\/pages\/54","targetHints":{"allow":["GET"]}}],"collection":[{"href":"https:\/\/koulutuselamaan.fi\/sv\/wp-json\/wp\/v2\/pages"}],"about":[{"href":"https:\/\/koulutuselamaan.fi\/sv\/wp-json\/wp\/v2\/types\/page"}],"author":[{"embeddable":true,"href":"https:\/\/koulutuselamaan.fi\/sv\/wp-json\/wp\/v2\/users\/1"}],"replies":[{"embeddable":true,"href":"https:\/\/koulutuselamaan.fi\/sv\/wp-json\/wp\/v2\/comments?post=54"}],"version-history":[{"count":30,"href":"https:\/\/koulutuselamaan.fi\/sv\/wp-json\/wp\/v2\/pages\/54\/revisions"}],"predecessor-version":[{"id":5332,"href":"https:\/\/koulutuselamaan.fi\/sv\/wp-json\/wp\/v2\/pages\/54\/revisions\/5332"}],"wp:featuredmedia":[{"embeddable":true,"href":"https:\/\/koulutuselamaan.fi\/sv\/wp-json\/wp\/v2\/media\/273"}],"wp:attachment":[{"href":"https:\/\/koulutuselamaan.fi\/sv\/wp-json\/wp\/v2\/media?parent=54"}],"wp:term":[{"taxonomy":"post_tag","embeddable":true,"href":"https:\/\/koulutuselamaan.fi\/sv\/wp-json\/wp\/v2\/tags?post=54"}],"curies":[{"name":"wp","href":"https:\/\/api.w.org\/{rel}","templated":true}]}}