{"id":3361,"date":"2021-05-20T16:35:01","date_gmt":"2021-05-20T13:35:01","guid":{"rendered":"https:\/\/koulutuselamaan.fi\/?page_id=3361"},"modified":"2021-05-21T13:50:24","modified_gmt":"2021-05-21T10:50:24","slug":"hyvinvointi-muistipeli","status":"publish","type":"page","link":"https:\/\/koulutuselamaan.fi\/sv\/hyvinvointi-muistipeli\/","title":{"rendered":"Hyvinvointi &#8211; muistipeli"},"content":{"rendered":"<p>Ihmisen hyvinvointiin vaikuttaa moni eri asia. Etsi korteista kuvapareja! <\/p>\n\n\n\n<p>Voit my\u00f6s mietti\u00e4, miten n\u00e4m\u00e4 asiat vaikuttavat sinun hyvinvointiisi ja mieleesi.<\/p>\n\n\n\n<p><\/p>\n\n\n\n<div class=\"h5p-content\" data-content-id=\"14\"><\/div>","protected":false},"excerpt":{"rendered":"<p>Ihmisen hyvinvointiin vaikuttaa moni eri asia. Etsi korteista kuvapareja! Voit my\u00f6s mietti\u00e4, miten n\u00e4m\u00e4 asiat vaikuttavat sinun hyvinvointiisi ja mieleesi.<\/p>","protected":false},"author":5,"featured_media":0,"parent":0,"menu_order":0,"comment_status":"closed","ping_status":"closed","template":"","meta":{"footnotes":""},"tags":[],"class_list":["post-3361","page","type-page","status-publish","hentry","no-featured-image"],"jetpack_sharing_enabled":true,"_links":{"self":[{"href":"https:\/\/koulutuselamaan.fi\/sv\/wp-json\/wp\/v2\/pages\/3361","targetHints":{"allow":["GET"]}}],"collection":[{"href":"https:\/\/koulutuselamaan.fi\/sv\/wp-json\/wp\/v2\/pages"}],"about":[{"href":"https:\/\/koulutuselamaan.fi\/sv\/wp-json\/wp\/v2\/types\/page"}],"author":[{"embeddable":true,"href":"https:\/\/koulutuselamaan.fi\/sv\/wp-json\/wp\/v2\/users\/5"}],"replies":[{"embeddable":true,"href":"https:\/\/koulutuselamaan.fi\/sv\/wp-json\/wp\/v2\/comments?post=3361"}],"version-history":[{"count":3,"href":"https:\/\/koulutuselamaan.fi\/sv\/wp-json\/wp\/v2\/pages\/3361\/revisions"}],"predecessor-version":[{"id":3407,"href":"https:\/\/koulutuselamaan.fi\/sv\/wp-json\/wp\/v2\/pages\/3361\/revisions\/3407"}],"wp:attachment":[{"href":"https:\/\/koulutuselamaan.fi\/sv\/wp-json\/wp\/v2\/media?parent=3361"}],"wp:term":[{"taxonomy":"post_tag","embeddable":true,"href":"https:\/\/koulutuselamaan.fi\/sv\/wp-json\/wp\/v2\/tags?post=3361"}],"curies":[{"name":"wp","href":"https:\/\/api.w.org\/{rel}","templated":true}]}}