{"id":3117,"date":"2021-05-05T12:18:41","date_gmt":"2021-05-05T09:18:41","guid":{"rendered":"https:\/\/koulutuselamaan.fi\/?page_id=3117"},"modified":"2025-08-05T11:11:56","modified_gmt":"2025-08-05T08:11:56","slug":"5-luokka-2","status":"publish","type":"page","link":"https:\/\/koulutuselamaan.fi\/sv\/5-luokka-2\/","title":{"rendered":"5.luokka: Hyvinvointitaidot"},"content":{"rendered":"<div data-elementor-type=\"wp-page\" data-elementor-id=\"3117\" class=\"elementor elementor-3117\" data-elementor-post-type=\"page\">\n\t\t\t\t\t\t<section class=\"elementor-section elementor-top-section elementor-element elementor-element-0d07837 elementor-section-boxed elementor-section-height-default elementor-section-height-default\" data-id=\"0d07837\" data-element_type=\"section\">\n\t\t\t\t\t\t<div class=\"elementor-container elementor-column-gap-default\">\n\t\t\t\t\t<div class=\"elementor-column elementor-col-100 elementor-top-column elementor-element elementor-element-0241c7a\" data-id=\"0241c7a\" data-element_type=\"column\">\n\t\t\t<div class=\"elementor-widget-wrap elementor-element-populated\">\n\t\t\t\t\t\t<div class=\"elementor-element elementor-element-3adb640 elementor-widget elementor-widget-heading\" data-id=\"3adb640\" data-element_type=\"widget\" data-widget_type=\"heading.default\">\n\t\t\t\t<div class=\"elementor-widget-container\">\n\t\t\t\t\t<h2 class=\"elementor-heading-title elementor-size-default\">Lis\u00e4teht\u00e4v\u00e4t<\/h2>\t\t\t\t<\/div>\n\t\t\t\t<\/div>\n\t\t\t\t<div class=\"elementor-element elementor-element-a6af8f5 elementor-widget elementor-widget-text-editor\" data-id=\"a6af8f5\" data-element_type=\"widget\" data-widget_type=\"text-editor.default\">\n\t\t\t\t<div class=\"elementor-widget-container\">\n\t\t\t\t\t\t\t\t\t<p>Hei opettaja! T\u00e4\u00e4lt\u00e4 l\u00f6yd\u00e4t lis\u00e4teht\u00e4vi\u00e4 opetuksesi tueksi. Teht\u00e4vi\u00e4 voi k\u00e4ytt\u00e4\u00e4 orientoivana materiaalina ennen Koulutus El\u00e4m\u00e4\u00e4n- opetusta tai opetuksen j\u00e4lkeiseen aiheen kertaukseen ja syvent\u00e4miseen.<\/p><p><strong>Pelilliset teht\u00e4v\u00e4t:<\/strong><\/p><p><a href=\"https:\/\/koulutuselamaan.fi\/sv\/tunnesaatelyn-keinoja\/\">Tunnes\u00e4\u00e4telyn keinoja<\/a><\/p><p><a href=\"https:\/\/koulutuselamaan.fi\/sv\/kehonosien-tehtavat\/\">Kehonosien teht\u00e4v\u00e4t<\/a><\/p><p><a href=\"https:\/\/koulutuselamaan.fi\/sv\/testaa-hyvinvointisi\/\">Testaa hyvinvointisi<\/a><\/p><p><strong>Tulostettavat yms.:<\/strong><\/p><p><a href=\"https:\/\/koulutuselamaan.fi\/wp-content\/uploads\/2025\/04\/Ideoita-aiheen-kasittelyyn-5-lk.pdf\">Ideoita aiheen ka\u0308sittelyyn<\/a><\/p><p><a href=\"https:\/\/koulutuselamaan.fi\/wp-content\/uploads\/2025\/04\/5-lk-tunteet-ja-toiminnat.pdf\">Tunteet ja toiminnat<\/a><\/p><p><a href=\"https:\/\/koulutuselamaan.fi\/wp-content\/uploads\/2025\/04\/5lk.-lisatehtava-\u2013-mielipidekirjoitus.pdf\">Hyvinvointi mielipidekirjoitus<\/a><\/p><p><a href=\"https:\/\/koulutuselamaan.fi\/wp-content\/uploads\/2025\/04\/Aivopolku-5lk.pdf\">Aivopolku<\/a><\/p><p><a href=\"https:\/\/koulutuselamaan.fi\/wp-content\/uploads\/2025\/04\/Oikeudet-ja-vastuut-5-lk.pdf\">Oikeudet ja vastuut<\/a><\/p>\t\t\t\t\t\t\t\t<\/div>\n\t\t\t\t<\/div>\n\t\t\t\t\t<\/div>\n\t\t<\/div>\n\t\t\t\t\t<\/div>\n\t\t<\/section>\n\t\t\t\t<section class=\"elementor-section elementor-top-section elementor-element elementor-element-b7a4b1c elementor-section-boxed elementor-section-height-default elementor-section-height-default\" data-id=\"b7a4b1c\" data-element_type=\"section\">\n\t\t\t\t\t\t<div class=\"elementor-container elementor-column-gap-default\">\n\t\t\t\t\t<div class=\"elementor-column elementor-col-100 elementor-top-column elementor-element elementor-element-91c725a\" data-id=\"91c725a\" data-element_type=\"column\">\n\t\t\t<div class=\"elementor-widget-wrap elementor-element-populated\">\n\t\t\t\t\t\t<div class=\"elementor-element elementor-element-433f106 elementor-widget elementor-widget-heading\" data-id=\"433f106\" data-element_type=\"widget\" data-widget_type=\"heading.default\">\n\t\t\t\t<div class=\"elementor-widget-container\">\n\t\t\t\t\t<h2 class=\"elementor-heading-title elementor-size-default\">Harold- hyvinvointiaiheinen peli<\/h2>\t\t\t\t<\/div>\n\t\t\t\t<\/div>\n\t\t\t\t<div class=\"elementor-element elementor-element-19a7cb7 elementor-widget elementor-widget-text-editor\" data-id=\"19a7cb7\" data-element_type=\"widget\" data-widget_type=\"text-editor.default\">\n\t\t\t\t<div class=\"elementor-widget-container\">\n\t\t\t\t\t\t\t\t\t<p style=\"caret-color: #000000; color: #000000;\">Anna oppilaille teht\u00e4v\u00e4ksi pelata vanhempien kanssa Harold -peli\u00e4 tai pelatkaa peli\u00e4 koulussa.<\/p>\n<p style=\"caret-color: #000000; color: #000000;\"><a href=\"http:\/\/koulutuselamaan.fi\/sv\/lapsille-2\/harold-pelin-ohjeet\/\">Ohjeet Harold -peliin<\/a><\/p>\n<p style=\"caret-color: #000000; color: #000000;\"><a href=\"https:\/\/koulutuselamaan.fi\/sv\/harold-peli\/\">Suoraan peliin t\u00e4st\u00e4: Harold -peli<\/a>\u00a0<br \/>Tai\u00a0 linkki n\u00e4pytelt\u00e4v\u00e4ksi: <a style=\"background-color: #ffffff;\" href=\"https:\/\/koulutuselamaan.fi\/sv\/harold-peli\/\">www.koulutuselamaan.fi\/harold-peli\/<\/a><\/p>\t\t\t\t\t\t\t\t<\/div>\n\t\t\t\t<\/div>\n\t\t\t\t\t<\/div>\n\t\t<\/div>\n\t\t\t\t\t<\/div>\n\t\t<\/section>\n\t\t\t\t<\/div>","protected":false},"excerpt":{"rendered":"<p>Lis\u00e4teht\u00e4v\u00e4t Hei opettaja! T\u00e4\u00e4lt\u00e4 l\u00f6yd\u00e4t lis\u00e4teht\u00e4vi\u00e4 opetuksesi tueksi. Teht\u00e4vi\u00e4 voi k\u00e4ytt\u00e4\u00e4 orientoivana materiaalina ennen Koulutus El\u00e4m\u00e4\u00e4n- opetusta tai opetuksen j\u00e4lkeiseen aiheen kertaukseen ja syvent\u00e4miseen. Pelilliset teht\u00e4v\u00e4t: Tunnes\u00e4\u00e4telyn keinoja Kehonosien teht\u00e4v\u00e4t Testaa hyvinvointisi Tulostettavat yms.: Ideoita aiheen ka\u0308sittelyyn Tunteet ja toiminnat Hyvinvointi mielipidekirjoitus Aivopolku Oikeudet ja vastuut Harold- hyvinvointiaiheinen peli Anna oppilaille teht\u00e4v\u00e4ksi pelata vanhempien kanssa &hellip; <a href=\"https:\/\/koulutuselamaan.fi\/sv\/5-luokka-2\/\" class=\"more-link\">Forts\u00e4tt l\u00e4sa <span class=\"screen-reader-text\">5.luokka: Hyvinvointitaidot<\/span><\/a><\/p>","protected":false},"author":5,"featured_media":0,"parent":0,"menu_order":0,"comment_status":"closed","ping_status":"closed","template":"","meta":{"footnotes":""},"tags":[],"class_list":["post-3117","page","type-page","status-publish","hentry","no-featured-image"],"jetpack_sharing_enabled":true,"_links":{"self":[{"href":"https:\/\/koulutuselamaan.fi\/sv\/wp-json\/wp\/v2\/pages\/3117","targetHints":{"allow":["GET"]}}],"collection":[{"href":"https:\/\/koulutuselamaan.fi\/sv\/wp-json\/wp\/v2\/pages"}],"about":[{"href":"https:\/\/koulutuselamaan.fi\/sv\/wp-json\/wp\/v2\/types\/page"}],"author":[{"embeddable":true,"href":"https:\/\/koulutuselamaan.fi\/sv\/wp-json\/wp\/v2\/users\/5"}],"replies":[{"embeddable":true,"href":"https:\/\/koulutuselamaan.fi\/sv\/wp-json\/wp\/v2\/comments?post=3117"}],"version-history":[{"count":84,"href":"https:\/\/koulutuselamaan.fi\/sv\/wp-json\/wp\/v2\/pages\/3117\/revisions"}],"predecessor-version":[{"id":5986,"href":"https:\/\/koulutuselamaan.fi\/sv\/wp-json\/wp\/v2\/pages\/3117\/revisions\/5986"}],"wp:attachment":[{"href":"https:\/\/koulutuselamaan.fi\/sv\/wp-json\/wp\/v2\/media?parent=3117"}],"wp:term":[{"taxonomy":"post_tag","embeddable":true,"href":"https:\/\/koulutuselamaan.fi\/sv\/wp-json\/wp\/v2\/tags?post=3117"}],"curies":[{"name":"wp","href":"https:\/\/api.w.org\/{rel}","templated":true}]}}