{"id":3111,"date":"2021-05-05T12:17:48","date_gmt":"2021-05-05T09:17:48","guid":{"rendered":"https:\/\/koulutuselamaan.fi\/?page_id=3111"},"modified":"2025-08-05T11:16:31","modified_gmt":"2025-08-05T08:16:31","slug":"3-luokka","status":"publish","type":"page","link":"https:\/\/koulutuselamaan.fi\/sv\/3-luokka\/","title":{"rendered":"3.luokka: Min\u00e4 ja me"},"content":{"rendered":"<div data-elementor-type=\"wp-page\" data-elementor-id=\"3111\" class=\"elementor elementor-3111\" data-elementor-post-type=\"page\">\n\t\t\t\t\t\t<section class=\"elementor-section elementor-top-section elementor-element elementor-element-4b372aa elementor-section-boxed elementor-section-height-default elementor-section-height-default\" data-id=\"4b372aa\" data-element_type=\"section\">\n\t\t\t\t\t\t<div class=\"elementor-container elementor-column-gap-default\">\n\t\t\t\t\t<div class=\"elementor-column elementor-col-100 elementor-top-column elementor-element elementor-element-8484cd5\" data-id=\"8484cd5\" data-element_type=\"column\">\n\t\t\t<div class=\"elementor-widget-wrap elementor-element-populated\">\n\t\t\t\t\t\t<div class=\"elementor-element elementor-element-91550d0 elementor-widget elementor-widget-heading\" data-id=\"91550d0\" data-element_type=\"widget\" data-widget_type=\"heading.default\">\n\t\t\t\t<div class=\"elementor-widget-container\">\n\t\t\t\t\t<h2 class=\"elementor-heading-title elementor-size-default\">Lis\u00e4teht\u00e4v\u00e4t<\/h2>\t\t\t\t<\/div>\n\t\t\t\t<\/div>\n\t\t\t\t\t<\/div>\n\t\t<\/div>\n\t\t\t\t\t<\/div>\n\t\t<\/section>\n\t\t\t\t<section class=\"elementor-section elementor-top-section elementor-element elementor-element-d98d849 elementor-section-boxed elementor-section-height-default elementor-section-height-default\" data-id=\"d98d849\" data-element_type=\"section\">\n\t\t\t\t\t\t<div class=\"elementor-container elementor-column-gap-default\">\n\t\t\t\t\t<div class=\"elementor-column elementor-col-100 elementor-top-column elementor-element elementor-element-e059e8c\" data-id=\"e059e8c\" data-element_type=\"column\">\n\t\t\t<div class=\"elementor-widget-wrap elementor-element-populated\">\n\t\t\t\t\t\t<div class=\"elementor-element elementor-element-4ccf3ce elementor-widget elementor-widget-text-editor\" data-id=\"4ccf3ce\" data-element_type=\"widget\" data-widget_type=\"text-editor.default\">\n\t\t\t\t<div class=\"elementor-widget-container\">\n\t\t\t\t\t\t\t\t\t<p>Hei opettaja! T\u00e4\u00e4lt\u00e4 l\u00f6yd\u00e4t lis\u00e4teht\u00e4vi\u00e4 opetuksesi tueksi. Teht\u00e4vi\u00e4 voi k\u00e4ytt\u00e4\u00e4 orientoivana materiaalina ennen Koulutus El\u00e4m\u00e4\u00e4n- opetusta tai opetuksien j\u00e4lkeiseen aiheen kertaukseen ja syvent\u00e4miseen.<\/p><p><strong>Pelilliset:<\/strong><\/p><p><a href=\"https:\/\/koulutuselamaan.fi\/sv\/hyvinvointi-muistipeli\/\">Hyvinvointi -muistipeli<\/a><\/p><p><a href=\"https:\/\/koulutuselamaan.fi\/sv\/testaa-hyvinvointisi\/\">Testaa hyvinvointisi<\/a><\/p><p><strong>Tulostettavat yms.:<\/strong><\/p><p><a href=\"https:\/\/koulutuselamaan.fi\/wp-content\/uploads\/2025\/04\/Ideoita-aiheen-kasittelyyn-3-lk.pdf\">Ideoita aiheen ka\u0308sittelyyn<\/a><\/p><p><a href=\"https:\/\/koulutuselamaan.fi\/wp-content\/uploads\/2021\/06\/Mina-olen-ainutlaatuinen.pdf\">Min\u00e4 olen ainutlaatuinen!<\/a><\/p><p><a href=\"https:\/\/koulutuselamaan.fi\/wp-content\/uploads\/2021\/06\/Huolehdin-kehostani.pdf\">Huolehdin kehostani<\/a><\/p><p><a href=\"https:\/\/koulutuselamaan.fi\/wp-content\/uploads\/2023\/10\/Maailman-juhlat-3lk.pdf\">Maailman juhlat<\/a><\/p><p><a href=\"https:\/\/koulutuselamaan.fi\/wp-content\/uploads\/2025\/04\/keho_muistipelikortit-3lk.pdf\">Kehon toiminta \u2013 muistipelikortit<\/a><\/p><p><a href=\"https:\/\/koulutuselamaan.fi\/wp-content\/uploads\/2025\/04\/Hyvinvointibingo-1.pdf\">Hyvinvointibingo<\/a> ohjeet<\/p><p><a href=\"https:\/\/koulutuselamaan.fi\/wp-content\/uploads\/2025\/04\/Valbefinnandebingo-kort-ak-3.pdf\">Hyvinvointibingo kortit<\/a><\/p>\t\t\t\t\t\t\t\t<\/div>\n\t\t\t\t<\/div>\n\t\t\t\t\t<\/div>\n\t\t<\/div>\n\t\t\t\t\t<\/div>\n\t\t<\/section>\n\t\t\t\t<\/div>","protected":false},"excerpt":{"rendered":"<p>Lis\u00e4teht\u00e4v\u00e4t Hei opettaja! T\u00e4\u00e4lt\u00e4 l\u00f6yd\u00e4t lis\u00e4teht\u00e4vi\u00e4 opetuksesi tueksi. Teht\u00e4vi\u00e4 voi k\u00e4ytt\u00e4\u00e4 orientoivana materiaalina ennen Koulutus El\u00e4m\u00e4\u00e4n- opetusta tai opetuksien j\u00e4lkeiseen aiheen kertaukseen ja syvent\u00e4miseen. Pelilliset: Hyvinvointi -muistipeli Testaa hyvinvointisi Tulostettavat yms.: Ideoita aiheen ka\u0308sittelyyn Min\u00e4 olen ainutlaatuinen! Huolehdin kehostani Maailman juhlat Kehon toiminta \u2013 muistipelikortit Hyvinvointibingo ohjeet Hyvinvointibingo kortit<\/p>","protected":false},"author":5,"featured_media":0,"parent":0,"menu_order":0,"comment_status":"closed","ping_status":"closed","template":"","meta":{"footnotes":""},"tags":[],"class_list":["post-3111","page","type-page","status-publish","hentry","no-featured-image"],"jetpack_sharing_enabled":true,"_links":{"self":[{"href":"https:\/\/koulutuselamaan.fi\/sv\/wp-json\/wp\/v2\/pages\/3111","targetHints":{"allow":["GET"]}}],"collection":[{"href":"https:\/\/koulutuselamaan.fi\/sv\/wp-json\/wp\/v2\/pages"}],"about":[{"href":"https:\/\/koulutuselamaan.fi\/sv\/wp-json\/wp\/v2\/types\/page"}],"author":[{"embeddable":true,"href":"https:\/\/koulutuselamaan.fi\/sv\/wp-json\/wp\/v2\/users\/5"}],"replies":[{"embeddable":true,"href":"https:\/\/koulutuselamaan.fi\/sv\/wp-json\/wp\/v2\/comments?post=3111"}],"version-history":[{"count":63,"href":"https:\/\/koulutuselamaan.fi\/sv\/wp-json\/wp\/v2\/pages\/3111\/revisions"}],"predecessor-version":[{"id":5992,"href":"https:\/\/koulutuselamaan.fi\/sv\/wp-json\/wp\/v2\/pages\/3111\/revisions\/5992"}],"wp:attachment":[{"href":"https:\/\/koulutuselamaan.fi\/sv\/wp-json\/wp\/v2\/media?parent=3111"}],"wp:term":[{"taxonomy":"post_tag","embeddable":true,"href":"https:\/\/koulutuselamaan.fi\/sv\/wp-json\/wp\/v2\/tags?post=3111"}],"curies":[{"name":"wp","href":"https:\/\/api.w.org\/{rel}","templated":true}]}}