{"id":3102,"date":"2021-05-05T12:16:16","date_gmt":"2021-05-05T09:16:16","guid":{"rendered":"https:\/\/koulutuselamaan.fi\/?page_id=3102"},"modified":"2025-08-05T09:49:44","modified_gmt":"2025-08-05T06:49:44","slug":"1-luokka","status":"publish","type":"page","link":"https:\/\/koulutuselamaan.fi\/sv\/1-luokka\/","title":{"rendered":"1.luokka: Tunteet"},"content":{"rendered":"<div data-elementor-type=\"wp-page\" data-elementor-id=\"3102\" class=\"elementor elementor-3102\" data-elementor-post-type=\"page\">\n\t\t\t\t\t\t<section class=\"elementor-section elementor-top-section elementor-element elementor-element-ee29252 elementor-section-boxed elementor-section-height-default elementor-section-height-default\" data-id=\"ee29252\" data-element_type=\"section\">\n\t\t\t\t\t\t<div class=\"elementor-container elementor-column-gap-default\">\n\t\t\t\t\t<div class=\"elementor-column elementor-col-100 elementor-top-column elementor-element elementor-element-cf83b62\" data-id=\"cf83b62\" data-element_type=\"column\">\n\t\t\t<div class=\"elementor-widget-wrap elementor-element-populated\">\n\t\t\t\t\t\t<div class=\"elementor-element elementor-element-c6e3b9c elementor-widget elementor-widget-heading\" data-id=\"c6e3b9c\" data-element_type=\"widget\" data-widget_type=\"heading.default\">\n\t\t\t\t<div class=\"elementor-widget-container\">\n\t\t\t\t\t<h2 class=\"elementor-heading-title elementor-size-default\">Lis\u00e4teht\u00e4v\u00e4t<\/h2>\t\t\t\t<\/div>\n\t\t\t\t<\/div>\n\t\t\t\t\t<\/div>\n\t\t<\/div>\n\t\t\t\t\t<\/div>\n\t\t<\/section>\n\t\t\t\t<section class=\"elementor-section elementor-top-section elementor-element elementor-element-57fa18b elementor-section-boxed elementor-section-height-default elementor-section-height-default\" data-id=\"57fa18b\" data-element_type=\"section\">\n\t\t\t\t\t\t<div class=\"elementor-container elementor-column-gap-default\">\n\t\t\t\t\t<div class=\"elementor-column elementor-col-100 elementor-top-column elementor-element elementor-element-420a39a\" data-id=\"420a39a\" data-element_type=\"column\">\n\t\t\t<div class=\"elementor-widget-wrap elementor-element-populated\">\n\t\t\t\t\t\t<div class=\"elementor-element elementor-element-cce993b elementor-widget elementor-widget-text-editor\" data-id=\"cce993b\" data-element_type=\"widget\" data-widget_type=\"text-editor.default\">\n\t\t\t\t<div class=\"elementor-widget-container\">\n\t\t\t\t\t\t\t\t\t<p>Hei opettaja! T\u00e4\u00e4lt\u00e4 l\u00f6yd\u00e4t lis\u00e4teht\u00e4vi\u00e4 opetuksesi tueksi. Teht\u00e4vi\u00e4 voi k\u00e4ytt\u00e4\u00e4 orientoivana materiaalina ennen Koulutus El\u00e4m\u00e4\u00e4n -opetusta tai opetuksen j\u00e4lkeiseen aiheen kertaukseen ja syvent\u00e4miseen.\u00a0<\/p><p><strong>Pelilliset teht\u00e4v\u00e4t:<\/strong><\/p><p><a href=\"https:\/\/koulutuselamaan.fi\/sv\/tunnesanaristikko\/\">Tunnesanaristikko<\/a><\/p><p><a href=\"https:\/\/koulutuselamaan.fi\/sv\/muistipeli-tunteet\/\">Tunnesanojen muistipeli<\/a><\/p><p><strong>Tulostettavat yms.:<\/strong><\/p><p><a href=\"https:\/\/koulutuselamaan.fi\/wp-content\/uploads\/2025\/04\/Ideoita-aiheen-kasittelyyn-1.pdf\">Ideoita aiheen ka\u0308sittelyyn 1.<\/a><\/p><p><a href=\"https:\/\/koulutuselamaan.fi\/wp-content\/uploads\/2025\/04\/Ideoita-aiheen-kasittelyyn-2.pdf\">Ideoita aiheen ka\u0308sittelyyn 2.<\/a><\/p><p><a href=\"https:\/\/koulutuselamaan.fi\/wp-content\/uploads\/2025\/04\/Tunnetarinat.pdf\">Tunnetarinat<\/a><\/p><p><a href=\"https:\/\/koulutuselamaan.fi\/wp-content\/uploads\/2021\/06\/Ideoita-aiheen-kasittelyyn-Tunteet-1.pdf\">\u00a0Tunteet<\/a><\/p><p><a href=\"https:\/\/koulutuselamaan.fi\/wp-content\/uploads\/2021\/06\/Tunnetaulu.pdf\">Tunnetaulu<\/a><\/p><p><a href=\"https:\/\/koulutuselamaan.fi\/wp-content\/uploads\/2025\/04\/Tunne-toiminta-kortit.pdf\">Tunne + toiminta -kortit<\/a><\/p><p><a href=\"https:\/\/koulutuselamaan.fi\/wp-content\/uploads\/2021\/06\/Sadan-ilmeen-kasvot.pdf\">Sadan ilmeen kasvot<\/a><\/p><p><a href=\"https:\/\/koulutuselamaan.fi\/wp-content\/uploads\/2021\/06\/Sadan-ilmeen-kasvot-askartelukaavat.pdf\">Sadan ilmeen kasvot; askartelukaavat<\/a><\/p><p><a href=\"https:\/\/koulutuselamaan.fi\/wp-content\/uploads\/2021\/06\/Varita-Harold.pdf\">V\u00e4rit\u00e4 Harold<\/a><\/p><p>\u00a0<\/p>\t\t\t\t\t\t\t\t<\/div>\n\t\t\t\t<\/div>\n\t\t\t\t\t<\/div>\n\t\t<\/div>\n\t\t\t\t\t<\/div>\n\t\t<\/section>\n\t\t\t\t<\/div>","protected":false},"excerpt":{"rendered":"<p>Lis\u00e4teht\u00e4v\u00e4t Hei opettaja! T\u00e4\u00e4lt\u00e4 l\u00f6yd\u00e4t lis\u00e4teht\u00e4vi\u00e4 opetuksesi tueksi. Teht\u00e4vi\u00e4 voi k\u00e4ytt\u00e4\u00e4 orientoivana materiaalina ennen Koulutus El\u00e4m\u00e4\u00e4n -opetusta tai opetuksen j\u00e4lkeiseen aiheen kertaukseen ja syvent\u00e4miseen.\u00a0 Pelilliset teht\u00e4v\u00e4t: Tunnesanaristikko Tunnesanojen muistipeli Tulostettavat yms.: Ideoita aiheen ka\u0308sittelyyn 1. Ideoita aiheen ka\u0308sittelyyn 2. Tunnetarinat \u00a0Tunteet Tunnetaulu Tunne + toiminta -kortit Sadan ilmeen kasvot Sadan ilmeen kasvot; askartelukaavat V\u00e4rit\u00e4 Harold &hellip; <a href=\"https:\/\/koulutuselamaan.fi\/sv\/1-luokka\/\" class=\"more-link\">Forts\u00e4tt l\u00e4sa <span class=\"screen-reader-text\">1.luokka: Tunteet<\/span><\/a><\/p>","protected":false},"author":5,"featured_media":0,"parent":0,"menu_order":0,"comment_status":"closed","ping_status":"closed","template":"","meta":{"footnotes":""},"tags":[],"class_list":["post-3102","page","type-page","status-publish","hentry","no-featured-image"],"jetpack_sharing_enabled":true,"_links":{"self":[{"href":"https:\/\/koulutuselamaan.fi\/sv\/wp-json\/wp\/v2\/pages\/3102","targetHints":{"allow":["GET"]}}],"collection":[{"href":"https:\/\/koulutuselamaan.fi\/sv\/wp-json\/wp\/v2\/pages"}],"about":[{"href":"https:\/\/koulutuselamaan.fi\/sv\/wp-json\/wp\/v2\/types\/page"}],"author":[{"embeddable":true,"href":"https:\/\/koulutuselamaan.fi\/sv\/wp-json\/wp\/v2\/users\/5"}],"replies":[{"embeddable":true,"href":"https:\/\/koulutuselamaan.fi\/sv\/wp-json\/wp\/v2\/comments?post=3102"}],"version-history":[{"count":116,"href":"https:\/\/koulutuselamaan.fi\/sv\/wp-json\/wp\/v2\/pages\/3102\/revisions"}],"predecessor-version":[{"id":5962,"href":"https:\/\/koulutuselamaan.fi\/sv\/wp-json\/wp\/v2\/pages\/3102\/revisions\/5962"}],"wp:attachment":[{"href":"https:\/\/koulutuselamaan.fi\/sv\/wp-json\/wp\/v2\/media?parent=3102"}],"wp:term":[{"taxonomy":"post_tag","embeddable":true,"href":"https:\/\/koulutuselamaan.fi\/sv\/wp-json\/wp\/v2\/tags?post=3102"}],"curies":[{"name":"wp","href":"https:\/\/api.w.org\/{rel}","templated":true}]}}