{"id":3048,"date":"2021-05-04T20:30:11","date_gmt":"2021-05-04T17:30:11","guid":{"rendered":"https:\/\/koulutuselamaan.fi\/?page_id=3048"},"modified":"2021-05-07T12:41:08","modified_gmt":"2021-05-07T09:41:08","slug":"digi-tehtava-hyvinvointi-muistipeli","status":"publish","type":"page","link":"https:\/\/koulutuselamaan.fi\/sv\/digi-tehtava-hyvinvointi-muistipeli\/","title":{"rendered":"Digi teht\u00e4v\u00e4: Hyvinvointi muistipeli"},"content":{"rendered":"<div data-elementor-type=\"wp-page\" data-elementor-id=\"3048\" class=\"elementor elementor-3048\" data-elementor-post-type=\"page\">\n\t\t\t\t\t\t<section class=\"elementor-section elementor-top-section elementor-element elementor-element-769d9cf elementor-section-boxed elementor-section-height-default elementor-section-height-default\" data-id=\"769d9cf\" data-element_type=\"section\">\n\t\t\t\t\t\t<div class=\"elementor-container elementor-column-gap-default\">\n\t\t\t\t\t<div class=\"elementor-column elementor-col-100 elementor-top-column elementor-element elementor-element-86ad995\" data-id=\"86ad995\" data-element_type=\"column\">\n\t\t\t<div class=\"elementor-widget-wrap elementor-element-populated\">\n\t\t\t\t\t\t<div class=\"elementor-element elementor-element-93a3b46 elementor-widget elementor-widget-text-editor\" data-id=\"93a3b46\" data-element_type=\"widget\" data-widget_type=\"text-editor.default\">\n\t\t\t\t<div class=\"elementor-widget-container\">\n\t\t\t\t\t\t\t\t\t<h2><span class=\"TextRun BCX4 SCXP131687829\" lang=\"FI-FI\" xml:lang=\"FI-FI\" data-usefontface=\"true\" data-contrast=\"none\"><span class=\"NormalTextRun BCX4 SCXP131687829\">Hyvinvointi muistipeli: Selvit\u00e4, <\/span><\/span><span class=\"TextRun BCX4 SCXP131687829\" lang=\"FI-FI\" xml:lang=\"FI-FI\" data-usefontface=\"true\" data-contrast=\"none\"><span class=\"NormalTextRun BCX4 SCXP131687829\">mit\u00e4 asioita voit itse tehd\u00e4, jotta <\/span><\/span><span class=\"TextRun BCX4 SCXP131687829\" lang=\"FI-FI\" xml:lang=\"FI-FI\" data-usefontface=\"true\" data-contrast=\"none\"><span class=\"NormalTextRun BCX4 SCXP131687829\">voit hyvin. Etsi <\/span><\/span><span class=\"TextRun BCX4 SCXP131687829\" lang=\"FI-FI\" xml:lang=\"FI-FI\" data-usefontface=\"true\" data-contrast=\"none\"><span class=\"SpellingError BCX4 SCXP131687829\">kuvaparit<\/span><\/span><span class=\"TextRun BCX4 SCXP131687829\" lang=\"FI-FI\" xml:lang=\"FI-FI\" data-usefontface=\"true\" data-contrast=\"none\"><span class=\"NormalTextRun BCX4 SCXP131687829\">.<\/span><\/span><\/h2>\t\t\t\t\t\t\t\t<\/div>\n\t\t\t\t<\/div>\n\t\t\t\t<div class=\"elementor-element elementor-element-63d60a1 elementor-widget elementor-widget-text-editor\" data-id=\"63d60a1\" data-element_type=\"widget\" data-widget_type=\"text-editor.default\">\n\t\t\t\t<div class=\"elementor-widget-container\">\n\t\t\t\t\t\t\t\t\t<p><div class=\"h5p-content\" data-content-id=\"14\"><\/div><\/p>\t\t\t\t\t\t\t\t<\/div>\n\t\t\t\t<\/div>\n\t\t\t\t<div class=\"elementor-element elementor-element-25ddcdc elementor-widget-divider--view-line elementor-widget elementor-widget-divider\" data-id=\"25ddcdc\" data-element_type=\"widget\" data-widget_type=\"divider.default\">\n\t\t\t\t<div class=\"elementor-widget-container\">\n\t\t\t\t\t\t\t<div class=\"elementor-divider\">\n\t\t\t<span class=\"elementor-divider-separator\">\n\t\t\t\t\t\t<\/span>\n\t\t<\/div>\n\t\t\t\t\t\t<\/div>\n\t\t\t\t<\/div>\n\t\t\t\t\t<\/div>\n\t\t<\/div>\n\t\t\t\t\t<\/div>\n\t\t<\/section>\n\t\t\t\t<\/div>","protected":false},"excerpt":{"rendered":"<p>Hyvinvointi muistipeli: Selvit\u00e4, mit\u00e4 asioita voit itse tehd\u00e4, jotta voit hyvin. Etsi kuvaparit.<\/p>","protected":false},"author":1,"featured_media":0,"parent":0,"menu_order":0,"comment_status":"closed","ping_status":"closed","template":"elementor_header_footer","meta":{"footnotes":""},"tags":[],"class_list":["post-3048","page","type-page","status-publish","hentry","no-featured-image"],"jetpack_sharing_enabled":true,"_links":{"self":[{"href":"https:\/\/koulutuselamaan.fi\/sv\/wp-json\/wp\/v2\/pages\/3048","targetHints":{"allow":["GET"]}}],"collection":[{"href":"https:\/\/koulutuselamaan.fi\/sv\/wp-json\/wp\/v2\/pages"}],"about":[{"href":"https:\/\/koulutuselamaan.fi\/sv\/wp-json\/wp\/v2\/types\/page"}],"author":[{"embeddable":true,"href":"https:\/\/koulutuselamaan.fi\/sv\/wp-json\/wp\/v2\/users\/1"}],"replies":[{"embeddable":true,"href":"https:\/\/koulutuselamaan.fi\/sv\/wp-json\/wp\/v2\/comments?post=3048"}],"version-history":[{"count":7,"href":"https:\/\/koulutuselamaan.fi\/sv\/wp-json\/wp\/v2\/pages\/3048\/revisions"}],"predecessor-version":[{"id":3156,"href":"https:\/\/koulutuselamaan.fi\/sv\/wp-json\/wp\/v2\/pages\/3048\/revisions\/3156"}],"wp:attachment":[{"href":"https:\/\/koulutuselamaan.fi\/sv\/wp-json\/wp\/v2\/media?parent=3048"}],"wp:term":[{"taxonomy":"post_tag","embeddable":true,"href":"https:\/\/koulutuselamaan.fi\/sv\/wp-json\/wp\/v2\/tags?post=3048"}],"curies":[{"name":"wp","href":"https:\/\/api.w.org\/{rel}","templated":true}]}}