{"id":3,"date":"2019-08-09T16:23:37","date_gmt":"2019-08-09T13:23:37","guid":{"rendered":"http:\/\/wp.koulutuselamaan.fi\/?page_id=3"},"modified":"2022-01-20T16:07:26","modified_gmt":"2022-01-20T14:07:26","slug":"tietosuojaseloste","status":"publish","type":"page","link":"https:\/\/koulutuselamaan.fi\/sv\/saatio\/tietosuojaseloste\/","title":{"rendered":"Sekretesspolicy"},"content":{"rendered":"<h2 class=\"wp-block-heading\">Vilka personuppgifter vi samlar in och varf\u00f6r<\/h2>\n\n\n\n<h3 class=\"wp-block-heading\">Kakor<\/h3>\n\n\n\n<p>Kakor eller cookies \u00e4r sm\u00e5 textfiler som webbl\u00e4saren lagrar p\u00e5 anv\u00e4ndarens terminal. De inneh\u00e5ller ofta en namnl\u00f6s och individuell identifierare, med vilken vi kan k\u00e4nna igen och r\u00e4kna webbl\u00e4sare som bes\u00f6ker v\u00e5r webbplats. Med kakor kan vi samla in information om till exempel vilka av v\u00e5ra webbsidor du har bes\u00f6kt och n\u00e4r du har gjort det.<\/p>\n\n\n\n<p>Med hj\u00e4lp av kakor kan tj\u00e4nstens bes\u00f6karantal \u00f6vervakas och analyseras och d\u00e4rmed kan en b\u00e4ttre tj\u00e4nst f\u00f6r bes\u00f6kare utvecklas. Riktad reklam som g\u00f6rs med anv\u00e4ndning av kakor identifierar inte en bes\u00f6kare och associerar inte information med personlig information som annars erh\u00e5llits. Med riktad reklam kan vi rikta intressant inneh\u00e5ll till anv\u00e4ndaren baserat p\u00e5 anv\u00e4ndning av webbplatsen.<\/p>\n\n\n\n<p>Om du l\u00e4mnar en kommentar p\u00e5 webbplatsen kan du v\u00e4lja att namn, e-postadress och URL-adress sparas i en kaka. Denna funktion \u00f6kar bekv\u00e4mlighet i och med att formul\u00e4ret inte beh\u00f6ver fyllas i p\u00e5 nytt varje g\u00e5ng du l\u00e4mnar en kommentar. Informationen i kakan raderas fr\u00e5n webbl\u00e4saren efter ett \u00e5r.<\/p>\n\n\n\n<p>Ifall du har ett konto och loggar in p\u00e5 v\u00e5r webbplats skapar vi en tillf\u00e4llig kaka som fastst\u00e4ller huruvida din webbl\u00e4sare st\u00f6der kakor. Denna kaka inneh\u00e5ller inte personuppgifter och raderas n\u00e4r webbl\u00e4sarf\u00f6nstret st\u00e4ngs.<\/p>\n\n\n\n<p>N\u00e4r du loggar in skapar vi flera kakor som sparar dina inloggnings- och visningsinst\u00e4llningar. Inloggningskakor raderas inom tv\u00e5 dygn, kakor associerade med visningsinst\u00e4llningar raderas efter ett \u00e5r. Ifall du v\u00e4ljer \u201cKom ih\u00e5g mig\u201d i samband med inloggning lagras dina inloggningsuppgifter i tv\u00e5 veckor. Om du loggar ut raderas kakor associerade med inloggning i samband med utloggningen.<\/p>\n\n\n\n<p>Om du publicerar en artikel eller redigerar en redan befintlig artikel, sparas i webbl\u00e4saren en kaka inneh\u00e5llande ID f\u00f6r artikeln. Kakan f\u00f6r\u00e5ldras inom ett dygn.<\/p>\n\n\n\n<p>Vi anv\u00e4nder tredjepartskakor f\u00f6r att samla anv\u00e4ndardata med analysverktyg. Vi anv\u00e4nder verktyget f\u00f6r att optimera v\u00e5r webbplats och f\u00f6r att erbjuda relevant marknadsf\u00f6ringsmaterial. Tredjepartskakor kommer fr\u00e5n sociala medier, s\u00e5som facebook och instagram. Vi anv\u00e4nder tredjepartskakor f\u00f6r sp\u00e5rning \u00f6ver webbplatser f\u00f6r att kunna erbjuda reklam och information om v\u00e5r verksamhet p\u00e5 andra webbplatser.<\/p>\n\n\n\n<h3 class=\"wp-block-heading\">Kommentarer<\/h3>\n\n\n\n<p>N\u00e4r bes\u00f6kare l\u00e4mnar kommentarer p\u00e5 webbplatsen samlar vi in informationen i kommentarsformul\u00e4ret, samt anv\u00e4ndarens IP-adress och information om webbl\u00e4sarversioner f\u00f6r att identifiera skr\u00e4ppostmeddelanden.<\/p>\n\n\n\n<p>N\u00e4r bes\u00f6kare l\u00e4mnar en kommentar p\u00e5 den h\u00e4r webbplatsen samlar vi in informationen som visas i kommentarf\u00e4lten, IP-adressen och information relaterad till webbl\u00e4sarversionen. Anonymiserad hash som genereras fr\u00e5n en e-postadress kan skickas till Gravatar-tj\u00e4nsten f\u00f6r att avg\u00f6ra om kommentatorn \u00e4r en anv\u00e4ndare av tj\u00e4nsten. Gravatar-tj\u00e4nstens dataskyddsbeskrivning finns p\u00e5 adressen https:\/\/automattic.com\/privacy\/.<\/p>\n\n\n\n<h3 class=\"wp-block-heading\">Media<\/h3>\n\n\n\n<p>Om du laddar upp bilder p\u00e5 webbplatsen b\u00f6r du undvika att ladda upp bilder med sparad platsinformation (EXIF GPS). Webbplatsens bes\u00f6kare kan ladda ner och granska platsinformation om bilder som finns p\u00e5 webbplatsen.<\/p>\n\n\n\n<h3 class=\"wp-block-heading\">Inb\u00e4ddat inneh\u00e5ll fr\u00e5n andra webbplatser<\/h3>\n\n\n\n<p>Artiklarna p\u00e5 denna webbplats kan inneh\u00e5lla inb\u00e4ddat inneh\u00e5ll (till exempel videor, bilder, artiklar osv.). \u00d6ppnande av inb\u00e4ddat inneh\u00e5ll fr\u00e5n andra webbplatser \u00e4r j\u00e4mf\u00f6rbart med att bes\u00f6karen sj\u00e4lv skulle ha bes\u00f6kt en tredje parts webbplats.<\/p>\n\n\n\n<p>Dessa webbplatser kan samla in uppgifter om dig, anv\u00e4nda kakor, b\u00e4dda in sp\u00e5rning fr\u00e5n tredje part och \u00f6vervaka din interaktion med det inb\u00e4ddade inneh\u00e5llet, inklusive sp\u00e5rning av din interaktion med detta inb\u00e4ddade inneh\u00e5ll om du \u00e4r inloggad som anv\u00e4ndare p\u00e5 webbplatsen i fr\u00e5ga.<\/p>\n\n\n\n<h2 class=\"wp-block-heading\">Hur l\u00e4nge vi beh\u00e5ller information<\/h2>\n\n\n\n<p>Om du l\u00e4mnar en kommentar kommer kommentaren och dess metadata att lagras tills vidare. Detta g\u00f6rs f\u00f6r att vi automatiskt ska kunna identifiera och godk\u00e4nna f\u00f6ljande kommentarer i st\u00e4llet f\u00f6r att h\u00e5lla dem i modereringsk\u00f6n.<\/p>\n\n\n\n<p>Vi lagrar registrerade anv\u00e4ndares (om s\u00e5dana finns) anv\u00e4ndarprofiler. Alla anv\u00e4ndare har m\u00f6jlighet att n\u00e4r som helst se, redigera och radera sina personuppgifter. Endast anv\u00e4ndarnamnet kan inte \u00e4ndras. Webbplatsadministrat\u00f6rer kan se och redigera information om anv\u00e4ndarprofiler.<\/p>\n\n\n\n<h2 class=\"wp-block-heading\">Vilka r\u00e4ttigheter du har till dina uppgifter<\/h2>\n\n\n\n<p>Om du har ett anv\u00e4ndarkonto p\u00e5 denna webbplats eller har l\u00e4mnat kommentarer, kan du beg\u00e4ra en samlad fil av dina personuppgifter, inklusive all personlig information som du har l\u00e4mnat till oss. Du kan ocks\u00e5 beg\u00e4ra att dina personuppgifter raderas. R\u00e4tten till radering g\u00e4ller inte personuppgifter som vi m\u00e5ste lagra av administrativa, juridiska eller s\u00e4kerhetsm\u00e4ssiga sk\u00e4l.<\/p>\n\n\n\n<h2 class=\"wp-block-heading\">Vart vi skickar informationen<\/h2>\n\n\n\n<p>Bes\u00f6karnas kommentarer kan granskas via en automatiserad anti-spamtj\u00e4nst.<\/p>","protected":false},"excerpt":{"rendered":"<p>Mit\u00e4 henkil\u00f6tietoa ker\u00e4\u00e4mme ja miksi Ev\u00e4steet Ev\u00e4ste on pieni tekstitiedosto, jonka selain tallentaa k\u00e4ytt\u00e4j\u00e4n p\u00e4\u00e4laiteelle. Ne sis\u00e4lt\u00e4v\u00e4t usein nimett\u00f6m\u00e4n, yksil\u00f6llisen tunnisteen, jonka avulla voimme tunnistaa ja laskea sivustollamme vierailevat selaimet. Ev\u00e4steill\u00e4 voidaan ker\u00e4t\u00e4 tietoja esimerkiksi, milt\u00e4 sivulta olet siirtynyt osoitteeseen ja mit\u00e4 www-sivujamme olet selannut ja milloin. Ev\u00e4stetietojen avulla palvelun k\u00e4vij\u00e4m\u00e4\u00e4ri\u00e4 voidaan seurata sek\u00e4 analysoida &hellip; <a href=\"https:\/\/koulutuselamaan.fi\/sv\/saatio\/tietosuojaseloste\/\" class=\"more-link\">Forts\u00e4tt l\u00e4sa <span class=\"screen-reader-text\">Sekretesspolicy<\/span><\/a><\/p>","protected":false},"author":1,"featured_media":0,"parent":2,"menu_order":0,"comment_status":"closed","ping_status":"open","template":"","meta":{"footnotes":""},"tags":[],"class_list":["post-3","page","type-page","status-publish","hentry","no-featured-image"],"jetpack_sharing_enabled":true,"_links":{"self":[{"href":"https:\/\/koulutuselamaan.fi\/sv\/wp-json\/wp\/v2\/pages\/3","targetHints":{"allow":["GET"]}}],"collection":[{"href":"https:\/\/koulutuselamaan.fi\/sv\/wp-json\/wp\/v2\/pages"}],"about":[{"href":"https:\/\/koulutuselamaan.fi\/sv\/wp-json\/wp\/v2\/types\/page"}],"author":[{"embeddable":true,"href":"https:\/\/koulutuselamaan.fi\/sv\/wp-json\/wp\/v2\/users\/1"}],"replies":[{"embeddable":true,"href":"https:\/\/koulutuselamaan.fi\/sv\/wp-json\/wp\/v2\/comments?post=3"}],"version-history":[{"count":5,"href":"https:\/\/koulutuselamaan.fi\/sv\/wp-json\/wp\/v2\/pages\/3\/revisions"}],"predecessor-version":[{"id":4197,"href":"https:\/\/koulutuselamaan.fi\/sv\/wp-json\/wp\/v2\/pages\/3\/revisions\/4197"}],"up":[{"embeddable":true,"href":"https:\/\/koulutuselamaan.fi\/sv\/wp-json\/wp\/v2\/pages\/2"}],"wp:attachment":[{"href":"https:\/\/koulutuselamaan.fi\/sv\/wp-json\/wp\/v2\/media?parent=3"}],"wp:term":[{"taxonomy":"post_tag","embeddable":true,"href":"https:\/\/koulutuselamaan.fi\/sv\/wp-json\/wp\/v2\/tags?post=3"}],"curies":[{"name":"wp","href":"https:\/\/api.w.org\/{rel}","templated":true}]}}