{"id":2914,"date":"2021-04-26T12:59:02","date_gmt":"2021-04-26T09:59:02","guid":{"rendered":"https:\/\/koulutuselamaan.fi\/?page_id=2914"},"modified":"2021-04-26T13:07:05","modified_gmt":"2021-04-26T10:07:05","slug":"jakso-6-huumeet","status":"publish","type":"page","link":"https:\/\/koulutuselamaan.fi\/sv\/jakso-6-huumeet\/","title":{"rendered":"Jakso 6: Huumeet"},"content":{"rendered":"<div data-elementor-type=\"wp-page\" data-elementor-id=\"2914\" class=\"elementor elementor-2914\" data-elementor-post-type=\"page\">\n\t\t\t\t\t\t<section class=\"elementor-section elementor-top-section elementor-element elementor-element-b221751 elementor-section-boxed elementor-section-height-default elementor-section-height-default\" data-id=\"b221751\" data-element_type=\"section\">\n\t\t\t\t\t\t<div class=\"elementor-container elementor-column-gap-default\">\n\t\t\t\t\t<div class=\"elementor-column elementor-col-100 elementor-top-column elementor-element elementor-element-890a467\" data-id=\"890a467\" data-element_type=\"column\">\n\t\t\t<div class=\"elementor-widget-wrap elementor-element-populated\">\n\t\t\t\t\t\t<div class=\"elementor-element elementor-element-7e79221 elementor-widget elementor-widget-text-editor\" data-id=\"7e79221\" data-element_type=\"widget\" data-widget_type=\"text-editor.default\">\n\t\t\t\t<div class=\"elementor-widget-container\">\n\t\t\t\t\t\t\t\t\t<p><b>T\u00e4ss\u00e4 podcastissa keskustelevat Koulutus El\u00e4m\u00e4\u00e4n S\u00e4\u00e4ti\u00f6n p\u00e4ihde- ja terveyskasvatuksen asiantuntijat Satu ja Pia.<\/b><\/p><p>Satu puhuu: Kuuntelet Puhutaan p\u00e4ihteist\u00e4- podcastia. T\u00e4\u00e4ll\u00e4 puhumassa olen min\u00e4, Satu ja t\u00e4ss\u00e4 seurassani Pia. Me toimimme Koulutus El\u00e4m\u00e4\u00e4n S\u00e4\u00e4ti\u00f6n p\u00e4ihdekasvatuksen opettajina. T\u00e4ss\u00e4 podcastissa annamme vinkkej\u00e4 alakoululaisten lasten vanhemmille siit\u00e4, kuinka p\u00e4ihteist\u00e4 voi keskustella lapsen kanssa ja niist\u00e4 pit\u00e4\u00e4kin puhua, jotta voidaan korjata k\u00e4sityksi\u00e4 ja vahvistaa tietoa!<\/p><p>Lapset esitt\u00e4v\u00e4t vanhemmilleen kysymyksi\u00e4 p\u00e4ihteist\u00e4 ja usein kysymykset tulevat yll\u00e4tt\u00e4en. Kysymyksest\u00e4 yll\u00e4ttynyt vanhempi h\u00e4mmennyksiss\u00e4\u00e4n saattaa vastata lapselle vain jotakin ymp\u00e4ripy\u00f6re\u00e4\u00e4 tai ohittaa kysymykset \u201dymm\u00e4rr\u00e4t sitten kun olet v\u00e4h\u00e4n vanhempi\u201d tai \u201den osaa tuohon vastata, l\u00f6ytyy varmaan netist\u00e4 tietoa\u201d. Olisi kuitenkin t\u00e4rke\u00e4\u00e4 pys\u00e4hty\u00e4 n\u00e4iden lapsen pohdintojen kysymysten \u00e4\u00e4relle ja vaikka ehdottaa, ett\u00e4 etsit\u00e4\u00e4n tietoa yhdess\u00e4.<\/p><p>Vanhemman tulisi itsekin ottaa puheeksi p\u00e4ihteet. P\u00e4ihdeaiheisra keskustelu murtaa lapsen ja vanhemman v\u00e4lisi\u00e4 tabuja ja lapsi kokee, ett\u00e4 vaikeistakin asioista voi vanhemman kanssa keskustella. T\u00e4ss\u00e4 osiossa nostamme esiin kuudesluokkalaisten lasten pohdintoja ja kysymyksi\u00e4 huumeisiin liittyen, joita olemme poimineet Koulutus El\u00e4m\u00e4\u00e4n- tunneilta.<\/p><p>Pia puhuu: Pienen alakoululaisen kanssa huumeista ei tarvitse k\u00e4yd\u00e4 kovin tarkkaa keskustelua, t\u00e4rke\u00e4\u00e4 on k\u00e4yd\u00e4 l\u00e4pi turvallinen toiminta esimerkiksi, miten toimia, jos n\u00e4kee huumeruiskun. 5-6.-luokkalainen tiet\u00e4\u00e4 jo paljon niihin liittyen ja on t\u00e4rke\u00e4\u00e4 vahvistaa sit\u00e4 tietoa sek\u00e4 kuulla lapsen ajatuksia, jotta voi my\u00f6s korjata v\u00e4\u00e4ri\u00e4 k\u00e4sityksi\u00e4. Tieto saattaa olla sellaista \u201dkaverin kaverilta\u201d kuultua ja matkan varrella saanut uusia per\u00e4tt\u00f6mi\u00e4kin ulottuvuuksia.<\/p><p>Jos lapsi esitt\u00e4\u00e4 kysymyksi\u00e4 huumeisiin liittyen, kannattaa olla hyvin tuntosarvet ojossa siit\u00e4, mit\u00e4 lapsi haluaa tiet\u00e4\u00e4. Saattaa usein olla, ett\u00e4 lapselle riitt\u00e4\u00e4 hyvin yksinkertainen vastaus \u201dhuumeet tarkoittavat sellaisia aineita, jotka sekoittavat aivojen toimintaa. Ne ovat Suomessa kiellettyj\u00e4 eik\u00e4 niit\u00e4 saa edes aikuiset k\u00e4ytt\u00e4\u00e4\u201d. Sen syv\u00e4llisemp\u00e4\u00e4n terminologiaan ja tietoon vaikutuksista ja haitoista ei ole v\u00e4ltt\u00e4m\u00e4tt\u00e4 tarvetta.<\/p><p>Satu puhuu: Huumekeskustelussa tulee tarkkaan pohtia, millaisia asioita nostaa esiin lapsen kanssa. On hyv\u00e4 kysy\u00e4 mit\u00e4 tietoa lapsella itsell\u00e4\u00e4n on.<\/p><p><b>Lapsi kertoo: Me kerran tultiin mun kaverin kaa ton puiston mets\u00e4n ohi, ni sit siel oli sellanen piikki.<\/b><\/p><p>Pia puhuu: Lapsen kanssa tulee korostaa turvataitoja, esimerkiksi kuinka toimia, kun n\u00e4kee huumeruiskun, koskaan ei saa menn\u00e4 koskemaan omin k\u00e4sin. Ei vaikka olisi hanskat tms. Aina on kerrottava aikuiselle, joka sitten huolehtii ne roskiin. Lapsen kanssa voi jutella, mit\u00e4 tehd\u00e4, jos kohtaa p\u00e4ihtyneit\u00e4 ihmisi\u00e4. Sellaiset tilanteet saattavat olla lapselle hyvinkin pelottavia. Voi ohjata lasta kiert\u00e4m\u00e4\u00e4n kauempaa tai soittaamaan vaikka vanhemmalle sellaisessa tilanteessa. Se saattaa tuoda turvan tunnetta, kun juttelee aikuiselle. T\u00e4rke\u00e4\u00e4 on my\u00f6s puhua lapselle, miten toimia jos kohtaa p\u00e4ihteiden myynti\u00e4. On t\u00e4rke\u00e4\u00e4 muistaa kolmen kohdan nyrkkis\u00e4\u00e4nt\u00f6; Sano ei, poistu paikalta ja kerro aikuiselle.<\/p><p>Satu puhuu: Lapselle tulee kertoa ep\u00e4luotettavista ihmisist\u00e4 ja perinteinen \u201d\u00e4l\u00e4 ota vastaan mit\u00e4\u00e4n tuntemattomalta\u201d p\u00e4tee t\u00e4n\u00e4kin p\u00e4iv\u00e4n\u00e4. Pit\u00e4\u00e4 tuntea lapsensa hyvin ja ymm\u00e4rt\u00e4\u00e4 ja ennakoida kuinka n\u00e4ist\u00e4 asioista puhuu, kuitenkaan liikaa lietsomatta pelkoa ja ep\u00e4luottamusta ihmisi\u00e4 kohtaan. N\u00e4m\u00e4 ovat kuitenkin keskeisi\u00e4 asioita, joita lapselle sopivalla tavalla tulisi k\u00e4yd\u00e4 l\u00e4pi.<\/p><p><b>Lapsi kysyy: Mik\u00e4 on vaarallisin huume ja voiko siihen kuolla?<\/b><\/p><p>Pia puhuu: T\u00e4t\u00e4 kysyt\u00e4\u00e4n usein ja t\u00e4m\u00e4n tyyppiset \u00e4\u00e4rip\u00e4\u00e4n kysymykset kiinnostavat lapsia. T\u00e4llaisiin kysymyksiin voi vastata, ett\u00e4 mik\u00e4 tahansa huume voi olla vaarallinen. Huumebisnes on laitonta katukauppaa. Huumeet voivat pit\u00e4\u00e4 sis\u00e4ll\u00e4\u00e4n mit\u00e4 vaan, joten mik\u00e4 vain huume voi olla hengenvaarallinen.<\/p><p>Satu puhuu: Kutosluokkalaisen kanssa voi jo hyvin keskustella, ett\u00e4 on olemassa mietoja ja kovia huumeita ja ett\u00e4 jotkut saattavat olla sit\u00e4 mielt\u00e4, ett\u00e4 esimerkiksi alkoholi on vaarallisempaa kuin kannabis. Isomman lapsen kanssa keskustelua voi k\u00e4yd\u00e4 yksitt\u00e4isten, nimettyjen huumeiden vaikutuksista ja todellisista vaaroista.<\/p><p><b>Lapsi kysyy: Mitk\u00e4 asiat huumeiden k\u00e4yt\u00f6ss\u00e4 ovat laittomia ja mitk\u00e4 laillisia?<\/b><\/p><p>Satu puhuu: Ensisijaisen t\u00e4rke\u00e4\u00e4 on korostaa huumeiden laittomuutta Suomessa. Suomessa kaikki huumeet ovat laittomia. Myynti, ostaminen mutta my\u00f6s k\u00e4ytt\u00e4minen ja hallussapito. Huumeista saa ainoastaan puhua laillisesti. Laittomuuden korostaminen vahvistaa sit\u00e4, ett\u00e4 nuori oppii suhtautumaan siihen varauksella ja ymm\u00e4rt\u00e4\u00e4 niihin liittyvi\u00e4 riskej\u00e4 ja vaaroja. Nuoren kanssa voi keskustella jo hyvinkin siit\u00e4, ett\u00e4 yksikin uteliaisuutta tehty kokeilu voisi johtaa rikosmerkint\u00e4\u00e4n, sill\u00e4 k\u00e4ytt\u00f6kin on laitonta. T\u00e4ll\u00e4 puolestaan voi olla vaikutusta vaikka koko loppu el\u00e4m\u00e4\u00e4n; esimerkiksi opiskelu- tai ty\u00f6paikan saantiin.<\/p><p>Pia puhuu: Kannabiksen laillistamiskeskustelut ovat my\u00f6s nuorten huulilla. Viime vuosina se on noussut mediassa vahvemmin esiin ja jopa 4-5.-luokkalaiset saattavat tiet\u00e4\u00e4, ett\u00e4 kannabis on jossain p\u00e4in maailmaa laillista.<\/p><p>Satu puhuu: Se on toki asia erikseen, ett\u00e4 ymm\u00e4rt\u00e4\u00e4k\u00f6 sama koululainen kuitenkaan, ett\u00e4 mist\u00e4 oikeastaan edes puhutaan. Lapset ja nuoret poimivat helposti mielipiteit\u00e4 ymp\u00e4rist\u00f6st\u00e4 sen enemp\u00e4\u00e4 kuitenkaan aiheeseen perehtym\u00e4tt\u00e4.<\/p><p>Pia puhuu: Vanhemman ei kannata l\u00e4hte\u00e4 kannabiskeskusteluihin ilman valmistautumista. Selvit\u00e4 faktat myyteist\u00e4.<\/p><p><b>Lapsi kysyy: Miksi ihmiset k\u00e4ytt\u00e4v\u00e4t huumeita?<\/b><\/p><p>Satu puhuu: Tai p\u00e4ihteit\u00e4 ylip\u00e4\u00e4t\u00e4\u00e4n? Isommat koululaiset miettiv\u00e4t kyll\u00e4 t\u00e4t\u00e4. Siin\u00e4 miss\u00e4 pienemm\u00e4lle riitt\u00e4\u00e4 yksinkertainen tieto haitoista, isompi alkaa jo pohtimaan, ett\u00e4 kyll\u00e4h\u00e4n siin\u00e4 t\u00e4ytyy jotain hyv\u00e4\u00e4 olla, ett\u00e4 ryhtyy kokeilemaan tai k\u00e4ytt\u00e4m\u00e4\u00e4n. Nuoren kanssa voi keskustella siit\u00e4, ett\u00e4 p\u00e4ihteet tuovat mielihyv\u00e4n tunteen, mutta haitat lopulta suuremmat ja huumeiden kohdalla ne voivat olla jopa hengenvaarallisia. Lasta voi ohjata pohtimaan asioita, jotka omassa el\u00e4m\u00e4ss\u00e4 tuovat ilon ja onnellisuuden tunteita, itse\u00e4\u00e4n tai muita vahingoittamatta. Voitte yhdess\u00e4 apsen kanssa mietti\u00e4 mitk\u00e4 teid\u00e4n perheess\u00e4 ovat yhteisi\u00e4 voimavaroja ja suojaavia tekij\u00f6it\u00e4.<\/p><p><b>Lapsi kysyy: Mit\u00e4 eroa l\u00e4\u00e4kkeill\u00e4 ja huumeilla on?<\/b><\/p><p>Pia puhuu: T\u00e4m\u00e4 on t\u00e4rke\u00e4 esiin nosto keskusteluun, sill\u00e4 ero voi olla hyvin h\u00e4ilyv\u00e4. L\u00e4\u00e4kkeiden turvallisesta k\u00e4yt\u00f6st\u00e4 tulee keskustella. Nyky\u00e4\u00e4n my\u00f6s nuorten keskuudessa levi\u00e4\u00e4 erin\u00e4iset bilehuumeet ynn\u00e4 muut, joiden vuoksi n\u00e4ist\u00e4 on t\u00e4rke\u00e4\u00e4 puhua.<\/p><p>Satu puhuu: Lis\u00e4ksi nykyp\u00e4iv\u00e4n suoristuskeskeisyys on lis\u00e4nnyt erilaisten dopingaineiden k\u00e4ytt\u00f6\u00e4 nuorten keskuudessa. Opiskelusuorituksia tehostetaan keskittymiskyky\u00e4 lis\u00e4\u00e4vill\u00e4 l\u00e4\u00e4keaineilla tai lievitet\u00e4\u00e4n stressi\u00e4. Toisaalta paineenalainen ja suorittamiseen painottuva el\u00e4m\u00e4 aiheuttaa unettomuutta, jota korjataan herk\u00e4sti l\u00e4\u00e4kkeill\u00e4. Masennus on lis\u00e4\u00e4ntynyt nuorilla ja erilaiset mielenterveyden haasteet. N\u00e4it\u00e4 hoidetaan l\u00e4\u00e4kkeill\u00e4, joihin sitten saattaa koukuttua. L\u00e4\u00e4kkeiden v\u00e4\u00e4rink\u00e4yt\u00f6st\u00e4 on t\u00e4rke\u00e4\u00e4 my\u00f6s keskustella, kun p\u00e4ihteist\u00e4 puhutaan.<\/p><p>Pia puhuu: Vanhemman tulisi vahvistaa niit\u00e4 suojaavia tekij\u00f6it\u00e4. Lapsen ja nuoren hyv\u00e4 itsetunto on merkitt\u00e4v\u00e4 tekij\u00e4 p\u00e4ihdekokeilujen ehk\u00e4isemisess\u00e4. Lapsen ja nuoren usko itseens\u00e4 ja omaan merkityksellisyyteen on todella t\u00e4rke\u00e4 suojaava tekij\u00e4. Ei voi t\u00e4ss\u00e4 kohtaa sanoa muuta vanhemmalle, kuin ett\u00e4 kerro lapsellesi kaikin mahdollisin keinoin kuinka t\u00e4rke\u00e4 h\u00e4n on, ja aina voi puhua ja vaikka olisi mik\u00e4 niin aina voi tulla luokse ja aina saa apua ja tukea.<\/p><p>Satu puhuu: Puhukaa p\u00e4ihteist\u00e4. P\u00e4ihteisiin liittyvi\u00e4 tabuja voi murtaa keskustelemalla lapsen kanssa ik\u00e4\u00e4n sopivalla tavalla. Lopulta nuoren on helpompi puhua vanhemmalle huolistaan, kun vaikeistakin asioista on kotona juteltu ja perheess\u00e4 vallitsee avoin ilmapiiri. Lis\u00e4\u00e4ntyneen tiedon my\u00f6t\u00e4 p\u00e4ihteet menett\u00e4v\u00e4t vieh\u00e4tyst\u00e4\u00e4n ja nuorella uteliaisuus p\u00e4ihdekokeiluihin v\u00e4henee.<\/p>\t\t\t\t\t\t\t\t<\/div>\n\t\t\t\t<\/div>\n\t\t\t\t\t<\/div>\n\t\t<\/div>\n\t\t\t\t\t<\/div>\n\t\t<\/section>\n\t\t\t\t<\/div>","protected":false},"excerpt":{"rendered":"<p>T\u00e4ss\u00e4 podcastissa keskustelevat Koulutus El\u00e4m\u00e4\u00e4n S\u00e4\u00e4ti\u00f6n p\u00e4ihde- ja terveyskasvatuksen asiantuntijat Satu ja Pia. Satu puhuu: Kuuntelet Puhutaan p\u00e4ihteist\u00e4- podcastia. T\u00e4\u00e4ll\u00e4 puhumassa olen min\u00e4, Satu ja t\u00e4ss\u00e4 seurassani Pia. Me toimimme Koulutus El\u00e4m\u00e4\u00e4n S\u00e4\u00e4ti\u00f6n p\u00e4ihdekasvatuksen opettajina. T\u00e4ss\u00e4 podcastissa annamme vinkkej\u00e4 alakoululaisten lasten vanhemmille siit\u00e4, kuinka p\u00e4ihteist\u00e4 voi keskustella lapsen kanssa ja niist\u00e4 pit\u00e4\u00e4kin puhua, jotta voidaan &hellip; <a href=\"https:\/\/koulutuselamaan.fi\/sv\/jakso-6-huumeet\/\" class=\"more-link\">Forts\u00e4tt l\u00e4sa <span class=\"screen-reader-text\">Jakso 6: Huumeet<\/span><\/a><\/p>","protected":false},"author":1,"featured_media":0,"parent":0,"menu_order":0,"comment_status":"closed","ping_status":"closed","template":"","meta":{"footnotes":""},"tags":[],"class_list":["post-2914","page","type-page","status-publish","hentry","no-featured-image"],"jetpack_sharing_enabled":true,"_links":{"self":[{"href":"https:\/\/koulutuselamaan.fi\/sv\/wp-json\/wp\/v2\/pages\/2914","targetHints":{"allow":["GET"]}}],"collection":[{"href":"https:\/\/koulutuselamaan.fi\/sv\/wp-json\/wp\/v2\/pages"}],"about":[{"href":"https:\/\/koulutuselamaan.fi\/sv\/wp-json\/wp\/v2\/types\/page"}],"author":[{"embeddable":true,"href":"https:\/\/koulutuselamaan.fi\/sv\/wp-json\/wp\/v2\/users\/1"}],"replies":[{"embeddable":true,"href":"https:\/\/koulutuselamaan.fi\/sv\/wp-json\/wp\/v2\/comments?post=2914"}],"version-history":[{"count":5,"href":"https:\/\/koulutuselamaan.fi\/sv\/wp-json\/wp\/v2\/pages\/2914\/revisions"}],"predecessor-version":[{"id":2923,"href":"https:\/\/koulutuselamaan.fi\/sv\/wp-json\/wp\/v2\/pages\/2914\/revisions\/2923"}],"wp:attachment":[{"href":"https:\/\/koulutuselamaan.fi\/sv\/wp-json\/wp\/v2\/media?parent=2914"}],"wp:term":[{"taxonomy":"post_tag","embeddable":true,"href":"https:\/\/koulutuselamaan.fi\/sv\/wp-json\/wp\/v2\/tags?post=2914"}],"curies":[{"name":"wp","href":"https:\/\/api.w.org\/{rel}","templated":true}]}}