{"id":2893,"date":"2021-04-26T12:52:06","date_gmt":"2021-04-26T09:52:06","guid":{"rendered":"https:\/\/koulutuselamaan.fi\/?page_id=2893"},"modified":"2021-04-26T12:54:06","modified_gmt":"2021-04-26T09:54:06","slug":"jakso-4-tupakka-ja-sahkotupakka","status":"publish","type":"page","link":"https:\/\/koulutuselamaan.fi\/sv\/jakso-4-tupakka-ja-sahkotupakka\/","title":{"rendered":"Jakso 4: Tupakka ja s\u00e4hk\u00f6tupakka"},"content":{"rendered":"<div data-elementor-type=\"wp-page\" data-elementor-id=\"2893\" class=\"elementor elementor-2893\" data-elementor-post-type=\"page\">\n\t\t\t\t\t\t<section class=\"elementor-section elementor-top-section elementor-element elementor-element-b221751 elementor-section-boxed elementor-section-height-default elementor-section-height-default\" data-id=\"b221751\" data-element_type=\"section\">\n\t\t\t\t\t\t<div class=\"elementor-container elementor-column-gap-default\">\n\t\t\t\t\t<div class=\"elementor-column elementor-col-100 elementor-top-column elementor-element elementor-element-890a467\" data-id=\"890a467\" data-element_type=\"column\">\n\t\t\t<div class=\"elementor-widget-wrap elementor-element-populated\">\n\t\t\t\t\t\t<div class=\"elementor-element elementor-element-7e79221 elementor-widget elementor-widget-text-editor\" data-id=\"7e79221\" data-element_type=\"widget\" data-widget_type=\"text-editor.default\">\n\t\t\t\t<div class=\"elementor-widget-container\">\n\t\t\t\t\t\t\t\t\t<p>T\u00e4ss\u00e4 podcastissa keskustelevat Koulutus El\u00e4m\u00e4\u00e4n S\u00e4\u00e4ti\u00f6n p\u00e4ihde- ja terveyskasvatuksen asiantuntijat Satu ja Pia.<\/p><p>Satu puhuu: T\u00e4m\u00e4 on Puhutaan p\u00e4ihteist\u00e4- podcast. T\u00e4\u00e4ll\u00e4 \u00e4\u00e4ness\u00e4 on Koulutus El\u00e4m\u00e4\u00e4n S\u00e4\u00e4ti\u00f6n p\u00e4ihde- ja terveyskasvatuksen asiantuntijat Pia (Pia tervehtii) ja min\u00e4 Satu. Haluamme jakaa vanhemmille vinkkej\u00e4 siit\u00e4, kuinka p\u00e4ihdeaiheista voi keskustella lapsen kanssa ja haluamme my\u00f6s kannustaa vanhempia puhumaan p\u00e4ihteist\u00e4 avoimesti. T\u00e4ss\u00e4 podcastin osioissa k\u00e4sitell\u00e4\u00e4n tupakkaan ja s\u00e4hk\u00f6tupakkaan liittyvi\u00e4 lasten pohdintoja. Keskustelemme nyt siit\u00e4, kuinka tupakan terveyshaitoista voi kertoa lapselle sopivalla ja ymm\u00e4rrett\u00e4v\u00e4ll\u00e4 tavalla.<\/p><p>Pia puhuu: Koulutus El\u00e4m\u00e4\u00e4n S\u00e4\u00e4ti\u00f6n p\u00e4ihde- ja terveyskasvatuksen tunneilla nousee esiin lapsilta usein toistuvia kysymyksi\u00e4. Samat aiheet mietitytt\u00e4v\u00e4t alakouluik\u00e4isi\u00e4 ja t\u00e4h\u00e4n podcastiin olemme poimineet n\u00e4it\u00e4 tyypillisi\u00e4 kysymyksi\u00e4. Otetaan ensimm\u00e4inen kysymys.<\/p><p><b>Lapsi kysyy: Onko vaarallista jos kaupan eess\u00e4 joku polttaa?<\/b><\/p><p>Pia puhuu: Savulle altistuminen mietitytt\u00e4\u00e4 lapsia ja kysymys nousee tunneilla usein esiin. Onko vaarallista tai onko haittaa. Esiin nousee lasten omia kokemuksia siit\u00e4, kuinka jossakin tilanteessa, esimerkiksi bussipys\u00e4kill\u00e4 on joku vieress\u00e4 tupakoinut. Lapsen kanssa on hyv\u00e4 puhua siit\u00e4, ett\u00e4 passiivinenkin tupakointi on my\u00f6s haitallista, mutta satunnainen altistuminen ei ole vaarallista. Lasta voi ohjeistaa kiert\u00e4m\u00e4\u00e4n kauempaa, sill\u00e4 usein moni lapsi kuitenkin kokee olevan ep\u00e4miellytt\u00e4v\u00e4\u00e4 olla tupakansavussa tai tupakoivan ihmisen l\u00e4hell\u00e4.<\/p><p>Satu puhuu: Lapsilla on siin\u00e4 savulle altistumisessa usein huoli. Voi kertoa lapselle, ett\u00e4 jos p\u00e4ivitt\u00e4in tunteja altistuu tupakansavulle, se on erityisen haitallista. T\u00e4llaisia tilanteita onneksi t\u00e4n\u00e4 p\u00e4iv\u00e4n\u00e4 on kuitenkin hyvin v\u00e4h\u00e4n, sill\u00e4 tupakointi sis\u00e4tiloissa ei ole tyypillist\u00e4 ja julkisissa tiloissa tietysti my\u00f6s laissakin kielletty\u00e4. Lapselle voi kertoa esimerkiksi lains\u00e4\u00e4d\u00e4nn\u00f6ist\u00e4 ja suosituksista, jotka rajoittavat tupakointia ja pyrkiv\u00e4t suojaamaan passiiviselta tupakoinnilta. Esimerkiksi nyky\u00e4\u00e4n on usein my\u00f6s kieltomerkkej\u00e4 ja suosituksia vaikkapa bussipys\u00e4keill\u00e4 tai uimarannoilla, ettei niiss\u00e4 tupakoitaisi.<\/p><p>Pia puhuu: Yhdell\u00e4 tunnilla er\u00e4s nelj\u00e4sluokkalainen lapsi esitti t\u00e4llaisen kysymyksen <br \/>\u201dJos silloin, kun on ollut itse nelj\u00e4 vuotta ja aikuiset on polttanut, onks siit\u00e4 haittaa itselle aikuisena?\u201d T\u00e4m\u00e4 on hyvin tyypillinen pohdinta lapselta siin\u00e4, ettei oikein osaa j\u00e4sent\u00e4\u00e4 huoltaan. Ei ymm\u00e4rr\u00e4 mist\u00e4 siin\u00e4 tupakoinnissa on kyse ja millaisia haittoja. On j\u00e4\u00e4nyt mielikuva siit\u00e4 vanhemman tupakoinnista ja siihen on liittynyt huoli, lapsi pohtii voiko tupakoinnista viel\u00e4 vuosienkin p\u00e4\u00e4st\u00e4 lopettamisesta koitua terveyshaittoja vanhemmalle. Toisaalta huoli on my\u00f6s sellainen, ett\u00e4 onkohan siit\u00e4 voinut olla lapselleen itselleen haittaa.<\/p><p>Satu puhuu: T\u00e4m\u00e4n tyyppiset pohdinnat lapsella ovat hyvi\u00e4 esimerkkej\u00e4 siit\u00e4, kuinka lapsen kanssa on syyt\u00e4 jutella mit\u00e4 se passiivinen tupakointi tarkoittaa. Ennen kaikkea my\u00f6s niist\u00e4 tupakoinnin terveyshaitoista ja kohonneesta riskist\u00e4. Tupakointi ei aina v\u00e4ist\u00e4m\u00e4tt\u00e4 tarkoitta sairastumista vaikka keuhkosy\u00f6p\u00e4\u00e4n.<\/p><p>Pia puhuu: On my\u00f6s erityisen t\u00e4rke\u00e4\u00e4 painottaa sit\u00e4, ett\u00e4 aikuinen on kyvyk\u00e4s tekem\u00e4\u00e4n omaa el\u00e4m\u00e4\u00e4ns\u00e4 koskevia valintoja ja ottaa niist\u00e4 vastuun, ymm\u00e4rt\u00e4\u00e4 tekojensa seurauksia, siksi aikuinen voi tehd\u00e4 valinnan, ett\u00e4 tupakoi. Ja ett\u00e4 tupakoiva aikuinen kyll\u00e4 varmasti tiet\u00e4\u00e4 n\u00e4m\u00e4 terveysriskit. T\u00e4ll\u00e4 pyrit\u00e4\u00e4n v\u00e4litt\u00e4m\u00e4\u00e4n lapselle viesti\u00e4 siit\u00e4, ettei pid\u00e4 huolestua aikuisen valinnoista tai ettei lapsen pid\u00e4 syyllist\u00e4\u00e4 itse\u00e4\u00e4n aikuisen valinnoista.<\/p><p><b>Lapsi kysyy: Jos joku aikuinen polttaa yhden kerran kuukaudessa, onks se paha?<\/b><\/p><p>Pia puhuu: Lapset pohtivat paljon t\u00e4llaisia asioita ihan kaikkien p\u00e4ihteiden kohdalla. Ett\u00e4 onko nyt niin ett\u00e4 yksikin kerta on haitallista tai jos nyt silloin t\u00e4ll\u00f6in, niin onko terveydelle haittaa. T\u00e4m\u00e4 on vaikea kysymys. Aikuisen tulee tarkkaan mietti\u00e4 mit\u00e4 vastaa.<\/p><p>Satu puhuu: Kyll\u00e4! T\u00e4h\u00e4n ei oikein voi lapselle vastata, ett\u00e4 ei se nyt ole paha, jos silloin t\u00e4ll\u00f6in harvakseltaan. Sill\u00e4 silloin v\u00e4litt\u00e4\u00e4 lapselle viesti\u00e4 ja asennetta ett\u00e4 \u201danna menn\u00e4 vaan!\u201d Toisaalta jos vastaa, ett\u00e4 kyll\u00e4, yksi kerta kuussa voi sekin olla haitallista tupakointia. Sill\u00e4 tavoin saattaa puolestaan vahvistaa lapsen huolta tupakoivasta l\u00e4heisest\u00e4. T\u00e4llaisessa keskustelussa voi nostaa esiin asian, joka tutkimuksissakin on todettu. Ei voi etuk\u00e4teen tiet\u00e4\u00e4 miten kukakin reagoi ja kuinka monta tupakkaa on poltettava, ett\u00e4 koukuttuu. Joku ei v\u00e4ltt\u00e4m\u00e4tt\u00e4 pitk\u00e4\u00e4nkin tupakoidessaan ole riippuvainen ja toiselle yksikin kerta voi johtaa s\u00e4\u00e4nn\u00f6lliseen k\u00e4ytt\u00f6\u00f6n ja riippuvuuteen. Niin moni asia vaikuttaa siihen, miten terveyshaitat ilmentyv\u00e4t eri ihmisill\u00e4. Sit\u00e4 ei voi ennustaa.<\/p><p>Pia puhuu: Sen kuitenkin tutkimukset osoittavat, ett\u00e4 lapsen aivot j\u00e4\u00e4 helpommin koukkuun. T\u00e4m\u00e4 on t\u00e4rke\u00e4 asia mainita my\u00f6s lapselle n\u00e4ist\u00e4 aiheista keskustellessa.<\/p><p><b>Lapset kysyv\u00e4t: Milloin tupakka keksittiin ja miss\u00e4? Miks tupakkaa teh\u00e4\u00e4n ku se on myrkky\u00e4?<\/b><\/p><p>Pia puhuu: Kysymys, ett\u00e4 miksi valmistetaan tai miksi myyd\u00e4\u00e4n, kun kerran on haitallista nousee esiin hyvin usein. Lapselle voi puhua vasta viime vuosikymmenin\u00e4 tehdyist\u00e4 tutkimuksista ja niiden my\u00f6t\u00e4 tupakoinnin todetuista haitoista ja terveysvaikutuksista. Alunperinh\u00e4n intiaanit viljeliv\u00e4t tupakkaa, eli se on vanha keksint\u00f6, josta nyt vasta l\u00e4hihistoriassa tietoa haitoista on tullut enemm\u00e4n. Ja sen my\u00f6t\u00e4 tupakointi onkin v\u00e4hentynyt.<\/p><p>Satu puhuu: Tupakkabisnes yksinkertaisesti on syy siihen, ett\u00e4 tupakkaa on ja valmistetaan. Niin kauan, kun l\u00f6ytyy tupakoitsijoita ja se on laillista, niin kauan my\u00f6s tupakkabisnes tekee sill\u00e4 rahaa. On keskeist\u00e4 jutella my\u00f6s t\u00e4st\u00e4 n\u00e4k\u00f6kulmasta. Sill\u00e4 voidaan my\u00f6s vaikuttaa niihin lasten ja nuorten asenteisiin ja suhtautumiseen tupakointia kohtaan, kun he ymm\u00e4rt\u00e4v\u00e4t niit\u00e4 taustalla olevia vaikuttajia.<\/p><p><b>Lapsi kysyy: Miksi tupakka paketeissa on niin hirvet\u00e4 kuvia?<\/b><\/p><p>Pia puhuu: Lapselta tulee kysy\u00e4 mit\u00e4 h\u00e4n tiet\u00e4\u00e4 tupakan vaikutuksista ja tarttua ja puhua niist\u00e4 mit\u00e4 tietoa tai ajatuksia lapsella jo on, ei tule lietsoa pelkoja tai l\u00e4hte\u00e4 liiaksi avaamaan asioita, joita lapsi ei ole tullut ajatelleeksi.<\/p><p>Kuvat ovat lasten mielest\u00e4 eritt\u00e4in pelottavia, jopa ahdistavia. Kuvat ilment\u00e4v\u00e4t lapselle sit\u00e4, mit\u00e4 esimerkiksi jollekin l\u00e4heiselle tapahtuu, kun tupakoi. Niist\u00e4 tulee keskustella my\u00f6s realistisesti siten, ettei kuvat v\u00e4ltt\u00e4m\u00e4tt\u00e4 ole otoksia todellisista tilanteista tai tapauksista. Kuten mediassa usein muutenkin, kuvilla pyrit\u00e4\u00e4n her\u00e4tt\u00e4m\u00e4\u00e4n huomio ja tupakkakuvilla pohdintaa tupakoinnin \u00e4\u00e4rimm\u00e4isist\u00e4 haitoista.<\/p><p>Satu puhuu: Kun lapsilta kysyt\u00e4\u00e4n p\u00e4ihdekasvatuksen tunneillamme, ett\u00e4 mit\u00e4 he tiet\u00e4v\u00e4t tupakoinnin vaikutuksista ja seurauksista, lasten vastaukset ovat usein t\u00e4m\u00e4n suuntaisia, ett\u00e4: keuhkot mustuu, tummuu, menee huonokuntoiseksi, vahingoittuu jne. Vastauksina on tullut my\u00f6s \u201dkeuhkot menee rikki\u201d tai keuhkot alkaa vuotaa verta\u201d. My\u00f6s lasten kommenteissa tulee usein esiin \u201dsaa keuhkosy\u00f6v\u00e4n ja tupakka tappaa.\u201d Mit\u00e4 Pia n\u00e4ihin ajatuksiin vastaat?<\/p><p>Pia puhuu: Nuo ovat toki oikeaa tietoa, mutta lapsen k\u00e4sityksess\u00e4 tieto on kuitenkin aika mustavalkoista ja se on usein my\u00f6s hyvin k\u00e4rjistetty\u00e4. On t\u00e4rke\u00e4\u00e4 muistaa, ett\u00e4 lapsen pohtiessa t\u00e4llaisia my\u00f6s huoli vaikkapa jonkun l\u00e4heisen terveydest\u00e4 saattaa olla voimakkaana lapsen mieless\u00e4. Siksi vanhemman on hyv\u00e4 puhua lapsen kanssa ja k\u00e4yd\u00e4 l\u00e4pi my\u00f6s sit\u00e4, ettei tupakointi aina v\u00e4ist\u00e4m\u00e4tt\u00e4 tarkoita sairastumista. Kuten aiemmin mainittiinkin, monet yksil\u00f6lliset tekij\u00e4t vaikuttavat asiaan. Tupakka sis\u00e4lt\u00e4\u00e4 tuhansia haitallisia aineita, jotka sitten keuhkojen kautta p\u00e4\u00e4tyv\u00e4t kehoon. Lapselle voi kertoa, kuinka keuhkoista verenkiertoon imeytym\u00e4ll\u00e4 n\u00e4m\u00e4 myrkyt voivat sitten vaikuttaa kehossa.<\/p><p>Satu puhuu: Lapsen on vaikea ajatella tupakoinnin terveyshaittoja ja seurauksia omalle kohdalleen tai mit\u00e4 ehk\u00e4 itselle voisi tapahtua vuosien p\u00e4\u00e4st\u00e4 ja my\u00f6s t\u00e4llaisten mielikuvien luominen on vanhanaikaista \u201dpelotteluvalistusta\u201d. Lapsen kanssa keskustellessa ylip\u00e4\u00e4t\u00e4\u00e4n p\u00e4ihteist\u00e4 ja niiden haitoista on hyv\u00e4 korostaa omasta kehosta ja terveydest\u00e4 huolehtimisen merkityst\u00e4. Eli kannustaa tekem\u00e4\u00e4n el\u00e4m\u00e4ss\u00e4 niit\u00e4 terveellisi\u00e4 valintoja.<\/p><p>Pia puhuu: Ehdottomasti! Ja lapsi my\u00f6s mielell\u00e4\u00e4n kuulee muitakin perusteluja kuin vain terveyshaitat. T\u00e4m\u00e4n p\u00e4iv\u00e4n lapset ovat varsin ymp\u00e4rist\u00f6tietoisia ja esimerkiksi tupakointiinkin liittyy paljon ymp\u00e4rist\u00f6\u00e4 ja luontoa kuormittavia tekij\u00f6it\u00e4. N\u00e4it\u00e4 voi yhdess\u00e4 lapsen kanssa pohtia. Roskaaminen, tupakantumpit ja niist\u00e4 luontoon p\u00e4\u00e4tyv\u00e4 mikromuovi, tupakkakasvin viljely ja el\u00e4imiin kohdistuvat haitat.<\/p><p>Satu puhuu: Lapset kysyv\u00e4t usein kysymyksi\u00e4, jotka viittaavat siihen miksei aikuinen vain lopeta tupakointia tai \u201dMiks ne ei vaan heit\u00e4 sit\u00e4 roskiin?\u201d Tupakoinnin lopettamisen haasteista voi jutella lapsen kanssa niin, ett\u00e4 kertoo nikotiinin riippuvuutta aiheuttavista vaikutuksista lapselle ymm\u00e4rrett\u00e4v\u00e4ll\u00e4 tavalla. Nikotiini koukuttaa aivot, eik\u00e4 siit\u00e4 eroon p\u00e4\u00e4seminen ole v\u00e4ltt\u00e4m\u00e4tt\u00e4 helppoa.<\/p><p>Tupakka sis\u00e4lt\u00e4\u00e4 haitallisia aineita ja niiden nime\u00e4minen lapselle ei ole v\u00e4ltt\u00e4m\u00e4t\u00f6nt\u00e4. Koulutus El\u00e4m\u00e4\u00e4n tunneilla t\u00f6rm\u00e4\u00e4 usein siihen, ett\u00e4 lapselle p\u00e4ihteisiin liittyv\u00e4t termit ja aineiden nimet menev\u00e4t sekaisin. Hyv\u00e4 esimerkki on sellainen, jossa lapsi kertoo tupakan sis\u00e4lt\u00e4v\u00e4 kokaiinia. Nikotiini ja kokaiini on mennyt sekaisin sanojen samankaltaisuuden takia.<\/p><p><b>Lapsi kysyy: Miksi p\u00e4ihteen avulla yritet\u00e4\u00e4n p\u00e4\u00e4st\u00e4 eroon toisesta p\u00e4ihteest\u00e4?<\/b><\/p><p>Pia: T\u00e4ss\u00e4 kysymyksess\u00e4 viitattiin siihen, ett\u00e4 joku yritt\u00e4\u00e4 lopettaa tupakoinnin siirtym\u00e4ll\u00e4 s\u00e4hk\u00f6tupakointiin. Lapsilla on hyvin v\u00e4h\u00e4n tietoa \u201dvapesta\u201d ja sit\u00e4 pidet\u00e4\u00e4n v\u00e4hemm\u00e4n haitallisena kuin tupakka. On hyv\u00e4 puhua lapselle siit\u00e4, ett\u00e4 s\u00e4hk\u00f6tupakka on suhteellisen uusi keksint\u00f6. Sit\u00e4 on tutkittu vasta v\u00e4h\u00e4n ja pitk\u00e4aikaisen k\u00e4yt\u00f6n haittoja ei viel\u00e4 kovin laajalti tiedet\u00e4. Kuitenkin tutkimuksia on jo tehty ja osoitettu runsaasti terveyshaittoja. T\u00e4st\u00e4 syyst\u00e4 sit\u00e4 koskee hyvin samanlainen lains\u00e4\u00e4d\u00e4nt\u00f6 kuin tupakkaakin.<\/p><p>Er\u00e4s nelosluokkalainen kysyi tunnilla seuraavaa: \u201dMun treenikaverin isk\u00e4 polttaa s\u00e4hk\u00f6tupakkaa joskus autos ku me menn\u00e4\u00e4, niin onks se vaarallista?\u201d T\u00e4m\u00e4n tyyppisi\u00e4 pohdintoja kuulee usein. On hyv\u00e4 painottaa, ett\u00e4 ne samat lait ja rajoitukset koskevat my\u00f6s s\u00e4hk\u00f6tupakkaa ja t\u00e4llaiset lait, kuten tupakointikielto autossa, jos lapsia on kyydiss\u00e4, koskee my\u00f6s s\u00e4hk\u00f6tupakkaa.<\/p><p>Satu puhuu: S\u00e4hk\u00f6tupakkaa koskevat asenteet eiv\u00e4t ole nuorten keskuudessa niin jyrkki\u00e4, kuin tupakointiin liittyv\u00e4t asenteet. S\u00e4hk\u00f6tupakassa usein k\u00e4ytetyt makunesteet tuoksuvat hyv\u00e4lt\u00e4 toisin kuin tupakan savu. Se viestii herk\u00e4sti v\u00e4hemm\u00e4n haitallisesta p\u00e4ihteest\u00e4. Keskustelu erityisesti nikotiiniriippuvuudesta on t\u00e4rke\u00e4\u00e4 t\u00e4ss\u00e4kin yhteydess\u00e4. On merkitt\u00e4v\u00e4\u00e4 painottaa sit\u00e4, ettei keuhkoihin kuulu hengitt\u00e4\u00e4 sen enemp\u00e4\u00e4 savua kuin kemikaalinesteit\u00e4k\u00e4\u00e4n. On se sitten savua tai kemikaalih\u00f6yry\u00e4, yht\u00e4 kaikki, happeahan meid\u00e4n tulee hengitell\u00e4.<\/p><p>Pia puhuu: Koulutus El\u00e4m\u00e4\u00e4n S\u00e4\u00e4ti\u00f6n Harold-peli toimii tupakan haitoista juteltaessa oivallisena keskustelun avaajana. Se on hyv\u00e4 v\u00e4line noin 4.-6.luokkalaisen lapsen ja vanhemman v\u00e4liseen p\u00e4ihdekeskusteluun.<\/p>\t\t\t\t\t\t\t\t<\/div>\n\t\t\t\t<\/div>\n\t\t\t\t\t<\/div>\n\t\t<\/div>\n\t\t\t\t\t<\/div>\n\t\t<\/section>\n\t\t\t\t<\/div>","protected":false},"excerpt":{"rendered":"<p>T\u00e4ss\u00e4 podcastissa keskustelevat Koulutus El\u00e4m\u00e4\u00e4n S\u00e4\u00e4ti\u00f6n p\u00e4ihde- ja terveyskasvatuksen asiantuntijat Satu ja Pia. Satu puhuu: T\u00e4m\u00e4 on Puhutaan p\u00e4ihteist\u00e4- podcast. T\u00e4\u00e4ll\u00e4 \u00e4\u00e4ness\u00e4 on Koulutus El\u00e4m\u00e4\u00e4n S\u00e4\u00e4ti\u00f6n p\u00e4ihde- ja terveyskasvatuksen asiantuntijat Pia (Pia tervehtii) ja min\u00e4 Satu. Haluamme jakaa vanhemmille vinkkej\u00e4 siit\u00e4, kuinka p\u00e4ihdeaiheista voi keskustella lapsen kanssa ja haluamme my\u00f6s kannustaa vanhempia puhumaan p\u00e4ihteist\u00e4 avoimesti. &hellip; <a href=\"https:\/\/koulutuselamaan.fi\/sv\/jakso-4-tupakka-ja-sahkotupakka\/\" class=\"more-link\">Forts\u00e4tt l\u00e4sa <span class=\"screen-reader-text\">Jakso 4: Tupakka ja s\u00e4hk\u00f6tupakka<\/span><\/a><\/p>","protected":false},"author":1,"featured_media":0,"parent":0,"menu_order":0,"comment_status":"closed","ping_status":"closed","template":"","meta":{"footnotes":""},"tags":[],"class_list":["post-2893","page","type-page","status-publish","hentry","no-featured-image"],"jetpack_sharing_enabled":true,"_links":{"self":[{"href":"https:\/\/koulutuselamaan.fi\/sv\/wp-json\/wp\/v2\/pages\/2893","targetHints":{"allow":["GET"]}}],"collection":[{"href":"https:\/\/koulutuselamaan.fi\/sv\/wp-json\/wp\/v2\/pages"}],"about":[{"href":"https:\/\/koulutuselamaan.fi\/sv\/wp-json\/wp\/v2\/types\/page"}],"author":[{"embeddable":true,"href":"https:\/\/koulutuselamaan.fi\/sv\/wp-json\/wp\/v2\/users\/1"}],"replies":[{"embeddable":true,"href":"https:\/\/koulutuselamaan.fi\/sv\/wp-json\/wp\/v2\/comments?post=2893"}],"version-history":[{"count":8,"href":"https:\/\/koulutuselamaan.fi\/sv\/wp-json\/wp\/v2\/pages\/2893\/revisions"}],"predecessor-version":[{"id":2905,"href":"https:\/\/koulutuselamaan.fi\/sv\/wp-json\/wp\/v2\/pages\/2893\/revisions\/2905"}],"wp:attachment":[{"href":"https:\/\/koulutuselamaan.fi\/sv\/wp-json\/wp\/v2\/media?parent=2893"}],"wp:term":[{"taxonomy":"post_tag","embeddable":true,"href":"https:\/\/koulutuselamaan.fi\/sv\/wp-json\/wp\/v2\/tags?post=2893"}],"curies":[{"name":"wp","href":"https:\/\/api.w.org\/{rel}","templated":true}]}}