{"id":26,"date":"2019-09-12T14:36:16","date_gmt":"2019-09-12T11:36:16","guid":{"rendered":"http:\/\/wp.koulutuselamaan.fi\/?page_id=26"},"modified":"2022-09-29T13:26:17","modified_gmt":"2022-09-29T10:26:17","slug":"vanhemmille","status":"publish","type":"page","link":"https:\/\/koulutuselamaan.fi\/sv\/vanhemmille\/","title":{"rendered":"V\u00e5rdnadshavare"},"content":{"rendered":"<div data-elementor-type=\"wp-post\" data-elementor-id=\"26\" class=\"elementor elementor-26\" data-elementor-post-type=\"page\">\n\t\t\t\t\t\t<section class=\"elementor-section elementor-top-section elementor-element elementor-element-533fd2c4 elementor-section-boxed elementor-section-height-default elementor-section-height-default\" data-id=\"533fd2c4\" data-element_type=\"section\">\n\t\t\t\t\t\t<div class=\"elementor-container elementor-column-gap-default\">\n\t\t\t\t\t<div class=\"elementor-column elementor-col-100 elementor-top-column elementor-element elementor-element-788dea0d\" data-id=\"788dea0d\" data-element_type=\"column\">\n\t\t\t<div class=\"elementor-widget-wrap elementor-element-populated\">\n\t\t\t\t\t\t<div class=\"elementor-element elementor-element-0a02a9c elementor-widget elementor-widget-image\" data-id=\"0a02a9c\" data-element_type=\"widget\" data-widget_type=\"image.default\">\n\t\t\t\t<div class=\"elementor-widget-container\">\n\t\t\t\t\t\t\t\t\t\t\t\t\t\t\t<img decoding=\"async\" src=\"https:\/\/koulutuselamaan.fi\/wp-content\/uploads\/elementor\/thumbs\/KE_web_vanhemmille_new-ofxmtv9cu0mydru1pewy7yzp9zo54pvhpjc3bj65qg.jpg\" title=\"KE_web_vanhemmille_new\" alt=\"KE_web_vanhemmille_new\" loading=\"lazy\" \/>\t\t\t\t\t\t\t\t\t\t\t\t\t\t\t<\/div>\n\t\t\t\t<\/div>\n\t\t\t\t<div class=\"elementor-element elementor-element-c50cea6 elementor-widget elementor-widget-text-editor\" data-id=\"c50cea6\" data-element_type=\"widget\" data-widget_type=\"text-editor.default\">\n\t\t\t\t<div class=\"elementor-widget-container\">\n\t\t\t\t\t\t\t\t\t<h1>Barn och ungdomar \u00e4r v\u00e5rt gemensamma ansvar! &nbsp;<\/h1>\t\t\t\t\t\t\t\t<\/div>\n\t\t\t\t<\/div>\n\t\t\t\t<section class=\"elementor-section elementor-inner-section elementor-element elementor-element-ff62d88 elementor-section-boxed elementor-section-height-default elementor-section-height-default\" data-id=\"ff62d88\" data-element_type=\"section\">\n\t\t\t\t\t\t<div class=\"elementor-container elementor-column-gap-default\">\n\t\t\t\t\t<div class=\"elementor-column elementor-col-66 elementor-inner-column elementor-element elementor-element-885cc8d\" data-id=\"885cc8d\" data-element_type=\"column\">\n\t\t\t<div class=\"elementor-widget-wrap elementor-element-populated\">\n\t\t\t\t\t\t<div class=\"elementor-element elementor-element-f69b405 elementor-widget elementor-widget-text-editor\" data-id=\"f69b405\" data-element_type=\"widget\" data-widget_type=\"text-editor.default\">\n\t\t\t\t<div class=\"elementor-widget-container\">\n\t\t\t\t\t\t\t\t\t<p>L\u00e4ra f\u00f6r Livet Stiftelsen genomf\u00f6r ett h\u00e4lsoutbildningsprogram, vars m\u00e5l \u00e4r att vid sidan av hemmet och skolan st\u00f6dja barns h\u00e4lsosamma livsstil. L\u00e4ra f\u00f6r Livet Stiftelsens lektioner ordnas f\u00f6r \u00e5rskurs 1\u20136 samt f\u00f6r dagis- och f\u00f6rskolegrupper. Undervisningsprogrammet kompletterar den h\u00e4lsoutbildning som ges av skolor och daghem. Lektionernas teman relaterar till m\u00e4nniskokroppen och f\u00f6rst\u00e5else f\u00f6r kroppens funktioner. Inneh\u00e5llet varierar beroende p\u00e5 barnens \u00e5lder. M\u00e5let \u00e4r att lektionen \u00e4r en positivt minnesv\u00e4rd upplevelse f\u00f6r barnen.\u00a0<\/p><p><span data-contrast=\"none\">Det \u00e4r viktigt att diskutera fr\u00e5gor som r\u00f6r h\u00e4lsa och v\u00e4lbefinnande ocks\u00e5 i hemmet, samt att uppmuntra barn att g\u00f6ra h\u00e4lsofr\u00e4mjande val. Den vuxna \u00e4r en viktig f\u00f6rebild eftersom barn anammar v\u00e5rdnadshavares levnadsvanor redan mycket tidigt. En h\u00e4lsosam livsstil till\u00e4gnad under barndomen hj\u00e4lper barnet att g\u00f6ra val som st\u00f6der v\u00e4lbefinnandet l\u00e4ngsmed livet.\u00a0<\/span><span data-ccp-props=\"{&quot;134233117&quot;:false,&quot;134233118&quot;:false,&quot;335559738&quot;:0,&quot;335559739&quot;:432}\">\u00a0<\/span><\/p><p><span data-contrast=\"none\">Teman som har med h\u00e4lsa och v\u00e4lbefinnande att g\u00f6ra, s\u00e5som tillr\u00e4cklig s\u00f6mn, motion och m\u00e5ngsidig kost, \u00e4r grunden f\u00f6r barnets och hela samh\u00e4llets v\u00e4lbefinnande. Gemensamma m\u00e5ltider, motionsstunder samt lugna stunder innan l\u00e4ggdags \u00e4r vardagliga val som st\u00e4rker barnets v\u00e4lbefinnande och h\u00e4lsa. Att st\u00e4rka barnets sj\u00e4lvk\u00e4nsla spelar ocks\u00e5 en viktig roll, eftersom sj\u00e4lvk\u00e4nslan \u00e4r kopplad till v\u00e4lbefinnandet. <a href=\"https:\/\/koulutuselamaan.fi\/sv\/opettajille\/itsetunto\/\">L\u00e4s mer h\u00e4r<\/a> om vikten av att st\u00f6dja barnets sj\u00e4lvk\u00e4nsla.<\/span><\/p><p><span data-contrast=\"none\">Det \u00e4r viktigt att diskutera rusmedels nackdelar med \u00e4ldre barn, d\u00e5 barnets k\u00e4nnedom om rusmedel \u00f6kar. En \u00f6ppen diskussion anpassad till barnets \u00e5ldersniv\u00e5 har en f\u00f6rebyggande effekt p\u00e5 experimenterande med rusmedel i unga \u00e5r. Att diskutera rusmedel bryter tabut kring dem och \u00f6kar \u00f6ppenheten mellan v\u00e5rdnadshavare och barn. Genom diskussionen kan barnet ocks\u00e5 uppleva att hen kan prata om \u00e4ven sv\u00e5ra saker med v\u00e5rdnadshavaren. Barn funderar kring \u00e4mnet, h\u00f6r saker fr\u00e5n v\u00e4nner och s\u00f6ker information p\u00e5 n\u00e4tet. Barn fr\u00e5gar ocks\u00e5 sina v\u00e5rdnadshavare om rusmedel, och de situationerna kan \u00f6verraska eller f\u00f6rvirra f\u00f6r\u00e4ldern. Det \u00e4r viktigt att stanna upp vid barnets undran och h\u00f6ra vad hen vill fr\u00e5ga och veta. Ni kan s\u00f6ka information tillsammans och diskutera \u00e4mnena p\u00e5 ett s\u00e4tt som passar barnets \u00e5lder. Du hittar verktyg som st\u00f6der diskussionen h\u00e4r p\u00e5 v\u00e5r hemsida.<\/span><span data-ccp-props=\"{&quot;134233117&quot;:false,&quot;134233118&quot;:false,&quot;335559738&quot;:0,&quot;335559739&quot;:432}\">\u00a0<\/span><\/p>\t\t\t\t\t\t\t\t<\/div>\n\t\t\t\t<\/div>\n\t\t\t\t\t<\/div>\n\t\t<\/div>\n\t\t\t\t<div class=\"elementor-column elementor-col-33 elementor-inner-column elementor-element elementor-element-3c2d3cb\" data-id=\"3c2d3cb\" data-element_type=\"column\">\n\t\t\t<div class=\"elementor-widget-wrap elementor-element-populated\">\n\t\t\t\t\t\t<div class=\"elementor-element elementor-element-79a066a elementor-widget elementor-widget-text-editor\" data-id=\"79a066a\" data-element_type=\"widget\" data-widget_type=\"text-editor.default\">\n\t\t\t\t<div class=\"elementor-widget-container\">\n\t\t\t\t\t\t\t\t\t<h2>L\u00e4s mer<\/h2>\t\t\t\t\t\t\t\t<\/div>\n\t\t\t\t<\/div>\n\t\t\t\t<div class=\"elementor-element elementor-element-95d4a30 elementor-widget-divider--view-line elementor-widget elementor-widget-divider\" data-id=\"95d4a30\" data-element_type=\"widget\" data-widget_type=\"divider.default\">\n\t\t\t\t<div class=\"elementor-widget-container\">\n\t\t\t\t\t\t\t<div class=\"elementor-divider\">\n\t\t\t<span class=\"elementor-divider-separator\">\n\t\t\t\t\t\t<\/span>\n\t\t<\/div>\n\t\t\t\t\t\t<\/div>\n\t\t\t\t<\/div>\n\t\t\t\t<div class=\"elementor-element elementor-element-6a54d44 elementor-nav-menu--dropdown-tablet elementor-nav-menu__text-align-aside elementor-widget elementor-widget-nav-menu\" data-id=\"6a54d44\" data-element_type=\"widget\" data-settings=\"{&quot;layout&quot;:&quot;vertical&quot;,&quot;submenu_icon&quot;:{&quot;value&quot;:&quot;&lt;i class=\\&quot;fas fa-caret-down\\&quot;&gt;&lt;\\\/i&gt;&quot;,&quot;library&quot;:&quot;fa-solid&quot;}}\" data-widget_type=\"nav-menu.default\">\n\t\t\t\t<div class=\"elementor-widget-container\">\n\t\t\t\t\t\t\t\t<nav aria-label=\"Meny\" class=\"elementor-nav-menu--main elementor-nav-menu__container elementor-nav-menu--layout-vertical e--pointer-underline e--animation-fade\">\n\t\t\t\t<ul id=\"menu-1-6a54d44\" class=\"elementor-nav-menu sm-vertical\"><li class=\"menu-item menu-item-type-post_type menu-item-object-page menu-item-2375\"><a href=\"https:\/\/koulutuselamaan.fi\/sv\/vanhemmille\/puhutaan-paihteista\/\" class=\"elementor-item\">Vi pratar om rusmedel-podcast<\/a><\/li>\n<li class=\"menu-item menu-item-type-post_type menu-item-object-page menu-item-2373\"><a href=\"https:\/\/koulutuselamaan.fi\/sv\/vanhemmille\/opetuksen-sisalto\/\" class=\"elementor-item\">Undervisningens inneh\u00e5ll<\/a><\/li>\n<li class=\"menu-item menu-item-type-post_type menu-item-object-page menu-item-2374\"><a href=\"https:\/\/koulutuselamaan.fi\/sv\/vanhemmille\/opetusohjelman-taustaa\/\" class=\"elementor-item\">Undervisningsprogrammets bakgrund<\/a><\/li>\n<li class=\"menu-item menu-item-type-post_type menu-item-object-page menu-item-2372\"><a href=\"https:\/\/koulutuselamaan.fi\/sv\/vanhemmille\/materiaalia-vanhemmille\/\" class=\"elementor-item\">Material till f\u00f6r\u00e4ldrar<\/a><\/li>\n<\/ul>\t\t\t<\/nav>\n\t\t\t\t\t\t<nav class=\"elementor-nav-menu--dropdown elementor-nav-menu__container\" aria-hidden=\"true\">\n\t\t\t\t<ul id=\"menu-2-6a54d44\" class=\"elementor-nav-menu sm-vertical\"><li class=\"menu-item menu-item-type-post_type menu-item-object-page menu-item-2375\"><a href=\"https:\/\/koulutuselamaan.fi\/sv\/vanhemmille\/puhutaan-paihteista\/\" class=\"elementor-item\" tabindex=\"-1\">Vi pratar om rusmedel-podcast<\/a><\/li>\n<li class=\"menu-item menu-item-type-post_type menu-item-object-page menu-item-2373\"><a href=\"https:\/\/koulutuselamaan.fi\/sv\/vanhemmille\/opetuksen-sisalto\/\" class=\"elementor-item\" tabindex=\"-1\">Undervisningens inneh\u00e5ll<\/a><\/li>\n<li class=\"menu-item menu-item-type-post_type menu-item-object-page menu-item-2374\"><a href=\"https:\/\/koulutuselamaan.fi\/sv\/vanhemmille\/opetusohjelman-taustaa\/\" class=\"elementor-item\" tabindex=\"-1\">Undervisningsprogrammets bakgrund<\/a><\/li>\n<li class=\"menu-item menu-item-type-post_type menu-item-object-page menu-item-2372\"><a href=\"https:\/\/koulutuselamaan.fi\/sv\/vanhemmille\/materiaalia-vanhemmille\/\" class=\"elementor-item\" tabindex=\"-1\">Material till f\u00f6r\u00e4ldrar<\/a><\/li>\n<\/ul>\t\t\t<\/nav>\n\t\t\t\t\t\t<\/div>\n\t\t\t\t<\/div>\n\t\t\t\t<div class=\"elementor-element elementor-element-06b2fa5 elementor-widget-divider--view-line elementor-widget elementor-widget-divider\" data-id=\"06b2fa5\" data-element_type=\"widget\" data-widget_type=\"divider.default\">\n\t\t\t\t<div class=\"elementor-widget-container\">\n\t\t\t\t\t\t\t<div class=\"elementor-divider\">\n\t\t\t<span class=\"elementor-divider-separator\">\n\t\t\t\t\t\t<\/span>\n\t\t<\/div>\n\t\t\t\t\t\t<\/div>\n\t\t\t\t<\/div>\n\t\t\t\t<div class=\"elementor-element elementor-element-aad188a elementor-nav-menu--dropdown-tablet elementor-nav-menu__text-align-aside elementor-widget elementor-widget-nav-menu\" data-id=\"aad188a\" data-element_type=\"widget\" data-settings=\"{&quot;layout&quot;:&quot;vertical&quot;,&quot;submenu_icon&quot;:{&quot;value&quot;:&quot;&lt;i class=\\&quot;fas fa-caret-down\\&quot;&gt;&lt;\\\/i&gt;&quot;,&quot;library&quot;:&quot;fa-solid&quot;}}\" data-widget_type=\"nav-menu.default\">\n\t\t\t\t<div class=\"elementor-widget-container\">\n\t\t\t\t\t\t\t\t<nav aria-label=\"Meny\" class=\"elementor-nav-menu--main elementor-nav-menu__container elementor-nav-menu--layout-vertical e--pointer-underline e--animation-fade\">\n\t\t\t\t<ul id=\"menu-1-aad188a\" class=\"elementor-nav-menu sm-vertical\"><li class=\"menu-item menu-item-type-post_type menu-item-object-page menu-item-2395\"><a href=\"https:\/\/koulutuselamaan.fi\/sv\/vanhemmille\/puhutaan-paihteista\/\" class=\"elementor-item\">Vi pratar om rusmedel-podcast<\/a><\/li>\n<li class=\"menu-item menu-item-type-post_type menu-item-object-page menu-item-2394\"><a href=\"https:\/\/koulutuselamaan.fi\/sv\/lapsille-2\/harold\/\" class=\"elementor-item\">Harolds spel och instruktioner<\/a><\/li>\n<\/ul>\t\t\t<\/nav>\n\t\t\t\t\t\t<nav class=\"elementor-nav-menu--dropdown elementor-nav-menu__container\" aria-hidden=\"true\">\n\t\t\t\t<ul id=\"menu-2-aad188a\" class=\"elementor-nav-menu sm-vertical\"><li class=\"menu-item menu-item-type-post_type menu-item-object-page menu-item-2395\"><a href=\"https:\/\/koulutuselamaan.fi\/sv\/vanhemmille\/puhutaan-paihteista\/\" class=\"elementor-item\" tabindex=\"-1\">Vi pratar om rusmedel-podcast<\/a><\/li>\n<li class=\"menu-item menu-item-type-post_type menu-item-object-page menu-item-2394\"><a href=\"https:\/\/koulutuselamaan.fi\/sv\/lapsille-2\/harold\/\" class=\"elementor-item\" tabindex=\"-1\">Harolds spel och instruktioner<\/a><\/li>\n<\/ul>\t\t\t<\/nav>\n\t\t\t\t\t\t<\/div>\n\t\t\t\t<\/div>\n\t\t\t\t<div class=\"elementor-element elementor-element-cd63568 elementor-widget-divider--view-line elementor-widget elementor-widget-divider\" data-id=\"cd63568\" data-element_type=\"widget\" data-widget_type=\"divider.default\">\n\t\t\t\t<div class=\"elementor-widget-container\">\n\t\t\t\t\t\t\t<div class=\"elementor-divider\">\n\t\t\t<span class=\"elementor-divider-separator\">\n\t\t\t\t\t\t<\/span>\n\t\t<\/div>\n\t\t\t\t\t\t<\/div>\n\t\t\t\t<\/div>\n\t\t\t\t\t<\/div>\n\t\t<\/div>\n\t\t\t\t\t<\/div>\n\t\t<\/section>\n\t\t\t\t\t<\/div>\n\t\t<\/div>\n\t\t\t\t\t<\/div>\n\t\t<\/section>\n\t\t\t\t<\/div>","protected":false},"excerpt":{"rendered":"<p>Vastuu lapsista ja nuorista on yhteinen! &nbsp; Koulutus El\u00e4m\u00e4\u00e4n S\u00e4\u00e4ti\u00f6 toteuttaa terveyskasvatusohjelmaa, jonka tavoitteena on tukea lasten ja nuorten terveellisi\u00e4 el\u00e4m\u00e4ntapoja kotien ja koulujen rinnalla.\u00a0Koulutus El\u00e4m\u00e4\u00e4n S\u00e4\u00e4ti\u00f6n oppitunnit j\u00e4rjestet\u00e4\u00e4n 1.-6.-luokille sek\u00e4 p\u00e4iv\u00e4koti- ja esiopetusryhmille. Opetusohjelma t\u00e4ydent\u00e4\u00e4 koulujen ja p\u00e4iv\u00e4kotien antamaa terveyskasvatusta. Oppituntien teemat liittyv\u00e4t ihmiskehon ja sen toiminnan ymm\u00e4rt\u00e4miseen. Tuntien sis\u00e4lt\u00f6 vaihtelee lasten ik\u00e4tason mukaan. &hellip; <a href=\"https:\/\/koulutuselamaan.fi\/sv\/vanhemmille\/\" class=\"more-link\">Forts\u00e4tt l\u00e4sa <span class=\"screen-reader-text\">V\u00e5rdnadshavare<\/span><\/a><\/p>","protected":false},"author":1,"featured_media":403,"parent":0,"menu_order":4,"comment_status":"closed","ping_status":"closed","template":"elementor_header_footer","meta":{"footnotes":""},"tags":[],"class_list":["post-26","page","type-page","status-publish","has-post-thumbnail","hentry"],"jetpack_sharing_enabled":true,"_links":{"self":[{"href":"https:\/\/koulutuselamaan.fi\/sv\/wp-json\/wp\/v2\/pages\/26","targetHints":{"allow":["GET"]}}],"collection":[{"href":"https:\/\/koulutuselamaan.fi\/sv\/wp-json\/wp\/v2\/pages"}],"about":[{"href":"https:\/\/koulutuselamaan.fi\/sv\/wp-json\/wp\/v2\/types\/page"}],"author":[{"embeddable":true,"href":"https:\/\/koulutuselamaan.fi\/sv\/wp-json\/wp\/v2\/users\/1"}],"replies":[{"embeddable":true,"href":"https:\/\/koulutuselamaan.fi\/sv\/wp-json\/wp\/v2\/comments?post=26"}],"version-history":[{"count":28,"href":"https:\/\/koulutuselamaan.fi\/sv\/wp-json\/wp\/v2\/pages\/26\/revisions"}],"predecessor-version":[{"id":3550,"href":"https:\/\/koulutuselamaan.fi\/sv\/wp-json\/wp\/v2\/pages\/26\/revisions\/3550"}],"wp:featuredmedia":[{"embeddable":true,"href":"https:\/\/koulutuselamaan.fi\/sv\/wp-json\/wp\/v2\/media\/403"}],"wp:attachment":[{"href":"https:\/\/koulutuselamaan.fi\/sv\/wp-json\/wp\/v2\/media?parent=26"}],"wp:term":[{"taxonomy":"post_tag","embeddable":true,"href":"https:\/\/koulutuselamaan.fi\/sv\/wp-json\/wp\/v2\/tags?post=26"}],"curies":[{"name":"wp","href":"https:\/\/api.w.org\/{rel}","templated":true}]}}