{"id":24,"date":"2019-09-12T14:36:16","date_gmt":"2019-09-12T11:36:16","guid":{"rendered":"http:\/\/wp.koulutuselamaan.fi\/?page_id=24"},"modified":"2021-07-02T13:05:57","modified_gmt":"2021-07-02T10:05:57","slug":"opettajille","status":"publish","type":"page","link":"https:\/\/koulutuselamaan.fi\/sv\/opettajille\/","title":{"rendered":"L\u00c4RARE"},"content":{"rendered":"<div data-elementor-type=\"wp-page\" data-elementor-id=\"24\" class=\"elementor elementor-24\" data-elementor-post-type=\"page\">\n\t\t\t\t\t\t<section class=\"elementor-section elementor-top-section elementor-element elementor-element-f3ff1fc elementor-section-boxed elementor-section-height-default elementor-section-height-default\" data-id=\"f3ff1fc\" data-element_type=\"section\">\n\t\t\t\t\t\t<div class=\"elementor-container elementor-column-gap-default\">\n\t\t\t\t\t<div class=\"elementor-column elementor-col-100 elementor-top-column elementor-element elementor-element-8ebe866\" data-id=\"8ebe866\" data-element_type=\"column\">\n\t\t\t<div class=\"elementor-widget-wrap elementor-element-populated\">\n\t\t\t\t\t\t<div class=\"elementor-element elementor-element-2268313 elementor-widget elementor-widget-image\" data-id=\"2268313\" data-element_type=\"widget\" data-widget_type=\"image.default\">\n\t\t\t\t<div class=\"elementor-widget-container\">\n\t\t\t\t\t\t\t\t\t\t\t\t\t\t\t<img decoding=\"async\" src=\"https:\/\/koulutuselamaan.fi\/wp-content\/uploads\/elementor\/thumbs\/KE_web_opettajille-ofxmtsfu9ij3exy55vp2ihpbhu21hmkap5dmvpac94.jpg\" title=\"KE_web_opettajille\" alt=\"KE_web_opettajille\" loading=\"lazy\" \/>\t\t\t\t\t\t\t\t\t\t\t\t\t\t\t<\/div>\n\t\t\t\t<\/div>\n\t\t\t\t<div class=\"elementor-element elementor-element-8c03fe1 elementor-widget elementor-widget-text-editor\" data-id=\"8c03fe1\" data-element_type=\"widget\" data-widget_type=\"text-editor.default\">\n\t\t\t\t<div class=\"elementor-widget-container\">\n\t\t\t\t\t\t\t\t\t<h1>L\u00c4RARE<\/h1>\t\t\t\t\t\t\t\t<\/div>\n\t\t\t\t<\/div>\n\t\t\t\t<section class=\"elementor-section elementor-inner-section elementor-element elementor-element-3532008 elementor-section-boxed elementor-section-height-default elementor-section-height-default\" data-id=\"3532008\" data-element_type=\"section\">\n\t\t\t\t\t\t<div class=\"elementor-container elementor-column-gap-default\">\n\t\t\t\t\t<div class=\"elementor-column elementor-col-66 elementor-inner-column elementor-element elementor-element-8aef8c0\" data-id=\"8aef8c0\" data-element_type=\"column\">\n\t\t\t<div class=\"elementor-widget-wrap elementor-element-populated\">\n\t\t\t\t\t\t<div class=\"elementor-element elementor-element-a0dc6b8 elementor-widget elementor-widget-text-editor\" data-id=\"a0dc6b8\" data-element_type=\"widget\" data-widget_type=\"text-editor.default\">\n\t\t\t\t<div class=\"elementor-widget-container\">\n\t\t\t\t\t\t\t\t\t<p>L\u00e4ra f\u00f6r Livet-programmets bes\u00f6k f\u00f6rbereds och f\u00f6rverkligas i samarbete med daghem och skolor. P\u00e5 s\u00e5 vis kan vi ta i beaktande daghemmens och skolornas enskilda behov.<\/p>\n<p>Undervisningsprogrammet \u00e4r utformat som en helhet som fortskrider \u00e5rligen och tar h\u00e4nsyn till barnets \u00e5ldersgrupp. I st\u00e4llet f\u00f6r att ordna eng\u00e5ngsevenemang str\u00e4var vi till l\u00e5ngsiktighet genom att barnen deltar i den \u00e5rligen \u00e5terkommande undervisningen inom sm\u00e5barnspedagogiken och p\u00e5 l\u00e5gstadiet. En lektion varar fr\u00e5n 45 minuter till 90 minuter, beroende p\u00e5 barnets \u00e5ldersgrupp. Undervisning ges p\u00e5 finska och svenska.<\/p>\n<p>Undervisningen genomf\u00f6rs av kompetenta l\u00e4rare som \u00e4r utbildade f\u00f6r denna specifika uppgift. Programmet \u00e4r utformat s\u00e5 att det st\u00f6der planen f\u00f6r sm\u00e5barnspedagogik och l\u00e4roplanen f\u00f6r den grundl\u00e4ggande utbildningen. Undervisningsmetoderna utvecklas vidare p\u00e5 basis av insamlad feedback.<\/p>\t\t\t\t\t\t\t\t<\/div>\n\t\t\t\t<\/div>\n\t\t\t\t\t<\/div>\n\t\t<\/div>\n\t\t\t\t<div class=\"elementor-column elementor-col-33 elementor-inner-column elementor-element elementor-element-9909d2a\" data-id=\"9909d2a\" data-element_type=\"column\">\n\t\t\t<div class=\"elementor-widget-wrap elementor-element-populated\">\n\t\t\t\t\t\t<div class=\"elementor-element elementor-element-a058afd elementor-widget elementor-widget-text-editor\" data-id=\"a058afd\" data-element_type=\"widget\" data-widget_type=\"text-editor.default\">\n\t\t\t\t<div class=\"elementor-widget-container\">\n\t\t\t\t\t\t\t\t\t<h2 class=\"elementor-heading-title elementor-size-default elementor-inline-editing pen\" contenteditable=\"true\" data-elementor-setting-key=\"title\" data-pen-placeholder=\"Kirjoita t\u00e4h\u00e4n...\">L\u00e4s mer<\/h2>\t\t\t\t\t\t\t\t<\/div>\n\t\t\t\t<\/div>\n\t\t\t\t<div class=\"elementor-element elementor-element-6ebe93a elementor-widget-divider--view-line elementor-widget elementor-widget-divider\" data-id=\"6ebe93a\" data-element_type=\"widget\" data-widget_type=\"divider.default\">\n\t\t\t\t<div class=\"elementor-widget-container\">\n\t\t\t\t\t\t\t<div class=\"elementor-divider\">\n\t\t\t<span class=\"elementor-divider-separator\">\n\t\t\t\t\t\t<\/span>\n\t\t<\/div>\n\t\t\t\t\t\t<\/div>\n\t\t\t\t<\/div>\n\t\t\t\t<div class=\"elementor-element elementor-element-858f5b6 elementor-nav-menu--dropdown-tablet elementor-nav-menu__text-align-aside elementor-widget elementor-widget-nav-menu\" data-id=\"858f5b6\" data-element_type=\"widget\" data-settings=\"{&quot;layout&quot;:&quot;vertical&quot;,&quot;submenu_icon&quot;:{&quot;value&quot;:&quot;&lt;i class=\\&quot;fas fa-caret-down\\&quot;&gt;&lt;\\\/i&gt;&quot;,&quot;library&quot;:&quot;fa-solid&quot;}}\" data-widget_type=\"nav-menu.default\">\n\t\t\t\t<div class=\"elementor-widget-container\">\n\t\t\t\t\t\t\t\t<nav aria-label=\"Meny\" class=\"elementor-nav-menu--main elementor-nav-menu__container elementor-nav-menu--layout-vertical e--pointer-underline e--animation-fade\">\n\t\t\t\t<ul id=\"menu-1-858f5b6\" class=\"elementor-nav-menu sm-vertical\"><li class=\"menu-item menu-item-type-post_type menu-item-object-page menu-item-2346\"><a href=\"https:\/\/koulutuselamaan.fi\/sv\/opettajille\/itsetunto\/\" class=\"elementor-item\">Sj\u00e4lvk\u00e4nsla<\/a><\/li>\n<li class=\"menu-item menu-item-type-post_type menu-item-object-page menu-item-2347\"><a href=\"https:\/\/koulutuselamaan.fi\/sv\/opettajille\/kutsu-meidat-koulullesi\/\" class=\"elementor-item\">Bjud in oss till din skola!<\/a><\/li>\n<li class=\"menu-item menu-item-type-post_type menu-item-object-page menu-item-2348\"><a href=\"https:\/\/koulutuselamaan.fi\/sv\/opettajille\/opettajat\/\" class=\"elementor-item\">L\u00e4rare och inl\u00e4rningsmilj\u00f6<\/a><\/li>\n<li class=\"menu-item menu-item-type-post_type menu-item-object-page menu-item-2349\"><a href=\"https:\/\/koulutuselamaan.fi\/sv\/opettajille\/opetusohjelman-tausta\/\" class=\"elementor-item\">Undervisningsprogrammets bakgrund<\/a><\/li>\n<li class=\"menu-item menu-item-type-post_type menu-item-object-page menu-item-2350\"><a href=\"https:\/\/koulutuselamaan.fi\/sv\/opettajille\/tehtavia-oppilaille\/\" class=\"elementor-item\">Uppgifter f\u00f6r eleverna<\/a><\/li>\n<li class=\"menu-item menu-item-type-post_type menu-item-object-page menu-item-2351\"><a href=\"https:\/\/koulutuselamaan.fi\/sv\/opettajille\/opetuksen-sisalto\/\" class=\"elementor-item\">Undervisningens inneh\u00e5ll<\/a><\/li>\n<\/ul>\t\t\t<\/nav>\n\t\t\t\t\t\t<nav class=\"elementor-nav-menu--dropdown elementor-nav-menu__container\" aria-hidden=\"true\">\n\t\t\t\t<ul id=\"menu-2-858f5b6\" class=\"elementor-nav-menu sm-vertical\"><li class=\"menu-item menu-item-type-post_type menu-item-object-page menu-item-2346\"><a href=\"https:\/\/koulutuselamaan.fi\/sv\/opettajille\/itsetunto\/\" class=\"elementor-item\" tabindex=\"-1\">Sj\u00e4lvk\u00e4nsla<\/a><\/li>\n<li class=\"menu-item menu-item-type-post_type menu-item-object-page menu-item-2347\"><a href=\"https:\/\/koulutuselamaan.fi\/sv\/opettajille\/kutsu-meidat-koulullesi\/\" class=\"elementor-item\" tabindex=\"-1\">Bjud in oss till din skola!<\/a><\/li>\n<li class=\"menu-item menu-item-type-post_type menu-item-object-page menu-item-2348\"><a href=\"https:\/\/koulutuselamaan.fi\/sv\/opettajille\/opettajat\/\" class=\"elementor-item\" tabindex=\"-1\">L\u00e4rare och inl\u00e4rningsmilj\u00f6<\/a><\/li>\n<li class=\"menu-item menu-item-type-post_type menu-item-object-page menu-item-2349\"><a href=\"https:\/\/koulutuselamaan.fi\/sv\/opettajille\/opetusohjelman-tausta\/\" class=\"elementor-item\" tabindex=\"-1\">Undervisningsprogrammets bakgrund<\/a><\/li>\n<li class=\"menu-item menu-item-type-post_type menu-item-object-page menu-item-2350\"><a href=\"https:\/\/koulutuselamaan.fi\/sv\/opettajille\/tehtavia-oppilaille\/\" class=\"elementor-item\" tabindex=\"-1\">Uppgifter f\u00f6r eleverna<\/a><\/li>\n<li class=\"menu-item menu-item-type-post_type menu-item-object-page menu-item-2351\"><a href=\"https:\/\/koulutuselamaan.fi\/sv\/opettajille\/opetuksen-sisalto\/\" class=\"elementor-item\" tabindex=\"-1\">Undervisningens inneh\u00e5ll<\/a><\/li>\n<\/ul>\t\t\t<\/nav>\n\t\t\t\t\t\t<\/div>\n\t\t\t\t<\/div>\n\t\t\t\t<div class=\"elementor-element elementor-element-2fce511 elementor-widget-divider--view-line elementor-widget elementor-widget-divider\" data-id=\"2fce511\" data-element_type=\"widget\" data-widget_type=\"divider.default\">\n\t\t\t\t<div class=\"elementor-widget-container\">\n\t\t\t\t\t\t\t<div class=\"elementor-divider\">\n\t\t\t<span class=\"elementor-divider-separator\">\n\t\t\t\t\t\t<\/span>\n\t\t<\/div>\n\t\t\t\t\t\t<\/div>\n\t\t\t\t<\/div>\n\t\t\t\t<div class=\"elementor-element elementor-element-64abd27 elementor-nav-menu--dropdown-tablet elementor-nav-menu__text-align-aside elementor-widget elementor-widget-nav-menu\" data-id=\"64abd27\" data-element_type=\"widget\" data-settings=\"{&quot;layout&quot;:&quot;vertical&quot;,&quot;submenu_icon&quot;:{&quot;value&quot;:&quot;&lt;i class=\\&quot;fas fa-caret-down\\&quot;&gt;&lt;\\\/i&gt;&quot;,&quot;library&quot;:&quot;fa-solid&quot;}}\" data-widget_type=\"nav-menu.default\">\n\t\t\t\t<div class=\"elementor-widget-container\">\n\t\t\t\t\t\t\t\t<nav aria-label=\"Meny\" class=\"elementor-nav-menu--main elementor-nav-menu__container elementor-nav-menu--layout-vertical e--pointer-underline e--animation-fade\">\n\t\t\t\t<ul id=\"menu-1-64abd27\" class=\"elementor-nav-menu sm-vertical\"><li class=\"menu-item menu-item-type-post_type menu-item-object-page menu-item-2395\"><a href=\"https:\/\/koulutuselamaan.fi\/sv\/vanhemmille\/puhutaan-paihteista\/\" class=\"elementor-item\">Vi pratar om rusmedel-podcast<\/a><\/li>\n<li class=\"menu-item menu-item-type-post_type menu-item-object-page menu-item-2394\"><a href=\"https:\/\/koulutuselamaan.fi\/sv\/lapsille-2\/harold\/\" class=\"elementor-item\">Harolds spel och instruktioner<\/a><\/li>\n<\/ul>\t\t\t<\/nav>\n\t\t\t\t\t\t<nav class=\"elementor-nav-menu--dropdown elementor-nav-menu__container\" aria-hidden=\"true\">\n\t\t\t\t<ul id=\"menu-2-64abd27\" class=\"elementor-nav-menu sm-vertical\"><li class=\"menu-item menu-item-type-post_type menu-item-object-page menu-item-2395\"><a href=\"https:\/\/koulutuselamaan.fi\/sv\/vanhemmille\/puhutaan-paihteista\/\" class=\"elementor-item\" tabindex=\"-1\">Vi pratar om rusmedel-podcast<\/a><\/li>\n<li class=\"menu-item menu-item-type-post_type menu-item-object-page menu-item-2394\"><a href=\"https:\/\/koulutuselamaan.fi\/sv\/lapsille-2\/harold\/\" class=\"elementor-item\" tabindex=\"-1\">Harolds spel och instruktioner<\/a><\/li>\n<\/ul>\t\t\t<\/nav>\n\t\t\t\t\t\t<\/div>\n\t\t\t\t<\/div>\n\t\t\t\t<div class=\"elementor-element elementor-element-a7cd7e8 elementor-widget-divider--view-line elementor-widget elementor-widget-divider\" data-id=\"a7cd7e8\" data-element_type=\"widget\" data-widget_type=\"divider.default\">\n\t\t\t\t<div class=\"elementor-widget-container\">\n\t\t\t\t\t\t\t<div class=\"elementor-divider\">\n\t\t\t<span class=\"elementor-divider-separator\">\n\t\t\t\t\t\t<\/span>\n\t\t<\/div>\n\t\t\t\t\t\t<\/div>\n\t\t\t\t<\/div>\n\t\t\t\t\t<\/div>\n\t\t<\/div>\n\t\t\t\t\t<\/div>\n\t\t<\/section>\n\t\t\t\t\t<\/div>\n\t\t<\/div>\n\t\t\t\t\t<\/div>\n\t\t<\/section>\n\t\t\t\t<\/div>","protected":false},"excerpt":{"rendered":"<p>Opettajille Koulutus El\u00e4m\u00e4\u00e4n opetusohjelman vierailu valmistellaan ja toteutetaan yhteisty\u00f6ss\u00e4 p\u00e4iv\u00e4kotien ja koulujen kanssa, ottaen huomioon kunkin kohteen yksil\u00f6lliset tarpeet. Opetusohjelma on suunniteltu vuosittain etenev\u00e4ksi ja lapsen ik\u00e4taso huomioivaksi kokonaisuudeksi. Opetuksessa pyrit\u00e4\u00e4n kertatapahtuman sijasta pitk\u00e4kestoisuuteen siten, ett\u00e4 samat lapset p\u00e4\u00e4sisiv\u00e4t osallistumaan opetukseen per\u00e4kk\u00e4isin\u00e4 vuosina. Yksi oppitunti kest\u00e4\u00e4 45 minuutista 90 minuuttiin lapsen ik\u00e4tason mukaan. Opetusta annetaan &hellip; <a href=\"https:\/\/koulutuselamaan.fi\/sv\/opettajille\/\" class=\"more-link\">Forts\u00e4tt l\u00e4sa <span class=\"screen-reader-text\">L\u00c4RARE<\/span><\/a><\/p>","protected":false},"author":1,"featured_media":401,"parent":0,"menu_order":2,"comment_status":"closed","ping_status":"closed","template":"elementor_header_footer","meta":{"footnotes":""},"tags":[],"class_list":["post-24","page","type-page","status-publish","has-post-thumbnail","hentry"],"jetpack_sharing_enabled":true,"_links":{"self":[{"href":"https:\/\/koulutuselamaan.fi\/sv\/wp-json\/wp\/v2\/pages\/24","targetHints":{"allow":["GET"]}}],"collection":[{"href":"https:\/\/koulutuselamaan.fi\/sv\/wp-json\/wp\/v2\/pages"}],"about":[{"href":"https:\/\/koulutuselamaan.fi\/sv\/wp-json\/wp\/v2\/types\/page"}],"author":[{"embeddable":true,"href":"https:\/\/koulutuselamaan.fi\/sv\/wp-json\/wp\/v2\/users\/1"}],"replies":[{"embeddable":true,"href":"https:\/\/koulutuselamaan.fi\/sv\/wp-json\/wp\/v2\/comments?post=24"}],"version-history":[{"count":54,"href":"https:\/\/koulutuselamaan.fi\/sv\/wp-json\/wp\/v2\/pages\/24\/revisions"}],"predecessor-version":[{"id":3765,"href":"https:\/\/koulutuselamaan.fi\/sv\/wp-json\/wp\/v2\/pages\/24\/revisions\/3765"}],"wp:featuredmedia":[{"embeddable":true,"href":"https:\/\/koulutuselamaan.fi\/sv\/wp-json\/wp\/v2\/media\/401"}],"wp:attachment":[{"href":"https:\/\/koulutuselamaan.fi\/sv\/wp-json\/wp\/v2\/media?parent=24"}],"wp:term":[{"taxonomy":"post_tag","embeddable":true,"href":"https:\/\/koulutuselamaan.fi\/sv\/wp-json\/wp\/v2\/tags?post=24"}],"curies":[{"name":"wp","href":"https:\/\/api.w.org\/{rel}","templated":true}]}}