{"id":2,"date":"2019-08-09T16:23:37","date_gmt":"2019-08-09T13:23:37","guid":{"rendered":"http:\/\/wp.koulutuselamaan.fi\/?page_id=2"},"modified":"2026-01-10T09:57:47","modified_gmt":"2026-01-10T07:57:47","slug":"saatio","status":"publish","type":"page","link":"https:\/\/koulutuselamaan.fi\/sv\/","title":{"rendered":"STIFTELSEN"},"content":{"rendered":"<div data-elementor-type=\"wp-page\" data-elementor-id=\"2\" class=\"elementor elementor-2\" data-elementor-post-type=\"page\">\n\t\t\t\t\t\t<section class=\"elementor-section elementor-top-section elementor-element elementor-element-6b5195 elementor-section-boxed elementor-section-height-default elementor-section-height-default\" data-id=\"6b5195\" data-element_type=\"section\">\n\t\t\t\t\t\t<div class=\"elementor-container elementor-column-gap-default\">\n\t\t\t\t\t<div class=\"elementor-column elementor-col-100 elementor-top-column elementor-element elementor-element-57c9437e\" data-id=\"57c9437e\" data-element_type=\"column\">\n\t\t\t<div class=\"elementor-widget-wrap elementor-element-populated\">\n\t\t\t\t\t\t<div class=\"elementor-element elementor-element-dd86945 elementor--h-position-center elementor--v-position-middle elementor-arrows-position-inside elementor-pagination-position-inside elementor-widget elementor-widget-slides\" data-id=\"dd86945\" data-element_type=\"widget\" data-settings=\"{&quot;transition&quot;:&quot;fade&quot;,&quot;navigation&quot;:&quot;both&quot;,&quot;autoplay&quot;:&quot;yes&quot;,&quot;pause_on_hover&quot;:&quot;yes&quot;,&quot;pause_on_interaction&quot;:&quot;yes&quot;,&quot;autoplay_speed&quot;:5000,&quot;infinite&quot;:&quot;yes&quot;,&quot;transition_speed&quot;:500}\" data-widget_type=\"slides.default\">\n\t\t\t\t<div class=\"elementor-widget-container\">\n\t\t\t\t\t\t\t\t\t<div class=\"elementor-swiper\">\n\t\t\t\t\t<div class=\"elementor-slides-wrapper elementor-main-swiper swiper\" role=\"region\" aria-roledescription=\"carousel\" aria-label=\"Bildspel\" dir=\"ltr\" data-animation=\"\">\n\t\t\t\t<div class=\"swiper-wrapper elementor-slides\">\n\t\t\t\t\t\t\t\t\t\t<div class=\"elementor-repeater-item-d91f1b7 swiper-slide\" role=\"group\" aria-roledescription=\"slide\"><div class=\"swiper-slide-bg\" role=\"img\"><\/div><a class=\"swiper-slide-inner\" href=\"https:\/\/koulutuselamaan.fi\/sv\/opettajille\/opetuksen-sisalto\/\"><div class=\"swiper-slide-contents\"><div class=\"elementor-slide-heading\">Tuki tulevaisuuteen<\/div><div  class=\"elementor-button elementor-slide-button elementor-size-sm\">Undervisningens inneh\u00e5ll<\/div><\/div><\/a><\/div><div class=\"elementor-repeater-item-16fb317 swiper-slide\" role=\"group\" aria-roledescription=\"slide\"><div class=\"swiper-slide-bg\" role=\"img\"><\/div><a class=\"swiper-slide-inner\" href=\"https:\/\/koulutuselamaan.fi\/sv\/lapsille-2\/harold\/\"><div class=\"swiper-slide-contents\"><div class=\"elementor-slide-heading\">Pelaa Haroldin kanssa!<\/div><div  class=\"elementor-button elementor-slide-button elementor-size-sm\">Spela<\/div><\/div><\/a><\/div><div class=\"elementor-repeater-item-2221ea7 swiper-slide\" role=\"group\" aria-roledescription=\"slide\"><div class=\"swiper-slide-bg\" role=\"img\"><\/div><a class=\"swiper-slide-inner\" href=\"https:\/\/koulutuselamaan.fi\/sv\/vanhemmille\/puhutaan-paihteista\/\"><div class=\"swiper-slide-contents\"><div class=\"elementor-slide-heading\">Vi pratar om rusmedel-podcast<\/div><div  class=\"elementor-button elementor-slide-button elementor-size-sm\">Lyssna<\/div><\/div><\/a><\/div><div class=\"elementor-repeater-item-e8fc1e5 swiper-slide\" role=\"group\" aria-roledescription=\"slide\"><div class=\"swiper-slide-bg\" role=\"img\"><\/div><a class=\"swiper-slide-inner\" href=\"https:\/\/yhdessailmanrasismia.fi\" target=\"_blank\"><div class=\"swiper-slide-contents\"><div class=\"elementor-slide-heading\">Koulutus 4.-7.luokkalaisille<\/div><div  class=\"elementor-button elementor-slide-button elementor-size-sm\">L\u00e4s mer<\/div><\/div><\/a><\/div>\t\t\t\t<\/div>\n\t\t\t\t\t\t\t\t\t\t\t\t\t\t\t<div class=\"elementor-swiper-button elementor-swiper-button-prev\" role=\"button\" tabindex=\"0\" aria-label=\"F\u00f6reg\u00e5ende bild\">\n\t\t\t\t\t\t\t<i aria-hidden=\"true\" class=\"eicon-chevron-left\"><\/i>\t\t\t\t\t\t<\/div>\n\t\t\t\t\t\t<div class=\"elementor-swiper-button elementor-swiper-button-next\" role=\"button\" tabindex=\"0\" aria-label=\"N\u00e4sta bild\">\n\t\t\t\t\t\t\t<i aria-hidden=\"true\" class=\"eicon-chevron-right\"><\/i>\t\t\t\t\t\t<\/div>\n\t\t\t\t\t\t\t\t\t\t\t\t\t\t\t\t<div class=\"swiper-pagination\"><\/div>\n\t\t\t\t\t\t\t\t\t\t\t\t<\/div>\n\t\t\t\t<\/div>\n\t\t\t\t\t\t\t\t<\/div>\n\t\t\t\t<\/div>\n\t\t\t\t<div class=\"elementor-element elementor-element-ef5ec36 elementor-widget-divider--view-line elementor-widget elementor-widget-divider\" data-id=\"ef5ec36\" data-element_type=\"widget\" data-widget_type=\"divider.default\">\n\t\t\t\t<div class=\"elementor-widget-container\">\n\t\t\t\t\t\t\t<div class=\"elementor-divider\">\n\t\t\t<span class=\"elementor-divider-separator\">\n\t\t\t\t\t\t<\/span>\n\t\t<\/div>\n\t\t\t\t\t\t<\/div>\n\t\t\t\t<\/div>\n\t\t\t\t<section class=\"elementor-section elementor-inner-section elementor-element elementor-element-4932597 elementor-section-boxed elementor-section-height-default elementor-section-height-default\" data-id=\"4932597\" data-element_type=\"section\">\n\t\t\t\t\t\t<div class=\"elementor-container elementor-column-gap-default\">\n\t\t\t\t\t<div class=\"elementor-column elementor-col-66 elementor-inner-column elementor-element elementor-element-8ab733b\" data-id=\"8ab733b\" data-element_type=\"column\">\n\t\t\t<div class=\"elementor-widget-wrap elementor-element-populated\">\n\t\t\t\t\t\t<div class=\"elementor-element elementor-element-01e167f elementor-widget elementor-widget-text-editor\" data-id=\"01e167f\" data-element_type=\"widget\" data-widget_type=\"text-editor.default\">\n\t\t\t\t<div class=\"elementor-widget-container\">\n\t\t\t\t\t\t\t\t\t<h1>En b\u00e4ttre morgondag skapas idag!<\/h1>\t\t\t\t\t\t\t\t<\/div>\n\t\t\t\t<\/div>\n\t\t\t\t<div class=\"elementor-element elementor-element-9d53e9f elementor-widget elementor-widget-text-editor\" data-id=\"9d53e9f\" data-element_type=\"widget\" data-widget_type=\"text-editor.default\">\n\t\t\t\t<div class=\"elementor-widget-container\">\n\t\t\t\t\t\t\t\t\t<p>L\u00e4ra f\u00f6r Livet Stiftelsen f\u00f6rverkligar ett omfattande h\u00e4lsoundervisningsprogram riktat till barn och unga i \u00e5ldern 3\u201313 \u00e5r. Centrala omr\u00e5den \u00e4r h\u00e4lsosam livsstil och f\u00f6rebyggande rusmedelsarbete.<\/p><p>L\u00e4ra f\u00f6r Livet-undervisningsprogrammets m\u00e5l \u00e4r att fr\u00e4mja en h\u00e4lsosam livsstil hos barn och unga samt att f\u00f6rebygga rusmedelsmissbruk. Vi till\u00e4mpar positiv pedagogik f\u00f6r att st\u00f6dja och st\u00e4rka elevernas sj\u00e4lvk\u00e4nsla. Genom undervisningen uppmuntras barnet att g\u00f6ra goda val och att v\u00e4rna om sitt v\u00e4lbefinnande.<\/p><p>Undervisningen ordnas en g\u00e5ng per \u00e5r som \u00e5terkommande evenemang i l\u00e5gstadieskolors och daghems utrymmen. Som ledare fungerar stiftelsens egna l\u00e4rare.<\/p>\t\t\t\t\t\t\t\t<\/div>\n\t\t\t\t<\/div>\n\t\t\t\t<div class=\"elementor-element elementor-element-a317105 elementor-widget elementor-widget-text-editor\" data-id=\"a317105\" data-element_type=\"widget\" data-widget_type=\"text-editor.default\">\n\t\t\t\t<div class=\"elementor-widget-container\">\n\t\t\t\t\t\t\t\t\t<p>Vill du ha undervisning till din skola? Be oss ta kontakt\u00a0<a href=\"https:\/\/koulutuselamaan.fi\/sv\/opettajille\/kutsu-meidat-koulullesi\/\" target=\"_blank\" rel=\"noopener\">h\u00e4r<\/a>!<\/p><p>Undervisningskalendern kan du se\u00a0<span style=\"color: #256dc4;\"><a style=\"color: #256dc4;\" href=\"https:\/\/koulutuselamaan.fi\/sv\/saatio\/opetusaikataulu\/\" target=\"_blank\" rel=\"noopener\">h\u00e4r<\/a><\/span>.<\/p>\t\t\t\t\t\t\t\t<\/div>\n\t\t\t\t<\/div>\n\t\t\t\t<div class=\"elementor-element elementor-element-11f0230 elementor-widget elementor-widget-video\" data-id=\"11f0230\" data-element_type=\"widget\" data-settings=\"{&quot;youtube_url&quot;:&quot;https:\\\/\\\/youtu.be\\\/FEMo1b8uKu4&quot;,&quot;video_type&quot;:&quot;youtube&quot;,&quot;controls&quot;:&quot;yes&quot;}\" data-widget_type=\"video.default\">\n\t\t\t\t<div class=\"elementor-widget-container\">\n\t\t\t\t\t\t\t<div class=\"elementor-wrapper elementor-open-inline\">\n\t\t\t<div class=\"elementor-video\"><\/div>\t\t<\/div>\n\t\t\t\t\t\t<\/div>\n\t\t\t\t<\/div>\n\t\t\t\t\t<\/div>\n\t\t<\/div>\n\t\t\t\t<div class=\"elementor-column elementor-col-33 elementor-inner-column elementor-element elementor-element-80a2ab3\" data-id=\"80a2ab3\" data-element_type=\"column\" data-settings=\"{&quot;background_background&quot;:&quot;classic&quot;}\">\n\t\t\t<div class=\"elementor-widget-wrap elementor-element-populated\">\n\t\t\t\t\t\t<div class=\"elementor-element elementor-element-0e3747f elementor-widget elementor-widget-heading\" data-id=\"0e3747f\" data-element_type=\"widget\" data-widget_type=\"heading.default\">\n\t\t\t\t<div class=\"elementor-widget-container\">\n\t\t\t\t\t<h2 class=\"elementor-heading-title elementor-size-default\">Tietoa<\/h2>\t\t\t\t<\/div>\n\t\t\t\t<\/div>\n\t\t\t\t<div class=\"elementor-element elementor-element-b4761b5 elementor-nav-menu__align-start elementor-nav-menu--dropdown-tablet elementor-nav-menu__text-align-aside elementor-widget elementor-widget-nav-menu\" data-id=\"b4761b5\" data-element_type=\"widget\" data-settings=\"{&quot;layout&quot;:&quot;vertical&quot;,&quot;submenu_icon&quot;:{&quot;value&quot;:&quot;&lt;i class=\\&quot;fas fa-caret-down\\&quot;&gt;&lt;\\\/i&gt;&quot;,&quot;library&quot;:&quot;fa-solid&quot;}}\" data-widget_type=\"nav-menu.default\">\n\t\t\t\t<div class=\"elementor-widget-container\">\n\t\t\t\t\t\t\t\t<nav aria-label=\"Menu\" class=\"elementor-nav-menu--main elementor-nav-menu__container elementor-nav-menu--layout-vertical e--pointer-underline e--animation-fade\">\n\t\t\t\t<ul id=\"menu-1-b4761b5\" class=\"elementor-nav-menu sm-vertical\"><li class=\"menu-item menu-item-type-post_type menu-item-object-page menu-item-2404\"><a href=\"https:\/\/koulutuselamaan.fi\/sv\/opettajille\/\" class=\"elementor-item\">L\u00c4RARE<\/a><\/li>\n<li class=\"menu-item menu-item-type-post_type menu-item-object-page menu-item-2406\"><a href=\"https:\/\/koulutuselamaan.fi\/sv\/vanhemmille\/\" class=\"elementor-item\">V\u00e5rdnadshavare<\/a><\/li>\n<li class=\"menu-item menu-item-type-post_type menu-item-object-page menu-item-2405\"><a href=\"https:\/\/koulutuselamaan.fi\/sv\/lapsille-2\/\" class=\"elementor-item\">Barn<\/a><\/li>\n<li class=\"menu-item menu-item-type-post_type menu-item-object-page menu-item-2403\"><a href=\"https:\/\/koulutuselamaan.fi\/sv\/tue-toimintaamme\/\" class=\"elementor-item\">Underst\u00f6d v\u00e5r verksamhet<\/a><\/li>\n<\/ul>\t\t\t<\/nav>\n\t\t\t\t\t\t<nav class=\"elementor-nav-menu--dropdown elementor-nav-menu__container\" aria-hidden=\"true\">\n\t\t\t\t<ul id=\"menu-2-b4761b5\" class=\"elementor-nav-menu sm-vertical\"><li class=\"menu-item menu-item-type-post_type menu-item-object-page menu-item-2404\"><a href=\"https:\/\/koulutuselamaan.fi\/sv\/opettajille\/\" class=\"elementor-item\" tabindex=\"-1\">L\u00c4RARE<\/a><\/li>\n<li class=\"menu-item menu-item-type-post_type menu-item-object-page menu-item-2406\"><a href=\"https:\/\/koulutuselamaan.fi\/sv\/vanhemmille\/\" class=\"elementor-item\" tabindex=\"-1\">V\u00e5rdnadshavare<\/a><\/li>\n<li class=\"menu-item menu-item-type-post_type menu-item-object-page menu-item-2405\"><a href=\"https:\/\/koulutuselamaan.fi\/sv\/lapsille-2\/\" class=\"elementor-item\" tabindex=\"-1\">Barn<\/a><\/li>\n<li class=\"menu-item menu-item-type-post_type menu-item-object-page menu-item-2403\"><a href=\"https:\/\/koulutuselamaan.fi\/sv\/tue-toimintaamme\/\" class=\"elementor-item\" tabindex=\"-1\">Underst\u00f6d v\u00e5r verksamhet<\/a><\/li>\n<\/ul>\t\t\t<\/nav>\n\t\t\t\t\t\t<\/div>\n\t\t\t\t<\/div>\n\t\t\t\t<div class=\"elementor-element elementor-element-c739366 elementor-widget-divider--view-line elementor-widget elementor-widget-divider\" data-id=\"c739366\" data-element_type=\"widget\" data-widget_type=\"divider.default\">\n\t\t\t\t<div class=\"elementor-widget-container\">\n\t\t\t\t\t\t\t<div class=\"elementor-divider\">\n\t\t\t<span class=\"elementor-divider-separator\">\n\t\t\t\t\t\t<\/span>\n\t\t<\/div>\n\t\t\t\t\t\t<\/div>\n\t\t\t\t<\/div>\n\t\t\t\t<div class=\"elementor-element elementor-element-b3e7399 elementor-widget elementor-widget-heading\" data-id=\"b3e7399\" data-element_type=\"widget\" data-widget_type=\"heading.default\">\n\t\t\t\t<div class=\"elementor-widget-container\">\n\t\t\t\t\t<h2 class=\"elementor-heading-title elementor-size-default\">Materiaalia<\/h2>\t\t\t\t<\/div>\n\t\t\t\t<\/div>\n\t\t\t\t<div class=\"elementor-element elementor-element-1790ebf elementor-nav-menu__align-start elementor-nav-menu--dropdown-tablet elementor-nav-menu__text-align-aside elementor-widget elementor-widget-nav-menu\" data-id=\"1790ebf\" data-element_type=\"widget\" data-settings=\"{&quot;layout&quot;:&quot;vertical&quot;,&quot;submenu_icon&quot;:{&quot;value&quot;:&quot;&lt;i class=\\&quot;fas fa-caret-down\\&quot;&gt;&lt;\\\/i&gt;&quot;,&quot;library&quot;:&quot;fa-solid&quot;}}\" data-widget_type=\"nav-menu.default\">\n\t\t\t\t<div class=\"elementor-widget-container\">\n\t\t\t\t\t\t\t\t<nav aria-label=\"Menu\" class=\"elementor-nav-menu--main elementor-nav-menu__container elementor-nav-menu--layout-vertical e--pointer-underline e--animation-fade\">\n\t\t\t\t<ul id=\"menu-1-1790ebf\" class=\"elementor-nav-menu sm-vertical\"><li class=\"menu-item menu-item-type-post_type menu-item-object-page menu-item-2395\"><a href=\"https:\/\/koulutuselamaan.fi\/sv\/vanhemmille\/puhutaan-paihteista\/\" class=\"elementor-item\">Vi pratar om rusmedel-podcast<\/a><\/li>\n<li class=\"menu-item menu-item-type-post_type menu-item-object-page menu-item-2394\"><a href=\"https:\/\/koulutuselamaan.fi\/sv\/lapsille-2\/harold\/\" class=\"elementor-item\">Harolds spel och instruktioner<\/a><\/li>\n<\/ul>\t\t\t<\/nav>\n\t\t\t\t\t\t<nav class=\"elementor-nav-menu--dropdown elementor-nav-menu__container\" aria-hidden=\"true\">\n\t\t\t\t<ul id=\"menu-2-1790ebf\" class=\"elementor-nav-menu sm-vertical\"><li class=\"menu-item menu-item-type-post_type menu-item-object-page menu-item-2395\"><a href=\"https:\/\/koulutuselamaan.fi\/sv\/vanhemmille\/puhutaan-paihteista\/\" class=\"elementor-item\" tabindex=\"-1\">Vi pratar om rusmedel-podcast<\/a><\/li>\n<li class=\"menu-item menu-item-type-post_type menu-item-object-page menu-item-2394\"><a href=\"https:\/\/koulutuselamaan.fi\/sv\/lapsille-2\/harold\/\" class=\"elementor-item\" tabindex=\"-1\">Harolds spel och instruktioner<\/a><\/li>\n<\/ul>\t\t\t<\/nav>\n\t\t\t\t\t\t<\/div>\n\t\t\t\t<\/div>\n\t\t\t\t<div class=\"elementor-element elementor-element-b4d2c42 elementor-widget-divider--view-line elementor-widget elementor-widget-divider\" data-id=\"b4d2c42\" data-element_type=\"widget\" data-widget_type=\"divider.default\">\n\t\t\t\t<div class=\"elementor-widget-container\">\n\t\t\t\t\t\t\t<div class=\"elementor-divider\">\n\t\t\t<span class=\"elementor-divider-separator\">\n\t\t\t\t\t\t<\/span>\n\t\t<\/div>\n\t\t\t\t\t\t<\/div>\n\t\t\t\t<\/div>\n\t\t\t\t<div class=\"elementor-element elementor-element-6038bfa elementor-widget elementor-widget-heading\" data-id=\"6038bfa\" data-element_type=\"widget\" data-widget_type=\"heading.default\">\n\t\t\t\t<div class=\"elementor-widget-container\">\n\t\t\t\t\t<h2 class=\"elementor-heading-title elementor-size-default\">Aktuellt<\/h2>\t\t\t\t<\/div>\n\t\t\t\t<\/div>\n\t\t\t\t<div class=\"elementor-element elementor-element-c05c051 elementor-grid-1 elementor-grid-tablet-2 elementor-grid-mobile-1 elementor-posts--thumbnail-top elementor-widget elementor-widget-posts\" data-id=\"c05c051\" data-element_type=\"widget\" data-settings=\"{&quot;classic_columns&quot;:&quot;1&quot;,&quot;classic_columns_tablet&quot;:&quot;2&quot;,&quot;classic_columns_mobile&quot;:&quot;1&quot;,&quot;classic_row_gap&quot;:{&quot;unit&quot;:&quot;px&quot;,&quot;size&quot;:35,&quot;sizes&quot;:[]},&quot;classic_row_gap_tablet&quot;:{&quot;unit&quot;:&quot;px&quot;,&quot;size&quot;:&quot;&quot;,&quot;sizes&quot;:[]},&quot;classic_row_gap_mobile&quot;:{&quot;unit&quot;:&quot;px&quot;,&quot;size&quot;:&quot;&quot;,&quot;sizes&quot;:[]}}\" data-widget_type=\"posts.classic\">\n\t\t\t\t<div class=\"elementor-widget-container\">\n\t\t\t\t\t\t\t<div class=\"elementor-posts-container elementor-posts elementor-posts--skin-classic elementor-grid\">\n\t\t\t\t<article class=\"elementor-post elementor-grid-item post-6104 post type-post status-publish format-standard hentry category-yleinen no-featured-image\">\n\t\t\t\t<div class=\"elementor-post__text\">\n\t\t\t\t<h3 class=\"elementor-post__title\">\n\t\t\t<a href=\"https:\/\/koulutuselamaan.fi\/sv\/2025\/10\/09\/jenny-ja-antti-wihurin-rahasto-tukee-koulutus-elamaan-saation-toimintaa-vuonna-2026\/\" >\n\t\t\t\tJenny ja Antti Wihurin rahasto tukee Koulutus El\u00e4m\u00e4\u00e4n S\u00e4\u00e4ti\u00f6n toimintaa vuonna 2026\t\t\t<\/a>\n\t\t<\/h3>\n\t\t\t\t<div class=\"elementor-post__meta-data\">\n\t\t\t\t\t<span class=\"elementor-post-date\">\n\t\t\t9.10.2025\t\t<\/span>\n\t\t\t\t<\/div>\n\t\t\t\t<\/div>\n\t\t\t\t<\/article>\n\t\t\t\t<article class=\"elementor-post elementor-grid-item post-6071 post type-post status-publish format-standard has-post-thumbnail hentry category-yleinen tag-antirasismi tag-antirasistinen-kasvatus tag-antirasistinen-koulutus tag-eun-tuella tag-jarjestoyhteistyo tag-kouluyhteistyo tag-syrjinnan-ehkaisy-koulussa tag-yhdenvertaisuus tag-yhdenvertaisuus-peruskoulussa tag-yhdenvertaisuuskasvatus-4-7-luokille\">\n\t\t\t\t<a class=\"elementor-post__thumbnail__link\" href=\"https:\/\/koulutuselamaan.fi\/sv\/2025\/10\/02\/yhdessa-ilman-rasismia-osallistava-koulutuskokonaisuus-4-7-luokkalaisille\/\" tabindex=\"-1\" >\n\t\t\t<div class=\"elementor-post__thumbnail\"><img fetchpriority=\"high\" decoding=\"async\" width=\"300\" height=\"300\" src=\"https:\/\/koulutuselamaan.fi\/wp-content\/uploads\/2025\/09\/Yhdessa-ilman-rasismia-logot-sivussa-2024-300x300.png\" class=\"attachment-woocommerce_thumbnail size-woocommerce_thumbnail wp-image-6024\" alt=\"\" srcset=\"https:\/\/koulutuselamaan.fi\/wp-content\/uploads\/2025\/09\/Yhdessa-ilman-rasismia-logot-sivussa-2024-300x300.png 300w, https:\/\/koulutuselamaan.fi\/wp-content\/uploads\/2025\/09\/Yhdessa-ilman-rasismia-logot-sivussa-2024-150x150.png 150w, https:\/\/koulutuselamaan.fi\/wp-content\/uploads\/2025\/09\/Yhdessa-ilman-rasismia-logot-sivussa-2024-75x75.png 75w, https:\/\/koulutuselamaan.fi\/wp-content\/uploads\/2025\/09\/Yhdessa-ilman-rasismia-logot-sivussa-2024-100x100.png 100w\" sizes=\"(max-width: 300px) 100vw, 300px\" \/><\/div>\n\t\t<\/a>\n\t\t\t\t<div class=\"elementor-post__text\">\n\t\t\t\t<h3 class=\"elementor-post__title\">\n\t\t\t<a href=\"https:\/\/koulutuselamaan.fi\/sv\/2025\/10\/02\/yhdessa-ilman-rasismia-osallistava-koulutuskokonaisuus-4-7-luokkalaisille\/\" >\n\t\t\t\tYhdess\u00e4 ilman rasismia \u2013 Osallistava koulutuskokonaisuus 4.\u20137.luokkalaisille\t\t\t<\/a>\n\t\t<\/h3>\n\t\t\t\t<div class=\"elementor-post__meta-data\">\n\t\t\t\t\t<span class=\"elementor-post-date\">\n\t\t\t2.10.2025\t\t<\/span>\n\t\t\t\t<\/div>\n\t\t\t\t<\/div>\n\t\t\t\t<\/article>\n\t\t\t\t<article class=\"elementor-post elementor-grid-item post-5836 post type-post status-publish format-standard has-post-thumbnail hentry category-yleinen tag-antirasismi tag-koulutus-elamaan-saatio tag-kouluyhteistyo tag-yhdenvertaisuus\">\n\t\t\t\t<a class=\"elementor-post__thumbnail__link\" href=\"https:\/\/koulutuselamaan.fi\/sv\/2025\/04\/17\/kevaan-2025-kuulumisia-saatiossa\/\" tabindex=\"-1\" >\n\t\t\t<div class=\"elementor-post__thumbnail\"><img decoding=\"async\" width=\"300\" height=\"300\" src=\"https:\/\/koulutuselamaan.fi\/wp-content\/uploads\/2025\/04\/Image-1-300x300.jpeg\" class=\"attachment-woocommerce_thumbnail size-woocommerce_thumbnail wp-image-5856\" alt=\"\" srcset=\"https:\/\/koulutuselamaan.fi\/wp-content\/uploads\/2025\/04\/Image-1-300x300.jpeg 300w, https:\/\/koulutuselamaan.fi\/wp-content\/uploads\/2025\/04\/Image-1-150x150.jpeg 150w, https:\/\/koulutuselamaan.fi\/wp-content\/uploads\/2025\/04\/Image-1-768x768.jpeg 768w, https:\/\/koulutuselamaan.fi\/wp-content\/uploads\/2025\/04\/Image-1-12x12.jpeg 12w, https:\/\/koulutuselamaan.fi\/wp-content\/uploads\/2025\/04\/Image-1-75x75.jpeg 75w, https:\/\/koulutuselamaan.fi\/wp-content\/uploads\/2025\/04\/Image-1-600x600.jpeg 600w, https:\/\/koulutuselamaan.fi\/wp-content\/uploads\/2025\/04\/Image-1-100x100.jpeg 100w, https:\/\/koulutuselamaan.fi\/wp-content\/uploads\/2025\/04\/Image-1.jpeg 800w\" sizes=\"(max-width: 300px) 100vw, 300px\" \/><\/div>\n\t\t<\/a>\n\t\t\t\t<div class=\"elementor-post__text\">\n\t\t\t\t<h3 class=\"elementor-post__title\">\n\t\t\t<a href=\"https:\/\/koulutuselamaan.fi\/sv\/2025\/04\/17\/kevaan-2025-kuulumisia-saatiossa\/\" >\n\t\t\t\tKev\u00e4\u00e4n 2025 kuulumisia s\u00e4\u00e4ti\u00f6ss\u00e4\t\t\t<\/a>\n\t\t<\/h3>\n\t\t\t\t<div class=\"elementor-post__meta-data\">\n\t\t\t\t\t<span class=\"elementor-post-date\">\n\t\t\t17.4.2025\t\t<\/span>\n\t\t\t\t<\/div>\n\t\t\t\t<\/div>\n\t\t\t\t<\/article>\n\t\t\t\t<\/div>\n\t\t\n\t\t\t\t\t\t<\/div>\n\t\t\t\t<\/div>\n\t\t\t\t\t<\/div>\n\t\t<\/div>\n\t\t\t\t\t<\/div>\n\t\t<\/section>\n\t\t\t\t\t<\/div>\n\t\t<\/div>\n\t\t\t\t\t<\/div>\n\t\t<\/section>\n\t\t\t\t<\/div>","protected":false},"excerpt":{"rendered":"<p>Tuki tulevaisuuteenOpetuksen sis\u00e4lt\u00f6Pelaa Haroldin kanssa!PelaaPuhutaan p\u00e4ihteist\u00e4 -podcastKuunteleKoulutus 4.-7.luokkalaisilleLue lis\u00e4\u00e4 Previous slide Next slide Parempi huominen tehd\u00e4\u00e4n t\u00e4n\u00e4\u00e4n! Koulutus El\u00e4m\u00e4\u00e4n S\u00e4\u00e4ti\u00f6 toteuttaa 3-13 -vuotiaille lapsille ja<\/p>","protected":false},"author":1,"featured_media":0,"parent":0,"menu_order":0,"comment_status":"closed","ping_status":"closed","template":"elementor_header_footer","meta":{"footnotes":""},"tags":[],"class_list":["post-2","page","type-page","status-publish","hentry"],"jetpack_sharing_enabled":true,"_links":{"self":[{"href":"https:\/\/koulutuselamaan.fi\/sv\/wp-json\/wp\/v2\/pages\/2","targetHints":{"allow":["GET"]}}],"collection":[{"href":"https:\/\/koulutuselamaan.fi\/sv\/wp-json\/wp\/v2\/pages"}],"about":[{"href":"https:\/\/koulutuselamaan.fi\/sv\/wp-json\/wp\/v2\/types\/page"}],"author":[{"embeddable":true,"href":"https:\/\/koulutuselamaan.fi\/sv\/wp-json\/wp\/v2\/users\/1"}],"replies":[{"embeddable":true,"href":"https:\/\/koulutuselamaan.fi\/sv\/wp-json\/wp\/v2\/comments?post=2"}],"version-history":[{"count":238,"href":"https:\/\/koulutuselamaan.fi\/sv\/wp-json\/wp\/v2\/pages\/2\/revisions"}],"predecessor-version":[{"id":6260,"href":"https:\/\/koulutuselamaan.fi\/sv\/wp-json\/wp\/v2\/pages\/2\/revisions\/6260"}],"wp:attachment":[{"href":"https:\/\/koulutuselamaan.fi\/sv\/wp-json\/wp\/v2\/media?parent=2"}],"wp:term":[{"taxonomy":"post_tag","embeddable":true,"href":"https:\/\/koulutuselamaan.fi\/sv\/wp-json\/wp\/v2\/tags?post=2"}],"curies":[{"name":"wp","href":"https:\/\/api.w.org\/{rel}","templated":true}]}}