{"id":192,"date":"2019-10-07T14:29:58","date_gmt":"2019-10-07T11:29:58","guid":{"rendered":"http:\/\/wp.koulutuselamaan.fi\/?page_id=192"},"modified":"2023-08-07T09:09:13","modified_gmt":"2023-08-07T06:09:13","slug":"toiminnan-tavoitteet-ja-arvot","status":"publish","type":"page","link":"https:\/\/koulutuselamaan.fi\/sv\/saatio\/toiminnan-tavoitteet-ja-arvot\/","title":{"rendered":"Verksamhetens m\u00e5l och v\u00e4rderingar"},"content":{"rendered":"<div data-elementor-type=\"wp-page\" data-elementor-id=\"192\" class=\"elementor elementor-192\" data-elementor-post-type=\"page\">\n\t\t\t\t\t\t<section class=\"elementor-section elementor-top-section elementor-element elementor-element-1132990f elementor-section-boxed elementor-section-height-default elementor-section-height-default\" data-id=\"1132990f\" data-element_type=\"section\">\n\t\t\t\t\t\t<div class=\"elementor-container elementor-column-gap-default\">\n\t\t\t\t\t<div class=\"elementor-column elementor-col-100 elementor-top-column elementor-element elementor-element-5da950d0\" data-id=\"5da950d0\" data-element_type=\"column\">\n\t\t\t<div class=\"elementor-widget-wrap elementor-element-populated\">\n\t\t\t\t\t\t<div class=\"elementor-element elementor-element-31dd64a elementor-widget elementor-widget-text-editor\" data-id=\"31dd64a\" data-element_type=\"widget\" data-widget_type=\"text-editor.default\">\n\t\t\t\t<div class=\"elementor-widget-container\">\n\t\t\t\t\t\t\t\t\t<h1>Verksamhetens m\u00e5l och v\u00e4rderingar<\/h1>\t\t\t\t\t\t\t\t<\/div>\n\t\t\t\t<\/div>\n\t\t\t\t<section class=\"elementor-section elementor-inner-section elementor-element elementor-element-d12ff2b elementor-section-boxed elementor-section-height-default elementor-section-height-default\" data-id=\"d12ff2b\" data-element_type=\"section\">\n\t\t\t\t\t\t<div class=\"elementor-container elementor-column-gap-default\">\n\t\t\t\t\t<div class=\"elementor-column elementor-col-66 elementor-inner-column elementor-element elementor-element-4ad38e3\" data-id=\"4ad38e3\" data-element_type=\"column\">\n\t\t\t<div class=\"elementor-widget-wrap elementor-element-populated\">\n\t\t\t\t\t\t<div class=\"elementor-element elementor-element-c812acf elementor-widget elementor-widget-text-editor\" data-id=\"c812acf\" data-element_type=\"widget\" data-widget_type=\"text-editor.default\">\n\t\t\t\t<div class=\"elementor-widget-container\">\n\t\t\t\t\t\t\t\t\t<p>V\u00e5rt undervisningsprogram \u00e4r riktat till barn i \u00e5ldern 3-13 \u00e5r. Varje \u00e5ldersgrupp har ett specifikt, f\u00f6r \u00e5ldern anpassat pedagogiskt program. Lektionerna som framskrider \u00e5rligen bildar tillsammans en studiehelhet p\u00e5 nio \u00e5r. Undervisningen bedrivs av specialutbildade pedagoger i daghems och l\u00e5gstadieskolors egna utrymmen. Som l\u00e4rmilj\u00f6 fungerar L\u00e4ra f\u00f6r Livet-studion, som skiljer sig fr\u00e5n det vanliga klassrummet.\u00a0<\/p><p>L\u00e4ra f\u00f6r Livet-lektionerna ger barnet kunskap om kroppen och dess funktioner p\u00e5 ett intressant och l\u00e4ttf\u00f6rst\u00e5eligt s\u00e4tt. Barnet l\u00e4r sig ocks\u00e5 att baserat p\u00e5 denna kunskap g\u00f6ra goda val f\u00f6r sin h\u00e4lsas skull. M\u00e5let med rusmedelsfostran \u00e4r att f\u00f6rdr\u00f6ja experimentering med rusmedel till senare \u00e5lder. Det \u00e4r bra att prata om rusmedel redan innan h\u00f6gstadie\u00e5ldern eftersom experimenterande med rusmedel sker allt tidigare.<\/p><p>Samarbetet med v\u00e5rdnadshavare, daghem och skolor \u00e4r ocks\u00e5 en v\u00e4sentlig del av v\u00e5r verksamhet. Samarbetet med v\u00e5rdnadshavare \u00e4r speciellt viktigt eftersom i denna \u00e5ldersgrupp g\u00f6rs valen fortfarande n\u00e4stan helt genom hemmet och v\u00e5rdnadshavare. V\u00e5rt bredare samh\u00e4lleliga m\u00e5l \u00e4r att positivt p\u00e5verka finl\u00e4ndarnas v\u00e4lbefinnande. Bland de st\u00f6rsta hoten mot v\u00e5r folkh\u00e4lsa \u00e4r problemen som orsakas av rusmedel och \u00f6vervikt.<\/p>\t\t\t\t\t\t\t\t<\/div>\n\t\t\t\t<\/div>\n\t\t\t\t\t<\/div>\n\t\t<\/div>\n\t\t\t\t<div class=\"elementor-column elementor-col-33 elementor-inner-column elementor-element elementor-element-9faf1eb\" data-id=\"9faf1eb\" data-element_type=\"column\">\n\t\t\t<div class=\"elementor-widget-wrap elementor-element-populated\">\n\t\t\t\t\t\t<div class=\"elementor-element elementor-element-6835c66 elementor-widget elementor-widget-text-editor\" data-id=\"6835c66\" data-element_type=\"widget\" data-widget_type=\"text-editor.default\">\n\t\t\t\t<div class=\"elementor-widget-container\">\n\t\t\t\t\t\t\t\t\t<p>L\u00e4s ocks\u00e5:<\/p><p><a href=\"https:\/\/koulutuselamaan.fi\/sv\/kestavan-kehityksen-sitoumus-saatio\/\">Kest\u00e4v\u00e4n kehityksen sitoumus\u202f\u00a0<\/a><\/p><p><a href=\"https:\/\/koulutuselamaan.fi\/wp-content\/uploads\/2021\/06\/Toimintakertomus_2020_web_high.pdf\">Toimintakertomus 2020<\/a><\/p><p><a href=\"https:\/\/koulutuselamaan.fi\/wp-content\/uploads\/2023\/06\/Toimintakertomus_2021.pdf\">Toimintakertomus_2021<\/a><\/p><p><a href=\"https:\/\/koulutuselamaan.fi\/wp-content\/uploads\/2023\/08\/Toimintakertomus_2022.pdf\">Toimintakertomus_2022<\/a><\/p>\t\t\t\t\t\t\t\t<\/div>\n\t\t\t\t<\/div>\n\t\t\t\t\t<\/div>\n\t\t<\/div>\n\t\t\t\t\t<\/div>\n\t\t<\/section>\n\t\t\t\t\t<\/div>\n\t\t<\/div>\n\t\t\t\t\t<\/div>\n\t\t<\/section>\n\t\t\t\t<\/div>","protected":false},"excerpt":{"rendered":"<p>Toiminnan tavoitteet ja arvot Opetusohjelmamme on suunnattu 3-13 -vuotiaille lapsille. Kullekin ik\u00e4ryhm\u00e4lle on rakennettu oma, ik\u00e4\u00e4n perustuva pedagoginen l\u00e4hestymistapa. Vuosittain etenev\u00e4t oppitunnit muodostavat yhdess\u00e4 yhdeks\u00e4n vuotta kest\u00e4v\u00e4n opintokokonaisuuden. Opetus toteutetaan p\u00e4iv\u00e4kotien ja alakoulujen omissa tiloissa, erityiskoulutuksen saaneiden kasvatusalan ammattilaisten johdolla. Oppimisymp\u00e4rist\u00f6n\u00e4 toimii tavallisesta luokkatilasta poikkeava, koulun tiloihin pystytetty Koulutus El\u00e4m\u00e4\u00e4n -Studio.\u00a0 Koulutus El\u00e4m\u00e4\u00e4n -oppitunneilla lapsi &hellip; <a href=\"https:\/\/koulutuselamaan.fi\/sv\/saatio\/toiminnan-tavoitteet-ja-arvot\/\" class=\"more-link\">Forts\u00e4tt l\u00e4sa <span class=\"screen-reader-text\">Verksamhetens m\u00e5l och v\u00e4rderingar<\/span><\/a><\/p>","protected":false},"author":5,"featured_media":0,"parent":2,"menu_order":0,"comment_status":"closed","ping_status":"closed","template":"elementor_header_footer","meta":{"footnotes":""},"tags":[],"class_list":["post-192","page","type-page","status-publish","hentry","no-featured-image"],"jetpack_sharing_enabled":true,"_links":{"self":[{"href":"https:\/\/koulutuselamaan.fi\/sv\/wp-json\/wp\/v2\/pages\/192","targetHints":{"allow":["GET"]}}],"collection":[{"href":"https:\/\/koulutuselamaan.fi\/sv\/wp-json\/wp\/v2\/pages"}],"about":[{"href":"https:\/\/koulutuselamaan.fi\/sv\/wp-json\/wp\/v2\/types\/page"}],"author":[{"embeddable":true,"href":"https:\/\/koulutuselamaan.fi\/sv\/wp-json\/wp\/v2\/users\/5"}],"replies":[{"embeddable":true,"href":"https:\/\/koulutuselamaan.fi\/sv\/wp-json\/wp\/v2\/comments?post=192"}],"version-history":[{"count":26,"href":"https:\/\/koulutuselamaan.fi\/sv\/wp-json\/wp\/v2\/pages\/192\/revisions"}],"predecessor-version":[{"id":4945,"href":"https:\/\/koulutuselamaan.fi\/sv\/wp-json\/wp\/v2\/pages\/192\/revisions\/4945"}],"up":[{"embeddable":true,"href":"https:\/\/koulutuselamaan.fi\/sv\/wp-json\/wp\/v2\/pages\/2"}],"wp:attachment":[{"href":"https:\/\/koulutuselamaan.fi\/sv\/wp-json\/wp\/v2\/media?parent=192"}],"wp:term":[{"taxonomy":"post_tag","embeddable":true,"href":"https:\/\/koulutuselamaan.fi\/sv\/wp-json\/wp\/v2\/tags?post=192"}],"curies":[{"name":"wp","href":"https:\/\/api.w.org\/{rel}","templated":true}]}}