{"id":177,"date":"2019-10-07T12:37:37","date_gmt":"2019-10-07T09:37:37","guid":{"rendered":"http:\/\/wp.koulutuselamaan.fi\/?page_id=177"},"modified":"2021-07-02T13:02:41","modified_gmt":"2021-07-02T10:02:41","slug":"opetusohjelman-taustaa","status":"publish","type":"page","link":"https:\/\/koulutuselamaan.fi\/sv\/vanhemmille\/opetusohjelman-taustaa\/","title":{"rendered":"Undervisningsprogrammets bakgrund"},"content":{"rendered":"<div data-elementor-type=\"wp-page\" data-elementor-id=\"177\" class=\"elementor elementor-177\" data-elementor-post-type=\"page\">\n\t\t\t\t\t\t<section class=\"elementor-section elementor-top-section elementor-element elementor-element-1b4e685e elementor-section-boxed elementor-section-height-default elementor-section-height-default\" data-id=\"1b4e685e\" data-element_type=\"section\">\n\t\t\t\t\t\t<div class=\"elementor-container elementor-column-gap-default\">\n\t\t\t\t\t<div class=\"elementor-column elementor-col-100 elementor-top-column elementor-element elementor-element-5ec1e7d8\" data-id=\"5ec1e7d8\" data-element_type=\"column\">\n\t\t\t<div class=\"elementor-widget-wrap elementor-element-populated\">\n\t\t\t\t\t\t<div class=\"elementor-element elementor-element-2cbad8ef elementor-widget elementor-widget-text-editor\" data-id=\"2cbad8ef\" data-element_type=\"widget\" data-widget_type=\"text-editor.default\">\n\t\t\t\t<div class=\"elementor-widget-container\">\n\t\t\t\t\t\t\t\t\t<p><\/p>\n<p><strong>L\u00e4ra f\u00f6r Livet Stiftelsens undervisningsprogram \u00e4r internationellt, men utformat f\u00f6r att st\u00f6dja och komplettera den finl\u00e4ndska skolutbildningen.<\/strong><\/p>\n<p><\/p>\n<p><\/p>\n<p>Life Education-undervisningsprogrammet \u00e4r verksamt i 14 olika l\u00e4nder och engagerar ca 4 miljoner barn \u00e5rligen. R\u00f6relsens grundare i Finland var den nu bortg\u00e5ngne professor Niilo Hallman. Programmet genomf\u00f6rs i Finland sedan \u00e5r 2001. Undervisningen n\u00e5r \u00e5rligen ca 24 000 finl\u00e4ndska barn i 120 l\u00e5gstadier och daghem p\u00e5 20 orter.<\/p>\n<p><\/p>\n<p><\/p>\n<h2 class=\"wp-block-heading\">Programmets internationella historia<\/h2>\n<p><\/p>\n<p><\/p>\n<p>Life Education-undervisningsprogrammet utvecklades p\u00e5 1960-talet i Australien och f\u00f6rdes vidare till England p\u00e5 1970-talet med st\u00f6d av prins Charles och andra aktiva. Idag f\u00f6rverkligas Life Education-programmet i England av stiftelsen Coram, som grundades \u00e5r 1739. Verksamheten bedrivs p\u00e5 ett flertal orter runt om i landet och \u00e5rligen deltar kring 800 000 engelska barn i undervisningen. I England har bl.a. Barclays Bank, rotaryr\u00f6relsen och Inner Wheel i flera \u00e5r varit n\u00e5gra av programmets h\u00e4ngivna drivkrafter.<\/p>\n<p><\/p>\n<p><\/p>\n<h2 class=\"wp-block-heading\">Behov av h\u00e4lsoundervisningsprogrammet i Finland<\/h2>\n<p><\/p>\n<p><\/p>\n<p>St\u00f6rsta delen av de finl\u00e4ndska barnen m\u00e5r bra och \u00e4r friska. Tyv\u00e4rr har \u00e4nd\u00e5 var tionde barn i skol\u00e5ldern en medicinskt diagnostiserad skada eller sjukdom som kr\u00e4ver behandling. Under de senaste decennierna har spektrumet av sjukdomar hos barn f\u00f6r\u00e4ndrats. I synnerhet \u00f6vervikt, astma, allergier och depression har \u00f6kat avsev\u00e4rt. I och med \u00f6vervikt har typ 2-diabetes blivit allm\u00e4nnare \u00e4ven bland barn. F\u00f6rebyggande och systematisk h\u00e4lso- och rusmedelsfostran beh\u00f6vs i allt h\u00f6gre grad i Finland. En sund livsstil anammas redan i tidig \u00e5lder.<\/p>\n<p><\/p>\t\t\t\t\t\t\t\t<\/div>\n\t\t\t\t<\/div>\n\t\t\t\t\t<\/div>\n\t\t<\/div>\n\t\t\t\t\t<\/div>\n\t\t<\/section>\n\t\t\t\t<\/div>","protected":false},"excerpt":{"rendered":"<p>Koulutus El\u00e4m\u00e4\u00e4n S\u00e4\u00e4ti\u00f6n opetusohjelma on kansainv\u00e4linen, mutta suunniteltu tukemaan ja t\u00e4ydent\u00e4m\u00e4\u00e4n suomalaista kouluopetusta. Life Education -opetusohjelma toimii 14 eri maassa ja sen k\u00e4y l\u00e4pi noin 4 miljoonaa lasta vuosittain.&nbsp; Suomessa liikkeen is\u00e4n\u00e4 toimi edesmennyt professori Niilo Hallman. Ohjelmaa alettiin toteuttaa Suomessa vuonna 2001. Vuosittain&nbsp;opetusta saa noin 24 000 suomalaista lasta 120 alakoulussa ja p\u00e4iv\u00e4kodissa 20 &hellip; <a href=\"https:\/\/koulutuselamaan.fi\/sv\/vanhemmille\/opetusohjelman-taustaa\/\" class=\"more-link\">Forts\u00e4tt l\u00e4sa <span class=\"screen-reader-text\">Undervisningsprogrammets bakgrund<\/span><\/a><\/p>","protected":false},"author":5,"featured_media":0,"parent":26,"menu_order":0,"comment_status":"closed","ping_status":"closed","template":"","meta":{"footnotes":""},"tags":[],"class_list":["post-177","page","type-page","status-publish","hentry","no-featured-image"],"jetpack_sharing_enabled":true,"_links":{"self":[{"href":"https:\/\/koulutuselamaan.fi\/sv\/wp-json\/wp\/v2\/pages\/177","targetHints":{"allow":["GET"]}}],"collection":[{"href":"https:\/\/koulutuselamaan.fi\/sv\/wp-json\/wp\/v2\/pages"}],"about":[{"href":"https:\/\/koulutuselamaan.fi\/sv\/wp-json\/wp\/v2\/types\/page"}],"author":[{"embeddable":true,"href":"https:\/\/koulutuselamaan.fi\/sv\/wp-json\/wp\/v2\/users\/5"}],"replies":[{"embeddable":true,"href":"https:\/\/koulutuselamaan.fi\/sv\/wp-json\/wp\/v2\/comments?post=177"}],"version-history":[{"count":4,"href":"https:\/\/koulutuselamaan.fi\/sv\/wp-json\/wp\/v2\/pages\/177\/revisions"}],"predecessor-version":[{"id":3762,"href":"https:\/\/koulutuselamaan.fi\/sv\/wp-json\/wp\/v2\/pages\/177\/revisions\/3762"}],"up":[{"embeddable":true,"href":"https:\/\/koulutuselamaan.fi\/sv\/wp-json\/wp\/v2\/pages\/26"}],"wp:attachment":[{"href":"https:\/\/koulutuselamaan.fi\/sv\/wp-json\/wp\/v2\/media?parent=177"}],"wp:term":[{"taxonomy":"post_tag","embeddable":true,"href":"https:\/\/koulutuselamaan.fi\/sv\/wp-json\/wp\/v2\/tags?post=177"}],"curies":[{"name":"wp","href":"https:\/\/api.w.org\/{rel}","templated":true}]}}