{"id":158,"date":"2019-10-04T12:37:20","date_gmt":"2019-10-04T09:37:20","guid":{"rendered":"http:\/\/wp.koulutuselamaan.fi\/?page_id=158"},"modified":"2021-07-02T12:59:20","modified_gmt":"2021-07-02T09:59:20","slug":"opetusohjelman-tausta","status":"publish","type":"page","link":"https:\/\/koulutuselamaan.fi\/sv\/opettajille\/opetusohjelman-tausta\/","title":{"rendered":"Undervisningsprogrammets bakgrund"},"content":{"rendered":"<div data-elementor-type=\"wp-page\" data-elementor-id=\"158\" class=\"elementor elementor-158\" data-elementor-post-type=\"page\">\n\t\t\t\t\t\t<section class=\"elementor-section elementor-top-section elementor-element elementor-element-253417b3 elementor-section-boxed elementor-section-height-default elementor-section-height-default\" data-id=\"253417b3\" data-element_type=\"section\">\n\t\t\t\t\t\t<div class=\"elementor-container elementor-column-gap-default\">\n\t\t\t\t\t<div class=\"elementor-column elementor-col-100 elementor-top-column elementor-element elementor-element-74301753\" data-id=\"74301753\" data-element_type=\"column\">\n\t\t\t<div class=\"elementor-widget-wrap elementor-element-populated\">\n\t\t\t\t\t\t<div class=\"elementor-element elementor-element-4c1cbdb4 elementor-widget elementor-widget-text-editor\" data-id=\"4c1cbdb4\" data-element_type=\"widget\" data-widget_type=\"text-editor.default\">\n\t\t\t\t<div class=\"elementor-widget-container\">\n\t\t\t\t\t\t\t\t\t<p><\/p>\n<p><strong><br>L\u00e4ra f\u00f6r Livet Stiftelsens undervisningsprogram \u00e4r internationellt, men utformat f\u00f6r att st\u00f6dja och komplettera den finl\u00e4ndska skolutbildningen.<\/strong><\/p>\n<p><\/p>\n<p><\/p>\n<p>Life Education-undervisningsprogrammet utvecklades p\u00e5 1960-talet i Australien och f\u00f6rdes vidare till England p\u00e5 1970-talet med st\u00f6d av prins Charles och andra aktiva. Idag f\u00f6rverkligas Life Education-programmet i England av <a href=\"https:\/\/www.coram.org.uk\/\">stiftelsen Coram<\/a>, som grundades \u00e5r 1739. Verksamheten bedrivs p\u00e5 ett flertal orter runt om i landet och \u00e5rligen deltar kring 800 000 engelska barn i undervisningen. I England har bl.a. Barclays Bank, rotaryr\u00f6relsen och Inner Wheel i flera \u00e5r varit n\u00e5gra av programmets h\u00e4ngivna drivkrafter. \n\nLife Education-undervisningsprogrammet \u00e4r verksamt i 14 olika l\u00e4nder och engagerar ca 4 miljoner barn \u00e5rligen. R\u00f6relsens grundare i Finland \u00e4r den nu bortg\u00e5ngne professor Niilo Hallman. Programmet genomf\u00f6rs i Finland sedan \u00e5r 2001. Undervisningen n\u00e5r \u00e5rligen ca 24 000 finl\u00e4ndska barn i 120 l\u00e5gstadier och daghem p\u00e5 20 orter.<\/p>\n<p><\/p>\n<p><\/p>\n<h2 class=\"wp-block-heading\">Behov av h\u00e4lsoundervisningsprogrammet i Finland<\/h2>\n<p><\/p>\n<p><\/p>\n<p>St\u00f6rsta delen av de finl\u00e4ndska barnen m\u00e5r bra och \u00e4r friska. Tyv\u00e4rr har \u00e4nd\u00e5 var tionde barn i skol\u00e5ldern en medicinskt diagnostiserad skada eller sjukdom som kr\u00e4ver behandling. Under de senaste decennierna har spektrumet av sjukdomar hos barn f\u00f6r\u00e4ndrats. I synnerhet \u00f6vervikt, astma, allergier och depression har \u00f6kat avsev\u00e4rt. I och med \u00f6vervikt har typ 2-diabetes blivit allm\u00e4nnare \u00e4ven bland barn. F\u00f6rebyggande och systematisk h\u00e4lso- och rusmedelsfostran beh\u00f6vs i allt h\u00f6gre grad i Finland. En sund livsstil anammas redan i tidig \u00e5lder.<\/p>\n<p><\/p>\n<p><\/p>\n<p><\/p>\n<p><\/p>\n<p><\/p>\n<p><\/p>\n<p><\/p>\n<p><\/p>\n<p><\/p>\t\t\t\t\t\t\t\t<\/div>\n\t\t\t\t<\/div>\n\t\t\t\t\t<\/div>\n\t\t<\/div>\n\t\t\t\t\t<\/div>\n\t\t<\/section>\n\t\t\t\t<\/div>","protected":false},"excerpt":{"rendered":"<p>Koulutus El\u00e4m\u00e4\u00e4n S\u00e4\u00e4ti\u00f6n opetusohjelma on kansainv\u00e4linen, mutta suunniteltu tukemaan ja t\u00e4ydent\u00e4m\u00e4\u00e4n suomalaista kouluopetusta. Life Education -opetusohjelma kehitettiin 1960-luvulla Australiassa. Englantiin ohjelma tuotiin Australiasta 1970-luvulla mm. prinssi Charlesin tukemana. T\u00e4n\u00e4 p\u00e4iv\u00e4n\u00e4 Life Education -ohjelmaa toteuttaa Englannissa vuonna 1739 perustettu Coram-s\u00e4\u00e4ti\u00f6. Toiminnan keskuksia on useilla paikkakunnilla eri puolilla maata, ja k\u00e4yt\u00f6ss\u00e4 on t\u00e4ll\u00e4 hetkell\u00e4 noin 100 opetusvaunua. &hellip; <a href=\"https:\/\/koulutuselamaan.fi\/sv\/opettajille\/opetusohjelman-tausta\/\" class=\"more-link\">Forts\u00e4tt l\u00e4sa <span class=\"screen-reader-text\">Undervisningsprogrammets bakgrund<\/span><\/a><\/p>","protected":false},"author":5,"featured_media":402,"parent":24,"menu_order":0,"comment_status":"closed","ping_status":"closed","template":"","meta":{"footnotes":""},"tags":[],"class_list":["post-158","page","type-page","status-publish","has-post-thumbnail","hentry"],"jetpack_sharing_enabled":true,"_links":{"self":[{"href":"https:\/\/koulutuselamaan.fi\/sv\/wp-json\/wp\/v2\/pages\/158","targetHints":{"allow":["GET"]}}],"collection":[{"href":"https:\/\/koulutuselamaan.fi\/sv\/wp-json\/wp\/v2\/pages"}],"about":[{"href":"https:\/\/koulutuselamaan.fi\/sv\/wp-json\/wp\/v2\/types\/page"}],"author":[{"embeddable":true,"href":"https:\/\/koulutuselamaan.fi\/sv\/wp-json\/wp\/v2\/users\/5"}],"replies":[{"embeddable":true,"href":"https:\/\/koulutuselamaan.fi\/sv\/wp-json\/wp\/v2\/comments?post=158"}],"version-history":[{"count":7,"href":"https:\/\/koulutuselamaan.fi\/sv\/wp-json\/wp\/v2\/pages\/158\/revisions"}],"predecessor-version":[{"id":3759,"href":"https:\/\/koulutuselamaan.fi\/sv\/wp-json\/wp\/v2\/pages\/158\/revisions\/3759"}],"up":[{"embeddable":true,"href":"https:\/\/koulutuselamaan.fi\/sv\/wp-json\/wp\/v2\/pages\/24"}],"wp:featuredmedia":[{"embeddable":true,"href":"https:\/\/koulutuselamaan.fi\/sv\/wp-json\/wp\/v2\/media\/402"}],"wp:attachment":[{"href":"https:\/\/koulutuselamaan.fi\/sv\/wp-json\/wp\/v2\/media?parent=158"}],"wp:term":[{"taxonomy":"post_tag","embeddable":true,"href":"https:\/\/koulutuselamaan.fi\/sv\/wp-json\/wp\/v2\/tags?post=158"}],"curies":[{"name":"wp","href":"https:\/\/api.w.org\/{rel}","templated":true}]}}