{"id":155,"date":"2019-10-04T12:35:44","date_gmt":"2019-10-04T09:35:44","guid":{"rendered":"http:\/\/wp.koulutuselamaan.fi\/?page_id=155"},"modified":"2025-03-04T15:50:36","modified_gmt":"2025-03-04T13:50:36","slug":"opettajat","status":"publish","type":"page","link":"https:\/\/koulutuselamaan.fi\/sv\/opettajille\/opettajat\/","title":{"rendered":"L\u00e4rare och inl\u00e4rningsmilj\u00f6"},"content":{"rendered":"<div data-elementor-type=\"wp-page\" data-elementor-id=\"155\" class=\"elementor elementor-155\" data-elementor-post-type=\"page\">\n\t\t\t\t\t\t<section class=\"elementor-section elementor-top-section elementor-element elementor-element-7a180643 elementor-section-boxed elementor-section-height-default elementor-section-height-default\" data-id=\"7a180643\" data-element_type=\"section\">\n\t\t\t\t\t\t<div class=\"elementor-container elementor-column-gap-default\">\n\t\t\t\t\t<div class=\"elementor-column elementor-col-100 elementor-top-column elementor-element elementor-element-64fab7f8\" data-id=\"64fab7f8\" data-element_type=\"column\">\n\t\t\t<div class=\"elementor-widget-wrap elementor-element-populated\">\n\t\t\t\t\t\t<div class=\"elementor-element elementor-element-22e409a elementor-widget elementor-widget-text-editor\" data-id=\"22e409a\" data-element_type=\"widget\" data-widget_type=\"text-editor.default\">\n\t\t\t\t<div class=\"elementor-widget-container\">\n\t\t\t\t\t\t\t\t\t<p><\/p>\n<h2 class=\"wp-block-heading\">V\u00e5ra l\u00e4rare<\/h2>\n<p><\/p>\n<p><\/p>\n<p>Inom L\u00e4ra f\u00f6r Livet Stiftelsen tj\u00e4nstg\u00f6r tre heltidsanst\u00e4llda l\u00e4rare som genomf\u00f6r undervisningsprogrammet i daghem och l\u00e5gstadieskolor. L\u00e4rarna \u00e4r professionella pedagoger och har f\u00e5tt s\u00e4rskild utbildning f\u00f6r att genomf\u00f6ra programmet. I undervisningen anv\u00e4nds metoden positiv pedagogik.\u00a0<\/p>\n<p><\/p>\n<p><\/p>\n<h2 class=\"wp-block-heading\">Inl\u00e4rningsmilj\u00f6<\/h2>\n<p><\/p>\n<p><\/p>\n<p>Undervisningen sker i L\u00e4ra f\u00f6r Livet-studion, som s\u00e4tts upp i daghemmet eller skolan. \u00a0<\/p>\n<p>I undervisningen anv\u00e4nder vi digital, modern teknik p\u00e5 ett m\u00e5ngsidigt s\u00e4tt. Vi anv\u00e4nder iPads p\u00e5 lektionerna. Under lektionerna kan eleverna till exempel med hj\u00e4lp av f\u00f6rst\u00e4rkt verklighet (AR) bekanta sig med rummet hos v\u00e5r maskotgiraff, Harold, eller med hj\u00e4lp av Couriscope T-tr\u00f6jan och appen ta en titt p\u00e5 hur kroppen fungerar.\u00a0<\/p>\n<p>Genom att skapa en uppmuntrande, inspirerande och engagerande inl\u00e4rningssituation kan vi st\u00f6dja elevernas motivation, sj\u00e4lvk\u00e4nsla och vilja att ta hand om sig sj\u00e4lv och sin kropp, samt p\u00e5verka attityder om rusmedel. En negativ attityd till rusmedel p\u00e5verkar i sin tur ungas tidiga experimentering med och anv\u00e4ndande av rusmedel.\u00a0<\/p>\n<p>En b\u00e4ttre morgondag skapas idag.<\/p>\n<p><\/p>\t\t\t\t\t\t\t\t<\/div>\n\t\t\t\t<\/div>\n\t\t\t\t\t<\/div>\n\t\t<\/div>\n\t\t\t\t\t<\/div>\n\t\t<\/section>\n\t\t\t\t<\/div>","protected":false},"excerpt":{"rendered":"<p>Opettajamme Koulutus El\u00e4m\u00e4\u00e4n S\u00e4\u00e4ti\u00f6ss\u00e4 toimii kolme kokop\u00e4iv\u00e4ist\u00e4 opettajaa, jotka toteuttavat Koulutus El\u00e4m\u00e4\u00e4n -opetusohjelmaa alakouluissa ja p\u00e4iv\u00e4kodeissa. Kaikki opettajat ovat saaneet erityiskoulutuksen opetusohjelman toteuttamiseen. S\u00e4\u00e4ti\u00f6n opettajat opetus- ja kasvatusalanammattilaisia ja alansa asiantuntijoita. Opetuksesamme hy\u00f6dynnet\u00e4\u00e4n positiivisen pedagogiikan menetelmi\u00e4 ja opetus aina on kannustavaa ja lapsen itsetuntoa vahvistavaa.\u00a0 Oppimisymp\u00e4rist\u00f6 Opetus toteutetaan koulun tai p\u00e4iv\u00e4kodin sis\u00e4tiloihin sijoitetussa Studiossa, jossa &hellip; <a href=\"https:\/\/koulutuselamaan.fi\/sv\/opettajille\/opettajat\/\" class=\"more-link\">Forts\u00e4tt l\u00e4sa <span class=\"screen-reader-text\">L\u00e4rare och inl\u00e4rningsmilj\u00f6<\/span><\/a><\/p>","protected":false},"author":5,"featured_media":5795,"parent":24,"menu_order":0,"comment_status":"closed","ping_status":"closed","template":"","meta":{"footnotes":""},"tags":[],"class_list":["post-155","page","type-page","status-publish","has-post-thumbnail","hentry"],"jetpack_sharing_enabled":true,"_links":{"self":[{"href":"https:\/\/koulutuselamaan.fi\/sv\/wp-json\/wp\/v2\/pages\/155","targetHints":{"allow":["GET"]}}],"collection":[{"href":"https:\/\/koulutuselamaan.fi\/sv\/wp-json\/wp\/v2\/pages"}],"about":[{"href":"https:\/\/koulutuselamaan.fi\/sv\/wp-json\/wp\/v2\/types\/page"}],"author":[{"embeddable":true,"href":"https:\/\/koulutuselamaan.fi\/sv\/wp-json\/wp\/v2\/users\/5"}],"replies":[{"embeddable":true,"href":"https:\/\/koulutuselamaan.fi\/sv\/wp-json\/wp\/v2\/comments?post=155"}],"version-history":[{"count":16,"href":"https:\/\/koulutuselamaan.fi\/sv\/wp-json\/wp\/v2\/pages\/155\/revisions"}],"predecessor-version":[{"id":4721,"href":"https:\/\/koulutuselamaan.fi\/sv\/wp-json\/wp\/v2\/pages\/155\/revisions\/4721"}],"up":[{"embeddable":true,"href":"https:\/\/koulutuselamaan.fi\/sv\/wp-json\/wp\/v2\/pages\/24"}],"wp:featuredmedia":[{"embeddable":true,"href":"https:\/\/koulutuselamaan.fi\/sv\/wp-json\/wp\/v2\/media\/5795"}],"wp:attachment":[{"href":"https:\/\/koulutuselamaan.fi\/sv\/wp-json\/wp\/v2\/media?parent=155"}],"wp:term":[{"taxonomy":"post_tag","embeddable":true,"href":"https:\/\/koulutuselamaan.fi\/sv\/wp-json\/wp\/v2\/tags?post=155"}],"curies":[{"name":"wp","href":"https:\/\/api.w.org\/{rel}","templated":true}]}}