{"id":121,"date":"2019-10-01T15:24:09","date_gmt":"2019-10-01T12:24:09","guid":{"rendered":"http:\/\/wp.koulutuselamaan.fi\/?page_id=121"},"modified":"2022-06-09T12:07:58","modified_gmt":"2022-06-09T09:07:58","slug":"4-lk-ystavat-n-90min","status":"publish","type":"page","link":"https:\/\/koulutuselamaan.fi\/sv\/opettajille\/opetuksen-sisalto\/4-lk-ystavat-n-90min\/","title":{"rendered":"4.lk: Yst\u00e4v\u00e4t (n.90min) Ei k\u00e4yt\u00f6ss\u00e4"},"content":{"rendered":"<div data-elementor-type=\"wp-page\" data-elementor-id=\"121\" class=\"elementor elementor-121\" data-elementor-post-type=\"page\">\n\t\t\t\t\t\t<section class=\"elementor-section elementor-top-section elementor-element elementor-element-27f84546 elementor-section-boxed elementor-section-height-default elementor-section-height-default\" data-id=\"27f84546\" data-element_type=\"section\">\n\t\t\t\t\t\t<div class=\"elementor-container elementor-column-gap-default\">\n\t\t\t\t\t<div class=\"elementor-column elementor-col-100 elementor-top-column elementor-element elementor-element-60b5fb5c\" data-id=\"60b5fb5c\" data-element_type=\"column\">\n\t\t\t<div class=\"elementor-widget-wrap elementor-element-populated\">\n\t\t\t\t\t\t<div class=\"elementor-element elementor-element-20a1b050 elementor-widget elementor-widget-text-editor\" data-id=\"20a1b050\" data-element_type=\"widget\" data-widget_type=\"text-editor.default\">\n\t\t\t\t<div class=\"elementor-widget-container\">\n\t\t\t\t\t\t\t\t\t<p><\/p>\n<h3 class=\"wp-block-heading\">Inneh\u00e5ll:<\/h3>\n<p><\/p>\n<p><\/p>\n<ul class=\"wp-block-list\">\n<li>Harolds rum med hj\u00e4lp av AR<\/li><li>K\u00e4sitell\u00e4\u00e4n yst\u00e4vyytt\u00e4 ja sosiaalisia tilanteita (kuten ryhm\u00e4painetta) sek\u00e4 sosiaalisia taitoja.<\/li><li>V\u00e4lbefinnande-cirkeln (m\u00e4nniskans behov)<\/li>\n<li>Harold-spelet<\/li>\n<li>P\u00e4ihdekeskustelu tilannekuvien avulla (tupakka, alkoholi, nuuska, s\u00e4hk\u00f6tupakka)<\/li>\n<li>Harold-spelet<\/li>\n<\/ul>\n<p><\/p>\n<p><\/p>\n<h3 class=\"wp-block-heading\">M\u00e5l:&nbsp;<\/h3>\n<p><\/p>\n<p><\/p>\n<ul class=\"wp-block-list\">\n<li>Barnet f\u00f6rst\u00e5r att v\u00e4nner kan inverka p\u00e5 de egna besluten (grupptryck)&nbsp;<\/li><li>Barnet k\u00e4nner till rusmedel p\u00e5 ett s\u00e4tt som \u00e4r l\u00e4mpligt f\u00f6r \u00e5ldersniv\u00e5n och f\u00f6rst\u00e5r att rusmedel f\u00f6r\u00e4ndrar kroppens normala funktion<\/li><li>Barnet l\u00e4r sig k\u00e4nna igen riskfyllda situationer betr\u00e4ffande rusmedel<\/li><li>Lapsi osaa nimet\u00e4 asioita, jotka lis\u00e4\u00e4v\u00e4t hyvinvointia tai aiheuttavat pahoinvointia.<\/li>\n<\/ul>\n<p><\/p>\t\t\t\t\t\t\t\t<\/div>\n\t\t\t\t<\/div>\n\t\t\t\t\t<\/div>\n\t\t<\/div>\n\t\t\t\t\t<\/div>\n\t\t<\/section>\n\t\t\t\t<\/div>","protected":false},"excerpt":{"rendered":"<p>Ohjelman sis\u00e4lt\u00f6: Haroldin huone lis\u00e4tyn todellisuuden keinoin K\u00e4sitell\u00e4\u00e4n yst\u00e4vyytt\u00e4 ja sosiaalisia tilanteita (kuten ryhm\u00e4painetta) sek\u00e4 sosiaalisia taitoja. Hyvinvoinnin ympyr\u00e4 (ihmisen tarpeet) Harold-peli P\u00e4ihdekeskustelu tilannekuvien avulla (tupakka, alkoholi, nuuska, s\u00e4hk\u00f6tupakka) Digitaalinen Harold-peli p\u00e4ihde- ja hyvinvointiaiheista Tavoitteet:&nbsp; Lapsi ymm\u00e4rt\u00e4\u00e4, ett\u00e4 yst\u00e4vill\u00e4 voi olla vaikutusta omiin valintoihin (ryhm\u00e4paine)&nbsp; Lapsi saa tietoa p\u00e4ihteist\u00e4 ik\u00e4\u00e4n sopivalla tavalla ja ymm\u00e4rt\u00e4\u00e4, ett\u00e4 &hellip; <a href=\"https:\/\/koulutuselamaan.fi\/sv\/opettajille\/opetuksen-sisalto\/4-lk-ystavat-n-90min\/\" class=\"more-link\">Forts\u00e4tt l\u00e4sa <span class=\"screen-reader-text\">4.lk: Yst\u00e4v\u00e4t (n.90min) Ei k\u00e4yt\u00f6ss\u00e4<\/span><\/a><\/p>","protected":false},"author":5,"featured_media":0,"parent":77,"menu_order":7,"comment_status":"closed","ping_status":"closed","template":"","meta":{"footnotes":""},"tags":[],"class_list":["post-121","page","type-page","status-publish","hentry","no-featured-image"],"jetpack_sharing_enabled":true,"_links":{"self":[{"href":"https:\/\/koulutuselamaan.fi\/sv\/wp-json\/wp\/v2\/pages\/121","targetHints":{"allow":["GET"]}}],"collection":[{"href":"https:\/\/koulutuselamaan.fi\/sv\/wp-json\/wp\/v2\/pages"}],"about":[{"href":"https:\/\/koulutuselamaan.fi\/sv\/wp-json\/wp\/v2\/types\/page"}],"author":[{"embeddable":true,"href":"https:\/\/koulutuselamaan.fi\/sv\/wp-json\/wp\/v2\/users\/5"}],"replies":[{"embeddable":true,"href":"https:\/\/koulutuselamaan.fi\/sv\/wp-json\/wp\/v2\/comments?post=121"}],"version-history":[{"count":11,"href":"https:\/\/koulutuselamaan.fi\/sv\/wp-json\/wp\/v2\/pages\/121\/revisions"}],"predecessor-version":[{"id":4479,"href":"https:\/\/koulutuselamaan.fi\/sv\/wp-json\/wp\/v2\/pages\/121\/revisions\/4479"}],"up":[{"embeddable":true,"href":"https:\/\/koulutuselamaan.fi\/sv\/wp-json\/wp\/v2\/pages\/77"}],"wp:attachment":[{"href":"https:\/\/koulutuselamaan.fi\/sv\/wp-json\/wp\/v2\/media?parent=121"}],"wp:term":[{"taxonomy":"post_tag","embeddable":true,"href":"https:\/\/koulutuselamaan.fi\/sv\/wp-json\/wp\/v2\/tags?post=121"}],"curies":[{"name":"wp","href":"https:\/\/api.w.org\/{rel}","templated":true}]}}