{"id":115,"date":"2019-10-01T15:21:53","date_gmt":"2019-10-01T12:21:53","guid":{"rendered":"http:\/\/wp.koulutuselamaan.fi\/?page_id=115"},"modified":"2022-06-09T12:07:02","modified_gmt":"2022-06-09T09:07:02","slug":"1-lk-tunteet-n-60min","status":"publish","type":"page","link":"https:\/\/koulutuselamaan.fi\/sv\/opettajille\/opetuksen-sisalto\/1-lk-tunteet-n-60min\/","title":{"rendered":"1.lk: Tunteet (n.60min) Ei k\u00e4yt\u00f6ss\u00e4"},"content":{"rendered":"<div data-elementor-type=\"wp-page\" data-elementor-id=\"115\" class=\"elementor elementor-115\" data-elementor-post-type=\"page\">\n\t\t\t\t\t\t<section class=\"elementor-section elementor-top-section elementor-element elementor-element-3ac366b7 elementor-section-boxed elementor-section-height-default elementor-section-height-default\" data-id=\"3ac366b7\" data-element_type=\"section\">\n\t\t\t\t\t\t<div class=\"elementor-container elementor-column-gap-default\">\n\t\t\t\t\t<div class=\"elementor-column elementor-col-100 elementor-top-column elementor-element elementor-element-184739f9\" data-id=\"184739f9\" data-element_type=\"column\">\n\t\t\t<div class=\"elementor-widget-wrap elementor-element-populated\">\n\t\t\t\t\t\t<div class=\"elementor-element elementor-element-728ae2b3 elementor-widget elementor-widget-text-editor\" data-id=\"728ae2b3\" data-element_type=\"widget\" data-widget_type=\"text-editor.default\">\n\t\t\t\t<div class=\"elementor-widget-container\">\n\t\t\t\t\t\t\t\t\t<p><\/p>\n<h3 class=\"wp-block-heading\">Inneh\u00e5ll:<\/h3>\n<p><\/p>\n<p><\/p>\n<ul class=\"wp-block-list\">\n<li>Harolds rum med hj\u00e4lp av AR<\/li>\n<li>Vi identifierar och namnger k\u00e4nslor samt funderar p\u00e5 k\u00e4nsloreglering<\/li>\n<li>K\u00e4nslo\u00f6vningar<\/li>\n<li>Pausgymnastik<\/li>\n<li>Vi hj\u00e4lper Harold<\/li>\n<li>Harolds s\u00e5ng<\/li>\n<\/ul>\n<p><\/p>\n<p><\/p>\n<p><\/p>\n<p><\/p>\n<h3 class=\"wp-block-heading\">M\u00e5l:<\/h3>\n<p><\/p>\n<p><\/p>\n<ul class=\"wp-block-list\">\n<li>Hen identifierar och namnger k\u00e4nslor (gl\u00e4dje, sorg, ilska)<\/li>\n<li>Barnet funderar p\u00e5 hur man kan reglera positiva och negativa k\u00e4nslor<\/li>\n<li>H\u00e4n ymm\u00e4rt\u00e4\u00e4, milt\u00e4 tunteet tuntuvat kehon eri osissa ja miten kehosta pidet\u00e4\u00e4n hyv\u00e4\u00e4 huolta.<\/li><li>Lapsi huomaa, ett\u00e4 eri ihmiset kokevat tunteita eri tavoin.<\/li><li>Barnet f\u00f6rst\u00e5r att kroppen beh\u00f6ver mat, v\u00e4tska, syre, motion och s\u00f6mn<\/li>\n<\/ul>\n<p><\/p>\n<p><\/p>\n<p><\/p>\t\t\t\t\t\t\t\t<\/div>\n\t\t\t\t<\/div>\n\t\t\t\t\t<\/div>\n\t\t<\/div>\n\t\t\t\t\t<\/div>\n\t\t<\/section>\n\t\t\t\t<\/div>","protected":false},"excerpt":{"rendered":"<p>Ohjelman sis\u00e4lt\u00f6: Haroldin huone lis\u00e4tyn todellisuuden keinoin Tunteiden tunnistaminen ja nime\u00e4minen sek\u00e4 tunteiden s\u00e4\u00e4tely Tunneharjoituksia Taukoliikunta Haroldin auttaminen Haroldin laulu Tavoitteet: Lapsi tunnistaa ja nime\u00e4\u00e4 tunteita (ilo, suru, viha). Auttaa lasta k\u00e4sittelem\u00e4\u00e4n sek\u00e4 my\u00f6nteisi\u00e4 ett\u00e4 kielteisi\u00e4 tunteita. H\u00e4n ymm\u00e4rt\u00e4\u00e4, milt\u00e4 tunteet tuntuvat kehon eri osissa ja miten kehosta pidet\u00e4\u00e4n hyv\u00e4\u00e4 huolta. Lapsi huomaa, ett\u00e4 eri &hellip; <a href=\"https:\/\/koulutuselamaan.fi\/sv\/opettajille\/opetuksen-sisalto\/1-lk-tunteet-n-60min\/\" class=\"more-link\">Forts\u00e4tt l\u00e4sa <span class=\"screen-reader-text\">1.lk: Tunteet (n.60min) Ei k\u00e4yt\u00f6ss\u00e4<\/span><\/a><\/p>","protected":false},"author":5,"featured_media":0,"parent":77,"menu_order":4,"comment_status":"closed","ping_status":"closed","template":"","meta":{"footnotes":""},"tags":[],"class_list":["post-115","page","type-page","status-publish","hentry","no-featured-image"],"jetpack_sharing_enabled":true,"_links":{"self":[{"href":"https:\/\/koulutuselamaan.fi\/sv\/wp-json\/wp\/v2\/pages\/115","targetHints":{"allow":["GET"]}}],"collection":[{"href":"https:\/\/koulutuselamaan.fi\/sv\/wp-json\/wp\/v2\/pages"}],"about":[{"href":"https:\/\/koulutuselamaan.fi\/sv\/wp-json\/wp\/v2\/types\/page"}],"author":[{"embeddable":true,"href":"https:\/\/koulutuselamaan.fi\/sv\/wp-json\/wp\/v2\/users\/5"}],"replies":[{"embeddable":true,"href":"https:\/\/koulutuselamaan.fi\/sv\/wp-json\/wp\/v2\/comments?post=115"}],"version-history":[{"count":11,"href":"https:\/\/koulutuselamaan.fi\/sv\/wp-json\/wp\/v2\/pages\/115\/revisions"}],"predecessor-version":[{"id":4477,"href":"https:\/\/koulutuselamaan.fi\/sv\/wp-json\/wp\/v2\/pages\/115\/revisions\/4477"}],"up":[{"embeddable":true,"href":"https:\/\/koulutuselamaan.fi\/sv\/wp-json\/wp\/v2\/pages\/77"}],"wp:attachment":[{"href":"https:\/\/koulutuselamaan.fi\/sv\/wp-json\/wp\/v2\/media?parent=115"}],"wp:term":[{"taxonomy":"post_tag","embeddable":true,"href":"https:\/\/koulutuselamaan.fi\/sv\/wp-json\/wp\/v2\/tags?post=115"}],"curies":[{"name":"wp","href":"https:\/\/api.w.org\/{rel}","templated":true}]}}