{"id":109,"date":"2019-10-01T15:23:16","date_gmt":"2019-10-01T12:23:16","guid":{"rendered":"http:\/\/wp.koulutuselamaan.fi\/?page_id=109"},"modified":"2022-06-09T12:05:37","modified_gmt":"2022-06-09T09:05:37","slug":"3-4-v-pidan-huolta-itsestani-n-30min","status":"publish","type":"page","link":"https:\/\/koulutuselamaan.fi\/sv\/opettajille\/opetuksen-sisalto\/3-4-v-pidan-huolta-itsestani-n-30min\/","title":{"rendered":"3-4-v:Pid\u00e4n huolta itsest\u00e4ni (n.30min) Ei k\u00e4yt\u00f6ss\u00e4"},"content":{"rendered":"<div data-elementor-type=\"wp-page\" data-elementor-id=\"109\" class=\"elementor elementor-109\" data-elementor-post-type=\"page\">\n\t\t\t\t\t\t<section class=\"elementor-section elementor-top-section elementor-element elementor-element-2c3ab639 elementor-section-boxed elementor-section-height-default elementor-section-height-default\" data-id=\"2c3ab639\" data-element_type=\"section\">\n\t\t\t\t\t\t<div class=\"elementor-container elementor-column-gap-default\">\n\t\t\t\t\t<div class=\"elementor-column elementor-col-100 elementor-top-column elementor-element elementor-element-3c93412a\" data-id=\"3c93412a\" data-element_type=\"column\">\n\t\t\t<div class=\"elementor-widget-wrap elementor-element-populated\">\n\t\t\t\t\t\t<div class=\"elementor-element elementor-element-52b8594c elementor-widget elementor-widget-text-editor\" data-id=\"52b8594c\" data-element_type=\"widget\" data-widget_type=\"text-editor.default\">\n\t\t\t\t<div class=\"elementor-widget-container\">\n\t\t\t\t\t\t\t\t\t<p><\/p>\n<h3 class=\"wp-block-heading\">Inneh\u00e5ll:<\/h3>\n<p><\/p>\n<p><\/p>\n<ul class=\"wp-block-list\">\n<li>Harolds rum&nbsp;<\/li><li>Pausgymnastik<\/li><li>Vi utforskar och k\u00e4nner p\u00e5 kroppen<\/li>\n<li>Motion<\/li>\n<li>Vi funderar p\u00e5 hygien och h\u00e4lsa tillsammans med giraffen Harold<\/li>\n<li>Vilostund under stj\u00e4rnorna<\/li>\n<\/ul>\n<p><\/p>\n<p><\/p>\n<p><\/p>\n<p><\/p>\n<h3 class=\"wp-block-heading\">M\u00e5l:&nbsp;<\/h3>\n<p><\/p>\n<p><\/p>\n<p>Barnet<\/p>\n<p><\/p>\n<p><\/p>\n<ul class=\"wp-block-list\">\n<li>l\u00e4r sig ben\u00e4mna sig sina kroppsdelar: hud, muskler, ben, hj\u00e4rta.<\/li>\n<li>f\u00f6rst\u00e5r att kroppen beh\u00f6ver mat, dryck, luft, motion och s\u00f6mn.<\/li>\n<li>vet hur man tar hand om sin hygien (t.ex. tv\u00e4tta sig, borsta t\u00e4nder, borsta h\u00e5ret).<\/li>\n<\/ul>\n<p><\/p>\n<p><\/p>\n<p><\/p>\t\t\t\t\t\t\t\t<\/div>\n\t\t\t\t<\/div>\n\t\t\t\t\t<\/div>\n\t\t<\/div>\n\t\t\t\t\t<\/div>\n\t\t<\/section>\n\t\t\t\t<\/div>","protected":false},"excerpt":{"rendered":"<p>Ohjelman sis\u00e4lt\u00f6: Haroldin huone&nbsp; Taukoliikunta Kehon tunnustelu ja tutkiminen Liikunta Harold -kirahvin avulla pohditaan omaa hygieniaa ja terveytt\u00e4 Lepohetki t\u00e4htitaivaan alla Tavoitteet:&nbsp; Lapsi oppii nime\u00e4m\u00e4\u00e4n kehonosiaan: iho, lihakset, luut, syd\u00e4n. ymm\u00e4rt\u00e4\u00e4, ett\u00e4 keho tarvitsee ruokaa, juomaa, happea, liikuntaa ja unta. tiet\u00e4\u00e4, miten hygieniasta tulee huolehtia (esim. peseytyminen, hampaiden pesu, hiusten harjaaminen).<\/p>","protected":false},"author":5,"featured_media":0,"parent":77,"menu_order":1,"comment_status":"closed","ping_status":"closed","template":"","meta":{"footnotes":""},"tags":[],"class_list":["post-109","page","type-page","status-publish","hentry","no-featured-image"],"jetpack_sharing_enabled":true,"_links":{"self":[{"href":"https:\/\/koulutuselamaan.fi\/sv\/wp-json\/wp\/v2\/pages\/109","targetHints":{"allow":["GET"]}}],"collection":[{"href":"https:\/\/koulutuselamaan.fi\/sv\/wp-json\/wp\/v2\/pages"}],"about":[{"href":"https:\/\/koulutuselamaan.fi\/sv\/wp-json\/wp\/v2\/types\/page"}],"author":[{"embeddable":true,"href":"https:\/\/koulutuselamaan.fi\/sv\/wp-json\/wp\/v2\/users\/5"}],"replies":[{"embeddable":true,"href":"https:\/\/koulutuselamaan.fi\/sv\/wp-json\/wp\/v2\/comments?post=109"}],"version-history":[{"count":11,"href":"https:\/\/koulutuselamaan.fi\/sv\/wp-json\/wp\/v2\/pages\/109\/revisions"}],"predecessor-version":[{"id":4474,"href":"https:\/\/koulutuselamaan.fi\/sv\/wp-json\/wp\/v2\/pages\/109\/revisions\/4474"}],"up":[{"embeddable":true,"href":"https:\/\/koulutuselamaan.fi\/sv\/wp-json\/wp\/v2\/pages\/77"}],"wp:attachment":[{"href":"https:\/\/koulutuselamaan.fi\/sv\/wp-json\/wp\/v2\/media?parent=109"}],"wp:term":[{"taxonomy":"post_tag","embeddable":true,"href":"https:\/\/koulutuselamaan.fi\/sv\/wp-json\/wp\/v2\/tags?post=109"}],"curies":[{"name":"wp","href":"https:\/\/api.w.org\/{rel}","templated":true}]}}