{"id":644,"date":"2020-03-18T14:29:02","date_gmt":"2020-03-18T12:29:02","guid":{"rendered":"http:\/\/koulutuselamaan.fi\/?page_id=644"},"modified":"2023-01-10T16:10:27","modified_gmt":"2023-01-10T14:10:27","slug":"harold","status":"publish","type":"page","link":"https:\/\/koulutuselamaan.fi\/fi\/lapsille-2\/harold\/","title":{"rendered":"Harold-peli ja ohjeet"},"content":{"rendered":"\t\t<div data-elementor-type=\"wp-page\" data-elementor-id=\"644\" class=\"elementor elementor-644\" data-elementor-post-type=\"page\">\n\t\t\t\t\t\t<section class=\"elementor-section elementor-top-section elementor-element elementor-element-a333489 elementor-section-boxed elementor-section-height-default elementor-section-height-default\" data-id=\"a333489\" data-element_type=\"section\">\n\t\t\t\t\t\t<div class=\"elementor-container elementor-column-gap-default\">\n\t\t\t\t\t<div class=\"elementor-column elementor-col-100 elementor-top-column elementor-element elementor-element-70250791\" data-id=\"70250791\" data-element_type=\"column\">\n\t\t\t<div class=\"elementor-widget-wrap elementor-element-populated\">\n\t\t\t\t\t\t<div class=\"elementor-element elementor-element-e78bb8b elementor-widget elementor-widget-text-editor\" data-id=\"e78bb8b\" data-element_type=\"widget\" data-widget_type=\"text-editor.default\">\n\t\t\t\t<div class=\"elementor-widget-container\">\n\t\t\t\t\t\t\t\t\t<h1><span class=\"TextRun MacChromeBold SCXW113259250 BCX9\" lang=\"EN-GB\" xml:lang=\"EN-GB\" data-contrast=\"none\"><span class=\"NormalTextRun SCXW113259250 BCX9\" data-ccp-parastyle=\"heading 1\">Harold-<\/span><span class=\"NormalTextRun SpellingErrorV2 SCXW113259250 BCX9\" data-ccp-parastyle=\"heading 1\">peli ja<\/span><span class=\"NormalTextRun SCXW113259250 BCX9\" data-ccp-parastyle=\"heading 1\">&nbsp;<\/span><span class=\"NormalTextRun SpellingErrorV2 SCXW113259250 BCX9\" data-ccp-parastyle=\"heading 1\">ohjeet<\/span><\/span><span class=\"EOP SCXW113259250 BCX9\" data-ccp-props=\"{&quot;201341983&quot;:0,&quot;335559738&quot;:240,&quot;335559739&quot;:0,&quot;335559740&quot;:259}\">&nbsp;<\/span><\/h1>\t\t\t\t\t\t\t\t<\/div>\n\t\t\t\t<\/div>\n\t\t\t\t<section class=\"elementor-section elementor-inner-section elementor-element elementor-element-ae1dda3 elementor-section-boxed elementor-section-height-default elementor-section-height-default\" data-id=\"ae1dda3\" data-element_type=\"section\">\n\t\t\t\t\t\t<div class=\"elementor-container elementor-column-gap-default\">\n\t\t\t\t\t<div class=\"elementor-column elementor-col-66 elementor-inner-column elementor-element elementor-element-feb714c\" data-id=\"feb714c\" data-element_type=\"column\">\n\t\t\t<div class=\"elementor-widget-wrap elementor-element-populated\">\n\t\t\t\t\t\t<div class=\"elementor-element elementor-element-c9ebb7e elementor-widget elementor-widget-text-editor\" data-id=\"c9ebb7e\" data-element_type=\"widget\" data-widget_type=\"text-editor.default\">\n\t\t\t\t<div class=\"elementor-widget-container\">\n\t\t\t\t\t\t\t\t\t<p>T\u00e4ss\u00e4 peliss\u00e4 pohditaan maskottimme Harold-kirahvin unia. Pelikierroksen alussa Harold uneksii juoksevansa, pelaajan teht\u00e4v\u00e4n\u00e4 on auttaa saamaan kiinni terveellisi\u00e4 vaihtoehtoja ja v\u00e4ltt\u00e4\u00e4 osumasta haitallisiin. Haroldia liikutetaan radalla hypp\u00e4\u00e4m\u00e4ll\u00e4 ja v\u00e4ist\u00e4m\u00e4ll\u00e4 alareunan painikkeilla. Juoksun j\u00e4lkeen autetaan Haroldia tunnistamaan tosiasiat. Klikkaamalla tosiasioita ne muuttuvat vihreiksi ja jos klikattu sana ei pid\u00e4 paikkaansa, se muuttuu punaiseksi. Osa v\u00e4itteist\u00e4 ei kuitenkaan ole selke\u00e4sti oikein tai v\u00e4\u00e4rin. Keltaisia sanoja pys\u00e4hdyt\u00e4\u00e4n miettim\u00e4\u00e4n, miksi se ei ole kumpaakaan. Peliss\u00e4 on kolme kierrosta. Jokaisessa niist\u00e4 on juoksuosiot, joissa on vastakkain kaksi terveysaihetta, sek\u00e4 pohdintaosio samoista aiheista.<\/p>\n<p>Pelin aiheina:<\/p>\n<ul>\n<li>Energiajuomat<\/li>\n<li>Tupakkatuotteet<\/li>\n<li>Alkoholi<\/li>\n<li>Uni<\/li>\n<li>Ravinto<\/li>\n<li>Vapaa-aika<\/li>\n<\/ul>\n<p>Polkujen suositellut ik\u00e4luokat:<\/p>\n<ul>\n<li><span style=\"color: #00ccff;\">Turkoosi<\/span> polku 4.luokkalaisille<\/li>\n<li><span style=\"color: #ff9900;\">Oranssi<\/span> polku 5.luokkalaisille<\/li>\n<li><span style=\"color: #800080;\">Violetti<\/span> polku 6.luokkalaisille<\/li>\n<\/ul>\n<p>Peli on suunnattu 4-.6.luokkalaisille, mutta tuo pohdittavaa my\u00f6s sit\u00e4 vanhemmille. Peli\u00e4 voi pelata luokan kanssa koulussa, yksin, kaverin kanssa tai isovanhemman, vanhempien, tai vaikka vanhemman sisaruksen kanssa. Sopii my\u00f6s nuorisotaloille ohjattuihin iltoihin. Peli tarjoaa lopussa lis\u00e4tietoa aiheista ja kannustaa kysym\u00e4\u00e4n turvalliselta aikuiselta mielt\u00e4 askarruttavat kysymykset.<\/p>\n\t\t\t\t\t\t\t\t<\/div>\n\t\t\t\t<\/div>\n\t\t\t\t\t<\/div>\n\t\t<\/div>\n\t\t\t\t<div class=\"elementor-column elementor-col-33 elementor-inner-column elementor-element elementor-element-68a0715\" data-id=\"68a0715\" data-element_type=\"column\">\n\t\t\t<div class=\"elementor-widget-wrap elementor-element-populated\">\n\t\t\t\t\t\t<div class=\"elementor-element elementor-element-26221b2 elementor-widget elementor-widget-image\" data-id=\"26221b2\" data-element_type=\"widget\" data-widget_type=\"image.default\">\n\t\t\t\t<div class=\"elementor-widget-container\">\n\t\t\t\t\t\t\t\t\t\t\t\t\t\t\t<img fetchpriority=\"high\" decoding=\"async\" width=\"712\" height=\"399\" src=\"https:\/\/koulutuselamaan.fi\/wp-content\/uploads\/2021\/02\/Screenshot-2021-02-15-at-13.10.01-768x430.png\" class=\"attachment-medium_large size-medium_large wp-image-2057\" alt=\"Harold-peli\" srcset=\"https:\/\/koulutuselamaan.fi\/wp-content\/uploads\/2021\/02\/Screenshot-2021-02-15-at-13.10.01-768x430.png 768w, https:\/\/koulutuselamaan.fi\/wp-content\/uploads\/2021\/02\/Screenshot-2021-02-15-at-13.10.01-600x336.png 600w, https:\/\/koulutuselamaan.fi\/wp-content\/uploads\/2021\/02\/Screenshot-2021-02-15-at-13.10.01-300x168.png 300w, https:\/\/koulutuselamaan.fi\/wp-content\/uploads\/2021\/02\/Screenshot-2021-02-15-at-13.10.01-1024x574.png 1024w, https:\/\/koulutuselamaan.fi\/wp-content\/uploads\/2021\/02\/Screenshot-2021-02-15-at-13.10.01-1536x861.png 1536w, https:\/\/koulutuselamaan.fi\/wp-content\/uploads\/2021\/02\/Screenshot-2021-02-15-at-13.10.01-16x9.png 16w, https:\/\/koulutuselamaan.fi\/wp-content\/uploads\/2021\/02\/Screenshot-2021-02-15-at-13.10.01-680x382.png 680w, https:\/\/koulutuselamaan.fi\/wp-content\/uploads\/2021\/02\/Screenshot-2021-02-15-at-13.10.01-1080x605.png 1080w, https:\/\/koulutuselamaan.fi\/wp-content\/uploads\/2021\/02\/Screenshot-2021-02-15-at-13.10.01.png 1654w\" sizes=\"(max-width: 712px) 100vw, 712px\" \/>\t\t\t\t\t\t\t\t\t\t\t\t\t\t\t<\/div>\n\t\t\t\t<\/div>\n\t\t\t\t<div class=\"elementor-element elementor-element-f39cd59 elementor-button-info elementor-align-center elementor-widget elementor-widget-button\" data-id=\"f39cd59\" data-element_type=\"widget\" data-widget_type=\"button.default\">\n\t\t\t\t<div class=\"elementor-widget-container\">\n\t\t\t\t\t\t\t\t\t<div class=\"elementor-button-wrapper\">\n\t\t\t\t\t<a class=\"elementor-button elementor-button-link elementor-size-lg\" href=\"https:\/\/koulutuselamaan.fi\/harold-peliin\">\n\t\t\t\t\t\t<span class=\"elementor-button-content-wrapper\">\n\t\t\t\t\t\t\t\t\t<span class=\"elementor-button-text\">Pelaa t\u00e4st\u00e4<\/span>\n\t\t\t\t\t<\/span>\n\t\t\t\t\t<\/a>\n\t\t\t\t<\/div>\n\t\t\t\t\t\t\t\t<\/div>\n\t\t\t\t<\/div>\n\t\t\t\t\t<\/div>\n\t\t<\/div>\n\t\t\t\t\t<\/div>\n\t\t<\/section>\n\t\t\t\t\t<\/div>\n\t\t<\/div>\n\t\t\t\t\t<\/div>\n\t\t<\/section>\n\t\t\t\t<\/div>\n\t\t","protected":false},"excerpt":{"rendered":"<p>Harold-peli ja&nbsp;ohjeet&nbsp; T\u00e4ss\u00e4 peliss\u00e4 pohditaan maskottimme Harold-kirahvin unia. Pelikierroksen alussa Harold uneksii juoksevansa, pelaajan teht\u00e4v\u00e4n\u00e4 on auttaa saamaan kiinni terveellisi\u00e4 vaihtoehtoja ja v\u00e4ltt\u00e4\u00e4 osumasta haitallisiin. Haroldia liikutetaan radalla hypp\u00e4\u00e4m\u00e4ll\u00e4 ja v\u00e4ist\u00e4m\u00e4ll\u00e4 alareunan painikkeilla. Juoksun j\u00e4lkeen autetaan Haroldia tunnistamaan tosiasiat. Klikkaamalla tosiasioita ne muuttuvat vihreiksi ja jos klikattu sana ei pid\u00e4 paikkaansa, se muuttuu punaiseksi. Osa &hellip; <a href=\"https:\/\/koulutuselamaan.fi\/fi\/lapsille-2\/harold\/\" class=\"more-link\">Jatka artikkeliin <span class=\"screen-reader-text\">Harold-peli ja ohjeet<\/span><\/a><\/p>\n","protected":false},"author":5,"featured_media":0,"parent":317,"menu_order":0,"comment_status":"closed","ping_status":"closed","template":"elementor_header_footer","meta":{"footnotes":""},"tags":[],"class_list":["post-644","page","type-page","status-publish","hentry","no-featured-image"],"jetpack_sharing_enabled":true,"_links":{"self":[{"href":"https:\/\/koulutuselamaan.fi\/fi\/wp-json\/wp\/v2\/pages\/644","targetHints":{"allow":["GET"]}}],"collection":[{"href":"https:\/\/koulutuselamaan.fi\/fi\/wp-json\/wp\/v2\/pages"}],"about":[{"href":"https:\/\/koulutuselamaan.fi\/fi\/wp-json\/wp\/v2\/types\/page"}],"author":[{"embeddable":true,"href":"https:\/\/koulutuselamaan.fi\/fi\/wp-json\/wp\/v2\/users\/5"}],"replies":[{"embeddable":true,"href":"https:\/\/koulutuselamaan.fi\/fi\/wp-json\/wp\/v2\/comments?post=644"}],"version-history":[{"count":59,"href":"https:\/\/koulutuselamaan.fi\/fi\/wp-json\/wp\/v2\/pages\/644\/revisions"}],"predecessor-version":[{"id":4820,"href":"https:\/\/koulutuselamaan.fi\/fi\/wp-json\/wp\/v2\/pages\/644\/revisions\/4820"}],"up":[{"embeddable":true,"href":"https:\/\/koulutuselamaan.fi\/fi\/wp-json\/wp\/v2\/pages\/317"}],"wp:attachment":[{"href":"https:\/\/koulutuselamaan.fi\/fi\/wp-json\/wp\/v2\/media?parent=644"}],"wp:term":[{"taxonomy":"post_tag","embeddable":true,"href":"https:\/\/koulutuselamaan.fi\/fi\/wp-json\/wp\/v2\/tags?post=644"}],"curies":[{"name":"wp","href":"https:\/\/api.w.org\/{rel}","templated":true}]}}