{"id":3435,"date":"2021-06-09T15:51:52","date_gmt":"2021-06-09T12:51:52","guid":{"rendered":"https:\/\/koulutuselamaan.fi\/?page_id=3435"},"modified":"2024-03-01T11:24:51","modified_gmt":"2024-03-01T09:24:51","slug":"materiaalia-oppilaille","status":"publish","type":"page","link":"https:\/\/koulutuselamaan.fi\/fi\/materiaalia-oppilaille\/","title":{"rendered":"Materiaalia oppilaille"},"content":{"rendered":"\t\t<div data-elementor-type=\"wp-page\" data-elementor-id=\"3435\" class=\"elementor elementor-3435\" data-elementor-post-type=\"page\">\n\t\t\t\t\t\t<section class=\"elementor-section elementor-top-section elementor-element elementor-element-ad41257 elementor-section-boxed elementor-section-height-default elementor-section-height-default\" data-id=\"ad41257\" data-element_type=\"section\">\n\t\t\t\t\t\t<div class=\"elementor-container elementor-column-gap-default\">\n\t\t\t\t\t<div class=\"elementor-column elementor-col-100 elementor-top-column elementor-element elementor-element-fe4af03\" data-id=\"fe4af03\" data-element_type=\"column\">\n\t\t\t<div class=\"elementor-widget-wrap elementor-element-populated\">\n\t\t\t\t\t\t<div class=\"elementor-element elementor-element-15e0663 elementor-widget elementor-widget-text-editor\" data-id=\"15e0663\" data-element_type=\"widget\" data-widget_type=\"text-editor.default\">\n\t\t\t\t<div class=\"elementor-widget-container\">\n\t\t\t\t\t\t\t\t\t<p>Koulutus El\u00e4m\u00e4\u00e4n opetusohjelma tarjoaa koulullenne materiaaleja k\u00e4ytt\u00f6\u00f6nne. T\u00e4ss\u00e4 alla on listattuna luokka-asteiden materiaalisivut, joilta l\u00f6yt\u00e4\u00e4 pelillisi\u00e4 teht\u00e4vi\u00e4, tulostettavia teht\u00e4vi\u00e4 sek\u00e4 lyhyit\u00e4 videoita tunneillakin k\u00e4sitellyist\u00e4 aiheista. Luokka-asteiden materiaaleja voi hy\u00f6dynt\u00e4\u00e4 parhaaksi n\u00e4kem\u00e4ll\u00e4\u00e4n tavalla ennen tai j\u00e4lkeen kouluvierailumme.\u00a0<\/p>\t\t\t\t\t\t\t\t<\/div>\n\t\t\t\t<\/div>\n\t\t\t\t<div class=\"elementor-element elementor-element-d97c671 elementor-widget elementor-widget-text-editor\" data-id=\"d97c671\" data-element_type=\"widget\" data-widget_type=\"text-editor.default\">\n\t\t\t\t<div class=\"elementor-widget-container\">\n\t\t\t\t\t\t\t\t\t<p>Yleist\u00e4 lis\u00e4teht\u00e4vist\u00e4:<\/p><ul><li>Teht\u00e4vien tarkoituksena on her\u00e4tell\u00e4 oppilaita ajattelemaan Koulutus el\u00e4m\u00e4\u00e4n -oppitunnilla k\u00e4sitelt\u00e4vi\u00e4 asioita tai syvent\u00e4\u00e4 ajattelua k\u00e4sitellyst\u00e4 aiheesta.<\/li><li>Teht\u00e4v\u00e4t on ryhmitelty vuosiluokittain ja ne seuraavat oppitunnin teemoja. Osa aiheista on yleisi\u00e4 (esim. ihmiskehon toimintaa k\u00e4sitell\u00e4\u00e4n kaikilla oppitunneilla) eik\u00e4 mik\u00e4\u00e4n est\u00e4 tekem\u00e4st\u00e4 muidenkin vuosiluokkien ennakkoteht\u00e4vi\u00e4.<\/li><li>Teht\u00e4vien avulla voidaan jatkaa Koulutus El\u00e4m\u00e4\u00e4n -oppitunnin aiheiden k\u00e4sittely\u00e4 my\u00f6s varsinaisen opetuksen j\u00e4lkeen.<\/li><li>Teht\u00e4vi\u00e4 voi ja saa muokata omalle luokalleen sopivaksi. T\u00e4m\u00e4n vuoksi kaikissa teht\u00e4viss\u00e4 ei ole yksityiskohtaisia ohjeita.<\/li><li>Teht\u00e4v\u00e4t soveltuvat eri oppiaineisiin ja eri oppiaineita yhdisteleviksi kokonaisuuksiksi.<\/li><li>Teht\u00e4vi\u00e4 voi soveltaa omiin aikatauluihin sopiviksi. Niit\u00e4 voi antaa oppilaille kotil\u00e4ksyksi, teett\u00e4\u00e4 &#8220;v\u00e4lipalateht\u00e4vin\u00e4&#8221; tai vaikka rakentaa teemap\u00e4iv\u00e4 ennakkoteht\u00e4vien ymp\u00e4rille.<\/li><\/ul><div>Terveysaiheinen\u00a0<a href=\"https:\/\/koulutuselamaan.fi\/fi\/lapsille-2\/harold\/\" target=\"_blank\" rel=\"noreferrer noopener\">Harold-peli<\/a>\u00a04.-6.luokkalaisille ja\u00a0<a href=\"https:\/\/koulutuselamaan.fi\/fi\/vanhemmille\/puhutaan-paihteista\/\" target=\"_blank\" rel=\"noreferrer noopener\">Puhutaan p\u00e4ihteist\u00e4-podast<\/a>\u00a0huoltajille ovat vapaasti pelattavissa ja kuunneltavissa nettisivuillamme.\u00a0Peli sopii pelattavaksi perheen kesken yhdess\u00e4 aiheista keskustellen tai opettajan ohjauksella luokassa.<\/div><div>\u00a0<\/div><p><a href=\"https:\/\/koulutuselamaan.fi\/paivakoti\/https:\/\/koulutuselamaan.fi\/paivakoti\/\">P\u00e4iv\u00e4koti<\/a><\/p><p><a href=\"https:\/\/koulutuselamaan.fi\/fi\/esikoulu\/\">Esikoulu<\/a><\/p><p><a href=\"https:\/\/koulutuselamaan.fi\/1-luokka\/\">1.luokka<\/a><\/p><p><a href=\"https:\/\/koulutuselamaan.fi\/2-luokka\/\">2.luokka<\/a><\/p><p><a href=\"https:\/\/koulutuselamaan.fi\/3-luokka\/\">3.luokka<\/a><\/p><p><a href=\"https:\/\/koulutuselamaan.fi\/4-luokka\/\">4.luokka<\/a><\/p><p><a href=\"https:\/\/koulutuselamaan.fi\/fi\/5-luokka-2\/\">5.luokka<\/a><\/p><p><a href=\"https:\/\/koulutuselamaan.fi\/6-luokka-2\/\">6.luokka<\/a><\/p><p>Lis\u00e4\u00e4 teht\u00e4vi\u00e4mme <a href=\"https:\/\/koulutuselamaan.fi\/fi\/opettajille\/tehtavia-oppilaille\/\">t\u00e4\u00e4lt\u00e4<\/a><\/p><p>\u00a0<\/p>\t\t\t\t\t\t\t\t<\/div>\n\t\t\t\t<\/div>\n\t\t\t\t\t<\/div>\n\t\t<\/div>\n\t\t\t\t\t<\/div>\n\t\t<\/section>\n\t\t\t\t<\/div>\n\t\t","protected":false},"excerpt":{"rendered":"<p>Koulutus El\u00e4m\u00e4\u00e4n opetusohjelma tarjoaa koulullenne materiaaleja k\u00e4ytt\u00f6\u00f6nne. T\u00e4ss\u00e4 alla on listattuna luokka-asteiden materiaalisivut, joilta l\u00f6yt\u00e4\u00e4 pelillisi\u00e4 teht\u00e4vi\u00e4, tulostettavia teht\u00e4vi\u00e4 sek\u00e4 lyhyit\u00e4 videoita tunneillakin k\u00e4sitellyist\u00e4 aiheista. Luokka-asteiden materiaaleja voi hy\u00f6dynt\u00e4\u00e4 parhaaksi n\u00e4kem\u00e4ll\u00e4\u00e4n tavalla ennen tai j\u00e4lkeen kouluvierailumme.\u00a0 Yleist\u00e4 lis\u00e4teht\u00e4vist\u00e4: Teht\u00e4vien tarkoituksena on her\u00e4tell\u00e4 oppilaita ajattelemaan Koulutus el\u00e4m\u00e4\u00e4n -oppitunnilla k\u00e4sitelt\u00e4vi\u00e4 asioita tai syvent\u00e4\u00e4 ajattelua k\u00e4sitellyst\u00e4 aiheesta. Teht\u00e4v\u00e4t &hellip; <a href=\"https:\/\/koulutuselamaan.fi\/fi\/materiaalia-oppilaille\/\" class=\"more-link\">Jatka artikkeliin <span class=\"screen-reader-text\">Materiaalia oppilaille<\/span><\/a><\/p>\n","protected":false},"author":5,"featured_media":0,"parent":0,"menu_order":0,"comment_status":"closed","ping_status":"closed","template":"","meta":{"footnotes":""},"tags":[],"class_list":["post-3435","page","type-page","status-publish","hentry","no-featured-image"],"jetpack_sharing_enabled":true,"_links":{"self":[{"href":"https:\/\/koulutuselamaan.fi\/fi\/wp-json\/wp\/v2\/pages\/3435","targetHints":{"allow":["GET"]}}],"collection":[{"href":"https:\/\/koulutuselamaan.fi\/fi\/wp-json\/wp\/v2\/pages"}],"about":[{"href":"https:\/\/koulutuselamaan.fi\/fi\/wp-json\/wp\/v2\/types\/page"}],"author":[{"embeddable":true,"href":"https:\/\/koulutuselamaan.fi\/fi\/wp-json\/wp\/v2\/users\/5"}],"replies":[{"embeddable":true,"href":"https:\/\/koulutuselamaan.fi\/fi\/wp-json\/wp\/v2\/comments?post=3435"}],"version-history":[{"count":46,"href":"https:\/\/koulutuselamaan.fi\/fi\/wp-json\/wp\/v2\/pages\/3435\/revisions"}],"predecessor-version":[{"id":5322,"href":"https:\/\/koulutuselamaan.fi\/fi\/wp-json\/wp\/v2\/pages\/3435\/revisions\/5322"}],"wp:attachment":[{"href":"https:\/\/koulutuselamaan.fi\/fi\/wp-json\/wp\/v2\/media?parent=3435"}],"wp:term":[{"taxonomy":"post_tag","embeddable":true,"href":"https:\/\/koulutuselamaan.fi\/fi\/wp-json\/wp\/v2\/tags?post=3435"}],"curies":[{"name":"wp","href":"https:\/\/api.w.org\/{rel}","templated":true}]}}