{"id":317,"date":"2019-10-17T11:19:08","date_gmt":"2019-10-17T08:19:08","guid":{"rendered":"http:\/\/wp.koulutuselamaan.fi\/?page_id=317"},"modified":"2021-05-07T13:15:39","modified_gmt":"2021-05-07T10:15:39","slug":"lapsille-2","status":"publish","type":"page","link":"https:\/\/koulutuselamaan.fi\/fi\/lapsille-2\/","title":{"rendered":"Lapsille"},"content":{"rendered":"\t\t<div data-elementor-type=\"wp-page\" data-elementor-id=\"317\" class=\"elementor elementor-317\" data-elementor-post-type=\"page\">\n\t\t\t\t\t\t<section class=\"elementor-section elementor-top-section elementor-element elementor-element-d58c314 elementor-section-boxed elementor-section-height-default elementor-section-height-default\" data-id=\"d58c314\" data-element_type=\"section\">\n\t\t\t\t\t\t<div class=\"elementor-container elementor-column-gap-default\">\n\t\t\t\t\t<div class=\"elementor-column elementor-col-100 elementor-top-column elementor-element elementor-element-4311ebf\" data-id=\"4311ebf\" data-element_type=\"column\">\n\t\t\t<div class=\"elementor-widget-wrap elementor-element-populated\">\n\t\t\t\t\t\t<div class=\"elementor-element elementor-element-2d6d048 elementor-widget elementor-widget-text-editor\" data-id=\"2d6d048\" data-element_type=\"widget\" data-widget_type=\"text-editor.default\">\n\t\t\t\t<div class=\"elementor-widget-container\">\n\t\t\t\t\t\t\t\t\t<h1>Lapsille<\/h1>\t\t\t\t\t\t\t\t<\/div>\n\t\t\t\t<\/div>\n\t\t\t\t<div class=\"elementor-element elementor-element-b7ee41c elementor-widget-divider--view-line elementor-widget elementor-widget-divider\" data-id=\"b7ee41c\" data-element_type=\"widget\" data-widget_type=\"divider.default\">\n\t\t\t\t<div class=\"elementor-widget-container\">\n\t\t\t\t\t\t\t<div class=\"elementor-divider\">\n\t\t\t<span class=\"elementor-divider-separator\">\n\t\t\t\t\t\t<\/span>\n\t\t<\/div>\n\t\t\t\t\t\t<\/div>\n\t\t\t\t<\/div>\n\t\t\t\t\t<\/div>\n\t\t<\/div>\n\t\t\t\t\t<\/div>\n\t\t<\/section>\n\t\t\t\t<section class=\"elementor-section elementor-top-section elementor-element elementor-element-53900cd elementor-section-boxed elementor-section-height-default elementor-section-height-default\" data-id=\"53900cd\" data-element_type=\"section\">\n\t\t\t\t\t\t<div class=\"elementor-container elementor-column-gap-default\">\n\t\t\t\t\t<div class=\"elementor-column elementor-col-100 elementor-top-column elementor-element elementor-element-b44b1d3\" data-id=\"b44b1d3\" data-element_type=\"column\">\n\t\t\t<div class=\"elementor-widget-wrap elementor-element-populated\">\n\t\t\t\t\t\t<div class=\"elementor-element elementor-element-432d005 elementor-widget elementor-widget-text-editor\" data-id=\"432d005\" data-element_type=\"widget\" data-widget_type=\"text-editor.default\">\n\t\t\t\t<div class=\"elementor-widget-container\">\n\t\t\t\t\t\t\t\t\t<h2>Pelaa Harold-peli\u00e4<\/h2>\t\t\t\t\t\t\t\t<\/div>\n\t\t\t\t<\/div>\n\t\t\t\t<section class=\"elementor-section elementor-inner-section elementor-element elementor-element-eedf605 elementor-section-boxed elementor-section-height-default elementor-section-height-default\" data-id=\"eedf605\" data-element_type=\"section\">\n\t\t\t\t\t\t<div class=\"elementor-container elementor-column-gap-default\">\n\t\t\t\t\t<div class=\"elementor-column elementor-col-66 elementor-inner-column elementor-element elementor-element-9d634f7\" data-id=\"9d634f7\" data-element_type=\"column\">\n\t\t\t<div class=\"elementor-widget-wrap elementor-element-populated\">\n\t\t\t\t\t\t<div class=\"elementor-element elementor-element-ecdc88e elementor-widget elementor-widget-text-editor\" data-id=\"ecdc88e\" data-element_type=\"widget\" data-widget_type=\"text-editor.default\">\n\t\t\t\t<div class=\"elementor-widget-container\">\n\t\t\t\t\t\t\t\t\t<p>Auta Harold-kirahvia tekem\u00e4\u00e4n hyvi\u00e4 valintoja t\u00e4ss\u00e4 hauskassa peliss\u00e4! Voit pelata peli\u00e4 joko tietokoneella, puhelimella tai tabletilla. Voit my\u00f6s pyyt\u00e4\u00e4 aikuisen tai kaverin miettim\u00e4\u00e4n peliss\u00e4 teht\u00e4vi\u00e4 valintoja kanssasi.<\/p><p><strong><a href=\"https:\/\/koulutuselamaan.fi\/harold-peli\/\">Pelaa<\/a><\/strong><\/p><p><a href=\"https:\/\/koulutuselamaan.fi\/fi\/lapsille-2\/harold\/\">Katso ohjeet<\/a><\/p>\t\t\t\t\t\t\t\t<\/div>\n\t\t\t\t<\/div>\n\t\t\t\t\t<\/div>\n\t\t<\/div>\n\t\t\t\t<div class=\"elementor-column elementor-col-33 elementor-inner-column elementor-element elementor-element-1487ad9\" data-id=\"1487ad9\" data-element_type=\"column\">\n\t\t\t<div class=\"elementor-widget-wrap elementor-element-populated\">\n\t\t\t\t\t\t<div class=\"elementor-element elementor-element-f7e257a elementor-widget elementor-widget-image\" data-id=\"f7e257a\" data-element_type=\"widget\" data-widget_type=\"image.default\">\n\t\t\t\t<div class=\"elementor-widget-container\">\n\t\t\t\t\t\t\t\t\t\t\t\t\t\t\t\t<a href=\"https:\/\/koulutuselamaan.fi\/harold\/\">\n\t\t\t\t\t\t\t<img fetchpriority=\"high\" decoding=\"async\" width=\"712\" height=\"399\" src=\"https:\/\/koulutuselamaan.fi\/wp-content\/uploads\/2021\/02\/Screenshot-2021-02-15-at-13.10.01-1024x574.png\" class=\"attachment-large size-large wp-image-2057\" alt=\"Harold-peli\" srcset=\"https:\/\/koulutuselamaan.fi\/wp-content\/uploads\/2021\/02\/Screenshot-2021-02-15-at-13.10.01-1024x574.png 1024w, https:\/\/koulutuselamaan.fi\/wp-content\/uploads\/2021\/02\/Screenshot-2021-02-15-at-13.10.01-600x336.png 600w, https:\/\/koulutuselamaan.fi\/wp-content\/uploads\/2021\/02\/Screenshot-2021-02-15-at-13.10.01-300x168.png 300w, https:\/\/koulutuselamaan.fi\/wp-content\/uploads\/2021\/02\/Screenshot-2021-02-15-at-13.10.01-768x430.png 768w, https:\/\/koulutuselamaan.fi\/wp-content\/uploads\/2021\/02\/Screenshot-2021-02-15-at-13.10.01-1536x861.png 1536w, https:\/\/koulutuselamaan.fi\/wp-content\/uploads\/2021\/02\/Screenshot-2021-02-15-at-13.10.01-16x9.png 16w, https:\/\/koulutuselamaan.fi\/wp-content\/uploads\/2021\/02\/Screenshot-2021-02-15-at-13.10.01-680x382.png 680w, https:\/\/koulutuselamaan.fi\/wp-content\/uploads\/2021\/02\/Screenshot-2021-02-15-at-13.10.01-1080x605.png 1080w, https:\/\/koulutuselamaan.fi\/wp-content\/uploads\/2021\/02\/Screenshot-2021-02-15-at-13.10.01.png 1654w\" sizes=\"(max-width: 712px) 100vw, 712px\" \/>\t\t\t\t\t\t\t\t<\/a>\n\t\t\t\t\t\t\t\t\t\t\t\t\t\t\t<\/div>\n\t\t\t\t<\/div>\n\t\t\t\t\t<\/div>\n\t\t<\/div>\n\t\t\t\t\t<\/div>\n\t\t<\/section>\n\t\t\t\t\t<\/div>\n\t\t<\/div>\n\t\t\t\t\t<\/div>\n\t\t<\/section>\n\t\t\t\t<section class=\"elementor-section elementor-top-section elementor-element elementor-element-90c4594 elementor-section-boxed elementor-section-height-default elementor-section-height-default\" data-id=\"90c4594\" data-element_type=\"section\">\n\t\t\t\t\t\t<div class=\"elementor-container elementor-column-gap-default\">\n\t\t\t\t\t<div class=\"elementor-column elementor-col-100 elementor-top-column elementor-element elementor-element-7653e16\" data-id=\"7653e16\" data-element_type=\"column\">\n\t\t\t<div class=\"elementor-widget-wrap elementor-element-populated\">\n\t\t\t\t\t\t<div class=\"elementor-element elementor-element-5386882 elementor-widget-divider--view-line elementor-widget elementor-widget-divider\" data-id=\"5386882\" data-element_type=\"widget\" data-widget_type=\"divider.default\">\n\t\t\t\t<div class=\"elementor-widget-container\">\n\t\t\t\t\t\t\t<div class=\"elementor-divider\">\n\t\t\t<span class=\"elementor-divider-separator\">\n\t\t\t\t\t\t<\/span>\n\t\t<\/div>\n\t\t\t\t\t\t<\/div>\n\t\t\t\t<\/div>\n\t\t\t\t<div class=\"elementor-element elementor-element-7fb5a58 elementor-widget elementor-widget-text-editor\" data-id=\"7fb5a58\" data-element_type=\"widget\" data-widget_type=\"text-editor.default\">\n\t\t\t\t<div class=\"elementor-widget-container\">\n\t\t\t\t\t\t\t\t\t<h2>Haroldin laulut<\/h2>\t\t\t\t\t\t\t\t<\/div>\n\t\t\t\t<\/div>\n\t\t\t\t<section class=\"elementor-section elementor-inner-section elementor-element elementor-element-2ba6c22 elementor-section-boxed elementor-section-height-default elementor-section-height-default\" data-id=\"2ba6c22\" data-element_type=\"section\">\n\t\t\t\t\t\t<div class=\"elementor-container elementor-column-gap-default\">\n\t\t\t\t\t<div class=\"elementor-column elementor-col-66 elementor-inner-column elementor-element elementor-element-030799e\" data-id=\"030799e\" data-element_type=\"column\">\n\t\t\t<div class=\"elementor-widget-wrap elementor-element-populated\">\n\t\t\t\t\t\t<div class=\"elementor-element elementor-element-1f4079d elementor-widget elementor-widget-text-editor\" data-id=\"1f4079d\" data-element_type=\"widget\" data-widget_type=\"text-editor.default\">\n\t\t\t\t<div class=\"elementor-widget-container\">\n\t\t\t\t\t\t\t\t\t<p><a href=\"https:\/\/koulutuselamaan.fi\/fi\/harold-laulut\/\"><b>Kuuntele<\/b><\/a><\/p><div><div>\u00a0<\/div><\/div>\t\t\t\t\t\t\t\t<\/div>\n\t\t\t\t<\/div>\n\t\t\t\t\t<\/div>\n\t\t<\/div>\n\t\t\t\t<div class=\"elementor-column elementor-col-33 elementor-inner-column elementor-element elementor-element-e6b4eeb\" data-id=\"e6b4eeb\" data-element_type=\"column\">\n\t\t\t<div class=\"elementor-widget-wrap elementor-element-populated\">\n\t\t\t\t\t\t<div class=\"elementor-element elementor-element-270274d elementor-widget elementor-widget-image\" data-id=\"270274d\" data-element_type=\"widget\" data-widget_type=\"image.default\">\n\t\t\t\t<div class=\"elementor-widget-container\">\n\t\t\t\t\t\t\t\t\t\t\t\t\t\t\t<img decoding=\"async\" width=\"300\" height=\"300\" src=\"https:\/\/koulutuselamaan.fi\/wp-content\/uploads\/2021\/05\/Musiikki.jpeg\" class=\"attachment-medium size-medium wp-image-3180\" alt=\"\" srcset=\"https:\/\/koulutuselamaan.fi\/wp-content\/uploads\/2021\/05\/Musiikki.jpeg 300w, https:\/\/koulutuselamaan.fi\/wp-content\/uploads\/2021\/05\/Musiikki-100x100.jpeg 100w, https:\/\/koulutuselamaan.fi\/wp-content\/uploads\/2021\/05\/Musiikki-150x150.jpeg 150w, https:\/\/koulutuselamaan.fi\/wp-content\/uploads\/2021\/05\/Musiikki-12x12.jpeg 12w, https:\/\/koulutuselamaan.fi\/wp-content\/uploads\/2021\/05\/Musiikki-75x75.jpeg 75w\" sizes=\"(max-width: 300px) 100vw, 300px\" \/>\t\t\t\t\t\t\t\t\t\t\t\t\t\t\t<\/div>\n\t\t\t\t<\/div>\n\t\t\t\t\t<\/div>\n\t\t<\/div>\n\t\t\t\t\t<\/div>\n\t\t<\/section>\n\t\t\t\t\t<\/div>\n\t\t<\/div>\n\t\t\t\t\t<\/div>\n\t\t<\/section>\n\t\t\t\t<section class=\"elementor-section elementor-top-section elementor-element elementor-element-c9a02ef elementor-section-boxed elementor-section-height-default elementor-section-height-default\" data-id=\"c9a02ef\" data-element_type=\"section\">\n\t\t\t\t\t\t<div class=\"elementor-container elementor-column-gap-default\">\n\t\t\t\t\t<div class=\"elementor-column elementor-col-100 elementor-top-column elementor-element elementor-element-65b8e25\" data-id=\"65b8e25\" data-element_type=\"column\">\n\t\t\t<div class=\"elementor-widget-wrap elementor-element-populated\">\n\t\t\t\t\t\t<div class=\"elementor-element elementor-element-ef3092b elementor-widget-divider--view-line elementor-widget elementor-widget-divider\" data-id=\"ef3092b\" data-element_type=\"widget\" data-widget_type=\"divider.default\">\n\t\t\t\t<div class=\"elementor-widget-container\">\n\t\t\t\t\t\t\t<div class=\"elementor-divider\">\n\t\t\t<span class=\"elementor-divider-separator\">\n\t\t\t\t\t\t<\/span>\n\t\t<\/div>\n\t\t\t\t\t\t<\/div>\n\t\t\t\t<\/div>\n\t\t\t\t<div class=\"elementor-element elementor-element-394ebbb elementor-widget elementor-widget-text-editor\" data-id=\"394ebbb\" data-element_type=\"widget\" data-widget_type=\"text-editor.default\">\n\t\t\t\t<div class=\"elementor-widget-container\">\n\t\t\t\t\t\t\t\t\t<h2>Digiteht\u00e4v\u00e4t<\/h2>\t\t\t\t\t\t\t\t<\/div>\n\t\t\t\t<\/div>\n\t\t\t\t<section class=\"elementor-section elementor-inner-section elementor-element elementor-element-3c5e2e4 elementor-section-boxed elementor-section-height-default elementor-section-height-default\" data-id=\"3c5e2e4\" data-element_type=\"section\">\n\t\t\t\t\t\t<div class=\"elementor-container elementor-column-gap-default\">\n\t\t\t\t\t<div class=\"elementor-column elementor-col-66 elementor-inner-column elementor-element elementor-element-0d68234\" data-id=\"0d68234\" data-element_type=\"column\">\n\t\t\t<div class=\"elementor-widget-wrap elementor-element-populated\">\n\t\t\t\t\t\t<div class=\"elementor-element elementor-element-08e6afd elementor-widget elementor-widget-text-editor\" data-id=\"08e6afd\" data-element_type=\"widget\" data-widget_type=\"text-editor.default\">\n\t\t\t\t<div class=\"elementor-widget-container\">\n\t\t\t\t\t\t\t\t\t<p><a href=\"https:\/\/koulutuselamaan.fi\/digi-tehtava-tunne-muistipeli\/\"><strong>Pelaa tunnekuva- muistipeli\u00e4<\/strong><\/a><\/p><div><div><p>Ohje:\u00a0Tunnekuva-muistipeli. Etsi kuvaparit.<\/p><\/div><\/div>\t\t\t\t\t\t\t\t<\/div>\n\t\t\t\t<\/div>\n\t\t\t\t\t<\/div>\n\t\t<\/div>\n\t\t\t\t<div class=\"elementor-column elementor-col-33 elementor-inner-column elementor-element elementor-element-0e5e9f9\" data-id=\"0e5e9f9\" data-element_type=\"column\">\n\t\t\t<div class=\"elementor-widget-wrap elementor-element-populated\">\n\t\t\t\t\t\t<div class=\"elementor-element elementor-element-ff0e874 elementor-widget elementor-widget-image\" data-id=\"ff0e874\" data-element_type=\"widget\" data-widget_type=\"image.default\">\n\t\t\t\t<div class=\"elementor-widget-container\">\n\t\t\t\t\t\t\t\t\t\t\t\t\t\t\t<img decoding=\"async\" width=\"300\" height=\"300\" src=\"https:\/\/koulutuselamaan.fi\/wp-content\/uploads\/2021\/05\/onnistunut.jpg\" class=\"attachment-medium size-medium wp-image-3176\" alt=\"\" srcset=\"https:\/\/koulutuselamaan.fi\/wp-content\/uploads\/2021\/05\/onnistunut.jpg 300w, https:\/\/koulutuselamaan.fi\/wp-content\/uploads\/2021\/05\/onnistunut-100x100.jpg 100w, https:\/\/koulutuselamaan.fi\/wp-content\/uploads\/2021\/05\/onnistunut-150x150.jpg 150w, https:\/\/koulutuselamaan.fi\/wp-content\/uploads\/2021\/05\/onnistunut-12x12.jpg 12w, https:\/\/koulutuselamaan.fi\/wp-content\/uploads\/2021\/05\/onnistunut-75x75.jpg 75w\" sizes=\"(max-width: 300px) 100vw, 300px\" \/>\t\t\t\t\t\t\t\t\t\t\t\t\t\t\t<\/div>\n\t\t\t\t<\/div>\n\t\t\t\t\t<\/div>\n\t\t<\/div>\n\t\t\t\t\t<\/div>\n\t\t<\/section>\n\t\t\t\t<section class=\"elementor-section elementor-inner-section elementor-element elementor-element-dff0e7b elementor-section-boxed elementor-section-height-default elementor-section-height-default\" data-id=\"dff0e7b\" data-element_type=\"section\">\n\t\t\t\t\t\t<div class=\"elementor-container elementor-column-gap-default\">\n\t\t\t\t\t<div class=\"elementor-column elementor-col-66 elementor-inner-column elementor-element elementor-element-8c7b7f2\" data-id=\"8c7b7f2\" data-element_type=\"column\">\n\t\t\t<div class=\"elementor-widget-wrap elementor-element-populated\">\n\t\t\t\t\t\t<div class=\"elementor-element elementor-element-ea43f52 elementor-widget elementor-widget-text-editor\" data-id=\"ea43f52\" data-element_type=\"widget\" data-widget_type=\"text-editor.default\">\n\t\t\t\t<div class=\"elementor-widget-container\">\n\t\t\t\t\t\t\t\t\t<div><p><a href=\"https:\/\/koulutuselamaan.fi\/digi-tehtava-testaa-hyvinvointisi\/\"><strong>Testaa hyvinvointisi<\/strong><\/a><\/p><p>Ohje: Valitse vaihtoehdoista ne, jotka sopivat sinuun.<\/p><\/div>\t\t\t\t\t\t\t\t<\/div>\n\t\t\t\t<\/div>\n\t\t\t\t\t<\/div>\n\t\t<\/div>\n\t\t\t\t<div class=\"elementor-column elementor-col-33 elementor-inner-column elementor-element elementor-element-6e4c3cb\" data-id=\"6e4c3cb\" data-element_type=\"column\">\n\t\t\t<div class=\"elementor-widget-wrap elementor-element-populated\">\n\t\t\t\t\t\t<div class=\"elementor-element elementor-element-f3b16ad elementor-widget elementor-widget-image\" data-id=\"f3b16ad\" data-element_type=\"widget\" data-widget_type=\"image.default\">\n\t\t\t\t<div class=\"elementor-widget-container\">\n\t\t\t\t\t\t\t\t\t\t\t\t\t\t\t<img loading=\"lazy\" decoding=\"async\" width=\"300\" height=\"300\" src=\"https:\/\/koulutuselamaan.fi\/wp-content\/uploads\/2021\/05\/Halaaminen.jpg\" class=\"attachment-medium size-medium wp-image-3179\" alt=\"\" srcset=\"https:\/\/koulutuselamaan.fi\/wp-content\/uploads\/2021\/05\/Halaaminen.jpg 300w, https:\/\/koulutuselamaan.fi\/wp-content\/uploads\/2021\/05\/Halaaminen-100x100.jpg 100w, https:\/\/koulutuselamaan.fi\/wp-content\/uploads\/2021\/05\/Halaaminen-150x150.jpg 150w, https:\/\/koulutuselamaan.fi\/wp-content\/uploads\/2021\/05\/Halaaminen-12x12.jpg 12w, https:\/\/koulutuselamaan.fi\/wp-content\/uploads\/2021\/05\/Halaaminen-75x75.jpg 75w\" sizes=\"(max-width: 300px) 100vw, 300px\" \/>\t\t\t\t\t\t\t\t\t\t\t\t\t\t\t<\/div>\n\t\t\t\t<\/div>\n\t\t\t\t\t<\/div>\n\t\t<\/div>\n\t\t\t\t\t<\/div>\n\t\t<\/section>\n\t\t\t\t<section class=\"elementor-section elementor-inner-section elementor-element elementor-element-2f0bc44 elementor-section-boxed elementor-section-height-default elementor-section-height-default\" data-id=\"2f0bc44\" data-element_type=\"section\">\n\t\t\t\t\t\t<div class=\"elementor-container elementor-column-gap-default\">\n\t\t\t\t\t<div class=\"elementor-column elementor-col-66 elementor-inner-column elementor-element elementor-element-60991fd\" data-id=\"60991fd\" data-element_type=\"column\">\n\t\t\t<div class=\"elementor-widget-wrap elementor-element-populated\">\n\t\t\t\t\t\t<div class=\"elementor-element elementor-element-9efe6ec elementor-widget elementor-widget-text-editor\" data-id=\"9efe6ec\" data-element_type=\"widget\" data-widget_type=\"text-editor.default\">\n\t\t\t\t<div class=\"elementor-widget-container\">\n\t\t\t\t\t\t\t\t\t<div><p><a href=\"https:\/\/koulutuselamaan.fi\/digi-tehtava-tunnista-hedelmat\/\"><strong>Tunnista hedelm\u00e4t<\/strong><\/a><\/p><p>Ohje: Kuljeta hedelmien nimet paikoilleen<\/p><\/div>\t\t\t\t\t\t\t\t<\/div>\n\t\t\t\t<\/div>\n\t\t\t\t\t<\/div>\n\t\t<\/div>\n\t\t\t\t<div class=\"elementor-column elementor-col-33 elementor-inner-column elementor-element elementor-element-c2a9135\" data-id=\"c2a9135\" data-element_type=\"column\">\n\t\t\t<div class=\"elementor-widget-wrap elementor-element-populated\">\n\t\t\t\t\t\t<div class=\"elementor-element elementor-element-80f79cc elementor-widget elementor-widget-image\" data-id=\"80f79cc\" data-element_type=\"widget\" data-widget_type=\"image.default\">\n\t\t\t\t<div class=\"elementor-widget-container\">\n\t\t\t\t\t\t\t\t\t\t\t\t\t\t\t<img loading=\"lazy\" decoding=\"async\" width=\"300\" height=\"203\" src=\"https:\/\/koulutuselamaan.fi\/wp-content\/uploads\/2021\/05\/hedelmat-300x203.jpg\" class=\"attachment-medium size-medium wp-image-3178\" alt=\"\" srcset=\"https:\/\/koulutuselamaan.fi\/wp-content\/uploads\/2021\/05\/hedelmat-300x203.jpg 300w, https:\/\/koulutuselamaan.fi\/wp-content\/uploads\/2021\/05\/hedelmat-600x406.jpg 600w, https:\/\/koulutuselamaan.fi\/wp-content\/uploads\/2021\/05\/hedelmat-1024x693.jpg 1024w, https:\/\/koulutuselamaan.fi\/wp-content\/uploads\/2021\/05\/hedelmat-768x519.jpg 768w, https:\/\/koulutuselamaan.fi\/wp-content\/uploads\/2021\/05\/hedelmat-16x12.jpg 16w, https:\/\/koulutuselamaan.fi\/wp-content\/uploads\/2021\/05\/hedelmat-1080x730.jpg 1080w, https:\/\/koulutuselamaan.fi\/wp-content\/uploads\/2021\/05\/hedelmat.jpg 1452w\" sizes=\"(max-width: 300px) 100vw, 300px\" \/>\t\t\t\t\t\t\t\t\t\t\t\t\t\t\t<\/div>\n\t\t\t\t<\/div>\n\t\t\t\t\t<\/div>\n\t\t<\/div>\n\t\t\t\t\t<\/div>\n\t\t<\/section>\n\t\t\t\t\t<\/div>\n\t\t<\/div>\n\t\t\t\t\t<\/div>\n\t\t<\/section>\n\t\t\t\t<\/div>\n\t\t","protected":false},"excerpt":{"rendered":"<p>Lapsille Pelaa Harold-peli\u00e4 Auta Harold-kirahvia tekem\u00e4\u00e4n hyvi\u00e4 valintoja t\u00e4ss\u00e4 hauskassa peliss\u00e4! Voit pelata peli\u00e4 joko tietokoneella, puhelimella tai tabletilla. Voit my\u00f6s pyyt\u00e4\u00e4 aikuisen tai kaverin miettim\u00e4\u00e4n peliss\u00e4 teht\u00e4vi\u00e4 valintoja kanssasi. Pelaa Katso ohjeet Haroldin laulut Kuuntele \u00a0 Digiteht\u00e4v\u00e4t Pelaa tunnekuva- muistipeli\u00e4 Ohje:\u00a0Tunnekuva-muistipeli. Etsi kuvaparit. Testaa hyvinvointisi Ohje: Valitse vaihtoehdoista ne, jotka sopivat sinuun. Tunnista hedelm\u00e4t &hellip; <a href=\"https:\/\/koulutuselamaan.fi\/fi\/lapsille-2\/\" class=\"more-link\">Jatka artikkeliin <span class=\"screen-reader-text\">Lapsille<\/span><\/a><\/p>\n","protected":false},"author":1,"featured_media":0,"parent":0,"menu_order":3,"comment_status":"closed","ping_status":"closed","template":"elementor_header_footer","meta":{"footnotes":""},"tags":[],"class_list":["post-317","page","type-page","status-publish","hentry","no-featured-image"],"jetpack_sharing_enabled":true,"_links":{"self":[{"href":"https:\/\/koulutuselamaan.fi\/fi\/wp-json\/wp\/v2\/pages\/317","targetHints":{"allow":["GET"]}}],"collection":[{"href":"https:\/\/koulutuselamaan.fi\/fi\/wp-json\/wp\/v2\/pages"}],"about":[{"href":"https:\/\/koulutuselamaan.fi\/fi\/wp-json\/wp\/v2\/types\/page"}],"author":[{"embeddable":true,"href":"https:\/\/koulutuselamaan.fi\/fi\/wp-json\/wp\/v2\/users\/1"}],"replies":[{"embeddable":true,"href":"https:\/\/koulutuselamaan.fi\/fi\/wp-json\/wp\/v2\/comments?post=317"}],"version-history":[{"count":56,"href":"https:\/\/koulutuselamaan.fi\/fi\/wp-json\/wp\/v2\/pages\/317\/revisions"}],"predecessor-version":[{"id":3186,"href":"https:\/\/koulutuselamaan.fi\/fi\/wp-json\/wp\/v2\/pages\/317\/revisions\/3186"}],"wp:attachment":[{"href":"https:\/\/koulutuselamaan.fi\/fi\/wp-json\/wp\/v2\/media?parent=317"}],"wp:term":[{"taxonomy":"post_tag","embeddable":true,"href":"https:\/\/koulutuselamaan.fi\/fi\/wp-json\/wp\/v2\/tags?post=317"}],"curies":[{"name":"wp","href":"https:\/\/api.w.org\/{rel}","templated":true}]}}