{"id":3120,"date":"2021-05-05T12:19:26","date_gmt":"2021-05-05T09:19:26","guid":{"rendered":"https:\/\/koulutuselamaan.fi\/?page_id=3120"},"modified":"2025-07-29T14:53:19","modified_gmt":"2025-07-29T11:53:19","slug":"6-luokka-2","status":"publish","type":"page","link":"https:\/\/koulutuselamaan.fi\/fi\/6-luokka-2\/","title":{"rendered":"6.luokka: Valinnat"},"content":{"rendered":"\t\t<div data-elementor-type=\"wp-page\" data-elementor-id=\"3120\" class=\"elementor elementor-3120\" data-elementor-post-type=\"page\">\n\t\t\t\t\t\t<section class=\"elementor-section elementor-top-section elementor-element elementor-element-df95599 elementor-section-boxed elementor-section-height-default elementor-section-height-default\" data-id=\"df95599\" data-element_type=\"section\">\n\t\t\t\t\t\t<div class=\"elementor-container elementor-column-gap-default\">\n\t\t\t\t\t<div class=\"elementor-column elementor-col-100 elementor-top-column elementor-element elementor-element-1cb5bc9\" data-id=\"1cb5bc9\" data-element_type=\"column\">\n\t\t\t<div class=\"elementor-widget-wrap elementor-element-populated\">\n\t\t\t\t\t\t<div class=\"elementor-element elementor-element-9110fca elementor-widget elementor-widget-heading\" data-id=\"9110fca\" data-element_type=\"widget\" data-widget_type=\"heading.default\">\n\t\t\t\t<div class=\"elementor-widget-container\">\n\t\t\t\t\t<h2 class=\"elementor-heading-title elementor-size-default\">Lis\u00e4teht\u00e4v\u00e4t<\/h2>\t\t\t\t<\/div>\n\t\t\t\t<\/div>\n\t\t\t\t\t<\/div>\n\t\t<\/div>\n\t\t\t\t\t<\/div>\n\t\t<\/section>\n\t\t\t\t<section class=\"elementor-section elementor-top-section elementor-element elementor-element-ba3913e elementor-section-boxed elementor-section-height-default elementor-section-height-default\" data-id=\"ba3913e\" data-element_type=\"section\">\n\t\t\t\t\t\t<div class=\"elementor-container elementor-column-gap-default\">\n\t\t\t\t\t<div class=\"elementor-column elementor-col-100 elementor-top-column elementor-element elementor-element-c234acb\" data-id=\"c234acb\" data-element_type=\"column\">\n\t\t\t<div class=\"elementor-widget-wrap elementor-element-populated\">\n\t\t\t\t\t\t<div class=\"elementor-element elementor-element-91dbc7d elementor-widget elementor-widget-text-editor\" data-id=\"91dbc7d\" data-element_type=\"widget\" data-widget_type=\"text-editor.default\">\n\t\t\t\t<div class=\"elementor-widget-container\">\n\t\t\t\t\t\t\t\t\t<p>Hei opettaja! T\u00e4\u00e4lt\u00e4 l\u00f6yd\u00e4t lis\u00e4teht\u00e4vi\u00e4 opetuksesi tueksi. Teht\u00e4vi\u00e4 voi k\u00e4ytt\u00e4\u00e4 orientoivana materiaalina ennen Koulutus El\u00e4m\u00e4\u00e4n- opetusta tai opetuksen j\u00e4lkeiseen aiheen kertaukseen ja syvent\u00e4miseen.<\/p><p><strong>Pelilliset teht\u00e4v\u00e4t:<\/strong><\/p><p><a href=\"https:\/\/koulutuselamaan.fi\/fi\/testaa-hyvinvointisi\/\">Testaa hyvinvointisi<\/a><\/p><p><a href=\"https:\/\/koulutuselamaan.fi\/fi\/tunnesaatelyn-keinoja\/\">Tunnes\u00e4\u00e4telyn keinoja<\/a><\/p><p><strong>Tulostettavia yms:<\/strong><\/p><p><a href=\"https:\/\/koulutuselamaan.fi\/wp-content\/uploads\/2021\/06\/Ideoita-aiheen-kasittelyyn-Valinnat.pdf\">Ideoita aiheen k\u00e4sittelyyn; Valinnat<\/a><\/p><p><a href=\"https:\/\/koulutuselamaan.fi\/wp-content\/uploads\/2021\/06\/Valinnat-ja-tunteet.pdf\">Valinnat ja tunteet<\/a><\/p><p><a href=\"https:\/\/koulutuselamaan.fi\/wp-content\/uploads\/2023\/10\/fiksu-valinta-.pdf\">Fiksu valinta sarjakuva<\/a><\/p><p><a href=\"https:\/\/koulutuselamaan.fi\/wp-content\/uploads\/2023\/10\/Katse-tulevaisuuteen.pdf\">Katse tulevaisuuteen<\/a><\/p><p><a href=\"https:\/\/koulutuselamaan.fi\/wp-content\/uploads\/2025\/04\/6lk-hormoni-valinnat.pdf\">Valinnat omaan hyvinvointiin<\/a><\/p><p><a href=\"https:\/\/koulutuselamaan.fi\/wp-content\/uploads\/2021\/08\/Laakkeet.pdf\">L\u00e4\u00e4kkeet<\/a><\/p><p><a href=\"https:\/\/koulutuselamaan.fi\/wp-content\/uploads\/2021\/06\/Riippuvuus-ja-kannabis.pdf\">Riippuvuus ja kannabis<\/a>\u00a0(teht\u00e4v\u00e4 liittyen riippuvuuksiin ja kannabiksen haittoihin sek\u00e4 pieni tietoisku aiheista)<\/p>\t\t\t\t\t\t\t\t<\/div>\n\t\t\t\t<\/div>\n\t\t\t\t\t<\/div>\n\t\t<\/div>\n\t\t\t\t\t<\/div>\n\t\t<\/section>\n\t\t\t\t<section class=\"elementor-section elementor-top-section elementor-element elementor-element-83cc2e5 elementor-section-boxed elementor-section-height-default elementor-section-height-default\" data-id=\"83cc2e5\" data-element_type=\"section\">\n\t\t\t\t\t\t<div class=\"elementor-container elementor-column-gap-default\">\n\t\t\t\t\t<div class=\"elementor-column elementor-col-100 elementor-top-column elementor-element elementor-element-d8edddc\" data-id=\"d8edddc\" data-element_type=\"column\">\n\t\t\t<div class=\"elementor-widget-wrap elementor-element-populated\">\n\t\t\t\t\t\t<div class=\"elementor-element elementor-element-6bf9b76 elementor-widget elementor-widget-heading\" data-id=\"6bf9b76\" data-element_type=\"widget\" data-widget_type=\"heading.default\">\n\t\t\t\t<div class=\"elementor-widget-container\">\n\t\t\t\t\t<h2 class=\"elementor-heading-title elementor-size-default\">Harold- hyvinvointiaiheinen peli<\/h2>\t\t\t\t<\/div>\n\t\t\t\t<\/div>\n\t\t\t\t<div class=\"elementor-element elementor-element-ee39490 elementor-widget elementor-widget-text-editor\" data-id=\"ee39490\" data-element_type=\"widget\" data-widget_type=\"text-editor.default\">\n\t\t\t\t<div class=\"elementor-widget-container\">\n\t\t\t\t\t\t\t\t\t<p style=\"caret-color: #000000; color: #000000;\">Anna oppilaille teht\u00e4v\u00e4ksi pelata vanhempien kanssa Harold -peli\u00e4 tai pelatkaa peli\u00e4 koulussa.<\/p>\n<p style=\"caret-color: #000000; color: #000000;\"><a href=\"http:\/\/koulutuselamaan.fi\/fi\/lapsille-2\/harold-pelin-ohjeet\/\">Ohjeet Harold -peliin<\/a><\/p>\n<p style=\"caret-color: #000000; color: #000000;\"><a href=\"https:\/\/koulutuselamaan.fi\/harold-peli\/\">Suoraan peliin t\u00e4st\u00e4: Harold -peli<\/a>\u00a0<br \/>Tai\u00a0 linkki n\u00e4pytelt\u00e4v\u00e4ksi: <a style=\"background-color: #ffffff;\" href=\"http:\/\/www.koulutuselamaan.fi\/harold-peli\">www.koulutuselamaan.fi\/harold-peli\/<\/a><\/p>\t\t\t\t\t\t\t\t<\/div>\n\t\t\t\t<\/div>\n\t\t\t\t\t<\/div>\n\t\t<\/div>\n\t\t\t\t\t<\/div>\n\t\t<\/section>\n\t\t\t\t<\/div>\n\t\t","protected":false},"excerpt":{"rendered":"<p>Lis\u00e4teht\u00e4v\u00e4t Hei opettaja! T\u00e4\u00e4lt\u00e4 l\u00f6yd\u00e4t lis\u00e4teht\u00e4vi\u00e4 opetuksesi tueksi. Teht\u00e4vi\u00e4 voi k\u00e4ytt\u00e4\u00e4 orientoivana materiaalina ennen Koulutus El\u00e4m\u00e4\u00e4n- opetusta tai opetuksen j\u00e4lkeiseen aiheen kertaukseen ja syvent\u00e4miseen. Pelilliset teht\u00e4v\u00e4t: Testaa hyvinvointisi Tunnes\u00e4\u00e4telyn keinoja Tulostettavia yms: Ideoita aiheen k\u00e4sittelyyn; Valinnat Valinnat ja tunteet Fiksu valinta sarjakuva Katse tulevaisuuteen Valinnat omaan hyvinvointiin L\u00e4\u00e4kkeet Riippuvuus ja kannabis\u00a0(teht\u00e4v\u00e4 liittyen riippuvuuksiin ja kannabiksen &hellip; <a href=\"https:\/\/koulutuselamaan.fi\/fi\/6-luokka-2\/\" class=\"more-link\">Jatka artikkeliin <span class=\"screen-reader-text\">6.luokka: Valinnat<\/span><\/a><\/p>\n","protected":false},"author":5,"featured_media":0,"parent":0,"menu_order":0,"comment_status":"closed","ping_status":"closed","template":"","meta":{"footnotes":""},"tags":[],"class_list":["post-3120","page","type-page","status-publish","hentry","no-featured-image"],"jetpack_sharing_enabled":true,"_links":{"self":[{"href":"https:\/\/koulutuselamaan.fi\/fi\/wp-json\/wp\/v2\/pages\/3120","targetHints":{"allow":["GET"]}}],"collection":[{"href":"https:\/\/koulutuselamaan.fi\/fi\/wp-json\/wp\/v2\/pages"}],"about":[{"href":"https:\/\/koulutuselamaan.fi\/fi\/wp-json\/wp\/v2\/types\/page"}],"author":[{"embeddable":true,"href":"https:\/\/koulutuselamaan.fi\/fi\/wp-json\/wp\/v2\/users\/5"}],"replies":[{"embeddable":true,"href":"https:\/\/koulutuselamaan.fi\/fi\/wp-json\/wp\/v2\/comments?post=3120"}],"version-history":[{"count":85,"href":"https:\/\/koulutuselamaan.fi\/fi\/wp-json\/wp\/v2\/pages\/3120\/revisions"}],"predecessor-version":[{"id":5910,"href":"https:\/\/koulutuselamaan.fi\/fi\/wp-json\/wp\/v2\/pages\/3120\/revisions\/5910"}],"wp:attachment":[{"href":"https:\/\/koulutuselamaan.fi\/fi\/wp-json\/wp\/v2\/media?parent=3120"}],"wp:term":[{"taxonomy":"post_tag","embeddable":true,"href":"https:\/\/koulutuselamaan.fi\/fi\/wp-json\/wp\/v2\/tags?post=3120"}],"curies":[{"name":"wp","href":"https:\/\/api.w.org\/{rel}","templated":true}]}}