{"id":3114,"date":"2021-05-05T12:18:19","date_gmt":"2021-05-05T09:18:19","guid":{"rendered":"https:\/\/koulutuselamaan.fi\/?page_id=3114"},"modified":"2025-08-04T13:24:51","modified_gmt":"2025-08-04T10:24:51","slug":"4-luokka","status":"publish","type":"page","link":"https:\/\/koulutuselamaan.fi\/fi\/4-luokka\/","title":{"rendered":"4.luokka: Yst\u00e4v\u00e4t"},"content":{"rendered":"\t\t<div data-elementor-type=\"wp-page\" data-elementor-id=\"3114\" class=\"elementor elementor-3114\" data-elementor-post-type=\"page\">\n\t\t\t\t\t\t<section class=\"elementor-section elementor-top-section elementor-element elementor-element-907e96d elementor-section-boxed elementor-section-height-default elementor-section-height-default\" data-id=\"907e96d\" data-element_type=\"section\">\n\t\t\t\t\t\t<div class=\"elementor-container elementor-column-gap-default\">\n\t\t\t\t\t<div class=\"elementor-column elementor-col-100 elementor-top-column elementor-element elementor-element-8576c32\" data-id=\"8576c32\" data-element_type=\"column\">\n\t\t\t<div class=\"elementor-widget-wrap elementor-element-populated\">\n\t\t\t\t\t\t<div class=\"elementor-element elementor-element-557e5ef elementor-widget elementor-widget-heading\" data-id=\"557e5ef\" data-element_type=\"widget\" data-widget_type=\"heading.default\">\n\t\t\t\t<div class=\"elementor-widget-container\">\n\t\t\t\t\t<h2 class=\"elementor-heading-title elementor-size-default\">Lis\u00e4teht\u00e4v\u00e4t<\/h2>\t\t\t\t<\/div>\n\t\t\t\t<\/div>\n\t\t\t\t<div class=\"elementor-element elementor-element-ae2de37 elementor-widget elementor-widget-text-editor\" data-id=\"ae2de37\" data-element_type=\"widget\" data-widget_type=\"text-editor.default\">\n\t\t\t\t<div class=\"elementor-widget-container\">\n\t\t\t\t\t\t\t\t\t<p>Hei opettaja! T\u00e4\u00e4lt\u00e4 l\u00f6yd\u00e4t lis\u00e4teht\u00e4vi\u00e4 opetuksesi tueksi. Teht\u00e4vi\u00e4 voi k\u00e4ytt\u00e4\u00e4 orientoivana materiaalina ennen Koulutus El\u00e4m\u00e4\u00e4n- opetusta tai opetuksien j\u00e4lkeiseen aiheen kertaukseen ja syvent\u00e4miseen.<\/p><p><strong>Pelilliset teht\u00e4v\u00e4t:<\/strong><\/p><p><a href=\"https:\/\/koulutuselamaan.fi\/ystavyystarina\/\">Yst\u00e4vyys -tarina<\/a><\/p><p><a href=\"https:\/\/koulutuselamaan.fi\/fi\/hyvinvointi-muistipeli\/\">Hyvinvointi -muistipeli<\/a><\/p><p><a href=\"https:\/\/koulutuselamaan.fi\/fi\/testaa-hyvinvointisi\/\">Testaa hyvinvointisi<\/a><\/p><p><strong>Tulostettavat yms.:<\/strong><\/p><p><a href=\"https:\/\/koulutuselamaan.fi\/wp-content\/uploads\/2023\/10\/Ideat-4-lk.pdf\">Ideoita aiheen k\u00e4sittelyn: Yst\u00e4v\u00e4t<\/a><\/p><p><a href=\"https:\/\/koulutuselamaan.fi\/wp-content\/uploads\/2021\/06\/Ystavat.pdf\">Yst\u00e4v\u00e4t<\/a><\/p><p><a href=\"https:\/\/koulutuselamaan.fi\/wp-content\/uploads\/2021\/06\/Ystavaa-auttamassa.pdf\">Yst\u00e4v\u00e4\u00e4 auttamassa<\/a><\/p><p><a href=\"https:\/\/koulutuselamaan.fi\/wp-content\/uploads\/2021\/06\/Kehon-jarjestelmat.pdf\">Kehon j\u00e4rjestelm\u00e4t<\/a><\/p><p><a href=\"https:\/\/koulutuselamaan.fi\/wp-content\/uploads\/2023\/10\/Minaviestit-4-lk.pdf\">Min\u00e4viestit<\/a><\/p><p><a href=\"https:\/\/koulutuselamaan.fi\/wp-content\/uploads\/2025\/04\/Terveellisen-elaman-kolmio-4-lk.pdf\">Terveellisen ela\u0308ma\u0308n kolmio<\/a><\/p><p><a href=\"https:\/\/koulutuselamaan.fi\/wp-content\/uploads\/2025\/04\/Agenttitehtava-haaste-ehka-nelosille.pdf\">Agenttitehta\u0308va\u0308 <\/a><\/p>\t\t\t\t\t\t\t\t<\/div>\n\t\t\t\t<\/div>\n\t\t\t\t\t<\/div>\n\t\t<\/div>\n\t\t\t\t\t<\/div>\n\t\t<\/section>\n\t\t\t\t<section class=\"elementor-section elementor-top-section elementor-element elementor-element-ad0fe5a elementor-section-boxed elementor-section-height-default elementor-section-height-default\" data-id=\"ad0fe5a\" data-element_type=\"section\">\n\t\t\t\t\t\t<div class=\"elementor-container elementor-column-gap-default\">\n\t\t\t\t\t<div class=\"elementor-column elementor-col-100 elementor-top-column elementor-element elementor-element-16babc7\" data-id=\"16babc7\" data-element_type=\"column\">\n\t\t\t<div class=\"elementor-widget-wrap elementor-element-populated\">\n\t\t\t\t\t\t<div class=\"elementor-element elementor-element-774f5d6 elementor-widget elementor-widget-heading\" data-id=\"774f5d6\" data-element_type=\"widget\" data-widget_type=\"heading.default\">\n\t\t\t\t<div class=\"elementor-widget-container\">\n\t\t\t\t\t<h2 class=\"elementor-heading-title elementor-size-default\">Harold- hyvinvointiaiheinen peli<\/h2>\t\t\t\t<\/div>\n\t\t\t\t<\/div>\n\t\t\t\t<div class=\"elementor-element elementor-element-64a4a98 elementor-widget elementor-widget-text-editor\" data-id=\"64a4a98\" data-element_type=\"widget\" data-widget_type=\"text-editor.default\">\n\t\t\t\t<div class=\"elementor-widget-container\">\n\t\t\t\t\t\t\t\t\t<p style=\"caret-color: #000000; color: #000000;\">Anna oppilaille teht\u00e4v\u00e4ksi pelata vanhempien kanssa Harold -peli\u00e4 tai pelatkaa peli\u00e4 koulussa.<\/p><p style=\"caret-color: #000000; color: #000000;\"><a href=\"http:\/\/koulutuselamaan.fi\/fi\/lapsille-2\/harold-pelin-ohjeet\/\">Ohjeet Harold -peliin<\/a><\/p><p style=\"caret-color: #000000; color: #000000;\"><a href=\"https:\/\/koulutuselamaan.fi\/harold-peli\/\">Suoraan peliin t\u00e4st\u00e4: Harold -peli<\/a>\u00a0<br \/>Tai\u00a0 linkki n\u00e4pytelt\u00e4v\u00e4ksi: <a style=\"background-color: #ffffff;\" href=\"http:\/\/www.koulutuselamaan.fi\/harold-peli\">www.koulutuselamaan.fi\/harold-peli\/<\/a><\/p><p style=\"caret-color: #000000; color: #000000;\">\u00a0<\/p>\t\t\t\t\t\t\t\t<\/div>\n\t\t\t\t<\/div>\n\t\t\t\t\t<\/div>\n\t\t<\/div>\n\t\t\t\t\t<\/div>\n\t\t<\/section>\n\t\t\t\t<section class=\"elementor-section elementor-top-section elementor-element elementor-element-32d319c elementor-section-boxed elementor-section-height-default elementor-section-height-default\" data-id=\"32d319c\" data-element_type=\"section\">\n\t\t\t\t\t\t<div class=\"elementor-container elementor-column-gap-default\">\n\t\t\t\t\t<div class=\"elementor-column elementor-col-100 elementor-top-column elementor-element elementor-element-368c43a\" data-id=\"368c43a\" data-element_type=\"column\">\n\t\t\t<div class=\"elementor-widget-wrap elementor-element-populated\">\n\t\t\t\t\t\t<div class=\"elementor-element elementor-element-2f503e5 elementor-widget elementor-widget-heading\" data-id=\"2f503e5\" data-element_type=\"widget\" data-widget_type=\"heading.default\">\n\t\t\t\t<div class=\"elementor-widget-container\">\n\t\t\t\t\t<h2 class=\"elementor-heading-title elementor-size-default\">Video 1, Yst\u00e4vyys (3min 51s)<\/h2>\t\t\t\t<\/div>\n\t\t\t\t<\/div>\n\t\t\t\t\t<\/div>\n\t\t<\/div>\n\t\t\t\t\t<\/div>\n\t\t<\/section>\n\t\t\t\t<section class=\"elementor-section elementor-top-section elementor-element elementor-element-60a42b0 elementor-section-boxed elementor-section-height-default elementor-section-height-default\" data-id=\"60a42b0\" data-element_type=\"section\">\n\t\t\t\t\t\t<div class=\"elementor-container elementor-column-gap-default\">\n\t\t\t\t\t<div class=\"elementor-column elementor-col-100 elementor-top-column elementor-element elementor-element-137eebe\" data-id=\"137eebe\" data-element_type=\"column\">\n\t\t\t<div class=\"elementor-widget-wrap elementor-element-populated\">\n\t\t\t\t\t\t<div class=\"elementor-element elementor-element-1e843ad elementor-widget elementor-widget-video\" data-id=\"1e843ad\" data-element_type=\"widget\" data-settings=\"{&quot;youtube_url&quot;:&quot;https:\\\/\\\/youtu.be\\\/02gjMj4jCT4&quot;,&quot;video_type&quot;:&quot;youtube&quot;,&quot;controls&quot;:&quot;yes&quot;}\" data-widget_type=\"video.default\">\n\t\t\t\t<div class=\"elementor-widget-container\">\n\t\t\t\t\t\t\t<div class=\"elementor-wrapper elementor-open-inline\">\n\t\t\t<div class=\"elementor-video\"><\/div>\t\t<\/div>\n\t\t\t\t\t\t<\/div>\n\t\t\t\t<\/div>\n\t\t\t\t\t<\/div>\n\t\t<\/div>\n\t\t\t\t\t<\/div>\n\t\t<\/section>\n\t\t\t\t<section class=\"elementor-section elementor-top-section elementor-element elementor-element-906dc88 elementor-section-boxed elementor-section-height-default elementor-section-height-default\" data-id=\"906dc88\" data-element_type=\"section\">\n\t\t\t\t\t\t<div class=\"elementor-container elementor-column-gap-default\">\n\t\t\t\t\t<div class=\"elementor-column elementor-col-100 elementor-top-column elementor-element elementor-element-83f9aa1\" data-id=\"83f9aa1\" data-element_type=\"column\">\n\t\t\t<div class=\"elementor-widget-wrap elementor-element-populated\">\n\t\t\t\t\t\t<div class=\"elementor-element elementor-element-683c9ef elementor-widget elementor-widget-heading\" data-id=\"683c9ef\" data-element_type=\"widget\" data-widget_type=\"heading.default\">\n\t\t\t\t<div class=\"elementor-widget-container\">\n\t\t\t\t\t<h2 class=\"elementor-heading-title elementor-size-default\">Video 2, Kiusaaminen ja kiusoittelu (3min 38s)<\/h2>\t\t\t\t<\/div>\n\t\t\t\t<\/div>\n\t\t\t\t\t<\/div>\n\t\t<\/div>\n\t\t\t\t\t<\/div>\n\t\t<\/section>\n\t\t\t\t<section class=\"elementor-section elementor-top-section elementor-element elementor-element-4af9d4a elementor-section-boxed elementor-section-height-default elementor-section-height-default\" data-id=\"4af9d4a\" data-element_type=\"section\">\n\t\t\t\t\t\t<div class=\"elementor-container elementor-column-gap-default\">\n\t\t\t\t\t<div class=\"elementor-column elementor-col-100 elementor-top-column elementor-element elementor-element-b3b16a7\" data-id=\"b3b16a7\" data-element_type=\"column\">\n\t\t\t<div class=\"elementor-widget-wrap elementor-element-populated\">\n\t\t\t\t\t\t<div class=\"elementor-element elementor-element-2f2e19a elementor-widget elementor-widget-video\" data-id=\"2f2e19a\" data-element_type=\"widget\" data-settings=\"{&quot;youtube_url&quot;:&quot;https:\\\/\\\/youtu.be\\\/KNL7APImcfU&quot;,&quot;video_type&quot;:&quot;youtube&quot;,&quot;controls&quot;:&quot;yes&quot;}\" data-widget_type=\"video.default\">\n\t\t\t\t<div class=\"elementor-widget-container\">\n\t\t\t\t\t\t\t<div class=\"elementor-wrapper elementor-open-inline\">\n\t\t\t<div class=\"elementor-video\"><\/div>\t\t<\/div>\n\t\t\t\t\t\t<\/div>\n\t\t\t\t<\/div>\n\t\t\t\t\t<\/div>\n\t\t<\/div>\n\t\t\t\t\t<\/div>\n\t\t<\/section>\n\t\t\t\t<\/div>\n\t\t","protected":false},"excerpt":{"rendered":"<p>Lis\u00e4teht\u00e4v\u00e4t Hei opettaja! T\u00e4\u00e4lt\u00e4 l\u00f6yd\u00e4t lis\u00e4teht\u00e4vi\u00e4 opetuksesi tueksi. Teht\u00e4vi\u00e4 voi k\u00e4ytt\u00e4\u00e4 orientoivana materiaalina ennen Koulutus El\u00e4m\u00e4\u00e4n- opetusta tai opetuksien j\u00e4lkeiseen aiheen kertaukseen ja syvent\u00e4miseen. Pelilliset teht\u00e4v\u00e4t: Yst\u00e4vyys -tarina Hyvinvointi -muistipeli Testaa hyvinvointisi Tulostettavat yms.: Ideoita aiheen k\u00e4sittelyn: Yst\u00e4v\u00e4t Yst\u00e4v\u00e4t Yst\u00e4v\u00e4\u00e4 auttamassa Kehon j\u00e4rjestelm\u00e4t Min\u00e4viestit Terveellisen ela\u0308ma\u0308n kolmio Agenttitehta\u0308va\u0308 Harold- hyvinvointiaiheinen peli Anna oppilaille teht\u00e4v\u00e4ksi pelata &hellip; <a href=\"https:\/\/koulutuselamaan.fi\/fi\/4-luokka\/\" class=\"more-link\">Jatka artikkeliin <span class=\"screen-reader-text\">4.luokka: Yst\u00e4v\u00e4t<\/span><\/a><\/p>\n","protected":false},"author":5,"featured_media":0,"parent":0,"menu_order":0,"comment_status":"closed","ping_status":"closed","template":"","meta":{"footnotes":""},"tags":[],"class_list":["post-3114","page","type-page","status-publish","hentry","no-featured-image"],"jetpack_sharing_enabled":true,"_links":{"self":[{"href":"https:\/\/koulutuselamaan.fi\/fi\/wp-json\/wp\/v2\/pages\/3114","targetHints":{"allow":["GET"]}}],"collection":[{"href":"https:\/\/koulutuselamaan.fi\/fi\/wp-json\/wp\/v2\/pages"}],"about":[{"href":"https:\/\/koulutuselamaan.fi\/fi\/wp-json\/wp\/v2\/types\/page"}],"author":[{"embeddable":true,"href":"https:\/\/koulutuselamaan.fi\/fi\/wp-json\/wp\/v2\/users\/5"}],"replies":[{"embeddable":true,"href":"https:\/\/koulutuselamaan.fi\/fi\/wp-json\/wp\/v2\/comments?post=3114"}],"version-history":[{"count":52,"href":"https:\/\/koulutuselamaan.fi\/fi\/wp-json\/wp\/v2\/pages\/3114\/revisions"}],"predecessor-version":[{"id":5920,"href":"https:\/\/koulutuselamaan.fi\/fi\/wp-json\/wp\/v2\/pages\/3114\/revisions\/5920"}],"wp:attachment":[{"href":"https:\/\/koulutuselamaan.fi\/fi\/wp-json\/wp\/v2\/media?parent=3114"}],"wp:term":[{"taxonomy":"post_tag","embeddable":true,"href":"https:\/\/koulutuselamaan.fi\/fi\/wp-json\/wp\/v2\/tags?post=3114"}],"curies":[{"name":"wp","href":"https:\/\/api.w.org\/{rel}","templated":true}]}}