{"id":3096,"date":"2021-05-05T12:14:29","date_gmt":"2021-05-05T09:14:29","guid":{"rendered":"https:\/\/koulutuselamaan.fi\/?page_id=3096"},"modified":"2024-08-05T09:22:14","modified_gmt":"2024-08-05T06:22:14","slug":"paivakoti","status":"publish","type":"page","link":"https:\/\/koulutuselamaan.fi\/fi\/paivakoti\/","title":{"rendered":"P\u00e4iv\u00e4koti: Pid\u00e4n huolta itsest\u00e4ni (3-4v.) ja Kaikki minusta (5v.)"},"content":{"rendered":"\t\t<div data-elementor-type=\"wp-page\" data-elementor-id=\"3096\" class=\"elementor elementor-3096\" data-elementor-post-type=\"page\">\n\t\t\t\t\t\t<section class=\"elementor-section elementor-top-section elementor-element elementor-element-2dcbc59 elementor-section-boxed elementor-section-height-default elementor-section-height-default\" data-id=\"2dcbc59\" data-element_type=\"section\">\n\t\t\t\t\t\t<div class=\"elementor-container elementor-column-gap-default\">\n\t\t\t\t\t<div class=\"elementor-column elementor-col-100 elementor-top-column elementor-element elementor-element-c61344f\" data-id=\"c61344f\" data-element_type=\"column\">\n\t\t\t<div class=\"elementor-widget-wrap elementor-element-populated\">\n\t\t\t\t\t\t<div class=\"elementor-element elementor-element-f929cc4 elementor-widget elementor-widget-heading\" data-id=\"f929cc4\" data-element_type=\"widget\" data-widget_type=\"heading.default\">\n\t\t\t\t<div class=\"elementor-widget-container\">\n\t\t\t\t\t<h2 class=\"elementor-heading-title elementor-size-default\">Lis\u00e4teht\u00e4vi\u00e4<\/h2>\t\t\t\t<\/div>\n\t\t\t\t<\/div>\n\t\t\t\t<div class=\"elementor-element elementor-element-1a8e57e elementor-widget elementor-widget-text-editor\" data-id=\"1a8e57e\" data-element_type=\"widget\" data-widget_type=\"text-editor.default\">\n\t\t\t\t<div class=\"elementor-widget-container\">\n\t\t\t\t\t\t\t\t\t<p>Hei opettaja! T\u00e4\u00e4lt\u00e4 l\u00f6yd\u00e4t lis\u00e4teht\u00e4vi\u00e4 opetuksesi tueksi. Teht\u00e4vi\u00e4 voi k\u00e4ytt\u00e4\u00e4 orientoivana materiaalina ennen Koulutus El\u00e4m\u00e4\u00e4n- tuokioita tai \u00a0tuokioiden j\u00e4lkeiseen aiheiden kertaukseen ja syvent\u00e4miseen.<\/p><p><strong>Tulostettavat:<\/strong><\/p><p><a href=\"https:\/\/koulutuselamaan.fi\/wp-content\/uploads\/2021\/06\/Ideoita-aiheen-kasittelyyn-Kaikki-minusta.pdf\">Ideoita aiheen k\u00e4sittelyyn; Pid\u00e4n huolta itsest\u00e4ni ja Kaikki minusta<\/a><\/p><p><a href=\"https:\/\/koulutuselamaan.fi\/wp-content\/uploads\/2021\/06\/Kehoaiheisia-loruja-ja-lauluja.pdf\">Kehoaiheisia loruja ja lauluja<\/a><\/p><p><a href=\"https:\/\/koulutuselamaan.fi\/wp-content\/uploads\/2021\/06\/Haroldin-aamujumppa.pdf\">Haroldin aamujumppa<\/a><\/p><p><a href=\"https:\/\/koulutuselamaan.fi\/wp-content\/uploads\/2021\/06\/Varita-Harold.pdf\">V\u00e4rit\u00e4 Harold<\/a><\/p><p><a href=\"https:\/\/koulutuselamaan.fi\/wp-content\/uploads\/2022\/06\/Pakataan-reppu.pdf\">Pakataan y\u00f6kyl\u00e4\u00e4n reppu<\/a>\u00a0(Sokkeloteht\u00e4v\u00e4)<\/p><p><a href=\"https:\/\/koulutuselamaan.fi\/wp-content\/uploads\/2022\/06\/Auta-Harold-nallen-luo.pdf\">Auta Harold nallen luo<\/a>\u00a0(Sokkeloteht\u00e4v\u00e4)<\/p><p><a href=\"https:\/\/koulutuselamaan.fi\/wp-content\/uploads\/2022\/06\/Haroldin-iltatoimet.pdf\">Haroldin iltatoimet<\/a>\u00a0(Sokkeloteht\u00e4v\u00e4)<\/p><p><a href=\"https:\/\/koulutuselamaan.fi\/wp-content\/uploads\/2021\/06\/Pida-kehostasi-hyvaa-huolta.pdf\">Pid\u00e4 kehostasi hyv\u00e4\u00e4 huolta!<\/a>\u00a0(V\u00e4ritys ja tunnistus\/p\u00e4\u00e4ttelyteht\u00e4v\u00e4)<\/p><p><a href=\"https:\/\/koulutuselamaan.fi\/wp-content\/uploads\/2021\/06\/Monipuolinen-liikunta.pdf\">Monipuolinen liikunta<\/a>\u00a0(V\u00e4ritys ja tunnistus\/p\u00e4\u00e4ttelyteht\u00e4v\u00e4)<\/p><p><a href=\"https:\/\/koulutuselamaan.fi\/wp-content\/uploads\/2023\/10\/Ystavaa-auttamassaPK-1.pdf\">Yst\u00e4v\u00e4\u00e4 auttamassa (Piirrustusteht\u00e4v\u00e4)<\/a><\/p><p><b style=\"caret-color: #000000; color: #000000;\">Pelilliset teht\u00e4v\u00e4t (tarvitaan tabletti tai tietokone):<\/b><\/p><p style=\"caret-color: #000000; color: #000000;\"><a href=\"https:\/\/koulutuselamaan.fi\/?page_id=3286\">Tunnista hedelm\u00e4t<\/a><\/p><p style=\"caret-color: #000000; color: #000000;\"><a href=\"https:\/\/koulutuselamaan.fi\/muistipeli-tunteet\/\">Tunnekuva-muistipeli<\/a><\/p><p style=\"caret-color: #000000; color: #000000;\"><a href=\"https:\/\/koulutuselamaan.fi\/hyvinvointi-muistipeli\/\">Hyvinvointi -muistipeli<\/a><\/p>\t\t\t\t\t\t\t\t<\/div>\n\t\t\t\t<\/div>\n\t\t\t\t\t<\/div>\n\t\t<\/div>\n\t\t\t\t\t<\/div>\n\t\t<\/section>\n\t\t\t\t<section class=\"elementor-section elementor-top-section elementor-element elementor-element-d057810 elementor-section-boxed elementor-section-height-default elementor-section-height-default\" data-id=\"d057810\" data-element_type=\"section\">\n\t\t\t\t\t\t<div class=\"elementor-container elementor-column-gap-default\">\n\t\t\t\t\t<div class=\"elementor-column elementor-col-100 elementor-top-column elementor-element elementor-element-586b6d1\" data-id=\"586b6d1\" data-element_type=\"column\">\n\t\t\t<div class=\"elementor-widget-wrap elementor-element-populated\">\n\t\t\t\t\t\t<div class=\"elementor-element elementor-element-aeb716c elementor-widget elementor-widget-heading\" data-id=\"aeb716c\" data-element_type=\"widget\" data-widget_type=\"heading.default\">\n\t\t\t\t<div class=\"elementor-widget-container\">\n\t\t\t\t\t<h2 class=\"elementor-heading-title elementor-size-default\"><h2 style=\"white-space: normal\">Taukojumppa (3min 40s)<\/h2><\/h2>\t\t\t\t<\/div>\n\t\t\t\t<\/div>\n\t\t\t\t<div class=\"elementor-element elementor-element-57b03bb elementor-widget elementor-widget-video\" data-id=\"57b03bb\" data-element_type=\"widget\" data-settings=\"{&quot;youtube_url&quot;:&quot;https:\\\/\\\/youtu.be\\\/slwjuA9ylAE&quot;,&quot;video_type&quot;:&quot;youtube&quot;,&quot;controls&quot;:&quot;yes&quot;}\" data-widget_type=\"video.default\">\n\t\t\t\t<div class=\"elementor-widget-container\">\n\t\t\t\t\t\t\t<div class=\"elementor-wrapper elementor-open-inline\">\n\t\t\t<div class=\"elementor-video\"><\/div>\t\t<\/div>\n\t\t\t\t\t\t<\/div>\n\t\t\t\t<\/div>\n\t\t\t\t<div class=\"elementor-element elementor-element-9e50cd2 elementor-widget elementor-widget-heading\" data-id=\"9e50cd2\" data-element_type=\"widget\" data-widget_type=\"heading.default\">\n\t\t\t\t<div class=\"elementor-widget-container\">\n\t\t\t\t\t<h2 class=\"elementor-heading-title elementor-size-default\"><h2 style=\"white-space: normal\">Haroldin laulu (2min 27s)<\/h2><\/h2>\t\t\t\t<\/div>\n\t\t\t\t<\/div>\n\t\t\t\t<div class=\"elementor-element elementor-element-45dad4e elementor-widget elementor-widget-video\" data-id=\"45dad4e\" data-element_type=\"widget\" data-settings=\"{&quot;youtube_url&quot;:&quot;https:\\\/\\\/youtu.be\\\/N-wiroO_ubs&quot;,&quot;video_type&quot;:&quot;youtube&quot;,&quot;controls&quot;:&quot;yes&quot;}\" data-widget_type=\"video.default\">\n\t\t\t\t<div class=\"elementor-widget-container\">\n\t\t\t\t\t\t\t<div class=\"elementor-wrapper elementor-open-inline\">\n\t\t\t<div class=\"elementor-video\"><\/div>\t\t<\/div>\n\t\t\t\t\t\t<\/div>\n\t\t\t\t<\/div>\n\t\t\t\t\t<\/div>\n\t\t<\/div>\n\t\t\t\t\t<\/div>\n\t\t<\/section>\n\t\t\t\t<\/div>\n\t\t","protected":false},"excerpt":{"rendered":"<p>Lis\u00e4teht\u00e4vi\u00e4 Hei opettaja! T\u00e4\u00e4lt\u00e4 l\u00f6yd\u00e4t lis\u00e4teht\u00e4vi\u00e4 opetuksesi tueksi. Teht\u00e4vi\u00e4 voi k\u00e4ytt\u00e4\u00e4 orientoivana materiaalina ennen Koulutus El\u00e4m\u00e4\u00e4n- tuokioita tai \u00a0tuokioiden j\u00e4lkeiseen aiheiden kertaukseen ja syvent\u00e4miseen. Tulostettavat: Ideoita aiheen k\u00e4sittelyyn; Pid\u00e4n huolta itsest\u00e4ni ja Kaikki minusta Kehoaiheisia loruja ja lauluja Haroldin aamujumppa V\u00e4rit\u00e4 Harold Pakataan y\u00f6kyl\u00e4\u00e4n reppu\u00a0(Sokkeloteht\u00e4v\u00e4) Auta Harold nallen luo\u00a0(Sokkeloteht\u00e4v\u00e4) Haroldin iltatoimet\u00a0(Sokkeloteht\u00e4v\u00e4) Pid\u00e4 kehostasi hyv\u00e4\u00e4 huolta!\u00a0(V\u00e4ritys &hellip; <a href=\"https:\/\/koulutuselamaan.fi\/fi\/paivakoti\/\" class=\"more-link\">Jatka artikkeliin <span class=\"screen-reader-text\">P\u00e4iv\u00e4koti: Pid\u00e4n huolta itsest\u00e4ni (3-4v.) ja Kaikki minusta (5v.)<\/span><\/a><\/p>\n","protected":false},"author":5,"featured_media":0,"parent":0,"menu_order":0,"comment_status":"closed","ping_status":"closed","template":"","meta":{"footnotes":""},"tags":[],"class_list":["post-3096","page","type-page","status-publish","hentry","no-featured-image"],"jetpack_sharing_enabled":true,"_links":{"self":[{"href":"https:\/\/koulutuselamaan.fi\/fi\/wp-json\/wp\/v2\/pages\/3096","targetHints":{"allow":["GET"]}}],"collection":[{"href":"https:\/\/koulutuselamaan.fi\/fi\/wp-json\/wp\/v2\/pages"}],"about":[{"href":"https:\/\/koulutuselamaan.fi\/fi\/wp-json\/wp\/v2\/types\/page"}],"author":[{"embeddable":true,"href":"https:\/\/koulutuselamaan.fi\/fi\/wp-json\/wp\/v2\/users\/5"}],"replies":[{"embeddable":true,"href":"https:\/\/koulutuselamaan.fi\/fi\/wp-json\/wp\/v2\/comments?post=3096"}],"version-history":[{"count":120,"href":"https:\/\/koulutuselamaan.fi\/fi\/wp-json\/wp\/v2\/pages\/3096\/revisions"}],"predecessor-version":[{"id":5468,"href":"https:\/\/koulutuselamaan.fi\/fi\/wp-json\/wp\/v2\/pages\/3096\/revisions\/5468"}],"wp:attachment":[{"href":"https:\/\/koulutuselamaan.fi\/fi\/wp-json\/wp\/v2\/media?parent=3096"}],"wp:term":[{"taxonomy":"post_tag","embeddable":true,"href":"https:\/\/koulutuselamaan.fi\/fi\/wp-json\/wp\/v2\/tags?post=3096"}],"curies":[{"name":"wp","href":"https:\/\/api.w.org\/{rel}","templated":true}]}}