{"id":3037,"date":"2021-05-04T20:26:31","date_gmt":"2021-05-04T17:26:31","guid":{"rendered":"https:\/\/koulutuselamaan.fi\/?page_id=3037"},"modified":"2021-05-04T20:44:39","modified_gmt":"2021-05-04T17:44:39","slug":"digi-tehtava-tunteiden-saately","status":"publish","type":"page","link":"https:\/\/koulutuselamaan.fi\/fi\/digi-tehtava-tunteiden-saately\/","title":{"rendered":"Digi teht\u00e4v\u00e4: Tunteiden s\u00e4\u00e4tely"},"content":{"rendered":"\t\t<div data-elementor-type=\"wp-page\" data-elementor-id=\"3037\" class=\"elementor elementor-3037\" data-elementor-post-type=\"page\">\n\t\t\t\t\t\t<section class=\"elementor-section elementor-top-section elementor-element elementor-element-f3bf639 elementor-section-boxed elementor-section-height-default elementor-section-height-default\" data-id=\"f3bf639\" data-element_type=\"section\">\n\t\t\t\t\t\t<div class=\"elementor-container elementor-column-gap-default\">\n\t\t\t\t\t<div class=\"elementor-column elementor-col-100 elementor-top-column elementor-element elementor-element-1b0039c\" data-id=\"1b0039c\" data-element_type=\"column\">\n\t\t\t<div class=\"elementor-widget-wrap elementor-element-populated\">\n\t\t\t\t\t\t<div class=\"elementor-element elementor-element-373f294 elementor-widget elementor-widget-text-editor\" data-id=\"373f294\" data-element_type=\"widget\" data-widget_type=\"text-editor.default\">\n\t\t\t\t<div class=\"elementor-widget-container\">\n\t\t\t\t\t\t\t\t\t<h2><span class=\"TextRun SCXP119287725 BCX4\" lang=\"FI-FI\" xml:lang=\"FI-FI\" data-scheme-color=\"@FFFFFF,,\" data-usefontface=\"false\" data-contrast=\"none\"><span class=\"NormalTextRun SCXP119287725 BCX4\">T\u00e4ss\u00e4 on hyvi\u00e4 <\/span><\/span><span class=\"TextRun SCXP119287725 BCX4\" lang=\"FI-FI\" xml:lang=\"FI-FI\" data-scheme-color=\"@FFFFFF,,\" data-usefontface=\"false\" data-contrast=\"none\"><span class=\"NormalTextRun SCXP119287725 BCX4\">keinoja <\/span><\/span><span class=\"TextRun SCXP119287725 BCX4\" lang=\"FI-FI\" xml:lang=\"FI-FI\" data-scheme-color=\"@FFFFFF,,\" data-usefontface=\"false\" data-contrast=\"none\"><span class=\"NormalTextRun SCXP119287725 BCX4\">tunteiden <\/span><\/span><span class=\"TextRun SCXP119287725 BCX4\" lang=\"FI-FI\" xml:lang=\"FI-FI\" data-scheme-color=\"@FFFFFF,,\" data-usefontface=\"false\" data-contrast=\"none\"><span class=\"NormalTextRun SCXP119287725 BCX4\">s\u00e4\u00e4telyyn. <\/span><\/span><span class=\"TextRun SCXP119287725 BCX4\" lang=\"FI-FI\" xml:lang=\"FI-FI\" data-scheme-color=\"@FFFFFF,,\" data-usefontface=\"false\" data-contrast=\"none\"><span class=\"NormalTextRun SCXP119287725 BCX4\">T\u00e4ydenn\u00e4 <\/span><\/span><span class=\"TextRun SCXP119287725 BCX4\" lang=\"FI-FI\" xml:lang=\"FI-FI\" data-scheme-color=\"@FFFFFF,,\" data-usefontface=\"false\" data-contrast=\"none\"><span class=\"NormalTextRun SCXP119287725 BCX4\">puuttuvat sanat <\/span><\/span><span class=\"TextRun SCXP119287725 BCX4\" lang=\"FI-FI\" xml:lang=\"FI-FI\" data-scheme-color=\"@FFFFFF,,\" data-usefontface=\"false\" data-contrast=\"none\"><span class=\"NormalTextRun SCXP119287725 BCX4\">tekstiin.<\/span><\/span><span class=\"EOP SCXP119287725 BCX4\">\u200b<\/span><\/h2>\t\t\t\t\t\t\t\t<\/div>\n\t\t\t\t<\/div>\n\t\t\t\t<div class=\"elementor-element elementor-element-0907457 elementor-widget elementor-widget-text-editor\" data-id=\"0907457\" data-element_type=\"widget\" data-widget_type=\"text-editor.default\">\n\t\t\t\t<div class=\"elementor-widget-container\">\n\t\t\t\t\t\t\t\t\t<p><div class=\"h5p-iframe-wrapper\"><iframe id=\"h5p-iframe-13\" class=\"h5p-iframe\" data-content-id=\"13\" style=\"height:1px\" src=\"about:blank\" frameBorder=\"0\" scrolling=\"no\" title=\"T\u00e4ss\u00e4 on hyvi\u00e4 keinoja tunteiden s\u00e4\u00e4telyyn. T\u00e4ydenn\u00e4 puuttuvat sanat tekstiin.\"><\/iframe><\/div><\/p>\t\t\t\t\t\t\t\t<\/div>\n\t\t\t\t<\/div>\n\t\t\t\t<div class=\"elementor-element elementor-element-2203ec5 elementor-widget-divider--view-line elementor-widget elementor-widget-divider\" data-id=\"2203ec5\" data-element_type=\"widget\" data-widget_type=\"divider.default\">\n\t\t\t\t<div class=\"elementor-widget-container\">\n\t\t\t\t\t\t\t<div class=\"elementor-divider\">\n\t\t\t<span class=\"elementor-divider-separator\">\n\t\t\t\t\t\t<\/span>\n\t\t<\/div>\n\t\t\t\t\t\t<\/div>\n\t\t\t\t<\/div>\n\t\t\t\t\t<\/div>\n\t\t<\/div>\n\t\t\t\t\t<\/div>\n\t\t<\/section>\n\t\t\t\t<\/div>\n\t\t","protected":false},"excerpt":{"rendered":"<p>T\u00e4ss\u00e4 on hyvi\u00e4 keinoja tunteiden s\u00e4\u00e4telyyn. T\u00e4ydenn\u00e4 puuttuvat sanat tekstiin.\u200b<\/p>\n","protected":false},"author":1,"featured_media":0,"parent":0,"menu_order":0,"comment_status":"closed","ping_status":"closed","template":"elementor_header_footer","meta":{"footnotes":""},"tags":[],"class_list":["post-3037","page","type-page","status-publish","hentry","no-featured-image"],"jetpack_sharing_enabled":true,"_links":{"self":[{"href":"https:\/\/koulutuselamaan.fi\/fi\/wp-json\/wp\/v2\/pages\/3037","targetHints":{"allow":["GET"]}}],"collection":[{"href":"https:\/\/koulutuselamaan.fi\/fi\/wp-json\/wp\/v2\/pages"}],"about":[{"href":"https:\/\/koulutuselamaan.fi\/fi\/wp-json\/wp\/v2\/types\/page"}],"author":[{"embeddable":true,"href":"https:\/\/koulutuselamaan.fi\/fi\/wp-json\/wp\/v2\/users\/1"}],"replies":[{"embeddable":true,"href":"https:\/\/koulutuselamaan.fi\/fi\/wp-json\/wp\/v2\/comments?post=3037"}],"version-history":[{"count":5,"href":"https:\/\/koulutuselamaan.fi\/fi\/wp-json\/wp\/v2\/pages\/3037\/revisions"}],"predecessor-version":[{"id":3085,"href":"https:\/\/koulutuselamaan.fi\/fi\/wp-json\/wp\/v2\/pages\/3037\/revisions\/3085"}],"wp:attachment":[{"href":"https:\/\/koulutuselamaan.fi\/fi\/wp-json\/wp\/v2\/media?parent=3037"}],"wp:term":[{"taxonomy":"post_tag","embeddable":true,"href":"https:\/\/koulutuselamaan.fi\/fi\/wp-json\/wp\/v2\/tags?post=3037"}],"curies":[{"name":"wp","href":"https:\/\/api.w.org\/{rel}","templated":true}]}}