{"id":28,"date":"2019-09-12T14:36:16","date_gmt":"2019-09-12T11:36:16","guid":{"rendered":"http:\/\/wp.koulutuselamaan.fi\/?page_id=28"},"modified":"2024-10-09T13:09:38","modified_gmt":"2024-10-09T10:09:38","slug":"opetusaikataulu","status":"publish","type":"page","link":"https:\/\/koulutuselamaan.fi\/fi\/saatio\/opetusaikataulu\/","title":{"rendered":"Opetusaikataulu"},"content":{"rendered":"<div id=\"mec_skin_334\" class=\"mec-wrap colorskin-custom  \">\r\n    \r\n        \r\n    <div class=\"mec-calendar mec-box-calendar mec-event-calendar-classic mec-event-container-simple\">\r\n                <div class=\"mec-calendar-side mec-clear\">\r\n                        <div class=\"mec-skin-monthly-view-month-navigator-container\">\r\n                <div class=\"mec-month-navigator\" id=\"mec_month_navigator_334_202605\"><div class=\"mec-previous-month mec-load-month mec-previous-month\" data-mec-year=\"2026\" data-mec-month=\"04\"><a href=\"#\" class=\"mec-load-month-link\"><i class=\"mec-sl-angle-left\"><\/i> huhtikuu<\/a><\/div><div class=\"mec-calendar-header\"><h2>toukokuu 2026<\/h2><\/div><div class=\"mec-next-month mec-load-month mec-next-month\" data-mec-year=\"2026\" data-mec-month=\"06\"><a href=\"#\" class=\"mec-load-month-link\">kes\u00e4kuu <i class=\"mec-sl-angle-right\"><\/i><\/a><\/div><\/div>\r\n            <\/div>\r\n            \r\n            <div class=\"mec-calendar-table\" id=\"mec_skin_events_334\">\r\n                <div class=\"mec-month-container mec-month-container-selected\" id=\"mec_monthly_view_month_334_202605\" data-month-id=\"202605\"><dl class=\"mec-calendar-table-head\"><dt class=\"mec-calendar-day-head\">MO<\/dt><dt class=\"mec-calendar-day-head\">TU<\/dt><dt class=\"mec-calendar-day-head\">WE<\/dt><dt class=\"mec-calendar-day-head\">TH<\/dt><dt class=\"mec-calendar-day-head\">FR<\/dt><dt class=\"mec-calendar-day-head\">SA<\/dt><dt class=\"mec-calendar-day-head\">SU<\/dt><\/dl><dl class=\"mec-calendar-row\">\r\n    <dt class=\"mec-table-nullday\">27<\/dt><dt class=\"mec-table-nullday\">28<\/dt><dt class=\"mec-table-nullday\">29<\/dt><dt class=\"mec-table-nullday\">30<\/dt><dt class=\"mec-calendar-day\" data-mec-cell=\"20260501\" data-day=\"1\" data-month=\"202605\">1<\/dt><\/dt><dt class=\"mec-calendar-day\" data-mec-cell=\"20260502\" data-day=\"2\" data-month=\"202605\">2<\/dt><\/dt><dt class=\"mec-calendar-day\" data-mec-cell=\"20260503\" data-day=\"3\" data-month=\"202605\">3<\/dt><\/dt><\/dl><dl class=\"mec-calendar-row\"><dt class=\"mec-calendar-day\" data-mec-cell=\"20260504\" data-day=\"4\" data-month=\"202605\">4<\/dt><\/dt><dt class=\"mec-calendar-day\" data-mec-cell=\"20260505\" data-day=\"5\" data-month=\"202605\">5<\/dt><\/dt><dt class=\"mec-calendar-day\" data-mec-cell=\"20260506\" data-day=\"6\" data-month=\"202605\">6<\/dt><\/dt><dt class=\"mec-calendar-day\" data-mec-cell=\"20260507\" data-day=\"7\" data-month=\"202605\">7<\/dt><\/dt><dt class=\"mec-calendar-day\" data-mec-cell=\"20260508\" data-day=\"8\" data-month=\"202605\">8<\/dt><\/dt><dt class=\"mec-calendar-day\" data-mec-cell=\"20260509\" data-day=\"9\" data-month=\"202605\">9<\/dt><\/dt><dt class=\"mec-calendar-day\" data-mec-cell=\"20260510\" data-day=\"10\" data-month=\"202605\">10<\/dt><\/dt><\/dl><dl class=\"mec-calendar-row\"><dt class=\"mec-calendar-day\" data-mec-cell=\"20260511\" data-day=\"11\" data-month=\"202605\"><div class=\"\">11<\/div><div class=\"mec-past-event ended-relative simple-skin-ended\"><a class=\"mec-monthly-tooltip event-single-link-simple\" data-tooltip-content=\"#mec-tooltip-63151778486400-20260511\" data-event-id=\"6315\" href=\"https:\/\/koulutuselamaan.fi\/fi\/events\/eklofska-skolan-porvoo-3\/\"  ><h4 class=\"mec-event-title\">Ekl\u00f6fska skolan, Porvoo<\/h4><span class=\"mec-labels-normal\"><span data-style=\"Normal\" class=\"mec-label-normal mec-expired-normal-label\">Expired<\/span><\/span><\/a><\/div>        <script type=\"application\/ld+json\">\r\n        {\r\n            \"@context\": \"http:\/\/schema.org\",\r\n            \"@type\": \"Event\",\r\n            \"eventStatus\": \"https:\/\/schema.org\/EventScheduled\",\r\n            \"startDate\": \"2026-05-11\",\r\n            \"endDate\": \"2026-05-11\",\r\n            \"eventAttendanceMode\": \"https:\/\/schema.org\/OfflineEventAttendanceMode\",\r\n            \"location\":\r\n            {\r\n                \"@type\": \"Place\",\r\n                                \"name\": \"\",\r\n                \"image\": \"\",\r\n                \"address\": \"\"\r\n                            },\r\n            \"organizer\":\r\n            {\r\n                \"@type\": \"Person\",\r\n                \"name\": \"\",\r\n                \"url\": \"\"\r\n            },\r\n            \"offers\":\r\n            {\r\n                \"url\": \"https:\/\/koulutuselamaan.fi\/fi\/events\/eklofska-skolan-porvoo-3\/\",\r\n                \"price\": \"\",\r\n                \"priceCurrency\": \"USD\",\r\n                \"availability\": \"https:\/\/schema.org\/InStock\",\r\n                \"validFrom\": \"2026-05-11T00:00\"\r\n            },\r\n            \"performer\": \"\",\r\n            \"description\": \"\",\r\n            \"image\": \"\",\r\n            \"name\": \"Ekl\u00f6fska skolan, Porvoo\",\r\n            \"url\": \"https:\/\/koulutuselamaan.fi\/fi\/events\/eklofska-skolan-porvoo-3\/\"\r\n        }\r\n        <\/script>\r\n        <div class=\"tooltip_templates event-single-content-simple\">\r\n                        <div id=\"mec-tooltip-63151778486400-20260511\">\r\n                            <div class=\"mec-tooltip-event-title\">Ekl\u00f6fska skolan, Porvoo<\/div><div class=\"mec-tooltip-event-time\"><i class=\"mec-sl-clock-o\"><\/i> All Day<\/div><div class=\"mec-tooltip-event-content\"><div class=\"mec-tooltip-event-featured\"><a href=\"\" title=\"Ekl\u00f6fska skolan, Porvoo\" \r\n\t\t\ttarget=\"_blank\" class=\"ex-link\"><\/a><\/div><\/div>\r\n                        <\/div>\r\n                    <\/div><\/dt><dt class=\"mec-calendar-day\" data-mec-cell=\"20260512\" data-day=\"12\" data-month=\"202605\">12<\/dt><\/dt><dt class=\"mec-calendar-day mec-selected-day\" data-mec-cell=\"20260513\" data-day=\"13\" data-month=\"202605\"><div class=\"mec-color\">13<\/div><div class=\"mec-past-event ended-relative simple-skin-ended\"><a class=\"mec-monthly-tooltip event-single-link-simple\" data-tooltip-content=\"#mec-tooltip-63161778659200-20260513\" data-event-id=\"6316\" href=\"https:\/\/koulutuselamaan.fi\/fi\/events\/eklofska-skolan\/\"  ><h4 class=\"mec-event-title\">Ekl\u00f6fska skolan, Porvoo<\/h4><span class=\"mec-labels-normal\"><span data-style=\"Normal\" class=\"mec-label-normal mec-ongoing-normal-label\">Ongoing<\/span><\/span><\/a><\/div>        <script type=\"application\/ld+json\">\r\n        {\r\n            \"@context\": \"http:\/\/schema.org\",\r\n            \"@type\": \"Event\",\r\n            \"eventStatus\": \"https:\/\/schema.org\/EventScheduled\",\r\n            \"startDate\": \"2026-05-13\",\r\n            \"endDate\": \"2026-05-13\",\r\n            \"eventAttendanceMode\": \"https:\/\/schema.org\/OfflineEventAttendanceMode\",\r\n            \"location\":\r\n            {\r\n                \"@type\": \"Place\",\r\n                                \"name\": \"\",\r\n                \"image\": \"\",\r\n                \"address\": \"\"\r\n                            },\r\n            \"organizer\":\r\n            {\r\n                \"@type\": \"Person\",\r\n                \"name\": \"\",\r\n                \"url\": \"\"\r\n            },\r\n            \"offers\":\r\n            {\r\n                \"url\": \"https:\/\/koulutuselamaan.fi\/fi\/events\/eklofska-skolan\/\",\r\n                \"price\": \"\",\r\n                \"priceCurrency\": \"USD\",\r\n                \"availability\": \"https:\/\/schema.org\/InStock\",\r\n                \"validFrom\": \"2026-05-13T00:00\"\r\n            },\r\n            \"performer\": \"\",\r\n            \"description\": \"\",\r\n            \"image\": \"\",\r\n            \"name\": \"Ekl\u00f6fska skolan, Porvoo\",\r\n            \"url\": \"https:\/\/koulutuselamaan.fi\/fi\/events\/eklofska-skolan\/\"\r\n        }\r\n        <\/script>\r\n        <div class=\"tooltip_templates event-single-content-simple\">\r\n                        <div id=\"mec-tooltip-63161778659200-20260513\">\r\n                            <div class=\"mec-tooltip-event-title\">Ekl\u00f6fska skolan, Porvoo<\/div><div class=\"mec-tooltip-event-time\"><i class=\"mec-sl-clock-o\"><\/i> All Day<\/div><div class=\"mec-tooltip-event-content\"><div class=\"mec-tooltip-event-featured\"><a href=\"\" title=\"Ekl\u00f6fska skolan, Porvoo\" \r\n\t\t\ttarget=\"_blank\" class=\"ex-link\"><\/a><\/div><\/div>\r\n                        <\/div>\r\n                    <\/div><\/dt><dt class=\"mec-calendar-day\" data-mec-cell=\"20260514\" data-day=\"14\" data-month=\"202605\">14<\/dt><\/dt><dt class=\"mec-calendar-day\" data-mec-cell=\"20260515\" data-day=\"15\" data-month=\"202605\">15<\/dt><\/dt><dt class=\"mec-calendar-day\" data-mec-cell=\"20260516\" data-day=\"16\" data-month=\"202605\">16<\/dt><\/dt><dt class=\"mec-calendar-day\" data-mec-cell=\"20260517\" data-day=\"17\" data-month=\"202605\">17<\/dt><\/dt><\/dl><dl class=\"mec-calendar-row\"><dt class=\"mec-calendar-day\" data-mec-cell=\"20260518\" data-day=\"18\" data-month=\"202605\"><div class=\"\">18<\/div><div class=\"ended-relative simple-skin-ended\"><a class=\"mec-monthly-tooltip event-single-link-simple\" data-tooltip-content=\"#mec-tooltip-63171779091200-20260518\" data-event-id=\"6317\" href=\"https:\/\/koulutuselamaan.fi\/fi\/events\/haminan-nuorisotoimi\/\"  ><h4 class=\"mec-event-title\">Haminan nuorisotoimi<\/h4><\/a><\/div>        <script type=\"application\/ld+json\">\r\n        {\r\n            \"@context\": \"http:\/\/schema.org\",\r\n            \"@type\": \"Event\",\r\n            \"eventStatus\": \"https:\/\/schema.org\/EventScheduled\",\r\n            \"startDate\": \"2026-05-18\",\r\n            \"endDate\": \"2026-05-19\",\r\n            \"eventAttendanceMode\": \"https:\/\/schema.org\/OfflineEventAttendanceMode\",\r\n            \"location\":\r\n            {\r\n                \"@type\": \"Place\",\r\n                                \"name\": \"\",\r\n                \"image\": \"\",\r\n                \"address\": \"\"\r\n                            },\r\n            \"organizer\":\r\n            {\r\n                \"@type\": \"Person\",\r\n                \"name\": \"\",\r\n                \"url\": \"\"\r\n            },\r\n            \"offers\":\r\n            {\r\n                \"url\": \"https:\/\/koulutuselamaan.fi\/fi\/events\/haminan-nuorisotoimi\/\",\r\n                \"price\": \"\",\r\n                \"priceCurrency\": \"USD\",\r\n                \"availability\": \"https:\/\/schema.org\/InStock\",\r\n                \"validFrom\": \"2026-05-18T00:00\"\r\n            },\r\n            \"performer\": \"\",\r\n            \"description\": \"\",\r\n            \"image\": \"\",\r\n            \"name\": \"Haminan nuorisotoimi\",\r\n            \"url\": \"https:\/\/koulutuselamaan.fi\/fi\/events\/haminan-nuorisotoimi\/\"\r\n        }\r\n        <\/script>\r\n        <div class=\"tooltip_templates event-single-content-simple\">\r\n                        <div id=\"mec-tooltip-63171779091200-20260518\">\r\n                            <div class=\"mec-tooltip-event-title\">Haminan nuorisotoimi<\/div><div class=\"mec-tooltip-event-time\"><i class=\"mec-sl-clock-o\"><\/i> All Day<\/div><div class=\"mec-tooltip-event-content\"><div class=\"mec-tooltip-event-featured\"><a href=\"\" title=\"Haminan nuorisotoimi\" \r\n\t\t\ttarget=\"_blank\" class=\"ex-link\"><\/a><\/div><\/div>\r\n                        <\/div>\r\n                    <\/div><\/dt><dt class=\"mec-calendar-day\" data-mec-cell=\"20260519\" data-day=\"19\" data-month=\"202605\"><div class=\"\">19<\/div><div class=\"ended-relative simple-skin-ended\"><a class=\"mec-monthly-tooltip event-single-link-simple\" data-tooltip-content=\"#mec-tooltip-63171779177600-20260519\" data-event-id=\"6317\" href=\"https:\/\/koulutuselamaan.fi\/fi\/events\/haminan-nuorisotoimi\/\"  ><h4 class=\"mec-event-title\">Haminan nuorisotoimi<\/h4><\/a><\/div>        <script type=\"application\/ld+json\">\r\n        {\r\n            \"@context\": \"http:\/\/schema.org\",\r\n            \"@type\": \"Event\",\r\n            \"eventStatus\": \"https:\/\/schema.org\/EventScheduled\",\r\n            \"startDate\": \"2026-05-19\",\r\n            \"endDate\": \"2026-05-19\",\r\n            \"eventAttendanceMode\": \"https:\/\/schema.org\/OfflineEventAttendanceMode\",\r\n            \"location\":\r\n            {\r\n                \"@type\": \"Place\",\r\n                                \"name\": \"\",\r\n                \"image\": \"\",\r\n                \"address\": \"\"\r\n                            },\r\n            \"organizer\":\r\n            {\r\n                \"@type\": \"Person\",\r\n                \"name\": \"\",\r\n                \"url\": \"\"\r\n            },\r\n            \"offers\":\r\n            {\r\n                \"url\": \"https:\/\/koulutuselamaan.fi\/fi\/events\/haminan-nuorisotoimi\/\",\r\n                \"price\": \"\",\r\n                \"priceCurrency\": \"USD\",\r\n                \"availability\": \"https:\/\/schema.org\/InStock\",\r\n                \"validFrom\": \"2026-05-19T00:00\"\r\n            },\r\n            \"performer\": \"\",\r\n            \"description\": \"\",\r\n            \"image\": \"\",\r\n            \"name\": \"Haminan nuorisotoimi\",\r\n            \"url\": \"https:\/\/koulutuselamaan.fi\/fi\/events\/haminan-nuorisotoimi\/\"\r\n        }\r\n        <\/script>\r\n        <div class=\"tooltip_templates event-single-content-simple\">\r\n                        <div id=\"mec-tooltip-63171779177600-20260519\">\r\n                            <div class=\"mec-tooltip-event-title\">Haminan nuorisotoimi<\/div><div class=\"mec-tooltip-event-time\"><i class=\"mec-sl-clock-o\"><\/i> All Day<\/div><div class=\"mec-tooltip-event-content\"><div class=\"mec-tooltip-event-featured\"><a href=\"\" title=\"Haminan nuorisotoimi\" \r\n\t\t\ttarget=\"_blank\" class=\"ex-link\"><\/a><\/div><\/div>\r\n                        <\/div>\r\n                    <\/div><\/dt><dt class=\"mec-calendar-day\" data-mec-cell=\"20260520\" data-day=\"20\" data-month=\"202605\"><div class=\"\">20<\/div><div class=\"ended-relative simple-skin-ended\"><a class=\"mec-monthly-tooltip event-single-link-simple\" data-tooltip-content=\"#mec-tooltip-63181779264000-20260520\" data-event-id=\"6318\" href=\"https:\/\/koulutuselamaan.fi\/fi\/events\/pyhallon-koulu-hamina-4\/\"  ><h4 class=\"mec-event-title\">Pyh\u00e4ll\u00f6n koulu, Hamina<\/h4><\/a><\/div>        <script type=\"application\/ld+json\">\r\n        {\r\n            \"@context\": \"http:\/\/schema.org\",\r\n            \"@type\": \"Event\",\r\n            \"eventStatus\": \"https:\/\/schema.org\/EventScheduled\",\r\n            \"startDate\": \"2026-05-20\",\r\n            \"endDate\": \"2026-05-20\",\r\n            \"eventAttendanceMode\": \"https:\/\/schema.org\/OfflineEventAttendanceMode\",\r\n            \"location\":\r\n            {\r\n                \"@type\": \"Place\",\r\n                                \"name\": \"\",\r\n                \"image\": \"\",\r\n                \"address\": \"\"\r\n                            },\r\n            \"organizer\":\r\n            {\r\n                \"@type\": \"Person\",\r\n                \"name\": \"\",\r\n                \"url\": \"\"\r\n            },\r\n            \"offers\":\r\n            {\r\n                \"url\": \"https:\/\/koulutuselamaan.fi\/fi\/events\/pyhallon-koulu-hamina-4\/\",\r\n                \"price\": \"\",\r\n                \"priceCurrency\": \"USD\",\r\n                \"availability\": \"https:\/\/schema.org\/InStock\",\r\n                \"validFrom\": \"2026-05-20T00:00\"\r\n            },\r\n            \"performer\": \"\",\r\n            \"description\": \"\",\r\n            \"image\": \"\",\r\n            \"name\": \"Pyh\u00e4ll\u00f6n koulu, Hamina\",\r\n            \"url\": \"https:\/\/koulutuselamaan.fi\/fi\/events\/pyhallon-koulu-hamina-4\/\"\r\n        }\r\n        <\/script>\r\n        <div class=\"tooltip_templates event-single-content-simple\">\r\n                        <div id=\"mec-tooltip-63181779264000-20260520\">\r\n                            <div class=\"mec-tooltip-event-title\">Pyh\u00e4ll\u00f6n koulu, Hamina<\/div><div class=\"mec-tooltip-event-time\"><i class=\"mec-sl-clock-o\"><\/i> All Day<\/div><div class=\"mec-tooltip-event-content\"><div class=\"mec-tooltip-event-featured\"><a href=\"\" title=\"Pyh\u00e4ll\u00f6n koulu, Hamina\" \r\n\t\t\ttarget=\"_blank\" class=\"ex-link\"><\/a><\/div><\/div>\r\n                        <\/div>\r\n                    <\/div><\/dt><dt class=\"mec-calendar-day\" data-mec-cell=\"20260521\" data-day=\"21\" data-month=\"202605\">21<\/dt><\/dt><dt class=\"mec-calendar-day\" data-mec-cell=\"20260522\" data-day=\"22\" data-month=\"202605\">22<\/dt><\/dt><dt class=\"mec-calendar-day\" data-mec-cell=\"20260523\" data-day=\"23\" data-month=\"202605\">23<\/dt><\/dt><dt class=\"mec-calendar-day\" data-mec-cell=\"20260524\" data-day=\"24\" data-month=\"202605\">24<\/dt><\/dt><\/dl><dl class=\"mec-calendar-row\"><dt class=\"mec-calendar-day\" data-mec-cell=\"20260525\" data-day=\"25\" data-month=\"202605\"><div class=\"\">25<\/div><div class=\"ended-relative simple-skin-ended\"><a class=\"mec-monthly-tooltip event-single-link-simple\" data-tooltip-content=\"#mec-tooltip-63191779696000-20260525\" data-event-id=\"6319\" href=\"https:\/\/koulutuselamaan.fi\/fi\/events\/paavolan-koulu-hyvinkaa-4\/\"  ><h4 class=\"mec-event-title\">Paavolan koulu, Hyvink\u00e4\u00e4<\/h4><\/a><\/div>        <script type=\"application\/ld+json\">\r\n        {\r\n            \"@context\": \"http:\/\/schema.org\",\r\n            \"@type\": \"Event\",\r\n            \"eventStatus\": \"https:\/\/schema.org\/EventScheduled\",\r\n            \"startDate\": \"2026-05-25\",\r\n            \"endDate\": \"2026-05-25\",\r\n            \"eventAttendanceMode\": \"https:\/\/schema.org\/OfflineEventAttendanceMode\",\r\n            \"location\":\r\n            {\r\n                \"@type\": \"Place\",\r\n                                \"name\": \"\",\r\n                \"image\": \"\",\r\n                \"address\": \"\"\r\n                            },\r\n            \"organizer\":\r\n            {\r\n                \"@type\": \"Person\",\r\n                \"name\": \"\",\r\n                \"url\": \"\"\r\n            },\r\n            \"offers\":\r\n            {\r\n                \"url\": \"https:\/\/koulutuselamaan.fi\/fi\/events\/paavolan-koulu-hyvinkaa-4\/\",\r\n                \"price\": \"\",\r\n                \"priceCurrency\": \"USD\",\r\n                \"availability\": \"https:\/\/schema.org\/InStock\",\r\n                \"validFrom\": \"2026-05-25T00:00\"\r\n            },\r\n            \"performer\": \"\",\r\n            \"description\": \"\",\r\n            \"image\": \"\",\r\n            \"name\": \"Paavolan koulu, Hyvink\u00e4\u00e4\",\r\n            \"url\": \"https:\/\/koulutuselamaan.fi\/fi\/events\/paavolan-koulu-hyvinkaa-4\/\"\r\n        }\r\n        <\/script>\r\n        <div class=\"tooltip_templates event-single-content-simple\">\r\n                        <div id=\"mec-tooltip-63191779696000-20260525\">\r\n                            <div class=\"mec-tooltip-event-title\">Paavolan koulu, Hyvink\u00e4\u00e4<\/div><div class=\"mec-tooltip-event-time\"><i class=\"mec-sl-clock-o\"><\/i> All Day<\/div><div class=\"mec-tooltip-event-content\"><div class=\"mec-tooltip-event-featured\"><a href=\"\" title=\"Paavolan koulu, Hyvink\u00e4\u00e4\" \r\n\t\t\ttarget=\"_blank\" class=\"ex-link\"><\/a><\/div><\/div>\r\n                        <\/div>\r\n                    <\/div><\/dt><dt class=\"mec-calendar-day\" data-mec-cell=\"20260526\" data-day=\"26\" data-month=\"202605\"><div class=\"\">26<\/div><div class=\"ended-relative simple-skin-ended\"><a class=\"mec-monthly-tooltip event-single-link-simple\" data-tooltip-content=\"#mec-tooltip-63201779782400-20260526\" data-event-id=\"6320\" href=\"https:\/\/koulutuselamaan.fi\/fi\/events\/roihuvuoren-ala-aste-helsinki-3\/\"  ><h4 class=\"mec-event-title\">Roihuvuoren ala-aste, Helsinki<\/h4><\/a><\/div>        <script type=\"application\/ld+json\">\r\n        {\r\n            \"@context\": \"http:\/\/schema.org\",\r\n            \"@type\": \"Event\",\r\n            \"eventStatus\": \"https:\/\/schema.org\/EventScheduled\",\r\n            \"startDate\": \"2026-05-26\",\r\n            \"endDate\": \"2026-05-27\",\r\n            \"eventAttendanceMode\": \"https:\/\/schema.org\/OfflineEventAttendanceMode\",\r\n            \"location\":\r\n            {\r\n                \"@type\": \"Place\",\r\n                                \"name\": \"\",\r\n                \"image\": \"\",\r\n                \"address\": \"\"\r\n                            },\r\n            \"organizer\":\r\n            {\r\n                \"@type\": \"Person\",\r\n                \"name\": \"\",\r\n                \"url\": \"\"\r\n            },\r\n            \"offers\":\r\n            {\r\n                \"url\": \"https:\/\/koulutuselamaan.fi\/fi\/events\/roihuvuoren-ala-aste-helsinki-3\/\",\r\n                \"price\": \"\",\r\n                \"priceCurrency\": \"USD\",\r\n                \"availability\": \"https:\/\/schema.org\/InStock\",\r\n                \"validFrom\": \"2026-05-26T00:00\"\r\n            },\r\n            \"performer\": \"\",\r\n            \"description\": \"\",\r\n            \"image\": \"\",\r\n            \"name\": \"Roihuvuoren ala-aste, Helsinki\",\r\n            \"url\": \"https:\/\/koulutuselamaan.fi\/fi\/events\/roihuvuoren-ala-aste-helsinki-3\/\"\r\n        }\r\n        <\/script>\r\n        <div class=\"tooltip_templates event-single-content-simple\">\r\n                        <div id=\"mec-tooltip-63201779782400-20260526\">\r\n                            <div class=\"mec-tooltip-event-title\">Roihuvuoren ala-aste, Helsinki<\/div><div class=\"mec-tooltip-event-time\"><i class=\"mec-sl-clock-o\"><\/i> All Day<\/div><div class=\"mec-tooltip-event-content\"><div class=\"mec-tooltip-event-featured\"><a href=\"\" title=\"Roihuvuoren ala-aste, Helsinki\" \r\n\t\t\ttarget=\"_blank\" class=\"ex-link\"><\/a><\/div><\/div>\r\n                        <\/div>\r\n                    <\/div><\/dt><dt class=\"mec-calendar-day\" data-mec-cell=\"20260527\" data-day=\"27\" data-month=\"202605\"><div class=\"\">27<\/div><div class=\"ended-relative simple-skin-ended\"><a class=\"mec-monthly-tooltip event-single-link-simple\" data-tooltip-content=\"#mec-tooltip-63201779868800-20260527\" data-event-id=\"6320\" href=\"https:\/\/koulutuselamaan.fi\/fi\/events\/roihuvuoren-ala-aste-helsinki-3\/\"  ><h4 class=\"mec-event-title\">Roihuvuoren ala-aste, Helsinki<\/h4><\/a><\/div>        <script type=\"application\/ld+json\">\r\n        {\r\n            \"@context\": \"http:\/\/schema.org\",\r\n            \"@type\": \"Event\",\r\n            \"eventStatus\": \"https:\/\/schema.org\/EventScheduled\",\r\n            \"startDate\": \"2026-05-27\",\r\n            \"endDate\": \"2026-05-27\",\r\n            \"eventAttendanceMode\": \"https:\/\/schema.org\/OfflineEventAttendanceMode\",\r\n            \"location\":\r\n            {\r\n                \"@type\": \"Place\",\r\n                                \"name\": \"\",\r\n                \"image\": \"\",\r\n                \"address\": \"\"\r\n                            },\r\n            \"organizer\":\r\n            {\r\n                \"@type\": \"Person\",\r\n                \"name\": \"\",\r\n                \"url\": \"\"\r\n            },\r\n            \"offers\":\r\n            {\r\n                \"url\": \"https:\/\/koulutuselamaan.fi\/fi\/events\/roihuvuoren-ala-aste-helsinki-3\/\",\r\n                \"price\": \"\",\r\n                \"priceCurrency\": \"USD\",\r\n                \"availability\": \"https:\/\/schema.org\/InStock\",\r\n                \"validFrom\": \"2026-05-27T00:00\"\r\n            },\r\n            \"performer\": \"\",\r\n            \"description\": \"\",\r\n            \"image\": \"\",\r\n            \"name\": \"Roihuvuoren ala-aste, Helsinki\",\r\n            \"url\": \"https:\/\/koulutuselamaan.fi\/fi\/events\/roihuvuoren-ala-aste-helsinki-3\/\"\r\n        }\r\n        <\/script>\r\n        <div class=\"tooltip_templates event-single-content-simple\">\r\n                        <div id=\"mec-tooltip-63201779868800-20260527\">\r\n                            <div class=\"mec-tooltip-event-title\">Roihuvuoren ala-aste, Helsinki<\/div><div class=\"mec-tooltip-event-time\"><i class=\"mec-sl-clock-o\"><\/i> All Day<\/div><div class=\"mec-tooltip-event-content\"><div class=\"mec-tooltip-event-featured\"><a href=\"\" title=\"Roihuvuoren ala-aste, Helsinki\" \r\n\t\t\ttarget=\"_blank\" class=\"ex-link\"><\/a><\/div><\/div>\r\n                        <\/div>\r\n                    <\/div><\/dt><dt class=\"mec-calendar-day\" data-mec-cell=\"20260528\" data-day=\"28\" data-month=\"202605\">28<\/dt><\/dt><dt class=\"mec-calendar-day\" data-mec-cell=\"20260529\" data-day=\"29\" data-month=\"202605\">29<\/dt><\/dt><dt class=\"mec-calendar-day\" data-mec-cell=\"20260530\" data-day=\"30\" data-month=\"202605\">30<\/dt><\/dt><dt class=\"mec-calendar-day\" data-mec-cell=\"20260531\" data-day=\"31\" data-month=\"202605\">31<\/dt><\/dt><\/dl><dl class=\"mec-calendar-row\"><dt class=\"mec-table-nullday\">1<\/dt><dt class=\"mec-table-nullday\">2<\/dt><dt class=\"mec-table-nullday\">3<\/dt><dt class=\"mec-table-nullday\">4<\/dt><dt class=\"mec-table-nullday\">5<\/dt><dt class=\"mec-table-nullday\">6<\/dt><dt class=\"mec-table-nullday\">7<\/dt><\/dl><\/div>\r\n            <\/div>\r\n        <\/div>\r\n            <\/div>\r\n    \r\n<\/div>\n\n\n\n<p>Haluatko opetusta koulullesi? T\u00e4yt\u00e4 yhteydenottopyynt\u00f6\u00a0<a href=\"https:\/\/koulutuselamaan.fi\/opettajille\/kutsu-meidat-koulullesi\/\">t\u00e4st\u00e4<\/a>!<\/p>\n","protected":false},"excerpt":{"rendered":"<p>Haluatko opetusta koulullesi? T\u00e4yt\u00e4 yhteydenottopyynt\u00f6\u00a0t\u00e4st\u00e4!<\/p>\n","protected":false},"author":1,"featured_media":0,"parent":2,"menu_order":0,"comment_status":"closed","ping_status":"closed","template":"elementor_header_footer","meta":{"footnotes":""},"tags":[],"class_list":["post-28","page","type-page","status-publish","hentry","no-featured-image"],"jetpack_sharing_enabled":true,"_links":{"self":[{"href":"https:\/\/koulutuselamaan.fi\/fi\/wp-json\/wp\/v2\/pages\/28","targetHints":{"allow":["GET"]}}],"collection":[{"href":"https:\/\/koulutuselamaan.fi\/fi\/wp-json\/wp\/v2\/pages"}],"about":[{"href":"https:\/\/koulutuselamaan.fi\/fi\/wp-json\/wp\/v2\/types\/page"}],"author":[{"embeddable":true,"href":"https:\/\/koulutuselamaan.fi\/fi\/wp-json\/wp\/v2\/users\/1"}],"replies":[{"embeddable":true,"href":"https:\/\/koulutuselamaan.fi\/fi\/wp-json\/wp\/v2\/comments?post=28"}],"version-history":[{"count":4,"href":"https:\/\/koulutuselamaan.fi\/fi\/wp-json\/wp\/v2\/pages\/28\/revisions"}],"predecessor-version":[{"id":2572,"href":"https:\/\/koulutuselamaan.fi\/fi\/wp-json\/wp\/v2\/pages\/28\/revisions\/2572"}],"up":[{"embeddable":true,"href":"https:\/\/koulutuselamaan.fi\/fi\/wp-json\/wp\/v2\/pages\/2"}],"wp:attachment":[{"href":"https:\/\/koulutuselamaan.fi\/fi\/wp-json\/wp\/v2\/media?parent=28"}],"wp:term":[{"taxonomy":"post_tag","embeddable":true,"href":"https:\/\/koulutuselamaan.fi\/fi\/wp-json\/wp\/v2\/tags?post=28"}],"curies":[{"name":"wp","href":"https:\/\/api.w.org\/{rel}","templated":true}]}}