{"id":2608,"date":"2021-03-26T09:46:50","date_gmt":"2021-03-26T07:46:50","guid":{"rendered":"https:\/\/koulutuselamaan.fi\/?page_id=2608"},"modified":"2021-03-26T10:05:49","modified_gmt":"2021-03-26T08:05:49","slug":"kestavan-kehityksen-sitoumus-saatio","status":"publish","type":"page","link":"https:\/\/koulutuselamaan.fi\/fi\/kestavan-kehityksen-sitoumus-saatio\/","title":{"rendered":"Kest\u00e4v\u00e4n kehityksen sitoumus\u202f"},"content":{"rendered":"\t\t<div data-elementor-type=\"wp-page\" data-elementor-id=\"2608\" class=\"elementor elementor-2608\" data-elementor-post-type=\"page\">\n\t\t\t\t\t\t<section class=\"elementor-section elementor-top-section elementor-element elementor-element-6286002 elementor-section-boxed elementor-section-height-default elementor-section-height-default\" data-id=\"6286002\" data-element_type=\"section\">\n\t\t\t\t\t\t<div class=\"elementor-container elementor-column-gap-default\">\n\t\t\t\t\t<div class=\"elementor-column elementor-col-100 elementor-top-column elementor-element elementor-element-14f03f0\" data-id=\"14f03f0\" data-element_type=\"column\">\n\t\t\t<div class=\"elementor-widget-wrap elementor-element-populated\">\n\t\t\t\t\t\t<section class=\"elementor-section elementor-inner-section elementor-element elementor-element-4133c00 elementor-section-boxed elementor-section-height-default elementor-section-height-default\" data-id=\"4133c00\" data-element_type=\"section\">\n\t\t\t\t\t\t<div class=\"elementor-container elementor-column-gap-default\">\n\t\t\t\t\t<div class=\"elementor-column elementor-col-66 elementor-inner-column elementor-element elementor-element-479a4e1\" data-id=\"479a4e1\" data-element_type=\"column\">\n\t\t\t<div class=\"elementor-widget-wrap elementor-element-populated\">\n\t\t\t\t\t\t<div class=\"elementor-element elementor-element-88a76a5 elementor-widget elementor-widget-text-editor\" data-id=\"88a76a5\" data-element_type=\"widget\" data-widget_type=\"text-editor.default\">\n\t\t\t\t<div class=\"elementor-widget-container\">\n\t\t\t\t\t\t\t\t\t<h1><b><span data-contrast=\"auto\">Koulutus El\u00e4m\u00e4\u00e4n S\u00e4\u00e4ti\u00f6n kest\u00e4v\u00e4n kehityksen sitoumus<\/span><\/b><span data-contrast=\"auto\">\u202f<\/span><span data-ccp-props=\"{\">\u00a0<\/span><\/h1>\t\t\t\t\t\t\t\t<\/div>\n\t\t\t\t<\/div>\n\t\t\t\t<div class=\"elementor-element elementor-element-5877e1e elementor-widget elementor-widget-text-editor\" data-id=\"5877e1e\" data-element_type=\"widget\" data-widget_type=\"text-editor.default\">\n\t\t\t\t<div class=\"elementor-widget-container\">\n\t\t\t\t\t\t\t\t\t<p>Kest\u00e4v\u00e4n kehityksen p\u00e4\u00e4m\u00e4\u00e4r\u00e4n\u00e4 voidaan pit\u00e4\u00e4 ihmisten tervett\u00e4 ja itse\u00e4\u00e4n toteuttavaa el\u00e4m\u00e4\u00e4 sek\u00e4 el\u00e4m\u00e4nlaadun parantamista pidemm\u00e4ll\u00e4 aikav\u00e4lill\u00e4. Kest\u00e4v\u00e4n kehityksen tavoitteet ulottuvat nykyajasta tuleviin sukupolviin. My\u00f6s j\u00e4lkipolville tulee taata yht\u00e4l\u00e4iset oikeudet luonnonvaroihin ja puhtaaseen ymp\u00e4rist\u00f6\u00f6n.\u202f<\/p><p>S\u00e4\u00e4ti\u00f6n toiminnassa\u202fhuomioimme\u202fajankohtaisen\u202ftutkimustiedon\u202faiheista sek\u00e4 lapsia puhututtavat trendit, joilla\u202fon\u202fyhteys kest\u00e4v\u00e4n kehityksen teemoihin.\u202fPyrimme kannustamaan lapsia uuden innovointiin ja yll\u00e4pit\u00e4m\u00e4\u00e4n toiveikkuutta paremmasta tulevaisuudesta.\u202fLuonnon kunnioittaminen on huomioitu opetusohjelman sis\u00e4ll\u00f6iss\u00e4.<\/p><p>Opetuksessamme kannustetaan oppilaita kest\u00e4v\u00e4n kehityksen mukaisiin valintoihin, kuten terveellisiin el\u00e4m\u00e4ntapoihin, aineettomiin onnentuojiin, harkintaan rahank\u00e4yt\u00f6ss\u00e4 ja j\u00e4tt\u00e4m\u00e4\u00e4n turhat ostokset tekem\u00e4tt\u00e4. Lapsille korostetaan my\u00f6s sit\u00e4, ett\u00e4 jos jotakin hajottaa, luonnonvaroja kuluu turhaan.\u202f\u202f<\/p><p>P\u00e4ihteiden v\u00e4\u00e4rink\u00e4ytt\u00f6 ei ole osa kest\u00e4v\u00e4\u00e4 kehityst\u00e4.\u202fHaittoja ehk\u00e4isev\u00e4 ty\u00f6 on kest\u00e4v\u00e4n kehityksen tukemista.\u202fKoko el\u00e4m\u00e4nkaaren l\u00e4pi kantava hyvinvointi ja perusturva luovat perustan kest\u00e4v\u00e4lle yhteiskunnalle.\u202fOpetusohjelmassa tuodaan esille p\u00e4ihteiden vaikutuksia ihmiskehoon sek\u00e4 ymp\u00e4rist\u00f6\u00f6n.<\/p><p>Kohderyhmien osallisuus\u202fopetusohjelman kehityksess\u00e4 huomioidaan palautteenkeruun ja suunnitteluun osallistamisen kautta. Ajoittain kootaan kehitt\u00e4misryhmi\u00e4 yhdistellen s\u00e4\u00e4ti\u00f6n eri kohderyhmi\u00e4 ja hallitusta sek\u00e4 henkil\u00f6st\u00f6\u00e4.\u202f \u202f<\/p><p>Oppilaitosvierailun aikana\u202fhuomioimme vierailukohteidemme k\u00e4yt\u00e4nn\u00f6t kierr\u00e4tyksen suhteen ja\u202fs\u00e4\u00e4st\u00e4mme\u202fvett\u00e4\u202fja energiaa. K\u00e4yt\u00e4mme p\u00e4\u00e4asiallisesti s\u00e4hk\u00f6isi\u00e4 materiaaleja tunneilla.\u202f\u202fKouluvierailuja suunnitellaan niin, ett\u00e4\u202ftaustalla\u202fon\u202fidea mahdollisimman v\u00e4hist\u00e4 kilometreist\u00e4 ja p\u00e4\u00e4st\u00f6ist\u00e4.\u202f<\/p><p>S\u00e4\u00e4ti\u00f6n kaikissa hankinnoissa pyrit\u00e4\u00e4n valitsemaan ymp\u00e4rist\u00f6yst\u00e4v\u00e4llisempi vaihtoehto.\u202fToimistolla huolehdimme my\u00f6s lajittelusta.\u202fKest\u00e4v\u00e4 kehitys sis\u00e4lt\u00e4\u00e4 my\u00f6s sen, ett\u00e4 ty\u00f6m\u00e4\u00e4r\u00e4\u202fon tasapainossa eik\u00e4 kuormita tekij\u00f6it\u00e4 liikaa ja henkil\u00f6st\u00f6n hyvinvoinnista huolehditaan.<\/p>\t\t\t\t\t\t\t\t<\/div>\n\t\t\t\t<\/div>\n\t\t\t\t\t<\/div>\n\t\t<\/div>\n\t\t\t\t<div class=\"elementor-column elementor-col-33 elementor-inner-column elementor-element elementor-element-3377962\" data-id=\"3377962\" data-element_type=\"column\">\n\t\t\t<div class=\"elementor-widget-wrap\">\n\t\t\t\t\t\t\t<\/div>\n\t\t<\/div>\n\t\t\t\t\t<\/div>\n\t\t<\/section>\n\t\t\t\t\t<\/div>\n\t\t<\/div>\n\t\t\t\t\t<\/div>\n\t\t<\/section>\n\t\t\t\t<\/div>\n\t\t","protected":false},"excerpt":{"rendered":"<p>Koulutus El\u00e4m\u00e4\u00e4n S\u00e4\u00e4ti\u00f6n kest\u00e4v\u00e4n kehityksen sitoumus\u202f&nbsp; Kest\u00e4v\u00e4n kehityksen p\u00e4\u00e4m\u00e4\u00e4r\u00e4n\u00e4 voidaan pit\u00e4\u00e4 ihmisten tervett\u00e4 ja itse\u00e4\u00e4n toteuttavaa el\u00e4m\u00e4\u00e4 sek\u00e4 el\u00e4m\u00e4nlaadun parantamista pidemm\u00e4ll\u00e4 aikav\u00e4lill\u00e4. Kest\u00e4v\u00e4n kehityksen tavoitteet ulottuvat nykyajasta tuleviin sukupolviin. My\u00f6s j\u00e4lkipolville tulee taata yht\u00e4l\u00e4iset oikeudet luonnonvaroihin ja puhtaaseen ymp\u00e4rist\u00f6\u00f6n. S\u00e4\u00e4ti\u00f6n toiminnassa\u202fhuomioimme\u202fajankohtaisen\u202ftutkimustiedon\u202faiheista sek\u00e4 lapsia puhututtavat trendit, joilla\u202fon\u202fyhteys kest\u00e4v\u00e4n kehityksen teemoihin.\u202fPyrimme kannustamaan lapsia uuden innovointiin ja yll\u00e4pit\u00e4m\u00e4\u00e4n &hellip; <a href=\"https:\/\/koulutuselamaan.fi\/fi\/kestavan-kehityksen-sitoumus-saatio\/\" class=\"more-link\">Jatka artikkeliin <span class=\"screen-reader-text\">Kest\u00e4v\u00e4n kehityksen sitoumus\u202f<\/span><\/a><\/p>\n","protected":false},"author":1,"featured_media":0,"parent":0,"menu_order":0,"comment_status":"closed","ping_status":"closed","template":"elementor_header_footer","meta":{"footnotes":""},"tags":[],"class_list":["post-2608","page","type-page","status-publish","hentry","no-featured-image"],"jetpack_sharing_enabled":true,"_links":{"self":[{"href":"https:\/\/koulutuselamaan.fi\/fi\/wp-json\/wp\/v2\/pages\/2608","targetHints":{"allow":["GET"]}}],"collection":[{"href":"https:\/\/koulutuselamaan.fi\/fi\/wp-json\/wp\/v2\/pages"}],"about":[{"href":"https:\/\/koulutuselamaan.fi\/fi\/wp-json\/wp\/v2\/types\/page"}],"author":[{"embeddable":true,"href":"https:\/\/koulutuselamaan.fi\/fi\/wp-json\/wp\/v2\/users\/1"}],"replies":[{"embeddable":true,"href":"https:\/\/koulutuselamaan.fi\/fi\/wp-json\/wp\/v2\/comments?post=2608"}],"version-history":[{"count":9,"href":"https:\/\/koulutuselamaan.fi\/fi\/wp-json\/wp\/v2\/pages\/2608\/revisions"}],"predecessor-version":[{"id":2627,"href":"https:\/\/koulutuselamaan.fi\/fi\/wp-json\/wp\/v2\/pages\/2608\/revisions\/2627"}],"wp:attachment":[{"href":"https:\/\/koulutuselamaan.fi\/fi\/wp-json\/wp\/v2\/media?parent=2608"}],"wp:term":[{"taxonomy":"post_tag","embeddable":true,"href":"https:\/\/koulutuselamaan.fi\/fi\/wp-json\/wp\/v2\/tags?post=2608"}],"curies":[{"name":"wp","href":"https:\/\/api.w.org\/{rel}","templated":true}]}}