{"id":26,"date":"2019-09-12T14:36:16","date_gmt":"2019-09-12T11:36:16","guid":{"rendered":"http:\/\/wp.koulutuselamaan.fi\/?page_id=26"},"modified":"2022-09-29T13:26:17","modified_gmt":"2022-09-29T10:26:17","slug":"vanhemmille","status":"publish","type":"page","link":"https:\/\/koulutuselamaan.fi\/fi\/vanhemmille\/","title":{"rendered":"Vanhemmille"},"content":{"rendered":"\t\t<div data-elementor-type=\"wp-post\" data-elementor-id=\"26\" class=\"elementor elementor-26\" data-elementor-post-type=\"page\">\n\t\t\t\t\t\t<section class=\"elementor-section elementor-top-section elementor-element elementor-element-533fd2c4 elementor-section-boxed elementor-section-height-default elementor-section-height-default\" data-id=\"533fd2c4\" data-element_type=\"section\">\n\t\t\t\t\t\t<div class=\"elementor-container elementor-column-gap-default\">\n\t\t\t\t\t<div class=\"elementor-column elementor-col-100 elementor-top-column elementor-element elementor-element-788dea0d\" data-id=\"788dea0d\" data-element_type=\"column\">\n\t\t\t<div class=\"elementor-widget-wrap elementor-element-populated\">\n\t\t\t\t\t\t<div class=\"elementor-element elementor-element-0a02a9c elementor-widget elementor-widget-image\" data-id=\"0a02a9c\" data-element_type=\"widget\" data-widget_type=\"image.default\">\n\t\t\t\t<div class=\"elementor-widget-container\">\n\t\t\t\t\t\t\t\t\t\t\t\t\t\t\t<img decoding=\"async\" src=\"https:\/\/koulutuselamaan.fi\/wp-content\/uploads\/elementor\/thumbs\/KE_web_vanhemmille_new-ofxmtv9cu0mydru1pewy7yzp9zo54pvhpjc3bj65qg.jpg\" title=\"KE_web_vanhemmille_new\" alt=\"KE_web_vanhemmille_new\" loading=\"lazy\" \/>\t\t\t\t\t\t\t\t\t\t\t\t\t\t\t<\/div>\n\t\t\t\t<\/div>\n\t\t\t\t<div class=\"elementor-element elementor-element-c50cea6 elementor-widget elementor-widget-text-editor\" data-id=\"c50cea6\" data-element_type=\"widget\" data-widget_type=\"text-editor.default\">\n\t\t\t\t<div class=\"elementor-widget-container\">\n\t\t\t\t\t\t\t\t\t<h1>Vastuu lapsista ja nuorista on yhteinen! &nbsp;<\/h1>\t\t\t\t\t\t\t\t<\/div>\n\t\t\t\t<\/div>\n\t\t\t\t<section class=\"elementor-section elementor-inner-section elementor-element elementor-element-ff62d88 elementor-section-boxed elementor-section-height-default elementor-section-height-default\" data-id=\"ff62d88\" data-element_type=\"section\">\n\t\t\t\t\t\t<div class=\"elementor-container elementor-column-gap-default\">\n\t\t\t\t\t<div class=\"elementor-column elementor-col-66 elementor-inner-column elementor-element elementor-element-885cc8d\" data-id=\"885cc8d\" data-element_type=\"column\">\n\t\t\t<div class=\"elementor-widget-wrap elementor-element-populated\">\n\t\t\t\t\t\t<div class=\"elementor-element elementor-element-f69b405 elementor-widget elementor-widget-text-editor\" data-id=\"f69b405\" data-element_type=\"widget\" data-widget_type=\"text-editor.default\">\n\t\t\t\t<div class=\"elementor-widget-container\">\n\t\t\t\t\t\t\t\t\t<p>Koulutus El\u00e4m\u00e4\u00e4n S\u00e4\u00e4ti\u00f6 toteuttaa terveyskasvatusohjelmaa, jonka tavoitteena on tukea lasten ja nuorten terveellisi\u00e4 el\u00e4m\u00e4ntapoja kotien ja koulujen rinnalla.\u00a0Koulutus El\u00e4m\u00e4\u00e4n S\u00e4\u00e4ti\u00f6n oppitunnit j\u00e4rjestet\u00e4\u00e4n 1.-6.-luokille sek\u00e4 p\u00e4iv\u00e4koti- ja esiopetusryhmille. Opetusohjelma t\u00e4ydent\u00e4\u00e4 koulujen ja p\u00e4iv\u00e4kotien antamaa terveyskasvatusta. Oppituntien teemat liittyv\u00e4t ihmiskehon ja sen toiminnan ymm\u00e4rt\u00e4miseen. Tuntien sis\u00e4lt\u00f6 vaihtelee lasten ik\u00e4tason mukaan. Tavoitteena on, ett\u00e4 oppitunti olisi lapsille el\u00e4myksellinen ja positiivisella tavalla mieleen painuva kokemus.\u00a0<\/p><p><span data-contrast=\"none\">Terveyteen ja hyvinvointiin liittyvist\u00e4 asioista on hyv\u00e4 keskustella lasten kanssa my\u00f6s kotona ja kannustaa lasta terveellisiin valintoihin oman hyvinvointinsa edist\u00e4miseksi. Lapsi omaksuu vanhempien el\u00e4m\u00e4ntavat ja tottumukset jo hyvin varhain, joten aikuinen on lapselle omalla toiminnallaan t\u00e4rke\u00e4 roolimalli terveytt\u00e4 tukevissa valinnoissa, Lapsena opitut hyvinvointia lis\u00e4\u00e4v\u00e4t el\u00e4m\u00e4ntavat auttavat lasta tekem\u00e4\u00e4n terveytt\u00e4 tukevia valintoja l\u00e4pi el\u00e4m\u00e4n.\u00a0<\/span><span data-ccp-props=\"{&quot;134233117&quot;:false,&quot;134233118&quot;:false,&quot;335559738&quot;:0,&quot;335559739&quot;:432}\">\u00a0<\/span><\/p><p><span data-contrast=\"none\">Terveyteen ja hyvinvointiin liittyv\u00e4t asiat, kuten riitt\u00e4v\u00e4 uni, monipuolinen liikunta ja oikeanlainen ravinto muodostavat pohjan lapselle ja koko yhteiskunnan hyvinvoinnille. Perheen arjessa mahdollisuuksien mukaan toistuvat yhteiset ruokailuhetket, yhdess\u00e4 liikkuminen ja perheenj\u00e4senten el\u00e4m\u00e4n rauhoittaminen ennen nukkumaan menoa, ovat lapsen terveytt\u00e4 vahvistavia valintoja. My\u00f6s lapsen itsetunnon vahvistamisella on t\u00e4rke\u00e4 rooli, sill\u00e4 se on yhteydess\u00e4 hyvinvointia tukeviin asioihin, kuten terveellisiin elintapoihin. <a href=\"https:\/\/koulutuselamaan.fi\/fi\/opettajille\/itsetunto\/\">Lue lis\u00e4\u00e4 t\u00e4st\u00e4<\/a> lapsen itsetunnon tukemisen merkityksest\u00e4.<\/span><\/p><p><span data-contrast=\"none\">P\u00e4ihteiden haitoista on t\u00e4rke\u00e4 keskustella isompien lasten kanssa, kun lapsen tietous p\u00e4ihteist\u00e4 lis\u00e4\u00e4ntyy. Avoimella, lapsen ik\u00e4tasolle sopivalla keskustelulla on ehk\u00e4isev\u00e4 vaikutus nuoruuden p\u00e4ihdekokeiluihin.\u202fP\u00e4ihteist\u00e4 keskusteleminen murtaa niiden ymp\u00e4rill\u00e4 olevia tabuja, sek\u00e4 lis\u00e4\u00e4 vanhemman ja lapsen v\u00e4list\u00e4 avoimuutta. Keskusteluyhteyden vahvistumisen my\u00f6t\u00e4 nuori kokee, ett\u00e4 vanhemman kanssa voi puhua vaikeistakin asioista. Lapset pohtivat paljon p\u00e4ihteisiin liittyvi\u00e4 kysymyksi\u00e4, kuulevat asioita kavereilta ja etsiv\u00e4t tietoa netist\u00e4. Lapset kyselev\u00e4t my\u00f6s vanhemmiltaan p\u00e4ihteist\u00e4 ja ne tilanteet saattavat yll\u00e4tt\u00e4\u00e4 tai h\u00e4mment\u00e4\u00e4 vanhempaa. On t\u00e4rke\u00e4 pys\u00e4hty\u00e4 lapsen pohdinnan \u00e4\u00e4relle ja kuulla mit\u00e4 lapsi haluaa kysy\u00e4 ja tiet\u00e4\u00e4. Tietoa voi etsi\u00e4 yhdess\u00e4 ja k\u00e4yd\u00e4 keskustelua aiheista lapsen ik\u00e4\u00e4n sopivalla tavalla. V\u00e4lineit\u00e4 keskustelun tueksi l\u00f6yd\u00e4t t\u00e4\u00e4lt\u00e4 sivultamme.<\/span><span data-ccp-props=\"{&quot;134233117&quot;:false,&quot;134233118&quot;:false,&quot;335559738&quot;:0,&quot;335559739&quot;:432}\">\u00a0<\/span><\/p>\t\t\t\t\t\t\t\t<\/div>\n\t\t\t\t<\/div>\n\t\t\t\t\t<\/div>\n\t\t<\/div>\n\t\t\t\t<div class=\"elementor-column elementor-col-33 elementor-inner-column elementor-element elementor-element-3c2d3cb\" data-id=\"3c2d3cb\" data-element_type=\"column\">\n\t\t\t<div class=\"elementor-widget-wrap elementor-element-populated\">\n\t\t\t\t\t\t<div class=\"elementor-element elementor-element-79a066a elementor-widget elementor-widget-text-editor\" data-id=\"79a066a\" data-element_type=\"widget\" data-widget_type=\"text-editor.default\">\n\t\t\t\t<div class=\"elementor-widget-container\">\n\t\t\t\t\t\t\t\t\t<h2>Lue lis\u00e4\u00e4<\/h2>\t\t\t\t\t\t\t\t<\/div>\n\t\t\t\t<\/div>\n\t\t\t\t<div class=\"elementor-element elementor-element-95d4a30 elementor-widget-divider--view-line elementor-widget elementor-widget-divider\" data-id=\"95d4a30\" data-element_type=\"widget\" data-widget_type=\"divider.default\">\n\t\t\t\t<div class=\"elementor-widget-container\">\n\t\t\t\t\t\t\t<div class=\"elementor-divider\">\n\t\t\t<span class=\"elementor-divider-separator\">\n\t\t\t\t\t\t<\/span>\n\t\t<\/div>\n\t\t\t\t\t\t<\/div>\n\t\t\t\t<\/div>\n\t\t\t\t<div class=\"elementor-element elementor-element-6a54d44 elementor-nav-menu--dropdown-tablet elementor-nav-menu__text-align-aside elementor-widget elementor-widget-nav-menu\" data-id=\"6a54d44\" data-element_type=\"widget\" data-settings=\"{&quot;layout&quot;:&quot;vertical&quot;,&quot;submenu_icon&quot;:{&quot;value&quot;:&quot;&lt;i class=\\&quot;fas fa-caret-down\\&quot;&gt;&lt;\\\/i&gt;&quot;,&quot;library&quot;:&quot;fa-solid&quot;}}\" data-widget_type=\"nav-menu.default\">\n\t\t\t\t<div class=\"elementor-widget-container\">\n\t\t\t\t\t\t\t\t<nav aria-label=\"Menu\" class=\"elementor-nav-menu--main elementor-nav-menu__container elementor-nav-menu--layout-vertical e--pointer-underline e--animation-fade\">\n\t\t\t\t<ul id=\"menu-1-6a54d44\" class=\"elementor-nav-menu sm-vertical\"><li class=\"menu-item menu-item-type-post_type menu-item-object-page menu-item-2375\"><a href=\"https:\/\/koulutuselamaan.fi\/fi\/vanhemmille\/puhutaan-paihteista\/\" class=\"elementor-item\">Puhutaan p\u00e4ihteist\u00e4 -podcast<\/a><\/li>\n<li class=\"menu-item menu-item-type-post_type menu-item-object-page menu-item-2373\"><a href=\"https:\/\/koulutuselamaan.fi\/fi\/vanhemmille\/opetuksen-sisalto\/\" class=\"elementor-item\">Opetuksen sis\u00e4lt\u00f6<\/a><\/li>\n<li class=\"menu-item menu-item-type-post_type menu-item-object-page menu-item-2374\"><a href=\"https:\/\/koulutuselamaan.fi\/fi\/vanhemmille\/opetusohjelman-taustaa\/\" class=\"elementor-item\">Opetusohjelman taustaa<\/a><\/li>\n<li class=\"menu-item menu-item-type-post_type menu-item-object-page menu-item-2372\"><a href=\"https:\/\/koulutuselamaan.fi\/fi\/vanhemmille\/materiaalia-vanhemmille\/\" class=\"elementor-item\">Materiaalia vanhemmille<\/a><\/li>\n<\/ul>\t\t\t<\/nav>\n\t\t\t\t\t\t<nav class=\"elementor-nav-menu--dropdown elementor-nav-menu__container\" aria-hidden=\"true\">\n\t\t\t\t<ul id=\"menu-2-6a54d44\" class=\"elementor-nav-menu sm-vertical\"><li class=\"menu-item menu-item-type-post_type menu-item-object-page menu-item-2375\"><a href=\"https:\/\/koulutuselamaan.fi\/fi\/vanhemmille\/puhutaan-paihteista\/\" class=\"elementor-item\" tabindex=\"-1\">Puhutaan p\u00e4ihteist\u00e4 -podcast<\/a><\/li>\n<li class=\"menu-item menu-item-type-post_type menu-item-object-page menu-item-2373\"><a href=\"https:\/\/koulutuselamaan.fi\/fi\/vanhemmille\/opetuksen-sisalto\/\" class=\"elementor-item\" tabindex=\"-1\">Opetuksen sis\u00e4lt\u00f6<\/a><\/li>\n<li class=\"menu-item menu-item-type-post_type menu-item-object-page menu-item-2374\"><a href=\"https:\/\/koulutuselamaan.fi\/fi\/vanhemmille\/opetusohjelman-taustaa\/\" class=\"elementor-item\" tabindex=\"-1\">Opetusohjelman taustaa<\/a><\/li>\n<li class=\"menu-item menu-item-type-post_type menu-item-object-page menu-item-2372\"><a href=\"https:\/\/koulutuselamaan.fi\/fi\/vanhemmille\/materiaalia-vanhemmille\/\" class=\"elementor-item\" tabindex=\"-1\">Materiaalia vanhemmille<\/a><\/li>\n<\/ul>\t\t\t<\/nav>\n\t\t\t\t\t\t<\/div>\n\t\t\t\t<\/div>\n\t\t\t\t<div class=\"elementor-element elementor-element-06b2fa5 elementor-widget-divider--view-line elementor-widget elementor-widget-divider\" data-id=\"06b2fa5\" data-element_type=\"widget\" data-widget_type=\"divider.default\">\n\t\t\t\t<div class=\"elementor-widget-container\">\n\t\t\t\t\t\t\t<div class=\"elementor-divider\">\n\t\t\t<span class=\"elementor-divider-separator\">\n\t\t\t\t\t\t<\/span>\n\t\t<\/div>\n\t\t\t\t\t\t<\/div>\n\t\t\t\t<\/div>\n\t\t\t\t<div class=\"elementor-element elementor-element-aad188a elementor-nav-menu--dropdown-tablet elementor-nav-menu__text-align-aside elementor-widget elementor-widget-nav-menu\" data-id=\"aad188a\" data-element_type=\"widget\" data-settings=\"{&quot;layout&quot;:&quot;vertical&quot;,&quot;submenu_icon&quot;:{&quot;value&quot;:&quot;&lt;i class=\\&quot;fas fa-caret-down\\&quot;&gt;&lt;\\\/i&gt;&quot;,&quot;library&quot;:&quot;fa-solid&quot;}}\" data-widget_type=\"nav-menu.default\">\n\t\t\t\t<div class=\"elementor-widget-container\">\n\t\t\t\t\t\t\t\t<nav aria-label=\"Menu\" class=\"elementor-nav-menu--main elementor-nav-menu__container elementor-nav-menu--layout-vertical e--pointer-underline e--animation-fade\">\n\t\t\t\t<ul id=\"menu-1-aad188a\" class=\"elementor-nav-menu sm-vertical\"><li class=\"menu-item menu-item-type-post_type menu-item-object-page menu-item-2395\"><a href=\"https:\/\/koulutuselamaan.fi\/fi\/vanhemmille\/puhutaan-paihteista\/\" class=\"elementor-item\">Puhutaan p\u00e4ihteist\u00e4 -podcast<\/a><\/li>\n<li class=\"menu-item menu-item-type-post_type menu-item-object-page menu-item-2394\"><a href=\"https:\/\/koulutuselamaan.fi\/fi\/lapsille-2\/harold\/\" class=\"elementor-item\">Harold-peli ja ohjeet<\/a><\/li>\n<\/ul>\t\t\t<\/nav>\n\t\t\t\t\t\t<nav class=\"elementor-nav-menu--dropdown elementor-nav-menu__container\" aria-hidden=\"true\">\n\t\t\t\t<ul id=\"menu-2-aad188a\" class=\"elementor-nav-menu sm-vertical\"><li class=\"menu-item menu-item-type-post_type menu-item-object-page menu-item-2395\"><a href=\"https:\/\/koulutuselamaan.fi\/fi\/vanhemmille\/puhutaan-paihteista\/\" class=\"elementor-item\" tabindex=\"-1\">Puhutaan p\u00e4ihteist\u00e4 -podcast<\/a><\/li>\n<li class=\"menu-item menu-item-type-post_type menu-item-object-page menu-item-2394\"><a href=\"https:\/\/koulutuselamaan.fi\/fi\/lapsille-2\/harold\/\" class=\"elementor-item\" tabindex=\"-1\">Harold-peli ja ohjeet<\/a><\/li>\n<\/ul>\t\t\t<\/nav>\n\t\t\t\t\t\t<\/div>\n\t\t\t\t<\/div>\n\t\t\t\t<div class=\"elementor-element elementor-element-cd63568 elementor-widget-divider--view-line elementor-widget elementor-widget-divider\" data-id=\"cd63568\" data-element_type=\"widget\" data-widget_type=\"divider.default\">\n\t\t\t\t<div class=\"elementor-widget-container\">\n\t\t\t\t\t\t\t<div class=\"elementor-divider\">\n\t\t\t<span class=\"elementor-divider-separator\">\n\t\t\t\t\t\t<\/span>\n\t\t<\/div>\n\t\t\t\t\t\t<\/div>\n\t\t\t\t<\/div>\n\t\t\t\t\t<\/div>\n\t\t<\/div>\n\t\t\t\t\t<\/div>\n\t\t<\/section>\n\t\t\t\t\t<\/div>\n\t\t<\/div>\n\t\t\t\t\t<\/div>\n\t\t<\/section>\n\t\t\t\t<\/div>\n\t\t","protected":false},"excerpt":{"rendered":"<p>Vastuu lapsista ja nuorista on yhteinen! &nbsp; Koulutus El\u00e4m\u00e4\u00e4n S\u00e4\u00e4ti\u00f6 toteuttaa terveyskasvatusohjelmaa, jonka tavoitteena on tukea lasten ja nuorten terveellisi\u00e4 el\u00e4m\u00e4ntapoja kotien ja koulujen rinnalla.\u00a0Koulutus El\u00e4m\u00e4\u00e4n S\u00e4\u00e4ti\u00f6n oppitunnit j\u00e4rjestet\u00e4\u00e4n 1.-6.-luokille sek\u00e4 p\u00e4iv\u00e4koti- ja esiopetusryhmille. Opetusohjelma t\u00e4ydent\u00e4\u00e4 koulujen ja p\u00e4iv\u00e4kotien antamaa terveyskasvatusta. Oppituntien teemat liittyv\u00e4t ihmiskehon ja sen toiminnan ymm\u00e4rt\u00e4miseen. Tuntien sis\u00e4lt\u00f6 vaihtelee lasten ik\u00e4tason mukaan. &hellip; <a href=\"https:\/\/koulutuselamaan.fi\/fi\/vanhemmille\/\" class=\"more-link\">Jatka artikkeliin <span class=\"screen-reader-text\">Vanhemmille<\/span><\/a><\/p>\n","protected":false},"author":1,"featured_media":403,"parent":0,"menu_order":4,"comment_status":"closed","ping_status":"closed","template":"elementor_header_footer","meta":{"footnotes":""},"tags":[],"class_list":["post-26","page","type-page","status-publish","has-post-thumbnail","hentry"],"jetpack_sharing_enabled":true,"_links":{"self":[{"href":"https:\/\/koulutuselamaan.fi\/fi\/wp-json\/wp\/v2\/pages\/26","targetHints":{"allow":["GET"]}}],"collection":[{"href":"https:\/\/koulutuselamaan.fi\/fi\/wp-json\/wp\/v2\/pages"}],"about":[{"href":"https:\/\/koulutuselamaan.fi\/fi\/wp-json\/wp\/v2\/types\/page"}],"author":[{"embeddable":true,"href":"https:\/\/koulutuselamaan.fi\/fi\/wp-json\/wp\/v2\/users\/1"}],"replies":[{"embeddable":true,"href":"https:\/\/koulutuselamaan.fi\/fi\/wp-json\/wp\/v2\/comments?post=26"}],"version-history":[{"count":28,"href":"https:\/\/koulutuselamaan.fi\/fi\/wp-json\/wp\/v2\/pages\/26\/revisions"}],"predecessor-version":[{"id":3550,"href":"https:\/\/koulutuselamaan.fi\/fi\/wp-json\/wp\/v2\/pages\/26\/revisions\/3550"}],"wp:featuredmedia":[{"embeddable":true,"href":"https:\/\/koulutuselamaan.fi\/fi\/wp-json\/wp\/v2\/media\/403"}],"wp:attachment":[{"href":"https:\/\/koulutuselamaan.fi\/fi\/wp-json\/wp\/v2\/media?parent=26"}],"wp:term":[{"taxonomy":"post_tag","embeddable":true,"href":"https:\/\/koulutuselamaan.fi\/fi\/wp-json\/wp\/v2\/tags?post=26"}],"curies":[{"name":"wp","href":"https:\/\/api.w.org\/{rel}","templated":true}]}}