{"id":214,"date":"2019-10-08T15:50:50","date_gmt":"2019-10-08T12:50:50","guid":{"rendered":"http:\/\/wp.koulutuselamaan.fi\/?page_id=214"},"modified":"2020-10-15T13:08:52","modified_gmt":"2020-10-15T10:08:52","slug":"yhteydenottolomake","status":"publish","type":"page","link":"https:\/\/koulutuselamaan.fi\/fi\/saatio\/yhteydenottolomake\/","title":{"rendered":"Yhteydenottolomake"},"content":{"rendered":"\n<div class=\"wpcf7 no-js\" id=\"wpcf7-f180-o1\" lang=\"fi\" dir=\"ltr\">\n<div class=\"screen-reader-response\"><p role=\"status\" aria-live=\"polite\" aria-atomic=\"true\"><\/p> <ul><\/ul><\/div>\n<form action=\"\/fi\/wp-json\/wp\/v2\/pages\/214#wpcf7-f180-o1\" method=\"post\" class=\"wpcf7-form init\" aria-label=\"Yhteydenottolomake\" novalidate=\"novalidate\" data-status=\"init\">\n<div style=\"display: none;\">\n<input type=\"hidden\" name=\"_wpcf7\" value=\"180\" \/>\n<input type=\"hidden\" name=\"_wpcf7_version\" value=\"5.9.8\" \/>\n<input type=\"hidden\" name=\"_wpcf7_locale\" value=\"fi\" \/>\n<input type=\"hidden\" name=\"_wpcf7_unit_tag\" value=\"wpcf7-f180-o1\" \/>\n<input type=\"hidden\" name=\"_wpcf7_container_post\" value=\"0\" \/>\n<input type=\"hidden\" name=\"_wpcf7_posted_data_hash\" value=\"\" \/>\n<\/div>\n<p><label> Nimi *<br \/>\n<span class=\"wpcf7-form-control-wrap\" data-name=\"Nimi\"><input size=\"40\" maxlength=\"400\" class=\"wpcf7-form-control wpcf7-text wpcf7-validates-as-required\" aria-required=\"true\" aria-invalid=\"false\" value=\"\" type=\"text\" name=\"Nimi\" \/><\/span> <\/label>\n<\/p>\n<p><label> Organisaatio<br \/>\n<span class=\"wpcf7-form-control-wrap\" data-name=\"Organisaatio\"><input size=\"40\" maxlength=\"400\" class=\"wpcf7-form-control wpcf7-text\" aria-invalid=\"false\" value=\"\" type=\"text\" name=\"Organisaatio\" \/><\/span> <\/label>\n<\/p>\n<p><label> Osoite *<br \/>\n<span class=\"wpcf7-form-control-wrap\" data-name=\"Osoite\"><input size=\"40\" maxlength=\"400\" class=\"wpcf7-form-control wpcf7-text wpcf7-validates-as-required\" aria-required=\"true\" aria-invalid=\"false\" value=\"\" type=\"text\" name=\"Osoite\" \/><\/span> <\/label>\n<\/p>\n<p><label> Postinumero ja toimipaikka *<br \/>\n<span class=\"wpcf7-form-control-wrap\" data-name=\"Postinumero\"><input size=\"40\" maxlength=\"400\" class=\"wpcf7-form-control wpcf7-text wpcf7-validates-as-required\" aria-required=\"true\" aria-invalid=\"false\" value=\"\" type=\"text\" name=\"Postinumero\" \/><\/span> <\/label>\n<\/p>\n<p><label> Puhelinnumero *<br \/>\n<span class=\"wpcf7-form-control-wrap\" data-name=\"Puhelinnumero\"><input size=\"40\" maxlength=\"400\" class=\"wpcf7-form-control wpcf7-text wpcf7-validates-as-required\" aria-required=\"true\" aria-invalid=\"false\" value=\"\" type=\"text\" name=\"Puhelinnumero\" \/><\/span> <\/label>\n<\/p>\n<p><label> S\u00e4hk\u00f6posti *<br \/>\n<span class=\"wpcf7-form-control-wrap\" data-name=\"Sahkoposti\"><input size=\"40\" maxlength=\"400\" class=\"wpcf7-form-control wpcf7-email wpcf7-validates-as-required wpcf7-text wpcf7-validates-as-email\" aria-required=\"true\" aria-invalid=\"false\" value=\"\" type=\"email\" name=\"Sahkoposti\" \/><\/span> <\/label>\n<\/p>\n<p><label> Viesti *<br \/>\n<span class=\"wpcf7-form-control-wrap\" data-name=\"viesti\"><textarea cols=\"40\" rows=\"10\" maxlength=\"2000\" class=\"wpcf7-form-control wpcf7-textarea wpcf7-validates-as-required\" aria-required=\"true\" aria-invalid=\"false\" name=\"viesti\"><\/textarea><\/span> <\/label>\n<\/p>\n<p>* t\u00e4hdell\u00e4 merkityt kent\u00e4t ovat pakollisia\n<\/p>\n<p><input class=\"wpcf7-form-control wpcf7-submit has-spinner\" type=\"submit\" value=\"L\u00e4het\u00e4\" \/>\n<\/p><div class=\"wpcf7-response-output\" aria-hidden=\"true\"><\/div>\n<\/form>\n<\/div>\n\n","protected":false},"excerpt":{"rendered":"","protected":false},"author":5,"featured_media":274,"parent":2,"menu_order":0,"comment_status":"closed","ping_status":"closed","template":"","meta":{"footnotes":""},"tags":[],"class_list":["post-214","page","type-page","status-publish","has-post-thumbnail","hentry"],"jetpack_sharing_enabled":true,"_links":{"self":[{"href":"https:\/\/koulutuselamaan.fi\/fi\/wp-json\/wp\/v2\/pages\/214","targetHints":{"allow":["GET"]}}],"collection":[{"href":"https:\/\/koulutuselamaan.fi\/fi\/wp-json\/wp\/v2\/pages"}],"about":[{"href":"https:\/\/koulutuselamaan.fi\/fi\/wp-json\/wp\/v2\/types\/page"}],"author":[{"embeddable":true,"href":"https:\/\/koulutuselamaan.fi\/fi\/wp-json\/wp\/v2\/users\/5"}],"replies":[{"embeddable":true,"href":"https:\/\/koulutuselamaan.fi\/fi\/wp-json\/wp\/v2\/comments?post=214"}],"version-history":[{"count":3,"href":"https:\/\/koulutuselamaan.fi\/fi\/wp-json\/wp\/v2\/pages\/214\/revisions"}],"predecessor-version":[{"id":772,"href":"https:\/\/koulutuselamaan.fi\/fi\/wp-json\/wp\/v2\/pages\/214\/revisions\/772"}],"up":[{"embeddable":true,"href":"https:\/\/koulutuselamaan.fi\/fi\/wp-json\/wp\/v2\/pages\/2"}],"wp:featuredmedia":[{"embeddable":true,"href":"https:\/\/koulutuselamaan.fi\/fi\/wp-json\/wp\/v2\/media\/274"}],"wp:attachment":[{"href":"https:\/\/koulutuselamaan.fi\/fi\/wp-json\/wp\/v2\/media?parent=214"}],"wp:term":[{"taxonomy":"post_tag","embeddable":true,"href":"https:\/\/koulutuselamaan.fi\/fi\/wp-json\/wp\/v2\/tags?post=214"}],"curies":[{"name":"wp","href":"https:\/\/api.w.org\/{rel}","templated":true}]}}