{"id":196,"date":"2019-10-07T14:31:16","date_gmt":"2019-10-07T11:31:16","guid":{"rendered":"http:\/\/wp.koulutuselamaan.fi\/?page_id=196"},"modified":"2022-01-25T14:03:13","modified_gmt":"2022-01-25T12:03:13","slug":"tee-lahjoitus","status":"publish","type":"page","link":"https:\/\/koulutuselamaan.fi\/fi\/tue-toimintaamme\/tee-lahjoitus\/","title":{"rendered":"Tee lahjoitus"},"content":{"rendered":"\t\t<div data-elementor-type=\"wp-page\" data-elementor-id=\"196\" class=\"elementor elementor-196\" data-elementor-post-type=\"page\">\n\t\t\t\t\t\t<section class=\"elementor-section elementor-top-section elementor-element elementor-element-7f5c39bb elementor-section-boxed elementor-section-height-default elementor-section-height-default\" data-id=\"7f5c39bb\" data-element_type=\"section\">\n\t\t\t\t\t\t<div class=\"elementor-container elementor-column-gap-default\">\n\t\t\t\t\t<div class=\"elementor-column elementor-col-100 elementor-top-column elementor-element elementor-element-662fda69\" data-id=\"662fda69\" data-element_type=\"column\">\n\t\t\t<div class=\"elementor-widget-wrap elementor-element-populated\">\n\t\t\t\t\t\t<div class=\"elementor-element elementor-element-7c7b794d elementor-widget elementor-widget-text-editor\" data-id=\"7c7b794d\" data-element_type=\"widget\" data-widget_type=\"text-editor.default\">\n\t\t\t\t<div class=\"elementor-widget-container\">\n\t\t\t\t\t\t\t\t\t\n<p>Koulutus El\u00e4m\u00e4\u00e4n S\u00e4\u00e4ti\u00f6 Rahanker\u00e4yslupa RA\/2021\/1512<span class=\"\">, my\u00f6nnetty 10.11.2021. Lupa on voimassa 25.1.2022 alkaen toistaiseksi koko Suomen alueella Ahvenanmaata lukuunottamatta.<\/span><\/p>\n\n<p>Rahanker\u00e4ystili: FI65 6601 0001 0619 10<\/p>\n\n<p>\u00a0<\/p>\n\t\t\t\t\t\t\t\t<\/div>\n\t\t\t\t<\/div>\n\t\t\t\t\t<\/div>\n\t\t<\/div>\n\t\t\t\t\t<\/div>\n\t\t<\/section>\n\t\t\t\t<\/div>\n\t\t","protected":false},"excerpt":{"rendered":"<p>Koulutus El\u00e4m\u00e4\u00e4n S\u00e4\u00e4ti\u00f6 Rahanker\u00e4yslupa RA\/2021\/1512, my\u00f6nnetty 10.11.2021. Lupa on voimassa 25.1.2022 alkaen toistaiseksi koko Suomen alueella Ahvenanmaata lukuunottamatta. Rahanker\u00e4ystili: FI65 6601 0001 0619 10 \u00a0<\/p>\n","protected":false},"author":5,"featured_media":0,"parent":54,"menu_order":0,"comment_status":"closed","ping_status":"closed","template":"page_template_paytrail.php","meta":{"footnotes":""},"tags":[],"class_list":["post-196","page","type-page","status-publish","hentry","no-featured-image"],"jetpack_sharing_enabled":true,"_links":{"self":[{"href":"https:\/\/koulutuselamaan.fi\/fi\/wp-json\/wp\/v2\/pages\/196","targetHints":{"allow":["GET"]}}],"collection":[{"href":"https:\/\/koulutuselamaan.fi\/fi\/wp-json\/wp\/v2\/pages"}],"about":[{"href":"https:\/\/koulutuselamaan.fi\/fi\/wp-json\/wp\/v2\/types\/page"}],"author":[{"embeddable":true,"href":"https:\/\/koulutuselamaan.fi\/fi\/wp-json\/wp\/v2\/users\/5"}],"replies":[{"embeddable":true,"href":"https:\/\/koulutuselamaan.fi\/fi\/wp-json\/wp\/v2\/comments?post=196"}],"version-history":[{"count":11,"href":"https:\/\/koulutuselamaan.fi\/fi\/wp-json\/wp\/v2\/pages\/196\/revisions"}],"predecessor-version":[{"id":4201,"href":"https:\/\/koulutuselamaan.fi\/fi\/wp-json\/wp\/v2\/pages\/196\/revisions\/4201"}],"up":[{"embeddable":true,"href":"https:\/\/koulutuselamaan.fi\/fi\/wp-json\/wp\/v2\/pages\/54"}],"wp:attachment":[{"href":"https:\/\/koulutuselamaan.fi\/fi\/wp-json\/wp\/v2\/media?parent=196"}],"wp:term":[{"taxonomy":"post_tag","embeddable":true,"href":"https:\/\/koulutuselamaan.fi\/fi\/wp-json\/wp\/v2\/tags?post=196"}],"curies":[{"name":"wp","href":"https:\/\/api.w.org\/{rel}","templated":true}]}}