{"id":173,"date":"2019-10-07T12:30:08","date_gmt":"2019-10-07T09:30:08","guid":{"rendered":"http:\/\/wp.koulutuselamaan.fi\/?page_id=173"},"modified":"2025-08-07T10:07:40","modified_gmt":"2025-08-07T07:07:40","slug":"opetuksen-sisalto","status":"publish","type":"page","link":"https:\/\/koulutuselamaan.fi\/fi\/vanhemmille\/opetuksen-sisalto\/","title":{"rendered":"Opetuksen sis\u00e4lt\u00f6"},"content":{"rendered":"\t\t<div data-elementor-type=\"wp-page\" data-elementor-id=\"173\" class=\"elementor elementor-173\" data-elementor-post-type=\"page\">\n\t\t\t\t\t\t<section class=\"elementor-section elementor-top-section elementor-element elementor-element-2853d09 elementor-section-boxed elementor-section-height-default elementor-section-height-default\" data-id=\"2853d09\" data-element_type=\"section\">\n\t\t\t\t\t\t<div class=\"elementor-container elementor-column-gap-default\">\n\t\t\t\t\t<div class=\"elementor-column elementor-col-100 elementor-top-column elementor-element elementor-element-2e26cce3\" data-id=\"2e26cce3\" data-element_type=\"column\">\n\t\t\t<div class=\"elementor-widget-wrap elementor-element-populated\">\n\t\t\t\t\t\t<div class=\"elementor-element elementor-element-05e8145 elementor-widget elementor-widget-text-editor\" data-id=\"05e8145\" data-element_type=\"widget\" data-widget_type=\"text-editor.default\">\n\t\t\t\t<div class=\"elementor-widget-container\">\n\t\t\t\t\t\t\t\t\t<h1>Opetuksen sis\u00e4lt\u00f6<\/h1>\t\t\t\t\t\t\t\t<\/div>\n\t\t\t\t<\/div>\n\t\t\t\t<div class=\"elementor-element elementor-element-35f82116 elementor-widget elementor-widget-text-editor\" data-id=\"35f82116\" data-element_type=\"widget\" data-widget_type=\"text-editor.default\">\n\t\t\t\t<div class=\"elementor-widget-container\">\n\t\t\t\t\t\t\t\t\t<p>Opetusohjelma on suunniteltu vuosittain etenev\u00e4ksi ja lapsen ik\u00e4tason huomioivaksi kokonaisuudeksi.<\/p><h2><strong>3-4-vuotiaat<\/strong><\/h2><h2><strong>Pid\u00e4n huolta itsest\u00e4ni n. 30 min\u00a0<\/strong><\/h2><ul><li>Haroldin huone<\/li><li>Kehon tunnustelu ja tutkiminen<\/li><li>Taukoliikunta<\/li><li>Harold -kirahvin avulla pohditaan omaa hygieniaa ja terveytt\u00e4<\/li><li>Lepohetki t\u00e4htitaivaan alla<\/li><li>Haroldin laulu<\/li><\/ul><h2><strong>5-vuotiaat\u00a0<\/strong><\/h2><h2><strong>Kaikki minusta n. 30 min<\/strong><\/h2><ul><li>Haroldin huone<\/li><li>Keholiivin avulla kehon osien tutkiminen<\/li><li>Taukoliikunta<\/li><li>Kaveritaidot ja satu Haroldista<\/li><li>Haroldin laulu<\/li><\/ul><h2><strong>Esiopetus\u00a0<\/strong><\/h2><h2><strong>Ihmeellinen kehoni n. 45 min\u00a0<\/strong><\/h2><ul><li>Haroldin huone<\/li><li>Taukoliikunta<\/li><li>Keholiivin avulla kehon osien tutkiminen<\/li><li>Monipuolinen ja terveellinen ravinto<\/li><li>Ev\u00e4sretki<\/li><li>Haroldin laulu<\/li><\/ul><h2><strong>1.lk\u00a0<\/strong><\/h2><h2><strong>Tunteet n. 45 min<\/strong><\/h2><ul><li data-leveltext=\"\u2022\" data-font=\"Trebuchet MS\" data-listid=\"56\" aria-setsize=\"-1\" data-aria-posinset=\"0\" data-aria-level=\"2\"><span data-contrast=\"none\">Haroldin huone<\/span><\/li><li data-leveltext=\"\u2022\" data-font=\"Trebuchet MS\" data-listid=\"56\" aria-setsize=\"-1\" data-aria-posinset=\"0\" data-aria-level=\"2\"><span data-contrast=\"none\">Tunteiden tunnistaminen<\/span><span data-ccp-props=\"{\">\u00a0ja nime\u00e4minen sek\u00e4 tunteiden s\u00e4\u00e4tely<\/span><\/li><li data-leveltext=\"\u2022\" data-font=\"Trebuchet MS\" data-listid=\"56\" aria-setsize=\"-1\" data-aria-posinset=\"0\" data-aria-level=\"2\"><span data-ccp-props=\"{\">Tunneharjoitus<\/span><\/li><li data-leveltext=\"\u2022\" data-font=\"Trebuchet MS\" data-listid=\"56\" aria-setsize=\"-1\" data-aria-posinset=\"0\" data-aria-level=\"2\"><span data-contrast=\"none\">Taukoliikunta<\/span><span data-ccp-props=\"{\">\u00a0<\/span><\/li><li data-leveltext=\"\u2022\" data-font=\"Trebuchet MS\" data-listid=\"56\" aria-setsize=\"-1\" data-aria-posinset=\"0\" data-aria-level=\"2\"><span data-contrast=\"none\">Hengitysharjoitus<\/span><span data-ccp-props=\"{\">\u00a0<\/span><\/li><li data-leveltext=\"\u2022\" data-font=\"Trebuchet MS\" data-listid=\"56\" aria-setsize=\"-1\" data-aria-posinset=\"0\" data-aria-level=\"2\"><span data-contrast=\"none\">Haroldin laulu<\/span><span data-ccp-props=\"{\">\u00a0<\/span><\/li><\/ul><h2><strong>2.lk\u00a0<\/strong><\/h2><h2><strong>Tutustumme aivoihin n. 45 min<\/strong><\/h2><ul><li data-leveltext=\"\u2022\" data-font=\"Trebuchet MS\" data-listid=\"68\" aria-setsize=\"-1\" data-aria-posinset=\"0\" data-aria-level=\"2\"><span data-contrast=\"none\">Haroldin huone<\/span><\/li><li data-leveltext=\"\u2022\" data-font=\"Trebuchet MS\" data-listid=\"68\" aria-setsize=\"-1\" data-aria-posinset=\"0\" data-aria-level=\"2\"><span data-contrast=\"none\">Oman kehon tutkiminen Digi-Alman avulla<\/span><span data-ccp-props=\"{\">\u00a0<\/span><\/li><li data-leveltext=\"\u2022\" data-font=\"Trebuchet MS\" data-listid=\"69\" aria-setsize=\"-1\" data-aria-posinset=\"0\" data-aria-level=\"2\"><span data-contrast=\"none\">Taukoliikunta<\/span><span data-ccp-props=\"{\">\u00a0<\/span><\/li><li data-leveltext=\"\u2022\" data-font=\"Trebuchet MS\" data-listid=\"69\" aria-setsize=\"-1\" data-aria-posinset=\"0\" data-aria-level=\"2\"><span data-contrast=\"none\">Aivojen osat, toiminta ja niiden hyvinvointi<\/span><span data-ccp-props=\"{\">\u00a0<\/span><\/li><li data-leveltext=\"\u2022\" data-font=\"Trebuchet MS\" data-listid=\"71\" aria-setsize=\"-1\" data-aria-posinset=\"0\" data-aria-level=\"2\"><span data-contrast=\"none\">Haroldin laulu<\/span><span data-ccp-props=\"{\">\u00a0<\/span><\/li><\/ul><h2><strong>3.lk\u00a0<\/strong><\/h2><h2><strong>Min\u00e4 ja me n. 45 min<\/strong><\/h2><ul><li data-leveltext=\"\u2022\" data-font=\"Trebuchet MS\" data-listid=\"78\" aria-setsize=\"-1\" data-aria-posinset=\"0\" data-aria-level=\"2\"><span data-contrast=\"none\">Mit\u00e4 keho tarvitsee -video<\/span><\/li><li data-leveltext=\"\u2022\" data-font=\"Trebuchet MS\" data-listid=\"78\" aria-setsize=\"-1\" data-aria-posinset=\"0\" data-aria-level=\"2\"><span data-contrast=\"none\">Yhteiset ominaisuudet<\/span><span data-ccp-props=\"{\">\u00a0&#8211; teht\u00e4v\u00e4<\/span><\/li><li data-leveltext=\"\u2022\" data-font=\"Trebuchet MS\" data-listid=\"79\" aria-setsize=\"-1\" data-aria-posinset=\"0\" data-aria-level=\"2\"><span data-contrast=\"none\">Tutkitaan ihmisen kehoa\u00a0Curiscope\u00a0t-paidan\u00a0avulla<\/span><span data-ccp-props=\"{\">\u00a0<\/span><\/li><li data-leveltext=\"\u2022\" data-font=\"Trebuchet MS\" data-listid=\"82\" aria-setsize=\"-1\" data-aria-posinset=\"0\" data-aria-level=\"2\"><span data-contrast=\"none\">Keskustelua keholle haitallisista asioista, kuten tupakasta ja alkoholista<\/span><\/li><\/ul><h2><strong>4.lk\u00a0<\/strong><\/h2><h2><strong>Yst\u00e4v\u00e4t n. 1h 30min<\/strong><\/h2><ul><li data-leveltext=\"\u2022\" data-font=\"Trebuchet MS\" data-listid=\"89\" aria-setsize=\"-1\" data-aria-posinset=\"0\" data-aria-level=\"2\">Hyvinvointipeliss\u00e4 k\u00e4sitell\u00e4\u00e4n hyvinvointiin liittyvi\u00e4 teemoja<\/li><li data-leveltext=\"\u2022\" data-font=\"Trebuchet MS\" data-listid=\"89\" aria-setsize=\"-1\" data-aria-posinset=\"0\" data-aria-level=\"2\">K\u00e4sitell\u00e4\u00e4n erilaisia sosiaalisia tilanteita (kuten ryhm\u00e4painetta)<\/li><li data-leveltext=\"\u2022\" data-font=\"Trebuchet MS\" data-listid=\"89\" aria-setsize=\"-1\" data-aria-posinset=\"0\" data-aria-level=\"2\">Hyvinvoinnin ympyr\u00e4 (ihmisen tarpeet)<\/li><li data-leveltext=\"\u2022\" data-font=\"Trebuchet MS\" data-listid=\"89\" aria-setsize=\"-1\" data-aria-posinset=\"0\" data-aria-level=\"2\">P\u00e4ihdekeskustelu tillannekuvien avulla (tupakka, nuuska, s\u00e4hk\u00f6tupakka, alkoholi)<\/li><li data-leveltext=\"\u2022\" data-font=\"Trebuchet MS\" data-listid=\"89\" aria-setsize=\"-1\" data-aria-posinset=\"0\" data-aria-level=\"2\">Digitaalinen Harold-peli p\u00e4ihde- ja hyvinvointiaiheista<\/li><\/ul><h2><strong>5.lk\u00a0<\/strong><\/h2><h2><strong>Hyvinvointitaidot n. 1 h 30 min<\/strong><\/h2><ul style=\"font-weight: 400;\"><li>Hyvinvointipeliss\u00e4 k\u00e4sitell\u00e4\u00e4n terveyteen ja hyvinvointiin liittyvi\u00e4 teemoja<\/li><li>Tutustutaan siihen, miten aivot ohjaavat toimintaamme ja miksi aivot reagoivat nykymaailmassa usein ylivirittyneesti<\/li><li>Pohditaan, mihin asioihin omassa hyvinvoinnissa voi vaikuttaa ja miten<\/li><li>Opetuskeskustelu p\u00e4ihteist\u00e4 ja niihin liittyvist\u00e4 lains\u00e4\u00e4d\u00e4nn\u00f6ist\u00e4<\/li><li>Digitaalisessa Harold-peliss\u00e4 autetaan Haroldia tekem\u00e4\u00e4n hyvinvointiin liittyvi\u00e4 p\u00e4\u00e4t\u00f6ksi\u00e4<span data-ccp-props=\"{\">\u00a0<\/span><\/li><\/ul><h2><strong>6.lk\u00a0<\/strong><\/h2><h2><strong>Valinnat n. 1 h 30 min<\/strong><\/h2><ul><li>Hyvinvointipeliss\u00e4 k\u00e4sitell\u00e4\u00e4n hyvinvointiin liittyvi\u00e4 teemoja<\/li><li data-leveltext=\"\u2022\" data-font=\"Trebuchet MS\" data-listid=\"113\" aria-setsize=\"-1\" data-aria-posinset=\"0\" data-aria-level=\"2\"><span data-contrast=\"none\">Keskustelu valintojen tekemisest\u00e4<\/span><span data-ccp-props=\"{\">\u00a0<\/span><\/li><li data-leveltext=\"\u2022\" data-font=\"Trebuchet MS\" data-listid=\"113\" aria-setsize=\"-1\" data-aria-posinset=\"0\" data-aria-level=\"2\"><span data-contrast=\"none\">P\u00e4ihdekeskustelu\u00a0<\/span><i><span data-contrast=\"none\">kokeilusta-riippuvuuteen<\/span><\/i><span data-ccp-props=\"{\">\u00a0<\/span><\/li><li data-leveltext=\"\u2022\" data-font=\"Trebuchet MS\" data-listid=\"111\" aria-setsize=\"-1\" data-aria-posinset=\"0\" data-aria-level=\"2\"><span data-contrast=\"none\">Ajankohtaista tietoa nuorten p\u00e4ihdek\u00e4yt\u00f6st\u00e4<\/span><span data-ccp-props=\"{\">\u00a0<\/span><\/li><li data-leveltext=\"\u2022\" data-font=\"Trebuchet MS\" data-listid=\"111\" aria-setsize=\"-1\" data-aria-posinset=\"0\" data-aria-level=\"2\"><span style=\"color: var( --e-global-color-text ); font-family: var( --e-global-typography-text-font-family ), Sans-serif;\" data-contrast=\"none\">Keksit\u00e4\u00e4n\u00a0iloa ja onnea tuovia\u00a0valintoja<\/span><span style=\"color: var( --e-global-color-text ); font-family: var( --e-global-typography-text-font-family ), Sans-serif;\" data-ccp-props=\"{\">\u00a0<\/span><\/li><li data-leveltext=\"\u2022\" data-font=\"Trebuchet MS\" data-listid=\"111\" aria-setsize=\"-1\" data-aria-posinset=\"0\" data-aria-level=\"2\"><span style=\"color: var( --e-global-color-text ); font-family: var( --e-global-typography-text-font-family ), Sans-serif;\" data-ccp-props=\"{\">Digitaalinen Harold-peli p\u00e4ihde- ja hyvinvointiaiheis<\/span><\/li><\/ul>\t\t\t\t\t\t\t\t<\/div>\n\t\t\t\t<\/div>\n\t\t\t\t\t<\/div>\n\t\t<\/div>\n\t\t\t\t\t<\/div>\n\t\t<\/section>\n\t\t\t\t<\/div>\n\t\t","protected":false},"excerpt":{"rendered":"<p>Opetuksen sis\u00e4lt\u00f6 Opetusohjelma on suunniteltu vuosittain etenev\u00e4ksi ja lapsen ik\u00e4tason huomioivaksi kokonaisuudeksi. 3-4-vuotiaat Pid\u00e4n huolta itsest\u00e4ni n. 30 min\u00a0 Haroldin huone Kehon tunnustelu ja tutkiminen Taukoliikunta Harold -kirahvin avulla pohditaan omaa hygieniaa ja terveytt\u00e4 Lepohetki t\u00e4htitaivaan alla Haroldin laulu 5-vuotiaat\u00a0 Kaikki minusta n. 30 min Haroldin huone Keholiivin avulla kehon osien tutkiminen Taukoliikunta Kaveritaidot ja &hellip; <a href=\"https:\/\/koulutuselamaan.fi\/fi\/vanhemmille\/opetuksen-sisalto\/\" class=\"more-link\">Jatka artikkeliin <span class=\"screen-reader-text\">Opetuksen sis\u00e4lt\u00f6<\/span><\/a><\/p>\n","protected":false},"author":5,"featured_media":0,"parent":26,"menu_order":0,"comment_status":"closed","ping_status":"closed","template":"elementor_header_footer","meta":{"footnotes":""},"tags":[],"class_list":["post-173","page","type-page","status-publish","hentry","no-featured-image"],"jetpack_sharing_enabled":true,"_links":{"self":[{"href":"https:\/\/koulutuselamaan.fi\/fi\/wp-json\/wp\/v2\/pages\/173","targetHints":{"allow":["GET"]}}],"collection":[{"href":"https:\/\/koulutuselamaan.fi\/fi\/wp-json\/wp\/v2\/pages"}],"about":[{"href":"https:\/\/koulutuselamaan.fi\/fi\/wp-json\/wp\/v2\/types\/page"}],"author":[{"embeddable":true,"href":"https:\/\/koulutuselamaan.fi\/fi\/wp-json\/wp\/v2\/users\/5"}],"replies":[{"embeddable":true,"href":"https:\/\/koulutuselamaan.fi\/fi\/wp-json\/wp\/v2\/comments?post=173"}],"version-history":[{"count":60,"href":"https:\/\/koulutuselamaan.fi\/fi\/wp-json\/wp\/v2\/pages\/173\/revisions"}],"predecessor-version":[{"id":6001,"href":"https:\/\/koulutuselamaan.fi\/fi\/wp-json\/wp\/v2\/pages\/173\/revisions\/6001"}],"up":[{"embeddable":true,"href":"https:\/\/koulutuselamaan.fi\/fi\/wp-json\/wp\/v2\/pages\/26"}],"wp:attachment":[{"href":"https:\/\/koulutuselamaan.fi\/fi\/wp-json\/wp\/v2\/media?parent=173"}],"wp:term":[{"taxonomy":"post_tag","embeddable":true,"href":"https:\/\/koulutuselamaan.fi\/fi\/wp-json\/wp\/v2\/tags?post=173"}],"curies":[{"name":"wp","href":"https:\/\/api.w.org\/{rel}","templated":true}]}}