{"id":158,"date":"2019-10-04T12:37:20","date_gmt":"2019-10-04T09:37:20","guid":{"rendered":"http:\/\/wp.koulutuselamaan.fi\/?page_id=158"},"modified":"2021-07-02T12:59:20","modified_gmt":"2021-07-02T09:59:20","slug":"opetusohjelman-tausta","status":"publish","type":"page","link":"https:\/\/koulutuselamaan.fi\/fi\/opettajille\/opetusohjelman-tausta\/","title":{"rendered":"Opetusohjelman tausta"},"content":{"rendered":"\t\t<div data-elementor-type=\"wp-page\" data-elementor-id=\"158\" class=\"elementor elementor-158\" data-elementor-post-type=\"page\">\n\t\t\t\t\t\t<section class=\"elementor-section elementor-top-section elementor-element elementor-element-253417b3 elementor-section-boxed elementor-section-height-default elementor-section-height-default\" data-id=\"253417b3\" data-element_type=\"section\">\n\t\t\t\t\t\t<div class=\"elementor-container elementor-column-gap-default\">\n\t\t\t\t\t<div class=\"elementor-column elementor-col-100 elementor-top-column elementor-element elementor-element-74301753\" data-id=\"74301753\" data-element_type=\"column\">\n\t\t\t<div class=\"elementor-widget-wrap elementor-element-populated\">\n\t\t\t\t\t\t<div class=\"elementor-element elementor-element-4c1cbdb4 elementor-widget elementor-widget-text-editor\" data-id=\"4c1cbdb4\" data-element_type=\"widget\" data-widget_type=\"text-editor.default\">\n\t\t\t\t<div class=\"elementor-widget-container\">\n\t\t\t\t\t\t\t\t\t<p><\/p>\n<p><strong><br>Koulutus El\u00e4m\u00e4\u00e4n S\u00e4\u00e4ti\u00f6n opetusohjelma on kansainv\u00e4linen, mutta suunniteltu tukemaan ja t\u00e4ydent\u00e4m\u00e4\u00e4n suomalaista kouluopetusta.<\/strong><\/p>\n<p><\/p>\n<p><\/p>\n<p>Life Education -opetusohjelma kehitettiin 1960-luvulla Australiassa. Englantiin ohjelma tuotiin Australiasta 1970-luvulla mm. prinssi Charlesin tukemana. T\u00e4n\u00e4 p\u00e4iv\u00e4n\u00e4 Life Education -ohjelmaa toteuttaa Englannissa vuonna 1739 perustettu <a href=\"https:\/\/www.coram.org.uk\/\">Coram-s\u00e4\u00e4ti\u00f6<\/a>. Toiminnan keskuksia on useilla paikkakunnilla eri puolilla maata, ja k\u00e4yt\u00f6ss\u00e4 on t\u00e4ll\u00e4 hetkell\u00e4 noin 100 opetusvaunua. Life Education -opetusta saa vuosittain noin 800 000 englantilaista lasta.&nbsp; Englannissa mm. Barclays Bank on ollut useita vuosia yksi ohjelman uskollisista taustavoimista, kuten my\u00f6s rotaryliike ja Inner Wheel. Nyky\u00e4\u00e4n ohjelma toimii 14 eri maassa ja sen k\u00e4y l\u00e4pi noin 4 miljoonaa lasta vuosittain. Ohjelma levisi Englannin kautta my\u00f6s Suomeen. Suomessa liikkeen is\u00e4n\u00e4 toimi edesmennyt professori Niilo Hallman. Ohjelmaa alettiin toteuttaa meill\u00e4 vuonna 2001, kun ensimm\u00e4inen opetusvaunu saatiin Englannista Suomeen. Vuosittain Suomessa&nbsp;opetusta saa noin 24 000 suomalaista lasta 120 alakoulussa ja p\u00e4iv\u00e4kodissa 20 paikkakunnalla.<\/p>\n<p><\/p>\n<p><\/p>\n<h2 class=\"wp-block-heading\">Terveyskasvatusohjelman tarve Suomessa<\/h2>\n<p><\/p>\n<p><\/p>\n<p>Suurin osa suomalaisista lapsista voi hyvin ja on terveit\u00e4. Vaikka lasten terveys on kehittynyt my\u00f6nteisesti, terveyden kokeminen ei ole muuttunut positiiviseen suuntaan. Joka kymmenennell\u00e4 kouluik\u00e4isell\u00e4 on jokin l\u00e4\u00e4ketieteellisesti todettava ja hoitoa vaativa vamma tai sairaus. Viime vuosikymmenien aikana lasten sairauskirjo on muuttunut. Erityisesti ylipainoisuus, astma, allergiat&nbsp; sek\u00e4 masennus ovat lis\u00e4\u00e4ntyneet huomattavasti. Lasten ylipainon my\u00f6t\u00e4 kakkostyypin diabetes on yleistynyt my\u00f6s lapsilla. Ehk\u00e4isev\u00e4\u00e4 ja suunnitelmallista terveys- ja p\u00e4ihdekasvatusta tarvitaan yh\u00e4 enemm\u00e4n Suomessa. Terveelliset elintavat opitaan jo varhaislapsuudessa.<\/p>\n<p><\/p>\n<p><\/p>\n<p><\/p>\n<p><\/p>\n<p><\/p>\n<p><\/p>\n<p><\/p>\n<p><\/p>\n<p><\/p>\t\t\t\t\t\t\t\t<\/div>\n\t\t\t\t<\/div>\n\t\t\t\t\t<\/div>\n\t\t<\/div>\n\t\t\t\t\t<\/div>\n\t\t<\/section>\n\t\t\t\t<\/div>\n\t\t","protected":false},"excerpt":{"rendered":"<p>Koulutus El\u00e4m\u00e4\u00e4n S\u00e4\u00e4ti\u00f6n opetusohjelma on kansainv\u00e4linen, mutta suunniteltu tukemaan ja t\u00e4ydent\u00e4m\u00e4\u00e4n suomalaista kouluopetusta. Life Education -opetusohjelma kehitettiin 1960-luvulla Australiassa. Englantiin ohjelma tuotiin Australiasta 1970-luvulla mm. prinssi Charlesin tukemana. T\u00e4n\u00e4 p\u00e4iv\u00e4n\u00e4 Life Education -ohjelmaa toteuttaa Englannissa vuonna 1739 perustettu Coram-s\u00e4\u00e4ti\u00f6. Toiminnan keskuksia on useilla paikkakunnilla eri puolilla maata, ja k\u00e4yt\u00f6ss\u00e4 on t\u00e4ll\u00e4 hetkell\u00e4 noin 100 opetusvaunua. &hellip; <a href=\"https:\/\/koulutuselamaan.fi\/fi\/opettajille\/opetusohjelman-tausta\/\" class=\"more-link\">Jatka artikkeliin <span class=\"screen-reader-text\">Opetusohjelman tausta<\/span><\/a><\/p>\n","protected":false},"author":5,"featured_media":402,"parent":24,"menu_order":0,"comment_status":"closed","ping_status":"closed","template":"","meta":{"footnotes":""},"tags":[],"class_list":["post-158","page","type-page","status-publish","has-post-thumbnail","hentry"],"jetpack_sharing_enabled":true,"_links":{"self":[{"href":"https:\/\/koulutuselamaan.fi\/fi\/wp-json\/wp\/v2\/pages\/158","targetHints":{"allow":["GET"]}}],"collection":[{"href":"https:\/\/koulutuselamaan.fi\/fi\/wp-json\/wp\/v2\/pages"}],"about":[{"href":"https:\/\/koulutuselamaan.fi\/fi\/wp-json\/wp\/v2\/types\/page"}],"author":[{"embeddable":true,"href":"https:\/\/koulutuselamaan.fi\/fi\/wp-json\/wp\/v2\/users\/5"}],"replies":[{"embeddable":true,"href":"https:\/\/koulutuselamaan.fi\/fi\/wp-json\/wp\/v2\/comments?post=158"}],"version-history":[{"count":7,"href":"https:\/\/koulutuselamaan.fi\/fi\/wp-json\/wp\/v2\/pages\/158\/revisions"}],"predecessor-version":[{"id":3759,"href":"https:\/\/koulutuselamaan.fi\/fi\/wp-json\/wp\/v2\/pages\/158\/revisions\/3759"}],"up":[{"embeddable":true,"href":"https:\/\/koulutuselamaan.fi\/fi\/wp-json\/wp\/v2\/pages\/24"}],"wp:featuredmedia":[{"embeddable":true,"href":"https:\/\/koulutuselamaan.fi\/fi\/wp-json\/wp\/v2\/media\/402"}],"wp:attachment":[{"href":"https:\/\/koulutuselamaan.fi\/fi\/wp-json\/wp\/v2\/media?parent=158"}],"wp:term":[{"taxonomy":"post_tag","embeddable":true,"href":"https:\/\/koulutuselamaan.fi\/fi\/wp-json\/wp\/v2\/tags?post=158"}],"curies":[{"name":"wp","href":"https:\/\/api.w.org\/{rel}","templated":true}]}}