{"id":155,"date":"2019-10-04T12:35:44","date_gmt":"2019-10-04T09:35:44","guid":{"rendered":"http:\/\/wp.koulutuselamaan.fi\/?page_id=155"},"modified":"2025-03-04T15:50:36","modified_gmt":"2025-03-04T13:50:36","slug":"opettajat","status":"publish","type":"page","link":"https:\/\/koulutuselamaan.fi\/fi\/opettajille\/opettajat\/","title":{"rendered":"Opettajat ja oppimisymp\u00e4rist\u00f6"},"content":{"rendered":"\t\t<div data-elementor-type=\"wp-page\" data-elementor-id=\"155\" class=\"elementor elementor-155\" data-elementor-post-type=\"page\">\n\t\t\t\t\t\t<section class=\"elementor-section elementor-top-section elementor-element elementor-element-7a180643 elementor-section-boxed elementor-section-height-default elementor-section-height-default\" data-id=\"7a180643\" data-element_type=\"section\">\n\t\t\t\t\t\t<div class=\"elementor-container elementor-column-gap-default\">\n\t\t\t\t\t<div class=\"elementor-column elementor-col-100 elementor-top-column elementor-element elementor-element-64fab7f8\" data-id=\"64fab7f8\" data-element_type=\"column\">\n\t\t\t<div class=\"elementor-widget-wrap elementor-element-populated\">\n\t\t\t\t\t\t<div class=\"elementor-element elementor-element-22e409a elementor-widget elementor-widget-text-editor\" data-id=\"22e409a\" data-element_type=\"widget\" data-widget_type=\"text-editor.default\">\n\t\t\t\t<div class=\"elementor-widget-container\">\n\t\t\t\t\t\t\t\t\t<p><\/p>\n<h2 class=\"wp-block-heading\">Opettajamme<\/h2>\n<p><\/p>\n<p><\/p>\n<p>Koulutus El\u00e4m\u00e4\u00e4n S\u00e4\u00e4ti\u00f6ss\u00e4 toimii kolme kokop\u00e4iv\u00e4ist\u00e4 opettajaa, jotka toteuttavat Koulutus El\u00e4m\u00e4\u00e4n -opetusohjelmaa alakouluissa ja p\u00e4iv\u00e4kodeissa. Kaikki opettajat ovat saaneet erityiskoulutuksen opetusohjelman toteuttamiseen. S\u00e4\u00e4ti\u00f6n opettajat opetus- ja kasvatusalanammattilaisia ja alansa asiantuntijoita. Opetuksesamme hy\u00f6dynnet\u00e4\u00e4n positiivisen pedagogiikan menetelmi\u00e4 ja opetus aina on kannustavaa ja lapsen itsetuntoa vahvistavaa.\u00a0<\/p>\n<p><\/p>\n<p><\/p>\n<h2 class=\"wp-block-heading\">Oppimisymp\u00e4rist\u00f6<\/h2>\n<p><\/p>\n<p><\/p>\n<p>Opetus toteutetaan koulun tai p\u00e4iv\u00e4kodin sis\u00e4tiloihin sijoitetussa Studiossa, jossa s\u00e4\u00e4ti\u00f6n opettaja pit\u00e4\u00e4 kullekin ik\u00e4tasolle suunnitellun, el\u00e4myksellisen oppitunnin. \u00a0<\/p>\n<p>Opetuksessa hy\u00f6dynn\u00e4mme monipuolisesti digitaalista, nykyaikaista tekniikkaa. K\u00e4yt\u00f6ss\u00e4mme on oppitunneilla iPadit. Tunneilla oppilaat mm p\u00e4\u00e4sev\u00e4t tutustumaan maskottikirahvimme, Haroldin huoneeseen, lis\u00e4tyn todellisuuden (AR) keinoin tai esimerkiksi kurkistamaan animoidun, mutta aidon oloisen elimist\u00f6n toimintaa Couriscope T-paitaa ja sovellusta hy\u00f6dynt\u00e4en.\u00a0<\/p>\n<p>Oppimistilanne luodaan aina kannustavaksi, innostavaksi ja oppilaita osallistavaksi. Haluamme tarjota el\u00e4myksellisen ja positiivisen kokemuksen, jotta k\u00e4sitelt\u00e4vien aiheiden oppiminen olisi motivoivaa. Uskomme, ett\u00e4 el\u00e4myksellisyydell\u00e4 voimme vahvistaa lasten itsetuntoa, lis\u00e4t\u00e4 halua pit\u00e4\u00e4 huolta itsest\u00e4\u00e4n ja kehostaan ja vaikuttaa p\u00e4ihdeasenteiden muodostumiseen. Kielteisten p\u00e4ihdeasenteiden muodostuminen puolestaan vaikuttaa nuorten varhaisiin p\u00e4ihdekokeiluihin ja -k\u00e4ytt\u00f6\u00f6n.\u00a0<\/p>\n<p>Parempi huominen tehd\u00e4\u00e4n t\u00e4n\u00e4\u00e4n.<\/p>\n<p><\/p>\t\t\t\t\t\t\t\t<\/div>\n\t\t\t\t<\/div>\n\t\t\t\t\t<\/div>\n\t\t<\/div>\n\t\t\t\t\t<\/div>\n\t\t<\/section>\n\t\t\t\t<\/div>\n\t\t","protected":false},"excerpt":{"rendered":"<p>Opettajamme Koulutus El\u00e4m\u00e4\u00e4n S\u00e4\u00e4ti\u00f6ss\u00e4 toimii kolme kokop\u00e4iv\u00e4ist\u00e4 opettajaa, jotka toteuttavat Koulutus El\u00e4m\u00e4\u00e4n -opetusohjelmaa alakouluissa ja p\u00e4iv\u00e4kodeissa. Kaikki opettajat ovat saaneet erityiskoulutuksen opetusohjelman toteuttamiseen. S\u00e4\u00e4ti\u00f6n opettajat opetus- ja kasvatusalanammattilaisia ja alansa asiantuntijoita. Opetuksesamme hy\u00f6dynnet\u00e4\u00e4n positiivisen pedagogiikan menetelmi\u00e4 ja opetus aina on kannustavaa ja lapsen itsetuntoa vahvistavaa.\u00a0 Oppimisymp\u00e4rist\u00f6 Opetus toteutetaan koulun tai p\u00e4iv\u00e4kodin sis\u00e4tiloihin sijoitetussa Studiossa, jossa &hellip; <a href=\"https:\/\/koulutuselamaan.fi\/fi\/opettajille\/opettajat\/\" class=\"more-link\">Jatka artikkeliin <span class=\"screen-reader-text\">Opettajat ja oppimisymp\u00e4rist\u00f6<\/span><\/a><\/p>\n","protected":false},"author":5,"featured_media":5795,"parent":24,"menu_order":0,"comment_status":"closed","ping_status":"closed","template":"","meta":{"footnotes":""},"tags":[],"class_list":["post-155","page","type-page","status-publish","has-post-thumbnail","hentry"],"jetpack_sharing_enabled":true,"_links":{"self":[{"href":"https:\/\/koulutuselamaan.fi\/fi\/wp-json\/wp\/v2\/pages\/155","targetHints":{"allow":["GET"]}}],"collection":[{"href":"https:\/\/koulutuselamaan.fi\/fi\/wp-json\/wp\/v2\/pages"}],"about":[{"href":"https:\/\/koulutuselamaan.fi\/fi\/wp-json\/wp\/v2\/types\/page"}],"author":[{"embeddable":true,"href":"https:\/\/koulutuselamaan.fi\/fi\/wp-json\/wp\/v2\/users\/5"}],"replies":[{"embeddable":true,"href":"https:\/\/koulutuselamaan.fi\/fi\/wp-json\/wp\/v2\/comments?post=155"}],"version-history":[{"count":16,"href":"https:\/\/koulutuselamaan.fi\/fi\/wp-json\/wp\/v2\/pages\/155\/revisions"}],"predecessor-version":[{"id":4721,"href":"https:\/\/koulutuselamaan.fi\/fi\/wp-json\/wp\/v2\/pages\/155\/revisions\/4721"}],"up":[{"embeddable":true,"href":"https:\/\/koulutuselamaan.fi\/fi\/wp-json\/wp\/v2\/pages\/24"}],"wp:featuredmedia":[{"embeddable":true,"href":"https:\/\/koulutuselamaan.fi\/fi\/wp-json\/wp\/v2\/media\/5795"}],"wp:attachment":[{"href":"https:\/\/koulutuselamaan.fi\/fi\/wp-json\/wp\/v2\/media?parent=155"}],"wp:term":[{"taxonomy":"post_tag","embeddable":true,"href":"https:\/\/koulutuselamaan.fi\/fi\/wp-json\/wp\/v2\/tags?post=155"}],"curies":[{"name":"wp","href":"https:\/\/api.w.org\/{rel}","templated":true}]}}