{"id":123,"date":"2019-10-01T15:25:09","date_gmt":"2019-10-01T12:25:09","guid":{"rendered":"http:\/\/wp.koulutuselamaan.fi\/?page_id=123"},"modified":"2022-06-09T12:08:53","modified_gmt":"2022-06-09T09:08:53","slug":"5-lk-paatoksia-n-90min","status":"publish","type":"page","link":"https:\/\/koulutuselamaan.fi\/fi\/opettajille\/opetuksen-sisalto\/5-lk-paatoksia-n-90min\/","title":{"rendered":"5.lk: P\u00e4\u00e4t\u00f6ksi\u00e4 (n.90min) Ei k\u00e4yt\u00f6ss\u00e4"},"content":{"rendered":"\t\t<div data-elementor-type=\"wp-page\" data-elementor-id=\"123\" class=\"elementor elementor-123\" data-elementor-post-type=\"page\">\n\t\t\t\t\t\t<section class=\"elementor-section elementor-top-section elementor-element elementor-element-30f4687b elementor-section-boxed elementor-section-height-default elementor-section-height-default\" data-id=\"30f4687b\" data-element_type=\"section\">\n\t\t\t\t\t\t<div class=\"elementor-container elementor-column-gap-default\">\n\t\t\t\t\t<div class=\"elementor-column elementor-col-100 elementor-top-column elementor-element elementor-element-22f3bce2\" data-id=\"22f3bce2\" data-element_type=\"column\">\n\t\t\t<div class=\"elementor-widget-wrap elementor-element-populated\">\n\t\t\t\t\t\t<div class=\"elementor-element elementor-element-6ae47aec elementor-widget elementor-widget-text-editor\" data-id=\"6ae47aec\" data-element_type=\"widget\" data-widget_type=\"text-editor.default\">\n\t\t\t\t<div class=\"elementor-widget-container\">\n\t\t\t\t\t\t\t\t\t<p><\/p>\n<h3 class=\"wp-block-heading\">Ohjelman sis\u00e4lt\u00f6:<\/h3>\n<p><\/p>\n<p><\/p>\n<ul class=\"wp-block-list\">\n<li>Haroldin huone lis\u00e4tyn todellisuuden keinoin<\/li><li>Pohditaan p\u00e4\u00e4t\u00f6ksentekoon vaikuttavia tekij\u00f6it\u00e4<\/li>\n<li>Opetellaan tunnistamaan tosiasioita ja mielipiteit\u00e4<\/li>\n<li>Syvennet\u00e4\u00e4n tietoa kehosta ja siihen liittyvist\u00e4 p\u00e4\u00e4t\u00f6ksist\u00e4<\/li>\n<li>K<span style=\"color: var( --e-global-color-text ); font-family: var( --e-global-typography-text-font-family ), Sans-serif;\">eskustelu p\u00e4ihteist\u00e4 ja niihin liittyvist\u00e4 lains\u00e4\u00e4d\u00e4nn\u00f6ist\u00e4<\/span><\/li><li><span style=\"color: var( --e-global-color-text ); font-family: var( --e-global-typography-text-font-family ), Sans-serif;\">Digitaalinen Harold-peli hyvinvointiaiheista<\/span><\/li>\n<\/ul>\n<p><\/p>\n<p><\/p>\n<p><\/p>\n<p><\/p>\n<p><\/p>\n<p><\/p>\n<p><\/p>\n<p><\/p>\n<p><\/p>\n<p><\/p>\n<p><\/p>\n<p><\/p>\n<h3 class=\"wp-block-heading\">Tavoitteet:<\/h3>\n<p><\/p>\n<p><\/p>\n<ul class=\"wp-block-list\">\n<li>Lapsi ymm\u00e4rt\u00e4\u00e4 itsen\u00e4isten p\u00e4\u00e4t\u00f6sten merkityksen terveyden ja tulevaisuuden kannalta ja sen millaiset tekij\u00e4t saattavat vaikuttaa p\u00e4\u00e4t\u00f6ksen tekoon.<\/li>\n<li>Lapsi oppii nime\u00e4m\u00e4nn kehon t\u00e4rke\u00e4t elintoiminnot ja ymm\u00e4rt\u00e4\u00e4 ep\u00e4terveellisten ja haitallisten asioiden vaikutukset kehoon.&nbsp;<\/li><li>H\u00e4n oppii nime\u00e4m\u00e4\u00e4n p\u00e4ihteiden haitallisia aineita.<\/li>\n<li>H\u00e4n ymm\u00e4rt\u00e4\u00e4, ett\u00e4 p\u00e4ihdytt\u00e4v\u00e4t aineet muuttavat kehon toimintaa.<\/li>\n<li>Lapsi tiet\u00e4\u00e4 p\u00e4ihteisiin liittyv\u00e4\u00e4 lains\u00e4\u00e4d\u00e4nt\u00f6\u00e4 Suomessa.<\/li>\n<\/ul>\n<p><\/p>\n<p><\/p>\n<p><\/p>\t\t\t\t\t\t\t\t<\/div>\n\t\t\t\t<\/div>\n\t\t\t\t\t<\/div>\n\t\t<\/div>\n\t\t\t\t\t<\/div>\n\t\t<\/section>\n\t\t\t\t<\/div>\n\t\t","protected":false},"excerpt":{"rendered":"<p>Ohjelman sis\u00e4lt\u00f6: Haroldin huone lis\u00e4tyn todellisuuden keinoin Pohditaan p\u00e4\u00e4t\u00f6ksentekoon vaikuttavia tekij\u00f6it\u00e4 Opetellaan tunnistamaan tosiasioita ja mielipiteit\u00e4 Syvennet\u00e4\u00e4n tietoa kehosta ja siihen liittyvist\u00e4 p\u00e4\u00e4t\u00f6ksist\u00e4 Keskustelu p\u00e4ihteist\u00e4 ja niihin liittyvist\u00e4 lains\u00e4\u00e4d\u00e4nn\u00f6ist\u00e4 Digitaalinen Harold-peli hyvinvointiaiheista Tavoitteet: Lapsi ymm\u00e4rt\u00e4\u00e4 itsen\u00e4isten p\u00e4\u00e4t\u00f6sten merkityksen terveyden ja tulevaisuuden kannalta ja sen millaiset tekij\u00e4t saattavat vaikuttaa p\u00e4\u00e4t\u00f6ksen tekoon. Lapsi oppii nime\u00e4m\u00e4nn kehon t\u00e4rke\u00e4t &hellip; <a href=\"https:\/\/koulutuselamaan.fi\/fi\/opettajille\/opetuksen-sisalto\/5-lk-paatoksia-n-90min\/\" class=\"more-link\">Jatka artikkeliin <span class=\"screen-reader-text\">5.lk: P\u00e4\u00e4t\u00f6ksi\u00e4 (n.90min) Ei k\u00e4yt\u00f6ss\u00e4<\/span><\/a><\/p>\n","protected":false},"author":5,"featured_media":0,"parent":77,"menu_order":8,"comment_status":"closed","ping_status":"closed","template":"","meta":{"footnotes":""},"tags":[],"class_list":["post-123","page","type-page","status-publish","hentry","no-featured-image"],"jetpack_sharing_enabled":true,"_links":{"self":[{"href":"https:\/\/koulutuselamaan.fi\/fi\/wp-json\/wp\/v2\/pages\/123","targetHints":{"allow":["GET"]}}],"collection":[{"href":"https:\/\/koulutuselamaan.fi\/fi\/wp-json\/wp\/v2\/pages"}],"about":[{"href":"https:\/\/koulutuselamaan.fi\/fi\/wp-json\/wp\/v2\/types\/page"}],"author":[{"embeddable":true,"href":"https:\/\/koulutuselamaan.fi\/fi\/wp-json\/wp\/v2\/users\/5"}],"replies":[{"embeddable":true,"href":"https:\/\/koulutuselamaan.fi\/fi\/wp-json\/wp\/v2\/comments?post=123"}],"version-history":[{"count":11,"href":"https:\/\/koulutuselamaan.fi\/fi\/wp-json\/wp\/v2\/pages\/123\/revisions"}],"predecessor-version":[{"id":4481,"href":"https:\/\/koulutuselamaan.fi\/fi\/wp-json\/wp\/v2\/pages\/123\/revisions\/4481"}],"up":[{"embeddable":true,"href":"https:\/\/koulutuselamaan.fi\/fi\/wp-json\/wp\/v2\/pages\/77"}],"wp:attachment":[{"href":"https:\/\/koulutuselamaan.fi\/fi\/wp-json\/wp\/v2\/media?parent=123"}],"wp:term":[{"taxonomy":"post_tag","embeddable":true,"href":"https:\/\/koulutuselamaan.fi\/fi\/wp-json\/wp\/v2\/tags?post=123"}],"curies":[{"name":"wp","href":"https:\/\/api.w.org\/{rel}","templated":true}]}}