{"id":119,"date":"2019-10-01T15:23:43","date_gmt":"2019-10-01T12:23:43","guid":{"rendered":"http:\/\/wp.koulutuselamaan.fi\/?page_id=119"},"modified":"2022-06-09T12:08:34","modified_gmt":"2022-06-09T09:08:34","slug":"3-lk-ainutlaatuisuus-n-75min","status":"publish","type":"page","link":"https:\/\/koulutuselamaan.fi\/fi\/opettajille\/opetuksen-sisalto\/3-lk-ainutlaatuisuus-n-75min\/","title":{"rendered":"3.lk: Ainutlaatuisuus (n.75min) Ei k\u00e4yt\u00f6ss\u00e4"},"content":{"rendered":"\t\t<div data-elementor-type=\"wp-page\" data-elementor-id=\"119\" class=\"elementor elementor-119\" data-elementor-post-type=\"page\">\n\t\t\t\t\t\t<section class=\"elementor-section elementor-top-section elementor-element elementor-element-298bcbcc elementor-section-boxed elementor-section-height-default elementor-section-height-default\" data-id=\"298bcbcc\" data-element_type=\"section\">\n\t\t\t\t\t\t<div class=\"elementor-container elementor-column-gap-default\">\n\t\t\t\t\t<div class=\"elementor-column elementor-col-100 elementor-top-column elementor-element elementor-element-87471b0\" data-id=\"87471b0\" data-element_type=\"column\">\n\t\t\t<div class=\"elementor-widget-wrap elementor-element-populated\">\n\t\t\t\t\t\t<div class=\"elementor-element elementor-element-2343ac78 elementor-widget elementor-widget-text-editor\" data-id=\"2343ac78\" data-element_type=\"widget\" data-widget_type=\"text-editor.default\">\n\t\t\t\t<div class=\"elementor-widget-container\">\n\t\t\t\t\t\t\t\t\t<p><\/p>\n<h3 class=\"wp-block-heading\">Ohjelman sis\u00e4lt\u00f6:<\/h3>\n<p><\/p>\n<p><\/p>\n<ul class=\"wp-block-list\">\n<li>Haroldin huone lis\u00e4tyn todellisuuden keinoin<\/li><li>Ainutlaatuisuus-teht\u00e4v\u00e4<\/li>\n<li><span style=\"color: var( --e-global-color-text ); font-family: var( --e-global-typography-text-font-family ), Sans-serif;\">Tutkitaan ihmisen kehoa Curiscope t-paidan avulla<\/span><\/li>\n<li>Keskustelua keholle haitallisista asioista, kuten tupakasta ja alkoholista<\/li>\n<li><span style=\"color: var( --e-global-color-text ); font-family: var( --e-global-typography-text-font-family ), Sans-serif;\">Hyvinvointi-bingo<\/span><\/li>\n<\/ul>\n<p><\/p>\n<p><\/p>\n<p><\/p>\n<p><\/p>\n<h3 class=\"wp-block-heading\">Tavoitteet:&nbsp;<\/h3>\n<p><\/p>\n<p><\/p>\n<ul class=\"wp-block-list\">\n<li>Lapsi ymm\u00e4rt\u00e4\u00e4, ett\u00e4 jokainen on erilainen, ainutlaatuinen ja arvokas omana itsen\u00e4\u00e4n. (oppiminen, osaaminen, persoonallisuus, tunteet)<\/li>\n<li><span style=\"color: var( --e-global-color-text ); font-family: var( --e-global-typography-text-font-family ), Sans-serif;\">H\u00e4n tiet\u00e4\u00e4, ett\u00e4 keho tarvitsee ruokaa, juomaa, happea, liikuntaa ja unta.<\/span><\/li>\n<li><span style=\"color: var( --e-global-color-text ); font-family: var( --e-global-typography-text-font-family ), Sans-serif;\">Lapsi oppii kehonosien &nbsp;ja keskeisten sis\u00e4elinten teht\u00e4vi\u00e4 (syd\u00e4n, keuhkot, vatsalaukku, suolisto, aivot)<\/span><\/li>\n<li><span style=\"color: var( --e-global-color-text ); font-family: var( --e-global-typography-text-font-family ), Sans-serif;\">H\u00e4n ymm\u00e4rt\u00e4\u00e4 l\u00e4\u00e4kkeiden merkityksen ja teht\u00e4v\u00e4t sairastumisen yhteydess\u00e4.<\/span><\/li>\n<li><span style=\"color: var( --e-global-color-text ); font-family: var( --e-global-typography-text-font-family ), Sans-serif;\">Lapsi oppii, ett\u00e4 tietyt p\u00e4ihdeaineet (tupakka ja alkoholi) ovat terevydelle haitallisia muuttavat kehon toimintaa.<\/span><\/li>\n<\/ul>\n<p><\/p>\t\t\t\t\t\t\t\t<\/div>\n\t\t\t\t<\/div>\n\t\t\t\t\t<\/div>\n\t\t<\/div>\n\t\t\t\t\t<\/div>\n\t\t<\/section>\n\t\t\t\t<\/div>\n\t\t","protected":false},"excerpt":{"rendered":"<p>Ohjelman sis\u00e4lt\u00f6: Haroldin huone lis\u00e4tyn todellisuuden keinoin Ainutlaatuisuus-teht\u00e4v\u00e4 Tutkitaan ihmisen kehoa Curiscope t-paidan avulla Keskustelua keholle haitallisista asioista, kuten tupakasta ja alkoholista Hyvinvointi-bingo Tavoitteet:&nbsp; Lapsi ymm\u00e4rt\u00e4\u00e4, ett\u00e4 jokainen on erilainen, ainutlaatuinen ja arvokas omana itsen\u00e4\u00e4n. (oppiminen, osaaminen, persoonallisuus, tunteet) H\u00e4n tiet\u00e4\u00e4, ett\u00e4 keho tarvitsee ruokaa, juomaa, happea, liikuntaa ja unta. Lapsi oppii kehonosien &nbsp;ja keskeisten &hellip; <a href=\"https:\/\/koulutuselamaan.fi\/fi\/opettajille\/opetuksen-sisalto\/3-lk-ainutlaatuisuus-n-75min\/\" class=\"more-link\">Jatka artikkeliin <span class=\"screen-reader-text\">3.lk: Ainutlaatuisuus (n.75min) Ei k\u00e4yt\u00f6ss\u00e4<\/span><\/a><\/p>\n","protected":false},"author":5,"featured_media":0,"parent":77,"menu_order":6,"comment_status":"closed","ping_status":"closed","template":"","meta":{"footnotes":""},"tags":[],"class_list":["post-119","page","type-page","status-publish","hentry","no-featured-image"],"jetpack_sharing_enabled":true,"_links":{"self":[{"href":"https:\/\/koulutuselamaan.fi\/fi\/wp-json\/wp\/v2\/pages\/119","targetHints":{"allow":["GET"]}}],"collection":[{"href":"https:\/\/koulutuselamaan.fi\/fi\/wp-json\/wp\/v2\/pages"}],"about":[{"href":"https:\/\/koulutuselamaan.fi\/fi\/wp-json\/wp\/v2\/types\/page"}],"author":[{"embeddable":true,"href":"https:\/\/koulutuselamaan.fi\/fi\/wp-json\/wp\/v2\/users\/5"}],"replies":[{"embeddable":true,"href":"https:\/\/koulutuselamaan.fi\/fi\/wp-json\/wp\/v2\/comments?post=119"}],"version-history":[{"count":12,"href":"https:\/\/koulutuselamaan.fi\/fi\/wp-json\/wp\/v2\/pages\/119\/revisions"}],"predecessor-version":[{"id":4480,"href":"https:\/\/koulutuselamaan.fi\/fi\/wp-json\/wp\/v2\/pages\/119\/revisions\/4480"}],"up":[{"embeddable":true,"href":"https:\/\/koulutuselamaan.fi\/fi\/wp-json\/wp\/v2\/pages\/77"}],"wp:attachment":[{"href":"https:\/\/koulutuselamaan.fi\/fi\/wp-json\/wp\/v2\/media?parent=119"}],"wp:term":[{"taxonomy":"post_tag","embeddable":true,"href":"https:\/\/koulutuselamaan.fi\/fi\/wp-json\/wp\/v2\/tags?post=119"}],"curies":[{"name":"wp","href":"https:\/\/api.w.org\/{rel}","templated":true}]}}