{"id":117,"date":"2019-10-01T15:22:27","date_gmt":"2019-10-01T12:22:27","guid":{"rendered":"http:\/\/wp.koulutuselamaan.fi\/?page_id=117"},"modified":"2022-06-09T12:07:25","modified_gmt":"2022-06-09T09:07:25","slug":"2-lk-tutustumme-aivoihin-n-60min","status":"publish","type":"page","link":"https:\/\/koulutuselamaan.fi\/fi\/opettajille\/opetuksen-sisalto\/2-lk-tutustumme-aivoihin-n-60min\/","title":{"rendered":"2.lk: Tutustumme aivoihin (n.60min) Ei k\u00e4yt\u00f6ss\u00e4"},"content":{"rendered":"\t\t<div data-elementor-type=\"wp-page\" data-elementor-id=\"117\" class=\"elementor elementor-117\" data-elementor-post-type=\"page\">\n\t\t\t\t\t\t<section class=\"elementor-section elementor-top-section elementor-element elementor-element-3b8fda78 elementor-section-boxed elementor-section-height-default elementor-section-height-default\" data-id=\"3b8fda78\" data-element_type=\"section\">\n\t\t\t\t\t\t<div class=\"elementor-container elementor-column-gap-default\">\n\t\t\t\t\t<div class=\"elementor-column elementor-col-100 elementor-top-column elementor-element elementor-element-289e005f\" data-id=\"289e005f\" data-element_type=\"column\">\n\t\t\t<div class=\"elementor-widget-wrap elementor-element-populated\">\n\t\t\t\t\t\t<div class=\"elementor-element elementor-element-387b8cf6 elementor-widget elementor-widget-text-editor\" data-id=\"387b8cf6\" data-element_type=\"widget\" data-widget_type=\"text-editor.default\">\n\t\t\t\t<div class=\"elementor-widget-container\">\n\t\t\t\t\t\t\t\t\t<p><\/p>\n<h3 class=\"wp-block-heading\">Ohjelman sis\u00e4lt\u00f6:<\/h3>\n<p><\/p>\n<p><\/p>\n<ul class=\"wp-block-list\">\n<li>Haroldin huone lis\u00e4tyn todellisuuden keinoin<\/li>\n<li>Oman kehon tutkiminen Digi-Alman avulla<\/li>\n<li><span style=\"color: var( --e-global-color-text ); font-family: var( --e-global-typography-text-font-family ), Sans-serif;\">Taukoliikunta<\/span><\/li>\n<li><span style=\"color: var( --e-global-color-text ); font-family: var( --e-global-typography-text-font-family ), Sans-serif;\">Aivojen toiminta ja niiden hyvinvointi<\/span><\/li>\n<li>My\u00f6nteinen ajattelu<\/li>\n<li><span style=\"color: var( --e-global-color-text ); font-family: var( --e-global-typography-text-font-family ), Sans-serif;\">Haroldin laulu<\/span><\/li>\n<\/ul>\n<p><\/p>\n<p><\/p>\n<p><\/p>\n<p><\/p>\n<h3 class=\"wp-block-heading\">Tavoitteet:<\/h3>\n<ul>\n<li><span style=\"color: var( --e-global-color-text ); font-family: var( --e-global-typography-text-font-family ), Sans-serif;\">Lapsi saa tietoa aivojen teht\u00e4vist\u00e4 ja ymm\u00e4rt\u00e4\u00e4 miten pit\u00e4\u00e4 aivoistaan huolta<\/span><\/li>\n<li><span style=\"color: var( --e-global-color-text ); font-family: var( --e-global-typography-text-font-family ), Sans-serif;\">H\u00e4n oppii, ett\u00e4 keho tarvitsee ruokaa, juomaa, happea, liikuntaa ja unta.<\/span><\/li>\n<li><span style=\"color: var( --e-global-color-text ); font-family: var( --e-global-typography-text-font-family ), Sans-serif;\">oppii nime\u00e4m\u00e4\u00e4n kehonosiaan: syd\u00e4n, keuhkot, vatsalaukku, suolisto, aivot.<\/span><\/li>\n<li><span style=\"color: var( --e-global-color-text ); font-family: var( --e-global-typography-text-font-family ), Sans-serif;\">Lapsi oppii l\u00e4\u00e4kkeiden merkityksen ja niiden tarkoituksen sairastumisen yhteydess\u00e4.<\/span><\/li>\n<li><span style=\"color: var( --e-global-color-text ); font-family: var( --e-global-typography-text-font-family ), Sans-serif;\">Lapsi ymm\u00e4rt\u00e4\u00e4, ett\u00e4 olemme kaikki erilaisia ja jokainen on arvokas omana itsen\u00e4\u00e4n (oppiminen, osaaminen, persoonallisuus ja tunteet).<\/span><\/li>\n<\/ul>\n<p><\/p>\t\t\t\t\t\t\t\t<\/div>\n\t\t\t\t<\/div>\n\t\t\t\t\t<\/div>\n\t\t<\/div>\n\t\t\t\t\t<\/div>\n\t\t<\/section>\n\t\t\t\t<\/div>\n\t\t","protected":false},"excerpt":{"rendered":"<p>Ohjelman sis\u00e4lt\u00f6: Haroldin huone lis\u00e4tyn todellisuuden keinoin Oman kehon tutkiminen Digi-Alman avulla Taukoliikunta Aivojen toiminta ja niiden hyvinvointi My\u00f6nteinen ajattelu Haroldin laulu Tavoitteet: Lapsi saa tietoa aivojen teht\u00e4vist\u00e4 ja ymm\u00e4rt\u00e4\u00e4 miten pit\u00e4\u00e4 aivoistaan huolta H\u00e4n oppii, ett\u00e4 keho tarvitsee ruokaa, juomaa, happea, liikuntaa ja unta. oppii nime\u00e4m\u00e4\u00e4n kehonosiaan: syd\u00e4n, keuhkot, vatsalaukku, suolisto, aivot. Lapsi oppii &hellip; <a href=\"https:\/\/koulutuselamaan.fi\/fi\/opettajille\/opetuksen-sisalto\/2-lk-tutustumme-aivoihin-n-60min\/\" class=\"more-link\">Jatka artikkeliin <span class=\"screen-reader-text\">2.lk: Tutustumme aivoihin (n.60min) Ei k\u00e4yt\u00f6ss\u00e4<\/span><\/a><\/p>\n","protected":false},"author":5,"featured_media":0,"parent":77,"menu_order":5,"comment_status":"closed","ping_status":"closed","template":"","meta":{"footnotes":""},"tags":[],"class_list":["post-117","page","type-page","status-publish","hentry","no-featured-image"],"jetpack_sharing_enabled":true,"_links":{"self":[{"href":"https:\/\/koulutuselamaan.fi\/fi\/wp-json\/wp\/v2\/pages\/117","targetHints":{"allow":["GET"]}}],"collection":[{"href":"https:\/\/koulutuselamaan.fi\/fi\/wp-json\/wp\/v2\/pages"}],"about":[{"href":"https:\/\/koulutuselamaan.fi\/fi\/wp-json\/wp\/v2\/types\/page"}],"author":[{"embeddable":true,"href":"https:\/\/koulutuselamaan.fi\/fi\/wp-json\/wp\/v2\/users\/5"}],"replies":[{"embeddable":true,"href":"https:\/\/koulutuselamaan.fi\/fi\/wp-json\/wp\/v2\/comments?post=117"}],"version-history":[{"count":22,"href":"https:\/\/koulutuselamaan.fi\/fi\/wp-json\/wp\/v2\/pages\/117\/revisions"}],"predecessor-version":[{"id":4478,"href":"https:\/\/koulutuselamaan.fi\/fi\/wp-json\/wp\/v2\/pages\/117\/revisions\/4478"}],"up":[{"embeddable":true,"href":"https:\/\/koulutuselamaan.fi\/fi\/wp-json\/wp\/v2\/pages\/77"}],"wp:attachment":[{"href":"https:\/\/koulutuselamaan.fi\/fi\/wp-json\/wp\/v2\/media?parent=117"}],"wp:term":[{"taxonomy":"post_tag","embeddable":true,"href":"https:\/\/koulutuselamaan.fi\/fi\/wp-json\/wp\/v2\/tags?post=117"}],"curies":[{"name":"wp","href":"https:\/\/api.w.org\/{rel}","templated":true}]}}