{"id":111,"date":"2019-10-01T15:24:44","date_gmt":"2019-10-01T12:24:44","guid":{"rendered":"http:\/\/wp.koulutuselamaan.fi\/?page_id=111"},"modified":"2022-06-09T12:06:07","modified_gmt":"2022-06-09T09:06:07","slug":"5-vuotiaat-kaikki-minusta-n-30min","status":"publish","type":"page","link":"https:\/\/koulutuselamaan.fi\/fi\/opettajille\/opetuksen-sisalto\/5-vuotiaat-kaikki-minusta-n-30min\/","title":{"rendered":"5-vuotiaat: Kaikki minusta (n.30min) Ei k\u00e4yt\u00f6ss\u00e4"},"content":{"rendered":"\t\t<div data-elementor-type=\"wp-page\" data-elementor-id=\"111\" class=\"elementor elementor-111\" data-elementor-post-type=\"page\">\n\t\t\t\t\t\t<section class=\"elementor-section elementor-top-section elementor-element elementor-element-4501cc3e elementor-section-boxed elementor-section-height-default elementor-section-height-default\" data-id=\"4501cc3e\" data-element_type=\"section\">\n\t\t\t\t\t\t<div class=\"elementor-container elementor-column-gap-default\">\n\t\t\t\t\t<div class=\"elementor-column elementor-col-100 elementor-top-column elementor-element elementor-element-64a04e8b\" data-id=\"64a04e8b\" data-element_type=\"column\">\n\t\t\t<div class=\"elementor-widget-wrap elementor-element-populated\">\n\t\t\t\t\t\t<div class=\"elementor-element elementor-element-5c65b373 elementor-widget elementor-widget-text-editor\" data-id=\"5c65b373\" data-element_type=\"widget\" data-widget_type=\"text-editor.default\">\n\t\t\t\t<div class=\"elementor-widget-container\">\n\t\t\t\t\t\t\t\t\t<p><\/p>\n<h3 class=\"wp-block-heading\">Ohjelman sis\u00e4lt\u00f6:<\/h3>\n<p><\/p>\n<p><\/p>\n<ul class=\"wp-block-list\">\n<li>Haroldin huone<\/li><li>Keholiivin avulla kehon ja elinten tutkiminen<\/li>\n<li>Taukoliikunta<\/li>\n<li>Kaveritaidot ja satu Haroldista<\/li>\n<li>Haroldin laulu<\/li>\n<\/ul>\n<p><\/p>\n<p><\/p>\n<p><\/p>\n<p><\/p>\n<p><\/p>\n<p><\/p>\n<p><\/p>\n<p><\/p>\n<p><\/p>\n<p><\/p>\n<p><\/p>\n<p><\/p>\n<h3 class=\"wp-block-heading\">Tavoitteet:<\/h3>\n<p><\/p>\n<p><\/p>\n<p>Lapsi<\/p>\n<p><\/p>\n<p><\/p>\n<ul class=\"wp-block-list\">\n<li>oppii nime\u00e4m\u00e4\u00e4n sis\u00e4elimi\u00e4\u00e4n: syd\u00e4n, keuhkot, vatsalaukku, suolisto, aivot.<\/li>\n<li>ymm\u00e4rt\u00e4\u00e4, ett\u00e4 keho tarvitsee ruokaa, juomaa, ilmaa, liikuntaa ja unta.<\/li>\n<li>tiet\u00e4\u00e4, miten hygieniasta tulee huolehtia (esim. peseytyminen, hampaiden pesu, hiusten harjaaminen).<\/li>\n<\/ul>\n<p><\/p>\t\t\t\t\t\t\t\t<\/div>\n\t\t\t\t<\/div>\n\t\t\t\t\t<\/div>\n\t\t<\/div>\n\t\t\t\t\t<\/div>\n\t\t<\/section>\n\t\t\t\t<\/div>\n\t\t","protected":false},"excerpt":{"rendered":"<p>Ohjelman sis\u00e4lt\u00f6: Haroldin huone Keholiivin avulla kehon ja elinten tutkiminen Taukoliikunta Kaveritaidot ja satu Haroldista Haroldin laulu Tavoitteet: Lapsi oppii nime\u00e4m\u00e4\u00e4n sis\u00e4elimi\u00e4\u00e4n: syd\u00e4n, keuhkot, vatsalaukku, suolisto, aivot. ymm\u00e4rt\u00e4\u00e4, ett\u00e4 keho tarvitsee ruokaa, juomaa, ilmaa, liikuntaa ja unta. tiet\u00e4\u00e4, miten hygieniasta tulee huolehtia (esim. peseytyminen, hampaiden pesu, hiusten harjaaminen).<\/p>\n","protected":false},"author":5,"featured_media":0,"parent":77,"menu_order":2,"comment_status":"closed","ping_status":"closed","template":"","meta":{"footnotes":""},"tags":[],"class_list":["post-111","page","type-page","status-publish","hentry","no-featured-image"],"jetpack_sharing_enabled":true,"_links":{"self":[{"href":"https:\/\/koulutuselamaan.fi\/fi\/wp-json\/wp\/v2\/pages\/111","targetHints":{"allow":["GET"]}}],"collection":[{"href":"https:\/\/koulutuselamaan.fi\/fi\/wp-json\/wp\/v2\/pages"}],"about":[{"href":"https:\/\/koulutuselamaan.fi\/fi\/wp-json\/wp\/v2\/types\/page"}],"author":[{"embeddable":true,"href":"https:\/\/koulutuselamaan.fi\/fi\/wp-json\/wp\/v2\/users\/5"}],"replies":[{"embeddable":true,"href":"https:\/\/koulutuselamaan.fi\/fi\/wp-json\/wp\/v2\/comments?post=111"}],"version-history":[{"count":9,"href":"https:\/\/koulutuselamaan.fi\/fi\/wp-json\/wp\/v2\/pages\/111\/revisions"}],"predecessor-version":[{"id":4475,"href":"https:\/\/koulutuselamaan.fi\/fi\/wp-json\/wp\/v2\/pages\/111\/revisions\/4475"}],"up":[{"embeddable":true,"href":"https:\/\/koulutuselamaan.fi\/fi\/wp-json\/wp\/v2\/pages\/77"}],"wp:attachment":[{"href":"https:\/\/koulutuselamaan.fi\/fi\/wp-json\/wp\/v2\/media?parent=111"}],"wp:term":[{"taxonomy":"post_tag","embeddable":true,"href":"https:\/\/koulutuselamaan.fi\/fi\/wp-json\/wp\/v2\/tags?post=111"}],"curies":[{"name":"wp","href":"https:\/\/api.w.org\/{rel}","templated":true}]}}