{"id":803,"date":"2020-06-18T12:22:58","date_gmt":"2020-06-18T09:22:58","guid":{"rendered":"https:\/\/koulutuselamaan.fi\/?page_id=803"},"modified":"2022-01-25T14:00:52","modified_gmt":"2022-01-25T12:00:52","slug":"siirry-maksamaan","status":"publish","type":"page","link":"https:\/\/koulutuselamaan.fi\/en\/tue-toimintaamme\/tee-lahjoitus\/siirry-maksamaan\/","title":{"rendered":"Tee kertalahjoitus"},"content":{"rendered":"<p class=\"translation-block\">Koulutus El\u00e4m\u00e4\u00e4n S\u00e4\u00e4ti\u00f6 Rahanker\u00e4yslupa RA\/2021\/1512<span class=\"\">, my\u00f6nnetty 10.11.2021. Lupa on voimassa 25.1.2022 alkaen toistaiseksi koko Suomen alueella Ahvenanmaata lukuunottamatta.<\/span><\/p>\n\n\n\n<p>Fundraising account: FI65 6601 0001 0619 10<\/p>","protected":false},"excerpt":{"rendered":"<p>Koulutus El\u00e4m\u00e4\u00e4n S\u00e4\u00e4ti\u00f6 Rahanker\u00e4yslupa RA\/2021\/1512, my\u00f6nnetty 10.11.2021. Lupa on voimassa 25.1.2022 alkaen toistaiseksi koko Suomen alueella Ahvenanmaata lukuunottamatta. Rahanker\u00e4ystili: FI65 6601 0001 0619 10<\/p>","protected":false},"author":1,"featured_media":0,"parent":196,"menu_order":0,"comment_status":"closed","ping_status":"closed","template":"page_template_paytrail.php","meta":{"footnotes":""},"tags":[],"class_list":["post-803","page","type-page","status-publish","hentry","no-featured-image"],"jetpack_sharing_enabled":true,"_links":{"self":[{"href":"https:\/\/koulutuselamaan.fi\/en\/wp-json\/wp\/v2\/pages\/803","targetHints":{"allow":["GET"]}}],"collection":[{"href":"https:\/\/koulutuselamaan.fi\/en\/wp-json\/wp\/v2\/pages"}],"about":[{"href":"https:\/\/koulutuselamaan.fi\/en\/wp-json\/wp\/v2\/types\/page"}],"author":[{"embeddable":true,"href":"https:\/\/koulutuselamaan.fi\/en\/wp-json\/wp\/v2\/users\/1"}],"replies":[{"embeddable":true,"href":"https:\/\/koulutuselamaan.fi\/en\/wp-json\/wp\/v2\/comments?post=803"}],"version-history":[{"count":6,"href":"https:\/\/koulutuselamaan.fi\/en\/wp-json\/wp\/v2\/pages\/803\/revisions"}],"predecessor-version":[{"id":4198,"href":"https:\/\/koulutuselamaan.fi\/en\/wp-json\/wp\/v2\/pages\/803\/revisions\/4198"}],"up":[{"embeddable":true,"href":"https:\/\/koulutuselamaan.fi\/en\/wp-json\/wp\/v2\/pages\/196"}],"wp:attachment":[{"href":"https:\/\/koulutuselamaan.fi\/en\/wp-json\/wp\/v2\/media?parent=803"}],"wp:term":[{"taxonomy":"post_tag","embeddable":true,"href":"https:\/\/koulutuselamaan.fi\/en\/wp-json\/wp\/v2\/tags?post=803"}],"curies":[{"name":"wp","href":"https:\/\/api.w.org\/{rel}","templated":true}]}}