{"id":3099,"date":"2021-05-05T12:15:35","date_gmt":"2021-05-05T09:15:35","guid":{"rendered":"https:\/\/koulutuselamaan.fi\/?page_id=3099"},"modified":"2024-08-05T09:17:39","modified_gmt":"2024-08-05T06:17:39","slug":"esikoulu","status":"publish","type":"page","link":"https:\/\/koulutuselamaan.fi\/en\/esikoulu\/","title":{"rendered":"Esikoulu: Ihmeellinen kehoni"},"content":{"rendered":"<div data-elementor-type=\"wp-page\" data-elementor-id=\"3099\" class=\"elementor elementor-3099\" data-elementor-post-type=\"page\">\n\t\t\t\t\t\t<section class=\"elementor-section elementor-top-section elementor-element elementor-element-4f35935 elementor-section-boxed elementor-section-height-default elementor-section-height-default\" data-id=\"4f35935\" data-element_type=\"section\">\n\t\t\t\t\t\t<div class=\"elementor-container elementor-column-gap-default\">\n\t\t\t\t\t<div class=\"elementor-column elementor-col-100 elementor-top-column elementor-element elementor-element-2c1e890\" data-id=\"2c1e890\" data-element_type=\"column\">\n\t\t\t<div class=\"elementor-widget-wrap elementor-element-populated\">\n\t\t\t\t\t\t\t<\/div>\n\t\t<\/div>\n\t\t\t\t\t<\/div>\n\t\t<\/section>\n\t\t\t\t<section class=\"elementor-section elementor-top-section elementor-element elementor-element-e1c3185 elementor-section-boxed elementor-section-height-default elementor-section-height-default\" data-id=\"e1c3185\" data-element_type=\"section\">\n\t\t\t\t\t\t<div class=\"elementor-container elementor-column-gap-default\">\n\t\t\t\t\t<div class=\"elementor-column elementor-col-100 elementor-top-column elementor-element elementor-element-f8deb23\" data-id=\"f8deb23\" data-element_type=\"column\">\n\t\t\t<div class=\"elementor-widget-wrap elementor-element-populated\">\n\t\t\t\t\t\t<div class=\"elementor-element elementor-element-93b62d2 elementor-widget elementor-widget-heading\" data-id=\"93b62d2\" data-element_type=\"widget\" data-widget_type=\"heading.default\">\n\t\t\t\t<div class=\"elementor-widget-container\">\n\t\t\t\t\t<h2 class=\"elementor-heading-title elementor-size-default\">Lis\u00e4teht\u00e4v\u00e4t<\/h2>\t\t\t\t<\/div>\n\t\t\t\t<\/div>\n\t\t\t\t<div class=\"elementor-element elementor-element-f994a5c elementor-widget elementor-widget-text-editor\" data-id=\"f994a5c\" data-element_type=\"widget\" data-widget_type=\"text-editor.default\">\n\t\t\t\t<div class=\"elementor-widget-container\">\n\t\t\t\t\t\t\t\t\t<p>Hei opettaja! T\u00e4\u00e4lt\u00e4 l\u00f6yd\u00e4t lis\u00e4teht\u00e4vi\u00e4 opetuksesi tueksi. Teht\u00e4vi\u00e4 voi k\u00e4ytt\u00e4\u00e4 orientoivana materiaalina ennen Koulutus el\u00e4m\u00e4\u00e4n -opetusta tai opetuksen j\u00e4lkeiseen aiheiden kertaukseen ja syvent\u00e4miseen.\u00a0<\/p><p><strong>Pelilliset teht\u00e4v\u00e4t:\u00a0<\/strong><\/p><p><a href=\"https:\/\/koulutuselamaan.fi\/en\/?page_id=3286\" target=\"_blank\" rel=\"noopener\">Tunnista hedelm\u00e4t<\/a><\/p><p><a href=\"https:\/\/koulutuselamaan.fi\/en\/hyvinvointi-muistipeli\/\">Hyvinvointi -muistipeli<\/a><\/p><p><a href=\"https:\/\/koulutuselamaan.fi\/en\/muistipeli-tunteet\/\">Tunnekuva -muistipeli<\/a><\/p><p><strong>Tulostettavat yms.:<\/strong><\/p><p><a href=\"https:\/\/koulutuselamaan.fi\/wp-content\/uploads\/2023\/10\/Ideat-eskarit-1.pdf\">Ideoita aiheen k\u00e4sittelyyn &#8220;Ihmeellinen kehoni&#8221;<\/a><\/p><p><a href=\"https:\/\/koulutuselamaan.fi\/wp-content\/uploads\/2021\/06\/Haroldin-erikoinen.pdf\">Haroldin erikoinen<\/a>\u00a0-piirustusteht\u00e4v\u00e4<\/p><p><a href=\"https:\/\/koulutuselamaan.fi\/wp-content\/uploads\/2021\/06\/Tunnista-ja-varita-ruokia.pdf\">Tunnista ja v\u00e4rit\u00e4 ruokia<\/a><\/p><p><a href=\"https:\/\/koulutuselamaan.fi\/wp-content\/uploads\/2021\/06\/Pida-kehostasi-hyvaa-huolta.pdf\">Pid\u00e4 kehostasi hyv\u00e4\u00e4 huolta!<\/a>\u00a0(v\u00e4rit\u00e4 ja tunnista)<\/p><p><a href=\"https:\/\/koulutuselamaan.fi\/wp-content\/uploads\/2021\/06\/Monipuolinen-liikunta.pdf\">Monipuolinen liikunta<\/a>\u00a0(v\u00e4rit\u00e4 ja tunnista)<\/p><p><a href=\"https:\/\/koulutuselamaan.fi\/wp-content\/uploads\/2021\/06\/Haroldin-aamujumppa.pdf\">Haroldin aamujumppa<\/a><\/p><p><a href=\"https:\/\/koulutuselamaan.fi\/wp-content\/uploads\/2021\/06\/Varita-Harold.pdf\">V\u00e4rit\u00e4 Harold<\/a><\/p><p><a href=\"https:\/\/koulutuselamaan.fi\/wp-content\/uploads\/2021\/06\/Kehoaiheisia-loruja-ja-lauluja.pdf\">Kehoaiheisia loruja ja lauluja<\/a><\/p><p><a href=\"https:\/\/koulutuselamaan.fi\/wp-content\/uploads\/2021\/06\/Kehoaiheisia-liikuntaleikkeja.pdf\">Kehoaiheisia liikuntaleikkej\u00e4<\/a><\/p>\t\t\t\t\t\t\t\t<\/div>\n\t\t\t\t<\/div>\n\t\t\t\t\t<\/div>\n\t\t<\/div>\n\t\t\t\t\t<\/div>\n\t\t<\/section>\n\t\t\t\t<section class=\"elementor-section elementor-top-section elementor-element elementor-element-a7b5d22 elementor-section-boxed elementor-section-height-default elementor-section-height-default\" data-id=\"a7b5d22\" data-element_type=\"section\">\n\t\t\t\t\t\t<div class=\"elementor-container elementor-column-gap-default\">\n\t\t\t\t\t<div class=\"elementor-column elementor-col-100 elementor-top-column elementor-element elementor-element-82fc8f5\" data-id=\"82fc8f5\" data-element_type=\"column\">\n\t\t\t<div class=\"elementor-widget-wrap elementor-element-populated\">\n\t\t\t\t\t\t<div class=\"elementor-element elementor-element-d9a43c2 elementor-widget elementor-widget-heading\" data-id=\"d9a43c2\" data-element_type=\"widget\" data-widget_type=\"heading.default\">\n\t\t\t\t<div class=\"elementor-widget-container\">\n\t\t\t\t\t<h2 class=\"elementor-heading-title elementor-size-default\">Taukojumppa 3min 40s<\/h2>\t\t\t\t<\/div>\n\t\t\t\t<\/div>\n\t\t\t\t<div class=\"elementor-element elementor-element-8523a27 elementor-widget elementor-widget-video\" data-id=\"8523a27\" data-element_type=\"widget\" data-settings=\"{&quot;youtube_url&quot;:&quot;https:\\\/\\\/youtu.be\\\/slwjuA9ylAE&quot;,&quot;video_type&quot;:&quot;youtube&quot;,&quot;controls&quot;:&quot;yes&quot;}\" data-widget_type=\"video.default\">\n\t\t\t\t<div class=\"elementor-widget-container\">\n\t\t\t\t\t\t\t<div class=\"elementor-wrapper elementor-open-inline\">\n\t\t\t<div class=\"elementor-video\"><\/div>\t\t<\/div>\n\t\t\t\t\t\t<\/div>\n\t\t\t\t<\/div>\n\t\t\t\t<div class=\"elementor-element elementor-element-d436575 elementor-widget elementor-widget-heading\" data-id=\"d436575\" data-element_type=\"widget\" data-widget_type=\"heading.default\">\n\t\t\t\t<div class=\"elementor-widget-container\">\n\t\t\t\t\t<h2 class=\"elementor-heading-title elementor-size-default\">Harold-kirahvin laulu 2min 27s<\/h2>\t\t\t\t<\/div>\n\t\t\t\t<\/div>\n\t\t\t\t<div class=\"elementor-element elementor-element-d1b9dbf elementor-widget elementor-widget-video\" data-id=\"d1b9dbf\" data-element_type=\"widget\" data-settings=\"{&quot;youtube_url&quot;:&quot;https:\\\/\\\/youtu.be\\\/N-wiroO_ubs&quot;,&quot;video_type&quot;:&quot;youtube&quot;,&quot;controls&quot;:&quot;yes&quot;}\" data-widget_type=\"video.default\">\n\t\t\t\t<div class=\"elementor-widget-container\">\n\t\t\t\t\t\t\t<div class=\"elementor-wrapper elementor-open-inline\">\n\t\t\t<div class=\"elementor-video\"><\/div>\t\t<\/div>\n\t\t\t\t\t\t<\/div>\n\t\t\t\t<\/div>\n\t\t\t\t<div class=\"elementor-element elementor-element-4ac9885 elementor-widget elementor-widget-spacer\" data-id=\"4ac9885\" data-element_type=\"widget\" data-widget_type=\"spacer.default\">\n\t\t\t\t<div class=\"elementor-widget-container\">\n\t\t\t\t\t\t\t<div class=\"elementor-spacer\">\n\t\t\t<div class=\"elementor-spacer-inner\"><\/div>\n\t\t<\/div>\n\t\t\t\t\t\t<\/div>\n\t\t\t\t<\/div>\n\t\t\t\t\t<\/div>\n\t\t<\/div>\n\t\t\t\t\t<\/div>\n\t\t<\/section>\n\t\t\t\t<\/div>","protected":false},"excerpt":{"rendered":"<p>Lis\u00e4teht\u00e4v\u00e4t Hei opettaja! T\u00e4\u00e4lt\u00e4 l\u00f6yd\u00e4t lis\u00e4teht\u00e4vi\u00e4 opetuksesi tueksi. Teht\u00e4vi\u00e4 voi k\u00e4ytt\u00e4\u00e4 orientoivana materiaalina ennen Koulutus el\u00e4m\u00e4\u00e4n -opetusta tai opetuksen j\u00e4lkeiseen aiheiden kertaukseen ja syvent\u00e4miseen.\u00a0 Pelilliset teht\u00e4v\u00e4t:\u00a0 Tunnista hedelm\u00e4t Hyvinvointi -muistipeli Tunnekuva -muistipeli Tulostettavat yms.: Ideoita aiheen k\u00e4sittelyyn &#8220;Ihmeellinen kehoni&#8221; Haroldin erikoinen\u00a0-piirustusteht\u00e4v\u00e4 Tunnista ja v\u00e4rit\u00e4 ruokia Pid\u00e4 kehostasi hyv\u00e4\u00e4 huolta!\u00a0(v\u00e4rit\u00e4 ja tunnista) Monipuolinen liikunta\u00a0(v\u00e4rit\u00e4 ja tunnista) &hellip; <a href=\"https:\/\/koulutuselamaan.fi\/en\/esikoulu\/\" class=\"more-link\">Continue reading <span class=\"screen-reader-text\">Esikoulu: Ihmeellinen kehoni<\/span><\/a><\/p>","protected":false},"author":5,"featured_media":0,"parent":0,"menu_order":0,"comment_status":"closed","ping_status":"closed","template":"","meta":{"footnotes":""},"tags":[],"class_list":["post-3099","page","type-page","status-publish","hentry","no-featured-image"],"jetpack_sharing_enabled":true,"_links":{"self":[{"href":"https:\/\/koulutuselamaan.fi\/en\/wp-json\/wp\/v2\/pages\/3099","targetHints":{"allow":["GET"]}}],"collection":[{"href":"https:\/\/koulutuselamaan.fi\/en\/wp-json\/wp\/v2\/pages"}],"about":[{"href":"https:\/\/koulutuselamaan.fi\/en\/wp-json\/wp\/v2\/types\/page"}],"author":[{"embeddable":true,"href":"https:\/\/koulutuselamaan.fi\/en\/wp-json\/wp\/v2\/users\/5"}],"replies":[{"embeddable":true,"href":"https:\/\/koulutuselamaan.fi\/en\/wp-json\/wp\/v2\/comments?post=3099"}],"version-history":[{"count":92,"href":"https:\/\/koulutuselamaan.fi\/en\/wp-json\/wp\/v2\/pages\/3099\/revisions"}],"predecessor-version":[{"id":5462,"href":"https:\/\/koulutuselamaan.fi\/en\/wp-json\/wp\/v2\/pages\/3099\/revisions\/5462"}],"wp:attachment":[{"href":"https:\/\/koulutuselamaan.fi\/en\/wp-json\/wp\/v2\/media?parent=3099"}],"wp:term":[{"taxonomy":"post_tag","embeddable":true,"href":"https:\/\/koulutuselamaan.fi\/en\/wp-json\/wp\/v2\/tags?post=3099"}],"curies":[{"name":"wp","href":"https:\/\/api.w.org\/{rel}","templated":true}]}}