{"id":2884,"date":"2021-04-26T12:48:31","date_gmt":"2021-04-26T09:48:31","guid":{"rendered":"https:\/\/koulutuselamaan.fi\/?page_id=2884"},"modified":"2021-04-26T12:51:43","modified_gmt":"2021-04-26T09:51:43","slug":"jakso-3-alkoholi","status":"publish","type":"page","link":"https:\/\/koulutuselamaan.fi\/en\/jakso-3-alkoholi\/","title":{"rendered":"Jakso 3: Alkoholi"},"content":{"rendered":"<div data-elementor-type=\"wp-page\" data-elementor-id=\"2884\" class=\"elementor elementor-2884\" data-elementor-post-type=\"page\">\n\t\t\t\t\t\t<section class=\"elementor-section elementor-top-section elementor-element elementor-element-b221751 elementor-section-boxed elementor-section-height-default elementor-section-height-default\" data-id=\"b221751\" data-element_type=\"section\">\n\t\t\t\t\t\t<div class=\"elementor-container elementor-column-gap-default\">\n\t\t\t\t\t<div class=\"elementor-column elementor-col-100 elementor-top-column elementor-element elementor-element-890a467\" data-id=\"890a467\" data-element_type=\"column\">\n\t\t\t<div class=\"elementor-widget-wrap elementor-element-populated\">\n\t\t\t\t\t\t<div class=\"elementor-element elementor-element-7e79221 elementor-widget elementor-widget-text-editor\" data-id=\"7e79221\" data-element_type=\"widget\" data-widget_type=\"text-editor.default\">\n\t\t\t\t<div class=\"elementor-widget-container\">\n\t\t\t\t\t\t\t\t\t<p>T\u00e4ss\u00e4 podcastissa keskustelevat Koulutus El\u00e4m\u00e4\u00e4n S\u00e4\u00e4ti\u00f6n p\u00e4ihde- ja terveyskasvatuksen asiantuntijat Satu ja Pia.<\/p><p>Satu puhuu: Kuuntelet Puhutaan p\u00e4ihteist\u00e4 -podcastia. T\u00e4\u00e4ll\u00e4 puhumassa olen min\u00e4, Satu ja t\u00e4ss\u00e4 seurassani Pia. Me toimimme Koulutus El\u00e4m\u00e4\u00e4n S\u00e4\u00e4ti\u00f6n p\u00e4ihdekasvatuksen opettajina. T\u00e4ss\u00e4 podcastissa annamme vinkkej\u00e4 alakoululaisten lasten vanhemmille siit\u00e4, kuinka p\u00e4ihteist\u00e4 voi keskustella lapsen kanssa ja niist\u00e4 pit\u00e4\u00e4kin puhua, jotta voidaan korjata k\u00e4sityksi\u00e4 ja vahvistaa tietoa!<\/p><p>Lapset esitt\u00e4v\u00e4t vanhemmilleen kysymyksi\u00e4 alkoholista ja usein kysymykset tulevat yll\u00e4tt\u00e4en tilanteissa kuten kaupassa, \u201dmiksi s\u00e4 ostat TAAS tota kaljaa\u201d. Ne ovat usein tilanteita, joissa vanhempi h\u00e4mmentyy tai nolostuu ja yritt\u00e4\u00e4 nopeasti kiert\u00e4\u00e4 tai ohittaa kysymyksen \u201daikuisten asia\u201d tai \u201dno eih\u00e4n me nyt aina juoda\u201d \u201dymm\u00e4rr\u00e4t sitten aikuisena\u201d tai muuta vastaavaa.<\/p><p>Pia puhuu: Miksi alkoholista tulee tabu? Tai miksi aikuinen v\u00e4ist\u00e4\u00e4 keskustelun lapsen kanssa. On t\u00e4rke\u00e4\u00e4, ett\u00e4 lapselle vastataan niiss\u00e4 tilanteissa rehellisesti ja puhutaan asioiden oikeilla nimill\u00e4. \u201dKyll\u00e4, ostan meille vanhemmille saunaoluet.\u201d V\u00e4ltyt\u00e4\u00e4n silt\u00e4 lapselle muodostuvasta uteliaasta mielikuvasta, joka viittaa johonkin aikuisena tapahtuvaan j\u00e4nnitt\u00e4v\u00e4\u00e4n asiaan, joka tuntuu houkuttelevalta ja hienolta. Kun alkoholista ei keskustella avoimesti ja asioiden oikeilla nimill\u00e4, lapselle muodostuu n\u00e4it\u00e4 mielikuvia siit\u00e4, kuinka aikuiset juovat viinaa. Klassikko esimerkki siit\u00e4, ett\u00e4 lapsi kovaan \u00e4\u00e4neen kailottaa kaupassa, ett\u00e4 taasko te juotte sit\u00e4 viinaa.<\/p><p>Satu puhuu: Vanhempi kokee alkoholin juomisen nolona, vaikka se olisi kohtuuk\u00e4ytt\u00f6\u00e4, ei halua lapsen kyselev\u00e4n aiheesta. Jo hyvin varhaisessa vaiheessa se h\u00e4pe\u00e4 tarttuu lapseen. On vaikkapa jotkut juhlat tai joku tilanne, jossa lapsen kysymykseen on reagoitu torjuvasti ja ohittaen lapsen kiinnostus vastaamalla \u201daikuisten asia\u201d tai lapsi on n\u00e4hnyt jonkun l\u00e4heisen humalassa, joka on lapselle ollut h\u00e4mment\u00e4v\u00e4 tilanne. Lapsi on saattanut aistia pienenkin alkoholin aiheuttaman muutoksen aikuisessa ja sen my\u00f6t\u00e4 saattanut tuntea h\u00e4mmennyst\u00e4 osaamatta k\u00e4sitell\u00e4 kokemaansa, ymm\u00e4rt\u00e4m\u00e4tt\u00e4 mist\u00e4 on ollut kyse ja sitten t\u00e4ll\u00e4 \u201daikuisten asia\u201d vastauksella kokenut, ettei aiheesta kannata kysell\u00e4. My\u00f6s kokemukset siit\u00e4, ett\u00e4 on jossakin kaupungilla n\u00e4hnyt hyvin p\u00e4ihtyneen ihmisen, jonka k\u00e4yt\u00f6s on voinut lapsesta tuntua jopa pelottavalta. T\u00e4llaiset saattavat olla lapsesta asioita, jotka he kokevat tilanteiksi, mist\u00e4 eiv\u00e4t halua vanhemmalle puhua. Ik\u00e4\u00e4n kuin se olisi asia, mit\u00e4 ei olisi saanut n\u00e4hd\u00e4 tai tilanne, jossa ei olisi saanut olla. On kyse sitten n\u00e4ist\u00e4 kaupungilla kohdatuista tilanteista, kaverilta kuulluista kokemuksista tai omakohtaisista, kotioloissa tapahtuneista aikuisen mielest\u00e4 harmittomista tilanteista, joihin alkoholi on liittynyt, lapsikin muodostaa tilanteesta tabuasian, josta ei puhuta. Lapsi ei en\u00e4\u00e4 kysele ja vanhemman on vaikea ottaa puheeksi tai ei edes ymm\u00e4rr\u00e4 ottaa puheeksi.<\/p><p>Pia puhuu: Alkoholista keskustelun voi aloittaa vaikkapa sill\u00e4, ett\u00e4 kysyy lapselta; oletko n\u00e4hnyt humalaista, mit\u00e4 ajattelit siit\u00e4? Tai saunaolutta juodessa ihan kysy\u00e4, ett\u00e4 mit\u00e4 sin\u00e4 ajattelet siit\u00e4, ett\u00e4 aikuiset juo alkoholia? Ja sitten saada keskustelun vireille. Meill\u00e4 on my\u00f6s Harold-peli, jonka avulla voi alkoholin ottaa puheeksi. Pelist\u00e4 viel\u00e4 lis\u00e4\u00e4 my\u00f6hemmin.<\/p><p>Satu puhuu: Kuullaan nyt lasten esitt\u00e4mi\u00e4 kysymyksi\u00e4 ja pohdintoja alkoholiin liittyen, joita olemme poimineet nelj\u00e4sluokkalaisilta lapsilta Koulutus El\u00e4m\u00e4\u00e4n -p\u00e4ihde- ja terveyskasvatuksen tunneillamme<\/p><p><b>Lapsi kysyy: Miksi aikuinen voi juoda alkoholia mutta lapsi ei?<\/b><\/p><p>Pia puhuu: Kun alkoholista keskustellaan lapsen kanssa, on hyv\u00e4 kertoa lapselle ymm\u00e4rrett\u00e4v\u00e4ll\u00e4 tavalla maksan toiminnasta; Alkoholi imeytyy verenkiertoon ruuansulatuksesta, kulkee veren mukana maksaan, joka puhdistaa verta. Aikuisen maksa pystyy puhdistamaan pienen m\u00e4\u00e4r\u00e4n alkoholia. Siksi aikuinen voi juoda pienen m\u00e4\u00e4r\u00e4n alkoholia ja se ei vaikuta aivoihin. Lapsi ei voi juoda alkoholia, koska lapsen viel\u00e4 kehittyv\u00e4 maksa ei puhdista edes pient\u00e4 m\u00e4\u00e4r\u00e4\u00e4 ja alkoholi p\u00e4\u00e4see veren mukana aivoihin, jossa se vaikuttaa lapsen kehittyviin aivoihin.<\/p><p>Satu puhuu: Usein lapset tunneilla pohtivat my\u00f6s sit\u00e4, ett\u00e4 miksi juuri 18-vuotias, mit\u00e4 jos 17 ja puoli -vuotias juo niin onko sill\u00e4 sitten eroa. T\u00e4m\u00e4n tyyppiseen keskusteluun lapsen kanssa voi nostaa esiin sen, ett\u00e4 Suomessa 18-vuotias on aikuinen ja ajatellaan, ett\u00e4 aikuinen voi tehd\u00e4 omaa el\u00e4m\u00e4\u00e4ns\u00e4 koskevia valintoja, ottaa vastuun itse omista tekemisist\u00e4\u00e4n ja terveydest\u00e4\u00e4n huolehtimisesta, ymm\u00e4rt\u00e4\u00e4 tekojensa seurauksia. Siksi aikuisena voi tehd\u00e4 valintoja itsen\u00e4isesti. Jotkut aikuiset my\u00f6s valitsevat, ett\u00e4 juovat alkoholia hyvin harvoin tai vain v\u00e4h\u00e4n ja jotkut ovat tehneet valinnan, etteiv\u00e4t juo lainkaan.<\/p><p>Pia puhuu: Lapselle on hyv\u00e4 kertoa, ett\u00e4 on kohtuuk\u00e4ytt\u00f6\u00e4, jos juo v\u00e4h\u00e4n ja t\u00e4st\u00e4 ei ole v\u00e4ltt\u00e4m\u00e4tt\u00e4 haittaa aikuiselle, jos silloin t\u00e4ll\u00f6in juo alkoholia. Kuitenkin on hyv\u00e4 kertoa lapselle my\u00f6s liiallisen k\u00e4yt\u00f6n vaikutuksista kehossa ja aivoissa. Voi kertoa siit\u00e4, kuinka maksa kuormittuu suuremmasta alkoholim\u00e4\u00e4r\u00e4st\u00e4, jolloin alkoholi p\u00e4\u00e4see verenkierron mukana aivoihin ja alkaa vaikuttaa aivojen toimintaan ja ihmisen k\u00e4ytt\u00e4ytymiseen. Suuret m\u00e4\u00e4r\u00e4t alkoholia saavat aikaan humalatilan ja runsas alkoholin k\u00e4ytt\u00f6 vaikuttaa jo monin tavoin kehoon. Hyvin runsaat m\u00e4\u00e4r\u00e4t voivat olla jopa vaarallisia aikuisellekin. Lapselle se pienikin m\u00e4\u00e4r\u00e4 voi olla vaarallista.<\/p><p>Satu puhuu: Moni lapsi on tunneilla kertonut kokemuksestaan, jossa on vahingossa maistanut lasista juomaa, joka onkin ollut jotakin alkoholipitoista. N\u00e4m\u00e4 saattavat olla tilanteita, joissa lapsi on s\u00e4ik\u00e4ht\u00e4nyt ja jopa on huolissaan siit\u00e4, ett\u00e4 onko siit\u00e4 ollut nyt terveydelle haittaa. Toki on t\u00e4rke\u00e4\u00e4 toppuutella huolta n\u00e4iss\u00e4 tilanteissa ja todeta, ettei ole vaaraa, vaikka t\u00e4llainen vahinko onkin k\u00e4ynyt. Voi todeta, ett\u00e4 \u201dse oli varmasti sinulle h\u00e4mment\u00e4v\u00e4 ja inhottavakin kokemus, sill\u00e4 varmastikaan alkoholi ei lapsen suuhun maistu hyv\u00e4lt\u00e4\u201d<\/p><p><b>Lapsi toteaa: Alkoholi on aikuisten limua!<\/b><\/p><p>Pia puhuu: T\u00e4m\u00e4n tyyppisi\u00e4 kommentteja kuulee lapsilta paljon. T\u00e4m\u00e4 on kuitenkin hyvin harhaan johtavaa ja vanhemman ei tulisi t\u00e4llaista termi\u00e4 k\u00e4ytt\u00e4\u00e4 alkoholista. Ei aikuisten virvoitusjuoma tai aikuisten limua, vaan asioista tulisi puhua oikeilla nimill\u00e4. Yksinkertaisesti voi vastata, ett\u00e4 t\u00e4m\u00e4 on alkoholia. Voi aivan hyvin kertoa lapselle, ett\u00e4 on erilaisia alkoholijuomia, puhua oluista, siidereist\u00e4, viinist\u00e4 ja kertoa, ett\u00e4 on my\u00f6s olemassa vahvempia alkoholijuomia, jotka ovat sitten sit\u00e4 viinaa. T\u00e4m\u00e4 aikuisten limuista puhuminen lis\u00e4\u00e4 lasten v\u00e4\u00e4r\u00e4\u00e4 k\u00e4sityst\u00e4, kun lapsi ei ymm\u00e4rr\u00e4 mist\u00e4 puhutaan ja mit\u00e4 ja millaisia juomia ne alkoholijuomat sitten oikein ovat.<\/p><p>Satu puhuu: Kun tunneilla kysyt\u00e4\u00e4n lapsilta mit\u00e4 he ajattelevat miksi aikuinen juo alkoholia? Lasten vastaukset usein ovat; \u201dhyv\u00e4 ruoka\u201d, \u201drentoutuminen\u201d tai \u201dsaunajuoma\u201d. Joskus kuulee, ett\u00e4 alkoholin juomisen perusteena aikuisella on \u201drankka viikko\u201d tai \u201dstressi\u201d. Joskus jollakin tunnilla muistan er\u00e4\u00e4n lapsen vastanneen, ett\u00e4 \u201daikuiset juo syd\u00e4nsuruihin\u201d. Hyvin tyypillisesti lapset vastaavat ett\u00e4 \u201djuhliin kuuluu\u2026\u201d Mit\u00e4 Pia haluaisit t\u00e4h\u00e4n sanoa?<\/p><p>Pia puhuu: On hyv\u00e4 kysy\u00e4 lapselta mit\u00e4 h\u00e4n arvelee, miksi aikuiset juovat alkoholia? Mutta omaa suhtautumista kannattaa pohtia ennen keskustelua ja mik\u00e4 se oma perimm\u00e4inen syy taustalla on. Onko se palkitseminen, nautintohetki, kuuluuko se itsell\u00e4 vain juhliin ja millaisissa tilanteissa on itse juonut mahdollisesti alkoholia lapsen l\u00e4sn\u00e4 ollessa. Aikuisen tulisi pohtia omia todellisia tarpeita siell\u00e4 takana. On helpompi puhua lapsen kanssa n\u00e4ist\u00e4 aiheista ja seist\u00e4 niiden omien puheidensa takana, kun on k\u00e4ynyt t\u00e4m\u00e4n pohdinnan omassa mieless\u00e4\u00e4n.<\/p><p>Lapselle on t\u00e4rke\u00e4\u00e4 my\u00f6s sanoa, ett\u00e4 on ok, jos vanhemmat juovat v\u00e4h\u00e4n tai kohtuullisesti. Lapsella saattaa olla my\u00f6s huoli vanhempien alkoholin k\u00e4yt\u00f6st\u00e4. Se huoli on voinut rakentua sen my\u00f6t\u00e4, ett\u00e4 on ehk\u00e4 kuullut alkoholin haitoista tai n\u00e4hnyt humalaisia tai muuta vastaavaa.<\/p><p>Satu puhuu: Ja harvoin lapsi kuitenkaan l\u00e4ht\u00f6kohtaisesti on ajatellut, ett\u00e4 omat vanhemmat alkoholia juomalla haluavat k\u00e4nniin. Kuten noista lasten vastauksista p\u00e4\u00e4s\u00e4\u00e4nt\u00f6isesti k\u00e4y ilmi, niin lapsen ajatukset aikuisten alkoholin k\u00e4yt\u00f6st\u00e4 liittyy hyvin paljon t\u00e4llaiseen kohtuuk\u00e4ytt\u00f6\u00f6n juurikin esimerkiksi ruuan kylkeen.<\/p><p>On kuitenkin keskustelua k\u00e4ydess\u00e4 hyv\u00e4 huomioida, ett\u00e4 lapsi ei v\u00e4ltt\u00e4m\u00e4tt\u00e4 ole n\u00e4hnytk\u00e4\u00e4n kovin humalaista ihmist\u00e4 ja lapsella ei ole v\u00e4ltt\u00e4m\u00e4tt\u00e4 mielikuvaa siit\u00e4 mist\u00e4 puhutaan. Siksi my\u00f6s humalasta ja humalajuomisesta tulee puhua ja kuvailu \u201dmuuttaa ihmisen k\u00e4ytt\u00e4ytymist\u00e4, aivojen toimintaa, vaikuttaa tasapainoon tai muuta sellaista\u201d on t\u00e4rke\u00e4\u00e4. Eli tuodaan esiin my\u00f6s niit\u00e4 liiallisen alkoholin vaikutuksia ja haittoja sek\u00e4 annetaan ihan konkreettisia esimerkkej\u00e4, miten humalainen saattaa k\u00e4ytt\u00e4yty\u00e4. T\u00e4ll\u00f6in lapsen huoli my\u00f6s lieventyy siin\u00e4, ett\u00e4 h\u00e4n ymm\u00e4rt\u00e4\u00e4 kuinka kuitenkin humalatila usein on havaittavissa, ei lapsen tarvitse arvuutella vanhemmista ett\u00e4 \u201dno nyt se on juonut viini\u00e4, onkohan se nyt k\u00e4nniss\u00e4 ja onkohan se juonut liikaa\u201d. Ja n\u00e4in ollen ei tarvitse sitten olla huolissaan aiheesta ja omista vanhemmista tai l\u00e4heisist\u00e4.<\/p><p>Pia puhuu: On hyv\u00e4 puhua lapsen kanssa p\u00e4ihtyneen henkil\u00f6n kohtaamisista ja lapsen toiminnasta siin\u00e4 tilanteessa, jos kohtaa hyvin p\u00e4ihtyneen henkil\u00f6n. My\u00f6s tilanne, jos joku tarvitsee apua, on sammunut tai kaatunut. N\u00e4m\u00e4 tilanteet kannattaa k\u00e4yd\u00e4 l\u00e4pi ja yhdess\u00e4 ne toimintaohjeet sellaiseen tilanteeseen. Turvataito on my\u00f6s se, ett\u00e4 osaa toimia tilanteessa, joka on pelottava tai uhkaava. Lapselle p\u00e4ihtyneiden ihmisten kohtaaminen voi olla hyvinkin pelottavaa. Vanhempi tuntee lapsensa ja tiet\u00e4\u00e4 millaisia ohjeita voi lapselleen niihin tilanteisiin antaa.<\/p><p><b>Lapsi kysyy: Sit\u00e4 m\u00e4 vaan mietin, et miks joku voi juoda vaikka kaljaa ja sit alkoholisti ei voi juoda yht\u00e4\u00e4n?<\/b><\/p><p>Satu Puhuu: T\u00e4m\u00e4 kysymys on my\u00f6s hyv\u00e4 esimerkki siit\u00e4, kuinka lapsella ei v\u00e4ltt\u00e4m\u00e4tt\u00e4 ole k\u00e4sityksi\u00e4 siit\u00e4, mit\u00e4 n\u00e4ill\u00e4 termeill\u00e4 ja muilla tarkoitetaan. T\u00e4ss\u00e4kin kysymyksess\u00e4 tuli lopulta esiin, ett\u00e4 lapsi ei ehk\u00e4 kuitenkaan viitannut alkoholismiin vaan siihen, ett\u00e4 miksi joku voi juoda v\u00e4h\u00e4n ja sitten jollekin taas alkoholi vaikuttaa voimakkaammin. Eli juuri se kohtuuk\u00e4yt\u00f6n korostaminen on t\u00e4rke\u00e4\u00e4, se ett\u00e4 suurin osa aikuisista voi juoda pienen m\u00e4\u00e4r\u00e4n ilman ettei se aiheuta humalaa, mutta suuret m\u00e4\u00e4r\u00e4t alkoholia veress\u00e4 aiheuttavat. Eli kaikille alkoholi varmasti runsaasti k\u00e4ytettyn\u00e4 aiheuttaa humalan. Kannattaa olla tuntosarvet ojolla lapsen kanssa keskustellessa, jotta osaa kuulla lapsen perimm\u00e4isen tarkoituksen kysymykseen. Ei my\u00f6s pid\u00e4 v\u00e4ltt\u00e4m\u00e4tt\u00e4 l\u00e4hte\u00e4 liian pureutuvaan keskusteluun, joka kaikkine termeineen ja nimikkeineen ja k\u00e4sitteineen menee lopulta lapsella yli hilseen.<\/p><p>Pia puhuu: Hyv\u00e4 s\u00e4\u00e4nt\u00f6 on, ett\u00e4 vastaa siihen lapsen kysymykseen, \u00e4l\u00e4k\u00e4 l\u00e4hde vastaamaan tai puhumaan liian laveasti.<\/p><p>Koulutus El\u00e4m\u00e4\u00e4n S\u00e4\u00e4ti\u00f6n nettisivuilta l\u00f6ytyy Harold -peli, jonka avulla voi ottaa puheeksi ja keskustella lapsen kanssa alkoholista ja sen vaikutuksista, kohtuuk\u00e4yt\u00f6st\u00e4 ja my\u00f6s haitoista. Pelist\u00e4 l\u00f6ytyy muitakin p\u00e4ihde- ja terveysaiheita k\u00e4sitelt\u00e4v\u00e4ksi yhdess\u00e4 lapsen kanssa. Puhukaa rohkeasti p\u00e4ihteist\u00e4! Tieto lis\u00e4\u00e4 ymm\u00e4rryst\u00e4 ja ymm\u00e4rrys vahvistaa halua pit\u00e4\u00e4 omasta terveydest\u00e4\u00e4n ja kehostaan huolta.<\/p><p>\u00a0<\/p>\t\t\t\t\t\t\t\t<\/div>\n\t\t\t\t<\/div>\n\t\t\t\t\t<\/div>\n\t\t<\/div>\n\t\t\t\t\t<\/div>\n\t\t<\/section>\n\t\t\t\t<\/div>","protected":false},"excerpt":{"rendered":"<p>T\u00e4ss\u00e4 podcastissa keskustelevat Koulutus El\u00e4m\u00e4\u00e4n S\u00e4\u00e4ti\u00f6n p\u00e4ihde- ja terveyskasvatuksen asiantuntijat Satu ja Pia. Satu puhuu: Kuuntelet Puhutaan p\u00e4ihteist\u00e4 -podcastia. T\u00e4\u00e4ll\u00e4 puhumassa olen min\u00e4, Satu ja t\u00e4ss\u00e4 seurassani Pia. Me toimimme Koulutus El\u00e4m\u00e4\u00e4n S\u00e4\u00e4ti\u00f6n p\u00e4ihdekasvatuksen opettajina. T\u00e4ss\u00e4 podcastissa annamme vinkkej\u00e4 alakoululaisten lasten vanhemmille siit\u00e4, kuinka p\u00e4ihteist\u00e4 voi keskustella lapsen kanssa ja niist\u00e4 pit\u00e4\u00e4kin puhua, jotta voidaan &hellip; <a href=\"https:\/\/koulutuselamaan.fi\/en\/jakso-3-alkoholi\/\" class=\"more-link\">Continue reading <span class=\"screen-reader-text\">Jakso 3: Alkoholi<\/span><\/a><\/p>","protected":false},"author":1,"featured_media":0,"parent":0,"menu_order":0,"comment_status":"closed","ping_status":"closed","template":"","meta":{"footnotes":""},"tags":[],"class_list":["post-2884","page","type-page","status-publish","hentry","no-featured-image"],"jetpack_sharing_enabled":true,"_links":{"self":[{"href":"https:\/\/koulutuselamaan.fi\/en\/wp-json\/wp\/v2\/pages\/2884","targetHints":{"allow":["GET"]}}],"collection":[{"href":"https:\/\/koulutuselamaan.fi\/en\/wp-json\/wp\/v2\/pages"}],"about":[{"href":"https:\/\/koulutuselamaan.fi\/en\/wp-json\/wp\/v2\/types\/page"}],"author":[{"embeddable":true,"href":"https:\/\/koulutuselamaan.fi\/en\/wp-json\/wp\/v2\/users\/1"}],"replies":[{"embeddable":true,"href":"https:\/\/koulutuselamaan.fi\/en\/wp-json\/wp\/v2\/comments?post=2884"}],"version-history":[{"count":5,"href":"https:\/\/koulutuselamaan.fi\/en\/wp-json\/wp\/v2\/pages\/2884\/revisions"}],"predecessor-version":[{"id":2894,"href":"https:\/\/koulutuselamaan.fi\/en\/wp-json\/wp\/v2\/pages\/2884\/revisions\/2894"}],"wp:attachment":[{"href":"https:\/\/koulutuselamaan.fi\/en\/wp-json\/wp\/v2\/media?parent=2884"}],"wp:term":[{"taxonomy":"post_tag","embeddable":true,"href":"https:\/\/koulutuselamaan.fi\/en\/wp-json\/wp\/v2\/tags?post=2884"}],"curies":[{"name":"wp","href":"https:\/\/api.w.org\/{rel}","templated":true}]}}