{"id":2863,"date":"2021-04-26T12:38:34","date_gmt":"2021-04-26T09:38:34","guid":{"rendered":"https:\/\/koulutuselamaan.fi\/?page_id=2863"},"modified":"2021-04-26T12:42:22","modified_gmt":"2021-04-26T09:42:22","slug":"jakso-1-avoin-keskustelu-on-tarkeaa","status":"publish","type":"page","link":"https:\/\/koulutuselamaan.fi\/en\/jakso-1-avoin-keskustelu-on-tarkeaa\/","title":{"rendered":"Jakso 1: Avoin keskustelu on t\u00e4rke\u00e4\u00e4"},"content":{"rendered":"<div data-elementor-type=\"wp-page\" data-elementor-id=\"2863\" class=\"elementor elementor-2863\" data-elementor-post-type=\"page\">\n\t\t\t\t\t\t<section class=\"elementor-section elementor-top-section elementor-element elementor-element-b221751 elementor-section-boxed elementor-section-height-default elementor-section-height-default\" data-id=\"b221751\" data-element_type=\"section\">\n\t\t\t\t\t\t<div class=\"elementor-container elementor-column-gap-default\">\n\t\t\t\t\t<div class=\"elementor-column elementor-col-100 elementor-top-column elementor-element elementor-element-890a467\" data-id=\"890a467\" data-element_type=\"column\">\n\t\t\t<div class=\"elementor-widget-wrap elementor-element-populated\">\n\t\t\t\t\t\t<div class=\"elementor-element elementor-element-7e79221 elementor-widget elementor-widget-text-editor\" data-id=\"7e79221\" data-element_type=\"widget\" data-widget_type=\"text-editor.default\">\n\t\t\t\t<div class=\"elementor-widget-container\">\n\t\t\t\t\t\t\t\t\t<p><strong>T\u00e4ss\u00e4 podcastissa keskustelevat Koulutus El\u00e4m\u00e4\u00e4n S\u00e4\u00e4ti\u00f6n p\u00e4ihde- ja terveyskasvatuksen asiantuntijat Satu ja Pia.<\/strong><\/p><p>INTRO (Ote jaksosta 3)<\/p><p>Satu puhuu: Kun tunneilla kysyt\u00e4\u00e4n lapsilta mit\u00e4 he ajattelevat miksi aikuinen juo alkoholia? Lasten vastaukset usein ovat; \u201dhyv\u00e4 ruoka\u201d tai \u201drentoutuminen\u201d, \u201dsaunajuoma\u201d joskus kuulee, ett\u00e4 alkoholin juomisen perusteena aikuisella on \u201drankka viikko\u201d tai \u201dstressi\u201d. Jollakin tunnilla muistan er\u00e4\u00e4n lapsen vastanneen, ett\u00e4 \u201daikuiset juovat syd\u00e4nsuruihin\u201d. Hyvin tyypillisesti lapset vastaavat ett\u00e4 \u201djuhliin kuuluu\u2026\u201d Mit\u00e4 Pia haluaisit t\u00e4h\u00e4n sanoa?<\/p><p>Pia puhuu: On hyv\u00e4 kysy\u00e4 lapselta mit\u00e4 h\u00e4n arvelee, miksi aikuiset juovat alkoholia? Mutta omaa suhtautumista kannattaa pohtia ennen keskustelua ja mik\u00e4 se oma perimm\u00e4inen syy taustalla on. Onko se palkitseminen, nautintohetki, kuuluuko se itsell\u00e4 vain juhliin ja millaisissa tilanteissa on itse juonut mahdollisesti alkoholia lapsen l\u00e4sn\u00e4 ollessa ja niin edelleen. Aikuisen tulisi pohtia omia todellisia tarpeita. On helpompi puhua lapsen kanssa n\u00e4ist\u00e4 aiheista ja seist\u00e4 niiden omien puheidensa takana, kun on k\u00e4ynyt t\u00e4m\u00e4n pohdinnan omassa mieless\u00e4\u00e4n.<\/p><p>Esittelypuhe.<\/p><p>Satu puhuu: Kuuntelet Koulutus El\u00e4m\u00e4\u00e4n S\u00e4\u00e4ti\u00f6n alakouluik\u00e4isten lasten vanhemmille suunnattua Puhutaan p\u00e4ihteist\u00e4 -podcastia, jossa s\u00e4\u00e4ti\u00f6n terveys ja p\u00e4ihdekasvatuksen asiantuntijat keskustelevat lasten p\u00e4ihteisiin liittyvist\u00e4 pohdinnoista. T\u00e4m\u00e4n podcastin tarkoituksena on antaa vanhemmille vinkkej\u00e4 siit\u00e4, miten ja millaisin sanoin p\u00e4ihteist\u00e4 voi keskustella koululaisen kanssa. Haluamme tuoda vanhemmille tietoon meid\u00e4n kokemuksemme siit\u00e4, millaisia asioita koululainen mahdollisesti miettii p\u00e4ihteisiin liittyen. Toisaalta haluamme my\u00f6s ehdottomasti kannustaa keskustelemaan lapsen kanssa n\u00e4ist\u00e4 aiheista, jotka usein ns. painetaan villaisella tai sivuutetaan aihe, sill\u00e4 kysymyksiin ei tunnu l\u00f6ytyv\u00e4n sopivaa tai luontevaa tapaa vastata tai vaihtoehtoisesti vanhempi vastaa ehk\u00e4 jopa hieman h\u00e4mmennyksiss\u00e4\u00e4nkin jotakin ymp\u00e4ripy\u00f6re\u00e4\u00e4.<\/p><p>Koulutus El\u00e4m\u00e4\u00e4n terveys- ja p\u00e4ihdekasvatuksen tunneilla kohtaamme tuhansia alakoululaisia vuosittain. Tunneilla nousee lapsilta usein esiin aivan samoja pohdintoja ja kysymyksi\u00e4. Pohdinnat ovat ik\u00e4\u00e4n kuin universaaleja ja ajattomia. T\u00e4ss\u00e4 podcastissa nostamme esiin tavallisesti kuulemiamme kysymyksi\u00e4 ja kannustamme vanhempia avoimuuteen. Puhukaa p\u00e4ihteist\u00e4!<\/p><p>Kun lapsi saa tietoa p\u00e4ihteist\u00e4 ik\u00e4\u00e4n sopivalla tavalla, ymm\u00e4rrys niiden vaikutuksista ja haitoista lis\u00e4\u00e4ntyy. Silloin ei lapsella ole v\u00e4ltt\u00e4m\u00e4tt\u00e4 niin suurta uteliaisuutta nuoruuden p\u00e4ihdekokeiluihin. Alakoululainenkin on kiinnostunut puhumaan p\u00e4ihteist\u00e4 ja usein lapsen omaksuttu tieto muodostuu kuulopuheista ja monesti my\u00f6s matkan varrella v\u00e4rittyneist\u00e4, kaverin kaverilta kuulluista huhupuheista. Lapsen kanssa voi yhdess\u00e4 etsi\u00e4 tietoa, mutta t\u00e4rke\u00e4\u00e4 on my\u00f6s, ett\u00e4 aikuinen on etuk\u00e4teen perehtynyt aiheisiin, jotta lapsen kysymyksiin on luontevampi vastata. Lapsi miettii usein p\u00e4ihteisiin liittyviss\u00e4 kysymyksiss\u00e4 aikuisten valintoja; \u201dmiksi joku sitten k\u00e4ytt\u00e4\u00e4 p\u00e4ihteit\u00e4, vaikka ne ovat terveydelle haitallisia\u201d. Aikuisen on siis my\u00f6s etuk\u00e4teen hyv\u00e4 pohtia omaa suhtautumistaan p\u00e4ihteisiin, vaikkapa alkoholiin, jotta my\u00f6s valintoihin liittyv\u00e4\u00e4 keskustelua on helpompi k\u00e4yd\u00e4.<\/p><p>T\u00e4llaisten keskustelujen k\u00e4yminen lis\u00e4\u00e4 ja vahvistaa vanhemman ja lapsen v\u00e4list\u00e4 avoimuutta, jolloin vaikeista asioista on helpompi jutella. Keskusteluyhteyden luominen lapseen on monessakin suhteessa t\u00e4rke\u00e4\u00e4. Se tekij\u00e4 on avainasemassa my\u00f6s silloin, kun murrosik\u00e4inen kokeilee rajojaan ja aikuistumiseen liittyv\u00e4t kokemukset houkuttelevat.<\/p><p>Sen lis\u00e4ksi, ett\u00e4 t\u00e4ss\u00e4 podcastissa annamme vinkkej\u00e4 vanhemmalle, kuinka p\u00e4ihteist\u00e4 ja muista terveydelle haitallisista asioista voi lapsen kanssa puhua, Koulutus El\u00e4m\u00e4\u00e4n S\u00e4\u00e4ti\u00f6n nettisivuilta l\u00f6ytyy my\u00f6s noin 4.-6. luokkalaisille lapsille suunnattu Harold-peli. Peli toimii oivallisena v\u00e4lineen\u00e4 keskustelun avaajaksi niin p\u00e4ihdeaiheisiin, kuin my\u00f6s pohjaksi keskustella yleisimminkin lapsen ja perheen arkisista terveystottumuksista. Harold-peliss\u00e4 tehd\u00e4\u00e4n terveellisi\u00e4 valintoja ja saadaan tietoa niin p\u00e4ihteist\u00e4 kuin my\u00f6s vaikka energiajuomista tai k\u00e4sitell\u00e4\u00e4n unen merkityst\u00e4 hyvinvointiin.<\/p>\t\t\t\t\t\t\t\t<\/div>\n\t\t\t\t<\/div>\n\t\t\t\t\t<\/div>\n\t\t<\/div>\n\t\t\t\t\t<\/div>\n\t\t<\/section>\n\t\t\t\t<\/div>","protected":false},"excerpt":{"rendered":"<p>T\u00e4ss\u00e4 podcastissa keskustelevat Koulutus El\u00e4m\u00e4\u00e4n S\u00e4\u00e4ti\u00f6n p\u00e4ihde- ja terveyskasvatuksen asiantuntijat Satu ja Pia. INTRO (Ote jaksosta 3) Satu puhuu: Kun tunneilla kysyt\u00e4\u00e4n lapsilta mit\u00e4 he ajattelevat miksi aikuinen juo alkoholia? Lasten vastaukset usein ovat; \u201dhyv\u00e4 ruoka\u201d tai \u201drentoutuminen\u201d, \u201dsaunajuoma\u201d joskus kuulee, ett\u00e4 alkoholin juomisen perusteena aikuisella on \u201drankka viikko\u201d tai \u201dstressi\u201d. Jollakin tunnilla muistan er\u00e4\u00e4n &hellip; <a href=\"https:\/\/koulutuselamaan.fi\/en\/jakso-1-avoin-keskustelu-on-tarkeaa\/\" class=\"more-link\">Continue reading <span class=\"screen-reader-text\">Jakso 1: Avoin keskustelu on t\u00e4rke\u00e4\u00e4<\/span><\/a><\/p>","protected":false},"author":1,"featured_media":0,"parent":0,"menu_order":0,"comment_status":"closed","ping_status":"closed","template":"","meta":{"footnotes":""},"tags":[],"class_list":["post-2863","page","type-page","status-publish","hentry","no-featured-image"],"jetpack_sharing_enabled":true,"_links":{"self":[{"href":"https:\/\/koulutuselamaan.fi\/en\/wp-json\/wp\/v2\/pages\/2863","targetHints":{"allow":["GET"]}}],"collection":[{"href":"https:\/\/koulutuselamaan.fi\/en\/wp-json\/wp\/v2\/pages"}],"about":[{"href":"https:\/\/koulutuselamaan.fi\/en\/wp-json\/wp\/v2\/types\/page"}],"author":[{"embeddable":true,"href":"https:\/\/koulutuselamaan.fi\/en\/wp-json\/wp\/v2\/users\/1"}],"replies":[{"embeddable":true,"href":"https:\/\/koulutuselamaan.fi\/en\/wp-json\/wp\/v2\/comments?post=2863"}],"version-history":[{"count":5,"href":"https:\/\/koulutuselamaan.fi\/en\/wp-json\/wp\/v2\/pages\/2863\/revisions"}],"predecessor-version":[{"id":2873,"href":"https:\/\/koulutuselamaan.fi\/en\/wp-json\/wp\/v2\/pages\/2863\/revisions\/2873"}],"wp:attachment":[{"href":"https:\/\/koulutuselamaan.fi\/en\/wp-json\/wp\/v2\/media?parent=2863"}],"wp:term":[{"taxonomy":"post_tag","embeddable":true,"href":"https:\/\/koulutuselamaan.fi\/en\/wp-json\/wp\/v2\/tags?post=2863"}],"curies":[{"name":"wp","href":"https:\/\/api.w.org\/{rel}","templated":true}]}}