{"id":24,"date":"2019-09-12T14:36:16","date_gmt":"2019-09-12T11:36:16","guid":{"rendered":"http:\/\/wp.koulutuselamaan.fi\/?page_id=24"},"modified":"2021-07-02T13:05:57","modified_gmt":"2021-07-02T10:05:57","slug":"opettajille","status":"publish","type":"page","link":"https:\/\/koulutuselamaan.fi\/en\/opettajille\/","title":{"rendered":"Teachers"},"content":{"rendered":"<div data-elementor-type=\"wp-page\" data-elementor-id=\"24\" class=\"elementor elementor-24\" data-elementor-post-type=\"page\">\n\t\t\t\t\t\t<section class=\"elementor-section elementor-top-section elementor-element elementor-element-f3ff1fc elementor-section-boxed elementor-section-height-default elementor-section-height-default\" data-id=\"f3ff1fc\" data-element_type=\"section\">\n\t\t\t\t\t\t<div class=\"elementor-container elementor-column-gap-default\">\n\t\t\t\t\t<div class=\"elementor-column elementor-col-100 elementor-top-column elementor-element elementor-element-8ebe866\" data-id=\"8ebe866\" data-element_type=\"column\">\n\t\t\t<div class=\"elementor-widget-wrap elementor-element-populated\">\n\t\t\t\t\t\t<div class=\"elementor-element elementor-element-2268313 elementor-widget elementor-widget-image\" data-id=\"2268313\" data-element_type=\"widget\" data-widget_type=\"image.default\">\n\t\t\t\t<div class=\"elementor-widget-container\">\n\t\t\t\t\t\t\t\t\t\t\t\t\t\t\t<img decoding=\"async\" src=\"https:\/\/koulutuselamaan.fi\/wp-content\/uploads\/elementor\/thumbs\/KE_web_opettajille-ofxmtsfu9ij3exy55vp2ihpbhu21hmkap5dmvpac94.jpg\" title=\"KE_web_opettajille\" alt=\"KE_web_opettajille\" loading=\"lazy\" \/>\t\t\t\t\t\t\t\t\t\t\t\t\t\t\t<\/div>\n\t\t\t\t<\/div>\n\t\t\t\t<div class=\"elementor-element elementor-element-8c03fe1 elementor-widget elementor-widget-text-editor\" data-id=\"8c03fe1\" data-element_type=\"widget\" data-widget_type=\"text-editor.default\">\n\t\t\t\t<div class=\"elementor-widget-container\">\n\t\t\t\t\t\t\t\t\t<h1>Teachers<\/h1>\t\t\t\t\t\t\t\t<\/div>\n\t\t\t\t<\/div>\n\t\t\t\t<section class=\"elementor-section elementor-inner-section elementor-element elementor-element-3532008 elementor-section-boxed elementor-section-height-default elementor-section-height-default\" data-id=\"3532008\" data-element_type=\"section\">\n\t\t\t\t\t\t<div class=\"elementor-container elementor-column-gap-default\">\n\t\t\t\t\t<div class=\"elementor-column elementor-col-66 elementor-inner-column elementor-element elementor-element-8aef8c0\" data-id=\"8aef8c0\" data-element_type=\"column\">\n\t\t\t<div class=\"elementor-widget-wrap elementor-element-populated\">\n\t\t\t\t\t\t<div class=\"elementor-element elementor-element-a0dc6b8 elementor-widget elementor-widget-text-editor\" data-id=\"a0dc6b8\" data-element_type=\"widget\" data-widget_type=\"text-editor.default\">\n\t\t\t\t<div class=\"elementor-widget-container\">\n\t\t\t\t\t\t\t\t\t<p>Koulutus El\u00e4m\u00e4\u00e4n opetusohjelman vierailu valmistellaan ja toteutetaan yhteisty\u00f6ss\u00e4 p\u00e4iv\u00e4kotien ja koulujen kanssa, ottaen huomioon kunkin kohteen yksil\u00f6lliset tarpeet.<\/p>\n<p>The program is designed to be an entity that progresses annually, taking into account the child's age group. Instead of being a one-time event, the program strives for continuity by having the same children participate in the education during consecutive years. The duration of one lesson is from 45 minutes to 90 minutes depending on the child's age group. Lessons are also given in Swedish.<\/p>\n<p>The program is delivered under the guidance of trained educators with special training for the job. The program is designed to support the goals of school curricula. Teaching methods will be further developed on the basis of collected feedback.<\/p>\t\t\t\t\t\t\t\t<\/div>\n\t\t\t\t<\/div>\n\t\t\t\t\t<\/div>\n\t\t<\/div>\n\t\t\t\t<div class=\"elementor-column elementor-col-33 elementor-inner-column elementor-element elementor-element-9909d2a\" data-id=\"9909d2a\" data-element_type=\"column\">\n\t\t\t<div class=\"elementor-widget-wrap elementor-element-populated\">\n\t\t\t\t\t\t<div class=\"elementor-element elementor-element-a058afd elementor-widget elementor-widget-text-editor\" data-id=\"a058afd\" data-element_type=\"widget\" data-widget_type=\"text-editor.default\">\n\t\t\t\t<div class=\"elementor-widget-container\">\n\t\t\t\t\t\t\t\t\t<h2 class=\"elementor-heading-title elementor-size-default elementor-inline-editing pen\" contenteditable=\"true\" data-elementor-setting-key=\"title\" data-pen-placeholder=\"Kirjoita t\u00e4h\u00e4n...\">Read more<\/h2>\t\t\t\t\t\t\t\t<\/div>\n\t\t\t\t<\/div>\n\t\t\t\t<div class=\"elementor-element elementor-element-6ebe93a elementor-widget-divider--view-line elementor-widget elementor-widget-divider\" data-id=\"6ebe93a\" data-element_type=\"widget\" data-widget_type=\"divider.default\">\n\t\t\t\t<div class=\"elementor-widget-container\">\n\t\t\t\t\t\t\t<div class=\"elementor-divider\">\n\t\t\t<span class=\"elementor-divider-separator\">\n\t\t\t\t\t\t<\/span>\n\t\t<\/div>\n\t\t\t\t\t\t<\/div>\n\t\t\t\t<\/div>\n\t\t\t\t<div class=\"elementor-element elementor-element-858f5b6 elementor-nav-menu--dropdown-tablet elementor-nav-menu__text-align-aside elementor-widget elementor-widget-nav-menu\" data-id=\"858f5b6\" data-element_type=\"widget\" data-settings=\"{&quot;layout&quot;:&quot;vertical&quot;,&quot;submenu_icon&quot;:{&quot;value&quot;:&quot;&lt;i class=\\&quot;fas fa-caret-down\\&quot;&gt;&lt;\\\/i&gt;&quot;,&quot;library&quot;:&quot;fa-solid&quot;}}\" data-widget_type=\"nav-menu.default\">\n\t\t\t\t<div class=\"elementor-widget-container\">\n\t\t\t\t\t\t\t\t<nav aria-label=\"Menu\" class=\"elementor-nav-menu--main elementor-nav-menu__container elementor-nav-menu--layout-vertical e--pointer-underline e--animation-fade\">\n\t\t\t\t<ul id=\"menu-1-858f5b6\" class=\"elementor-nav-menu sm-vertical\"><li class=\"menu-item menu-item-type-post_type menu-item-object-page menu-item-2346\"><a href=\"https:\/\/koulutuselamaan.fi\/en\/opettajille\/itsetunto\/\" class=\"elementor-item\">Self-esteem<\/a><\/li>\n<li class=\"menu-item menu-item-type-post_type menu-item-object-page menu-item-2347\"><a href=\"https:\/\/koulutuselamaan.fi\/en\/opettajille\/kutsu-meidat-koulullesi\/\" class=\"elementor-item\">Invite us to your school!<\/a><\/li>\n<li class=\"menu-item menu-item-type-post_type menu-item-object-page menu-item-2348\"><a href=\"https:\/\/koulutuselamaan.fi\/en\/opettajille\/opettajat\/\" class=\"elementor-item\">Educators and learning environment<\/a><\/li>\n<li class=\"menu-item menu-item-type-post_type menu-item-object-page menu-item-2349\"><a href=\"https:\/\/koulutuselamaan.fi\/en\/opettajille\/opetusohjelman-tausta\/\" class=\"elementor-item\">Background of the program<\/a><\/li>\n<li class=\"menu-item menu-item-type-post_type menu-item-object-page menu-item-2350\"><a href=\"https:\/\/koulutuselamaan.fi\/en\/opettajille\/tehtavia-oppilaille\/\" class=\"elementor-item\">Activities for students<\/a><\/li>\n<li class=\"menu-item menu-item-type-post_type menu-item-object-page menu-item-2351\"><a href=\"https:\/\/koulutuselamaan.fi\/en\/opettajille\/opetuksen-sisalto\/\" class=\"elementor-item\">Content of the lessons<\/a><\/li>\n<\/ul>\t\t\t<\/nav>\n\t\t\t\t\t\t<nav class=\"elementor-nav-menu--dropdown elementor-nav-menu__container\" aria-hidden=\"true\">\n\t\t\t\t<ul id=\"menu-2-858f5b6\" class=\"elementor-nav-menu sm-vertical\"><li class=\"menu-item menu-item-type-post_type menu-item-object-page menu-item-2346\"><a href=\"https:\/\/koulutuselamaan.fi\/en\/opettajille\/itsetunto\/\" class=\"elementor-item\" tabindex=\"-1\">Self-esteem<\/a><\/li>\n<li class=\"menu-item menu-item-type-post_type menu-item-object-page menu-item-2347\"><a href=\"https:\/\/koulutuselamaan.fi\/en\/opettajille\/kutsu-meidat-koulullesi\/\" class=\"elementor-item\" tabindex=\"-1\">Invite us to your school!<\/a><\/li>\n<li class=\"menu-item menu-item-type-post_type menu-item-object-page menu-item-2348\"><a href=\"https:\/\/koulutuselamaan.fi\/en\/opettajille\/opettajat\/\" class=\"elementor-item\" tabindex=\"-1\">Educators and learning environment<\/a><\/li>\n<li class=\"menu-item menu-item-type-post_type menu-item-object-page menu-item-2349\"><a href=\"https:\/\/koulutuselamaan.fi\/en\/opettajille\/opetusohjelman-tausta\/\" class=\"elementor-item\" tabindex=\"-1\">Background of the program<\/a><\/li>\n<li class=\"menu-item menu-item-type-post_type menu-item-object-page menu-item-2350\"><a href=\"https:\/\/koulutuselamaan.fi\/en\/opettajille\/tehtavia-oppilaille\/\" class=\"elementor-item\" tabindex=\"-1\">Activities for students<\/a><\/li>\n<li class=\"menu-item menu-item-type-post_type menu-item-object-page menu-item-2351\"><a href=\"https:\/\/koulutuselamaan.fi\/en\/opettajille\/opetuksen-sisalto\/\" class=\"elementor-item\" tabindex=\"-1\">Content of the lessons<\/a><\/li>\n<\/ul>\t\t\t<\/nav>\n\t\t\t\t\t\t<\/div>\n\t\t\t\t<\/div>\n\t\t\t\t<div class=\"elementor-element elementor-element-2fce511 elementor-widget-divider--view-line elementor-widget elementor-widget-divider\" data-id=\"2fce511\" data-element_type=\"widget\" data-widget_type=\"divider.default\">\n\t\t\t\t<div class=\"elementor-widget-container\">\n\t\t\t\t\t\t\t<div class=\"elementor-divider\">\n\t\t\t<span class=\"elementor-divider-separator\">\n\t\t\t\t\t\t<\/span>\n\t\t<\/div>\n\t\t\t\t\t\t<\/div>\n\t\t\t\t<\/div>\n\t\t\t\t<div class=\"elementor-element elementor-element-64abd27 elementor-nav-menu--dropdown-tablet elementor-nav-menu__text-align-aside elementor-widget elementor-widget-nav-menu\" data-id=\"64abd27\" data-element_type=\"widget\" data-settings=\"{&quot;layout&quot;:&quot;vertical&quot;,&quot;submenu_icon&quot;:{&quot;value&quot;:&quot;&lt;i class=\\&quot;fas fa-caret-down\\&quot;&gt;&lt;\\\/i&gt;&quot;,&quot;library&quot;:&quot;fa-solid&quot;}}\" data-widget_type=\"nav-menu.default\">\n\t\t\t\t<div class=\"elementor-widget-container\">\n\t\t\t\t\t\t\t\t<nav aria-label=\"Menu\" class=\"elementor-nav-menu--main elementor-nav-menu__container elementor-nav-menu--layout-vertical e--pointer-underline e--animation-fade\">\n\t\t\t\t<ul id=\"menu-1-64abd27\" class=\"elementor-nav-menu sm-vertical\"><li class=\"menu-item menu-item-type-post_type menu-item-object-page menu-item-2395\"><a href=\"https:\/\/koulutuselamaan.fi\/en\/vanhemmille\/puhutaan-paihteista\/\" class=\"elementor-item\">Puhutaan p\u00e4ihteist\u00e4 -podcast<\/a><\/li>\n<li class=\"menu-item menu-item-type-post_type menu-item-object-page menu-item-2394\"><a href=\"https:\/\/koulutuselamaan.fi\/en\/lapsille-2\/harold\/\" class=\"elementor-item\">Harold-peli ja ohjeet<\/a><\/li>\n<\/ul>\t\t\t<\/nav>\n\t\t\t\t\t\t<nav class=\"elementor-nav-menu--dropdown elementor-nav-menu__container\" aria-hidden=\"true\">\n\t\t\t\t<ul id=\"menu-2-64abd27\" class=\"elementor-nav-menu sm-vertical\"><li class=\"menu-item menu-item-type-post_type menu-item-object-page menu-item-2395\"><a href=\"https:\/\/koulutuselamaan.fi\/en\/vanhemmille\/puhutaan-paihteista\/\" class=\"elementor-item\" tabindex=\"-1\">Puhutaan p\u00e4ihteist\u00e4 -podcast<\/a><\/li>\n<li class=\"menu-item menu-item-type-post_type menu-item-object-page menu-item-2394\"><a href=\"https:\/\/koulutuselamaan.fi\/en\/lapsille-2\/harold\/\" class=\"elementor-item\" tabindex=\"-1\">Harold-peli ja ohjeet<\/a><\/li>\n<\/ul>\t\t\t<\/nav>\n\t\t\t\t\t\t<\/div>\n\t\t\t\t<\/div>\n\t\t\t\t<div class=\"elementor-element elementor-element-a7cd7e8 elementor-widget-divider--view-line elementor-widget elementor-widget-divider\" data-id=\"a7cd7e8\" data-element_type=\"widget\" data-widget_type=\"divider.default\">\n\t\t\t\t<div class=\"elementor-widget-container\">\n\t\t\t\t\t\t\t<div class=\"elementor-divider\">\n\t\t\t<span class=\"elementor-divider-separator\">\n\t\t\t\t\t\t<\/span>\n\t\t<\/div>\n\t\t\t\t\t\t<\/div>\n\t\t\t\t<\/div>\n\t\t\t\t\t<\/div>\n\t\t<\/div>\n\t\t\t\t\t<\/div>\n\t\t<\/section>\n\t\t\t\t\t<\/div>\n\t\t<\/div>\n\t\t\t\t\t<\/div>\n\t\t<\/section>\n\t\t\t\t<\/div>","protected":false},"excerpt":{"rendered":"<p>Opettajille Koulutus El\u00e4m\u00e4\u00e4n opetusohjelman vierailu valmistellaan ja toteutetaan yhteisty\u00f6ss\u00e4 p\u00e4iv\u00e4kotien ja koulujen kanssa, ottaen huomioon kunkin kohteen yksil\u00f6lliset tarpeet. Opetusohjelma on suunniteltu vuosittain etenev\u00e4ksi ja lapsen ik\u00e4taso huomioivaksi kokonaisuudeksi. Opetuksessa pyrit\u00e4\u00e4n kertatapahtuman sijasta pitk\u00e4kestoisuuteen siten, ett\u00e4 samat lapset p\u00e4\u00e4sisiv\u00e4t osallistumaan opetukseen per\u00e4kk\u00e4isin\u00e4 vuosina. Yksi oppitunti kest\u00e4\u00e4 45 minuutista 90 minuuttiin lapsen ik\u00e4tason mukaan. Opetusta annetaan &hellip; <a href=\"https:\/\/koulutuselamaan.fi\/en\/opettajille\/\" class=\"more-link\">Continue reading <span class=\"screen-reader-text\">Teachers<\/span><\/a><\/p>","protected":false},"author":1,"featured_media":401,"parent":0,"menu_order":2,"comment_status":"closed","ping_status":"closed","template":"elementor_header_footer","meta":{"footnotes":""},"tags":[],"class_list":["post-24","page","type-page","status-publish","has-post-thumbnail","hentry"],"jetpack_sharing_enabled":true,"_links":{"self":[{"href":"https:\/\/koulutuselamaan.fi\/en\/wp-json\/wp\/v2\/pages\/24","targetHints":{"allow":["GET"]}}],"collection":[{"href":"https:\/\/koulutuselamaan.fi\/en\/wp-json\/wp\/v2\/pages"}],"about":[{"href":"https:\/\/koulutuselamaan.fi\/en\/wp-json\/wp\/v2\/types\/page"}],"author":[{"embeddable":true,"href":"https:\/\/koulutuselamaan.fi\/en\/wp-json\/wp\/v2\/users\/1"}],"replies":[{"embeddable":true,"href":"https:\/\/koulutuselamaan.fi\/en\/wp-json\/wp\/v2\/comments?post=24"}],"version-history":[{"count":54,"href":"https:\/\/koulutuselamaan.fi\/en\/wp-json\/wp\/v2\/pages\/24\/revisions"}],"predecessor-version":[{"id":3765,"href":"https:\/\/koulutuselamaan.fi\/en\/wp-json\/wp\/v2\/pages\/24\/revisions\/3765"}],"wp:featuredmedia":[{"embeddable":true,"href":"https:\/\/koulutuselamaan.fi\/en\/wp-json\/wp\/v2\/media\/401"}],"wp:attachment":[{"href":"https:\/\/koulutuselamaan.fi\/en\/wp-json\/wp\/v2\/media?parent=24"}],"wp:term":[{"taxonomy":"post_tag","embeddable":true,"href":"https:\/\/koulutuselamaan.fi\/en\/wp-json\/wp\/v2\/tags?post=24"}],"curies":[{"name":"wp","href":"https:\/\/api.w.org\/{rel}","templated":true}]}}