{"id":211,"date":"2019-10-08T15:47:53","date_gmt":"2019-10-08T12:47:53","guid":{"rendered":"http:\/\/wp.koulutuselamaan.fi\/?page_id=211"},"modified":"2026-03-19T14:45:34","modified_gmt":"2026-03-19T12:45:34","slug":"yhteystiedot-ja-henkilosto","status":"publish","type":"page","link":"https:\/\/koulutuselamaan.fi\/en\/saatio\/yhteystiedot-ja-henkilosto\/","title":{"rendered":"Contact information and personnel"},"content":{"rendered":"<div data-elementor-type=\"wp-page\" data-elementor-id=\"211\" class=\"elementor elementor-211\" data-elementor-post-type=\"page\">\n\t\t\t\t\t\t<section class=\"elementor-section elementor-top-section elementor-element elementor-element-8959c59 elementor-section-boxed elementor-section-height-default elementor-section-height-default\" data-id=\"8959c59\" data-element_type=\"section\">\n\t\t\t\t\t\t<div class=\"elementor-container elementor-column-gap-default\">\n\t\t\t\t\t<div class=\"elementor-column elementor-col-100 elementor-top-column elementor-element elementor-element-3c7c3391\" data-id=\"3c7c3391\" data-element_type=\"column\">\n\t\t\t<div class=\"elementor-widget-wrap elementor-element-populated\">\n\t\t\t\t\t\t<section class=\"elementor-section elementor-inner-section elementor-element elementor-element-7552121 elementor-section-boxed elementor-section-height-default elementor-section-height-default\" data-id=\"7552121\" data-element_type=\"section\">\n\t\t\t\t\t\t<div class=\"elementor-container elementor-column-gap-default\">\n\t\t\t\t\t<div class=\"elementor-column elementor-col-100 elementor-inner-column elementor-element elementor-element-71810c5\" data-id=\"71810c5\" data-element_type=\"column\">\n\t\t\t<div class=\"elementor-widget-wrap elementor-element-populated\">\n\t\t\t\t\t\t<div class=\"elementor-element elementor-element-de01679 elementor-widget elementor-widget-text-editor\" data-id=\"de01679\" data-element_type=\"widget\" data-widget_type=\"text-editor.default\">\n\t\t\t\t<div class=\"elementor-widget-container\">\n\t\t\t\t\t\t\t\t\t<p><b>Life Education Finland<\/b><br \/>Kutojantie 6-8<br \/>02630 Espoo<\/p><p>\u00a0<\/p>\t\t\t\t\t\t\t\t<\/div>\n\t\t\t\t<\/div>\n\t\t\t\t<div class=\"elementor-element elementor-element-615c53b elementor-widget-divider--view-line elementor-widget elementor-widget-divider\" data-id=\"615c53b\" data-element_type=\"widget\" data-widget_type=\"divider.default\">\n\t\t\t\t<div class=\"elementor-widget-container\">\n\t\t\t\t\t\t\t<div class=\"elementor-divider\">\n\t\t\t<span class=\"elementor-divider-separator\">\n\t\t\t\t\t\t<\/span>\n\t\t<\/div>\n\t\t\t\t\t\t<\/div>\n\t\t\t\t<\/div>\n\t\t\t\t<div class=\"elementor-element elementor-element-d0faff3 elementor-widget elementor-widget-text-editor\" data-id=\"d0faff3\" data-element_type=\"widget\" data-widget_type=\"text-editor.default\">\n\t\t\t\t<div class=\"elementor-widget-container\">\n\t\t\t\t\t\t\t\t\t<p><strong>Sami Teikko<\/strong><br \/>Executive Director\u00a0<\/p><p>p. 0400 638 863<br \/>sami.teikko@koulutuselamaan.fi<\/p>\t\t\t\t\t\t\t\t<\/div>\n\t\t\t\t<\/div>\n\t\t\t\t<div class=\"elementor-element elementor-element-eb00c38 elementor-widget-divider--view-line elementor-widget elementor-widget-divider\" data-id=\"eb00c38\" data-element_type=\"widget\" data-widget_type=\"divider.default\">\n\t\t\t\t<div class=\"elementor-widget-container\">\n\t\t\t\t\t\t\t<div class=\"elementor-divider\">\n\t\t\t<span class=\"elementor-divider-separator\">\n\t\t\t\t\t\t<\/span>\n\t\t<\/div>\n\t\t\t\t\t\t<\/div>\n\t\t\t\t<\/div>\n\t\t\t\t<div class=\"elementor-element elementor-element-ec89be8 elementor-widget elementor-widget-text-editor\" data-id=\"ec89be8\" data-element_type=\"widget\" data-widget_type=\"text-editor.default\">\n\t\t\t\t<div class=\"elementor-widget-container\">\n\t\t\t\t\t\t\t\t\t<p><strong>Helmi Mattila<\/strong><br \/>J\u00e4rjest\u00f6assistentti<\/p>\n<p>p. 050 407 8257<br \/>helmi.mattila@koulutuselamaan.fi<\/p>\t\t\t\t\t\t\t\t<\/div>\n\t\t\t\t<\/div>\n\t\t\t\t<div class=\"elementor-element elementor-element-3419a29 elementor-widget-divider--view-line elementor-widget elementor-widget-divider\" data-id=\"3419a29\" data-element_type=\"widget\" data-widget_type=\"divider.default\">\n\t\t\t\t<div class=\"elementor-widget-container\">\n\t\t\t\t\t\t\t<div class=\"elementor-divider\">\n\t\t\t<span class=\"elementor-divider-separator\">\n\t\t\t\t\t\t<\/span>\n\t\t<\/div>\n\t\t\t\t\t\t<\/div>\n\t\t\t\t<\/div>\n\t\t\t\t<div class=\"elementor-element elementor-element-e18383f elementor-widget__width-initial elementor-widget elementor-widget-text-editor\" data-id=\"e18383f\" data-element_type=\"widget\" data-widget_type=\"text-editor.default\">\n\t\t\t\t<div class=\"elementor-widget-container\">\n\t\t\t\t\t\t\t\t\t<p><strong>Laura Peltom\u00e4ki<\/strong><br \/>Koulutus El\u00e4m\u00e4\u00e4n -opettaja ja opetustoiminnan koordinaattori<br \/><em>Kasvatustieteen maisteri (KM), luokanopettaja<\/em><\/p><ul><li>Pirkanmaan alueen opetus ja koordinointi<\/li><\/ul><p>p. 050 554 0988<br \/>laura.peltomaki@koulutuselamaan.fi<\/p>\t\t\t\t\t\t\t\t<\/div>\n\t\t\t\t<\/div>\n\t\t\t\t<div class=\"elementor-element elementor-element-ef852d9 elementor-widget-divider--view-line elementor-widget elementor-widget-divider\" data-id=\"ef852d9\" data-element_type=\"widget\" data-widget_type=\"divider.default\">\n\t\t\t\t<div class=\"elementor-widget-container\">\n\t\t\t\t\t\t\t<div class=\"elementor-divider\">\n\t\t\t<span class=\"elementor-divider-separator\">\n\t\t\t\t\t\t<\/span>\n\t\t<\/div>\n\t\t\t\t\t\t<\/div>\n\t\t\t\t<\/div>\n\t\t\t\t<div class=\"elementor-element elementor-element-2d8592e elementor-widget elementor-widget-text-editor\" data-id=\"2d8592e\" data-element_type=\"widget\" data-widget_type=\"text-editor.default\">\n\t\t\t\t<div class=\"elementor-widget-container\">\n\t\t\t\t\t\t\t\t\t<p><b>Lina Nyberg<\/b><br \/>Koulutus El\u00e4m\u00e4\u00e4n -opettaja<br \/><em>Kasvatustieteen maisteri (KM), yleinen\u2013 ja aikuiskasvatustiede<\/em><\/p><ul><li>Ruotsinkielinen opetus ja r<span style=\"font-family: var( --e-global-typography-text-font-family ), Sans-serif;\">uotsinkielisten koulujen koordinointi<\/span><\/li><\/ul><p>p. 050 369 3339<br \/>lina.nyberg@koulutuselamaan.fi<\/p>\t\t\t\t\t\t\t\t<\/div>\n\t\t\t\t<\/div>\n\t\t\t\t<div class=\"elementor-element elementor-element-f274669 elementor-widget-divider--view-line elementor-widget elementor-widget-divider\" data-id=\"f274669\" data-element_type=\"widget\" data-widget_type=\"divider.default\">\n\t\t\t\t<div class=\"elementor-widget-container\">\n\t\t\t\t\t\t\t<div class=\"elementor-divider\">\n\t\t\t<span class=\"elementor-divider-separator\">\n\t\t\t\t\t\t<\/span>\n\t\t<\/div>\n\t\t\t\t\t\t<\/div>\n\t\t\t\t<\/div>\n\t\t\t\t<div class=\"elementor-element elementor-element-049bd5e elementor-widget elementor-widget-text-editor\" data-id=\"049bd5e\" data-element_type=\"widget\" data-widget_type=\"text-editor.default\">\n\t\t\t\t<div class=\"elementor-widget-container\">\n\t\t\t\t\t\t\t\t\t<p><b>Satu Carlson<br \/><\/b>Yhdess\u00e4 ilman rasismia -kouluttaja ja hankekoordinaattori<br \/><em>Yhteis\u00f6pedagogi (AMK)<\/em><\/p><p>p.050 407 0440\u00a0<br \/>satu.carlson@koulutuselamaan.fi<\/p>\t\t\t\t\t\t\t\t<\/div>\n\t\t\t\t<\/div>\n\t\t\t\t<div class=\"elementor-element elementor-element-53b5236 elementor-widget-divider--view-line elementor-widget elementor-widget-divider\" data-id=\"53b5236\" data-element_type=\"widget\" data-widget_type=\"divider.default\">\n\t\t\t\t<div class=\"elementor-widget-container\">\n\t\t\t\t\t\t\t<div class=\"elementor-divider\">\n\t\t\t<span class=\"elementor-divider-separator\">\n\t\t\t\t\t\t<\/span>\n\t\t<\/div>\n\t\t\t\t\t\t<\/div>\n\t\t\t\t<\/div>\n\t\t\t\t\t<\/div>\n\t\t<\/div>\n\t\t\t\t\t<\/div>\n\t\t<\/section>\n\t\t\t\t<section class=\"elementor-section elementor-inner-section elementor-element elementor-element-c2443b2 elementor-section-boxed elementor-section-height-default elementor-section-height-default\" data-id=\"c2443b2\" data-element_type=\"section\">\n\t\t\t\t\t\t<div class=\"elementor-container elementor-column-gap-default\">\n\t\t\t\t\t<div class=\"elementor-column elementor-col-100 elementor-inner-column elementor-element elementor-element-7d149c1\" data-id=\"7d149c1\" data-element_type=\"column\">\n\t\t\t<div class=\"elementor-widget-wrap elementor-element-populated\">\n\t\t\t\t\t\t<div class=\"elementor-element elementor-element-f5156ad elementor-widget elementor-widget-text-editor\" data-id=\"f5156ad\" data-element_type=\"widget\" data-widget_type=\"text-editor.default\">\n\t\t\t\t<div class=\"elementor-widget-container\">\n\t\t\t\t\t\t\t\t\t<p><b>Marjo Heikkil\u00e4<br \/><\/b>Yhdess\u00e4 ilman rasismia -kouluttaja<br \/><em>Kasvatustieteen maisteri (KM), luokanopettaja<\/em><\/p><ul><li>Pirkanmaan alueen opetus ja koordinointi<\/li><\/ul><p>p.050 375 9320\u00a0<br \/>marjo.heikkila@koulutuselamaan.fi<\/p>\t\t\t\t\t\t\t\t<\/div>\n\t\t\t\t<\/div>\n\t\t\t\t\t<\/div>\n\t\t<\/div>\n\t\t\t\t\t<\/div>\n\t\t<\/section>\n\t\t\t\t<section class=\"elementor-section elementor-inner-section elementor-element elementor-element-7f8dc2b elementor-section-boxed elementor-section-height-default elementor-section-height-default\" data-id=\"7f8dc2b\" data-element_type=\"section\">\n\t\t\t\t\t\t<div class=\"elementor-container elementor-column-gap-default\">\n\t\t\t\t\t<div class=\"elementor-column elementor-col-100 elementor-inner-column elementor-element elementor-element-ec2914f\" data-id=\"ec2914f\" data-element_type=\"column\">\n\t\t\t<div class=\"elementor-widget-wrap elementor-element-populated\">\n\t\t\t\t\t\t<div class=\"elementor-element elementor-element-0d6a7df elementor-widget-divider--view-line elementor-widget elementor-widget-divider\" data-id=\"0d6a7df\" data-element_type=\"widget\" data-widget_type=\"divider.default\">\n\t\t\t\t<div class=\"elementor-widget-container\">\n\t\t\t\t\t\t\t<div class=\"elementor-divider\">\n\t\t\t<span class=\"elementor-divider-separator\">\n\t\t\t\t\t\t<\/span>\n\t\t<\/div>\n\t\t\t\t\t\t<\/div>\n\t\t\t\t<\/div>\n\t\t\t\t<div class=\"elementor-element elementor-element-ab2e8c6 elementor-widget elementor-widget-text-editor\" data-id=\"ab2e8c6\" data-element_type=\"widget\" data-widget_type=\"text-editor.default\">\n\t\t\t\t<div class=\"elementor-widget-container\">\n\t\t\t\t\t\t\t\t\t<p><b>Tiina M\u00e4kinen<\/b><br \/>Yhdess\u00e4 ilman rasismia -kouluttaja<br \/><em>Kasvatustieteen maisteri (KM), luokanopettaja<\/em><\/p><p>p.040 7214092<br \/>tiina.makinen@koulutuselamaan.fi<\/p>\t\t\t\t\t\t\t\t<\/div>\n\t\t\t\t<\/div>\n\t\t\t\t\t<\/div>\n\t\t<\/div>\n\t\t\t\t\t<\/div>\n\t\t<\/section>\n\t\t\t\t<div class=\"elementor-element elementor-element-f8b8746 elementor-widget-divider--view-line elementor-widget elementor-widget-divider\" data-id=\"f8b8746\" data-element_type=\"widget\" data-widget_type=\"divider.default\">\n\t\t\t\t<div class=\"elementor-widget-container\">\n\t\t\t\t\t\t\t<div class=\"elementor-divider\">\n\t\t\t<span class=\"elementor-divider-separator\">\n\t\t\t\t\t\t<\/span>\n\t\t<\/div>\n\t\t\t\t\t\t<\/div>\n\t\t\t\t<\/div>\n\t\t\t\t<div class=\"elementor-element elementor-element-6b4cdaca elementor-widget elementor-widget-text-editor\" data-id=\"6b4cdaca\" data-element_type=\"widget\" data-widget_type=\"text-editor.default\">\n\t\t\t\t<div class=\"elementor-widget-container\">\n\t\t\t\t\t\t\t\t\t<p><b>Power of decision within Life Education Finland is exercised for two years at a time by the board that is elected at Life Education Finland's annual meeting.<\/b><\/p>\n<p><strong>Kari Helaniemi<\/strong>, hallituksen puheenjohtaja<br \/><strong>Raija Koivisto<\/strong>, vpj.<br \/><strong>Kirsti Gesterberg<\/strong>, j\u00e4sen<br \/><strong>Hannele Karhunen<\/strong>, j\u00e4sen<br \/><strong>Pihla Meskanen<\/strong>, j\u00e4sen<br \/><strong>Soili Mynttinen<\/strong>, j\u00e4sen<\/p>\t\t\t\t\t\t\t\t<\/div>\n\t\t\t\t<\/div>\n\t\t\t\t\t<\/div>\n\t\t<\/div>\n\t\t\t\t\t<\/div>\n\t\t<\/section>\n\t\t\t\t<\/div>","protected":false},"excerpt":{"rendered":"<p>Koulutus El\u00e4m\u00e4\u00e4n S\u00e4\u00e4ti\u00f6Kutojantie 6-802630 Espoo \u00a0 Sami TeikkoToiminnanjohtaja\u00a0 p. 0400 638 863sami.teikko@koulutuselamaan.fi Helmi MattilaJ\u00e4rjest\u00f6assistentti p. 050 407 8257helmi.mattila@koulutuselamaan.fi Laura Peltom\u00e4kiKoulutus El\u00e4m\u00e4\u00e4n -opettaja ja opetustoiminnan koordinaattoriKasvatustieteen maisteri (KM), luokanopettaja Pirkanmaan alueen opetus ja koordinointi p. 050 554 0988laura.peltomaki@koulutuselamaan.fi Lina NybergKoulutus El\u00e4m\u00e4\u00e4n -opettajaKasvatustieteen maisteri (KM), yleinen\u2013 ja aikuiskasvatustiede Ruotsinkielinen opetus ja ruotsinkielisten koulujen koordinointi p. 050 369 &hellip; <a href=\"https:\/\/koulutuselamaan.fi\/en\/saatio\/yhteystiedot-ja-henkilosto\/\" class=\"more-link\">Continue reading <span class=\"screen-reader-text\">Contact information and personnel<\/span><\/a><\/p>","protected":false},"author":5,"featured_media":0,"parent":2,"menu_order":0,"comment_status":"closed","ping_status":"closed","template":"","meta":{"footnotes":""},"tags":[],"class_list":["post-211","page","type-page","status-publish","hentry","no-featured-image"],"jetpack_sharing_enabled":true,"_links":{"self":[{"href":"https:\/\/koulutuselamaan.fi\/en\/wp-json\/wp\/v2\/pages\/211","targetHints":{"allow":["GET"]}}],"collection":[{"href":"https:\/\/koulutuselamaan.fi\/en\/wp-json\/wp\/v2\/pages"}],"about":[{"href":"https:\/\/koulutuselamaan.fi\/en\/wp-json\/wp\/v2\/types\/page"}],"author":[{"embeddable":true,"href":"https:\/\/koulutuselamaan.fi\/en\/wp-json\/wp\/v2\/users\/5"}],"replies":[{"embeddable":true,"href":"https:\/\/koulutuselamaan.fi\/en\/wp-json\/wp\/v2\/comments?post=211"}],"version-history":[{"count":190,"href":"https:\/\/koulutuselamaan.fi\/en\/wp-json\/wp\/v2\/pages\/211\/revisions"}],"predecessor-version":[{"id":6300,"href":"https:\/\/koulutuselamaan.fi\/en\/wp-json\/wp\/v2\/pages\/211\/revisions\/6300"}],"up":[{"embeddable":true,"href":"https:\/\/koulutuselamaan.fi\/en\/wp-json\/wp\/v2\/pages\/2"}],"wp:attachment":[{"href":"https:\/\/koulutuselamaan.fi\/en\/wp-json\/wp\/v2\/media?parent=211"}],"wp:term":[{"taxonomy":"post_tag","embeddable":true,"href":"https:\/\/koulutuselamaan.fi\/en\/wp-json\/wp\/v2\/tags?post=211"}],"curies":[{"name":"wp","href":"https:\/\/api.w.org\/{rel}","templated":true}]}}