{"id":192,"date":"2019-10-07T14:29:58","date_gmt":"2019-10-07T11:29:58","guid":{"rendered":"http:\/\/wp.koulutuselamaan.fi\/?page_id=192"},"modified":"2023-08-07T09:09:13","modified_gmt":"2023-08-07T06:09:13","slug":"toiminnan-tavoitteet-ja-arvot","status":"publish","type":"page","link":"https:\/\/koulutuselamaan.fi\/en\/saatio\/toiminnan-tavoitteet-ja-arvot\/","title":{"rendered":"Objectives and values of our activity"},"content":{"rendered":"<div data-elementor-type=\"wp-page\" data-elementor-id=\"192\" class=\"elementor elementor-192\" data-elementor-post-type=\"page\">\n\t\t\t\t\t\t<section class=\"elementor-section elementor-top-section elementor-element elementor-element-1132990f elementor-section-boxed elementor-section-height-default elementor-section-height-default\" data-id=\"1132990f\" data-element_type=\"section\">\n\t\t\t\t\t\t<div class=\"elementor-container elementor-column-gap-default\">\n\t\t\t\t\t<div class=\"elementor-column elementor-col-100 elementor-top-column elementor-element elementor-element-5da950d0\" data-id=\"5da950d0\" data-element_type=\"column\">\n\t\t\t<div class=\"elementor-widget-wrap elementor-element-populated\">\n\t\t\t\t\t\t<div class=\"elementor-element elementor-element-31dd64a elementor-widget elementor-widget-text-editor\" data-id=\"31dd64a\" data-element_type=\"widget\" data-widget_type=\"text-editor.default\">\n\t\t\t\t<div class=\"elementor-widget-container\">\n\t\t\t\t\t\t\t\t\t<h1>Objectives and values of our activity<\/h1>\t\t\t\t\t\t\t\t<\/div>\n\t\t\t\t<\/div>\n\t\t\t\t<section class=\"elementor-section elementor-inner-section elementor-element elementor-element-d12ff2b elementor-section-boxed elementor-section-height-default elementor-section-height-default\" data-id=\"d12ff2b\" data-element_type=\"section\">\n\t\t\t\t\t\t<div class=\"elementor-container elementor-column-gap-default\">\n\t\t\t\t\t<div class=\"elementor-column elementor-col-66 elementor-inner-column elementor-element elementor-element-4ad38e3\" data-id=\"4ad38e3\" data-element_type=\"column\">\n\t\t\t<div class=\"elementor-widget-wrap elementor-element-populated\">\n\t\t\t\t\t\t<div class=\"elementor-element elementor-element-c812acf elementor-widget elementor-widget-text-editor\" data-id=\"c812acf\" data-element_type=\"widget\" data-widget_type=\"text-editor.default\">\n\t\t\t\t<div class=\"elementor-widget-container\">\n\t\t\t\t\t\t\t\t\t<p>Opetusohjelmamme on suunnattu 3-13 -vuotiaille lapsille. Kullekin ik\u00e4ryhm\u00e4lle on rakennettu oma, ik\u00e4\u00e4n perustuva pedagoginen l\u00e4hestymistapa. Vuosittain etenev\u00e4t oppitunnit muodostavat yhdess\u00e4 yhdeks\u00e4n vuotta kest\u00e4v\u00e4n opintokokonaisuuden. Opetus toteutetaan p\u00e4iv\u00e4kotien ja alakoulujen omissa tiloissa, erityiskoulutuksen saaneiden kasvatusalan ammattilaisten johdolla. Oppimisymp\u00e4rist\u00f6n\u00e4 toimii tavallisesta luokkatilasta poikkeava, koulun tiloihin pystytetty Koulutus El\u00e4m\u00e4\u00e4n -Studio.\u00a0<\/p><p>Life Education lessons provide the child with information about their own body and its function in an interesting, understandable way, and teaches the child to make good health-related choices based on the information they receive. The objective of education relating to substances is to delay the age at which young people start experimenting with substances. It is good to talk about substances before secondary school as experiments with substances tend to begin at an earlier age than before.<\/p><p>Yhteisty\u00f6 vanhempien, p\u00e4iv\u00e4kotien ja koulujen kanssa on my\u00f6s olennainen osa toimintaamme. Yhteisty\u00f6 vanhempien kanssa on erityisen t\u00e4rke\u00e4\u00e4, sill\u00e4 ik\u00e4ryhm\u00e4ss\u00e4 valinnat tehd\u00e4\u00e4n t\u00e4ll\u00f6in viel\u00e4 l\u00e4hes kokonaan kodin ja vanhempien kautta. Laajempana yhteiskunnallisena tavoitteenamme on vaikuttaa positiivisesti suomalaisten hyvinvointiin. Muun muassa\u00a0 p\u00e4ihteist\u00e4 ja ylipainosta aiheutuneet ongelmat ovat yksi suurimpia uhkia kansanterveydellemme.<\/p>\t\t\t\t\t\t\t\t<\/div>\n\t\t\t\t<\/div>\n\t\t\t\t\t<\/div>\n\t\t<\/div>\n\t\t\t\t<div class=\"elementor-column elementor-col-33 elementor-inner-column elementor-element elementor-element-9faf1eb\" data-id=\"9faf1eb\" data-element_type=\"column\">\n\t\t\t<div class=\"elementor-widget-wrap elementor-element-populated\">\n\t\t\t\t\t\t<div class=\"elementor-element elementor-element-6835c66 elementor-widget elementor-widget-text-editor\" data-id=\"6835c66\" data-element_type=\"widget\" data-widget_type=\"text-editor.default\">\n\t\t\t\t<div class=\"elementor-widget-container\">\n\t\t\t\t\t\t\t\t\t<p>Lue my\u00f6s:<\/p><p><a href=\"https:\/\/koulutuselamaan.fi\/en\/kestavan-kehityksen-sitoumus-saatio\/\">Kest\u00e4v\u00e4n kehityksen sitoumus\u202f\u00a0<\/a><\/p><p><a href=\"https:\/\/koulutuselamaan.fi\/wp-content\/uploads\/2021\/06\/Toimintakertomus_2020_web_high.pdf\">Toimintakertomus 2020<\/a><\/p><p><a href=\"https:\/\/koulutuselamaan.fi\/wp-content\/uploads\/2023\/06\/Toimintakertomus_2021.pdf\">Toimintakertomus_2021<\/a><\/p><p><a href=\"https:\/\/koulutuselamaan.fi\/wp-content\/uploads\/2023\/08\/Toimintakertomus_2022.pdf\">Toimintakertomus_2022<\/a><\/p>\t\t\t\t\t\t\t\t<\/div>\n\t\t\t\t<\/div>\n\t\t\t\t\t<\/div>\n\t\t<\/div>\n\t\t\t\t\t<\/div>\n\t\t<\/section>\n\t\t\t\t\t<\/div>\n\t\t<\/div>\n\t\t\t\t\t<\/div>\n\t\t<\/section>\n\t\t\t\t<\/div>","protected":false},"excerpt":{"rendered":"<p>Toiminnan tavoitteet ja arvot Opetusohjelmamme on suunnattu 3-13 -vuotiaille lapsille. Kullekin ik\u00e4ryhm\u00e4lle on rakennettu oma, ik\u00e4\u00e4n perustuva pedagoginen l\u00e4hestymistapa. Vuosittain etenev\u00e4t oppitunnit muodostavat yhdess\u00e4 yhdeks\u00e4n vuotta kest\u00e4v\u00e4n opintokokonaisuuden. Opetus toteutetaan p\u00e4iv\u00e4kotien ja alakoulujen omissa tiloissa, erityiskoulutuksen saaneiden kasvatusalan ammattilaisten johdolla. Oppimisymp\u00e4rist\u00f6n\u00e4 toimii tavallisesta luokkatilasta poikkeava, koulun tiloihin pystytetty Koulutus El\u00e4m\u00e4\u00e4n -Studio.\u00a0 Koulutus El\u00e4m\u00e4\u00e4n -oppitunneilla lapsi &hellip; <a href=\"https:\/\/koulutuselamaan.fi\/en\/saatio\/toiminnan-tavoitteet-ja-arvot\/\" class=\"more-link\">Continue reading <span class=\"screen-reader-text\">Objectives and values of our activity<\/span><\/a><\/p>","protected":false},"author":5,"featured_media":0,"parent":2,"menu_order":0,"comment_status":"closed","ping_status":"closed","template":"elementor_header_footer","meta":{"footnotes":""},"tags":[],"class_list":["post-192","page","type-page","status-publish","hentry","no-featured-image"],"jetpack_sharing_enabled":true,"_links":{"self":[{"href":"https:\/\/koulutuselamaan.fi\/en\/wp-json\/wp\/v2\/pages\/192","targetHints":{"allow":["GET"]}}],"collection":[{"href":"https:\/\/koulutuselamaan.fi\/en\/wp-json\/wp\/v2\/pages"}],"about":[{"href":"https:\/\/koulutuselamaan.fi\/en\/wp-json\/wp\/v2\/types\/page"}],"author":[{"embeddable":true,"href":"https:\/\/koulutuselamaan.fi\/en\/wp-json\/wp\/v2\/users\/5"}],"replies":[{"embeddable":true,"href":"https:\/\/koulutuselamaan.fi\/en\/wp-json\/wp\/v2\/comments?post=192"}],"version-history":[{"count":26,"href":"https:\/\/koulutuselamaan.fi\/en\/wp-json\/wp\/v2\/pages\/192\/revisions"}],"predecessor-version":[{"id":4945,"href":"https:\/\/koulutuselamaan.fi\/en\/wp-json\/wp\/v2\/pages\/192\/revisions\/4945"}],"up":[{"embeddable":true,"href":"https:\/\/koulutuselamaan.fi\/en\/wp-json\/wp\/v2\/pages\/2"}],"wp:attachment":[{"href":"https:\/\/koulutuselamaan.fi\/en\/wp-json\/wp\/v2\/media?parent=192"}],"wp:term":[{"taxonomy":"post_tag","embeddable":true,"href":"https:\/\/koulutuselamaan.fi\/en\/wp-json\/wp\/v2\/tags?post=192"}],"curies":[{"name":"wp","href":"https:\/\/api.w.org\/{rel}","templated":true}]}}