{"id":177,"date":"2019-10-07T12:37:37","date_gmt":"2019-10-07T09:37:37","guid":{"rendered":"http:\/\/wp.koulutuselamaan.fi\/?page_id=177"},"modified":"2021-07-02T13:02:41","modified_gmt":"2021-07-02T10:02:41","slug":"opetusohjelman-taustaa","status":"publish","type":"page","link":"https:\/\/koulutuselamaan.fi\/en\/vanhemmille\/opetusohjelman-taustaa\/","title":{"rendered":"Background of the program"},"content":{"rendered":"<div data-elementor-type=\"wp-page\" data-elementor-id=\"177\" class=\"elementor elementor-177\" data-elementor-post-type=\"page\">\n\t\t\t\t\t\t<section class=\"elementor-section elementor-top-section elementor-element elementor-element-1b4e685e elementor-section-boxed elementor-section-height-default elementor-section-height-default\" data-id=\"1b4e685e\" data-element_type=\"section\">\n\t\t\t\t\t\t<div class=\"elementor-container elementor-column-gap-default\">\n\t\t\t\t\t<div class=\"elementor-column elementor-col-100 elementor-top-column elementor-element elementor-element-5ec1e7d8\" data-id=\"5ec1e7d8\" data-element_type=\"column\">\n\t\t\t<div class=\"elementor-widget-wrap elementor-element-populated\">\n\t\t\t\t\t\t<div class=\"elementor-element elementor-element-2cbad8ef elementor-widget elementor-widget-text-editor\" data-id=\"2cbad8ef\" data-element_type=\"widget\" data-widget_type=\"text-editor.default\">\n\t\t\t\t<div class=\"elementor-widget-container\">\n\t\t\t\t\t\t\t\t\t<p><\/p>\n<p><strong>Koulutus El\u00e4m\u00e4\u00e4n S\u00e4\u00e4ti\u00f6n opetusohjelma on kansainv\u00e4linen, mutta suunniteltu tukemaan ja t\u00e4ydent\u00e4m\u00e4\u00e4n suomalaista kouluopetusta.<\/strong><\/p>\n<p><\/p>\n<p><\/p>\n<p>The Life Education program operates in 14 countries and engages 4 million children every year. The founder of the program in Finland was the late Professori Niilo Hallman. In Finland the program was started in 2001. Approximately 24,000 Finnish children receive education in 120 primary schools and kindergartens in 20 regions every year.<\/p>\n<p><\/p>\n<p><\/p>\n<h2 class=\"wp-block-heading\">International history of the program<\/h2>\n<p><\/p>\n<p><\/p>\n<p>The Life Education program was developed in the 1960's in Australia. From Australia the program was brought to England with the support of i.e. Prince Charles. Today the Life Education program in provided in England by the Coram Foundation established in 1739. Operational centres are located in different regions around the country, and approximately 100 Mobile Learning Centres are used. Approximately 800 000 British children participate in the Life Education program every year. In England i.e. Barclays Bank has been one of the program's driving forces for several years, as well as the Rotary movement and Inner Wheel.<\/p>\n<p><\/p>\n<p><\/p>\n<h2 class=\"wp-block-heading\">The need of a health education program in Finland<\/h2>\n<p><\/p>\n<p><\/p>\n<p>Most Finnish children are well and healthy. Although children\u2019s health has developed positively, the experience of health has not changed in a positive direction. One in ten school-age children has a medically diagnosed injury or illness that requires treatment. In recent decades, the range of children\u2019s illnesses has changed. In particular, overweight, asthma, allergies and depression have increased significantly. With childhood overweight, type 2 diabetes has also become more common in children. Preventive and planned health and substance abuse education is increasingly needed in Finland. Healthy lifestyles are learned in early childhood.<\/p>\n<p><\/p>\t\t\t\t\t\t\t\t<\/div>\n\t\t\t\t<\/div>\n\t\t\t\t\t<\/div>\n\t\t<\/div>\n\t\t\t\t\t<\/div>\n\t\t<\/section>\n\t\t\t\t<\/div>","protected":false},"excerpt":{"rendered":"<p>Koulutus El\u00e4m\u00e4\u00e4n S\u00e4\u00e4ti\u00f6n opetusohjelma on kansainv\u00e4linen, mutta suunniteltu tukemaan ja t\u00e4ydent\u00e4m\u00e4\u00e4n suomalaista kouluopetusta. Life Education -opetusohjelma toimii 14 eri maassa ja sen k\u00e4y l\u00e4pi noin 4 miljoonaa lasta vuosittain.&nbsp; Suomessa liikkeen is\u00e4n\u00e4 toimi edesmennyt professori Niilo Hallman. Ohjelmaa alettiin toteuttaa Suomessa vuonna 2001. Vuosittain&nbsp;opetusta saa noin 24 000 suomalaista lasta 120 alakoulussa ja p\u00e4iv\u00e4kodissa 20 &hellip; <a href=\"https:\/\/koulutuselamaan.fi\/en\/vanhemmille\/opetusohjelman-taustaa\/\" class=\"more-link\">Continue reading <span class=\"screen-reader-text\">Background of the program<\/span><\/a><\/p>","protected":false},"author":5,"featured_media":0,"parent":26,"menu_order":0,"comment_status":"closed","ping_status":"closed","template":"","meta":{"footnotes":""},"tags":[],"class_list":["post-177","page","type-page","status-publish","hentry","no-featured-image"],"jetpack_sharing_enabled":true,"_links":{"self":[{"href":"https:\/\/koulutuselamaan.fi\/en\/wp-json\/wp\/v2\/pages\/177","targetHints":{"allow":["GET"]}}],"collection":[{"href":"https:\/\/koulutuselamaan.fi\/en\/wp-json\/wp\/v2\/pages"}],"about":[{"href":"https:\/\/koulutuselamaan.fi\/en\/wp-json\/wp\/v2\/types\/page"}],"author":[{"embeddable":true,"href":"https:\/\/koulutuselamaan.fi\/en\/wp-json\/wp\/v2\/users\/5"}],"replies":[{"embeddable":true,"href":"https:\/\/koulutuselamaan.fi\/en\/wp-json\/wp\/v2\/comments?post=177"}],"version-history":[{"count":4,"href":"https:\/\/koulutuselamaan.fi\/en\/wp-json\/wp\/v2\/pages\/177\/revisions"}],"predecessor-version":[{"id":3762,"href":"https:\/\/koulutuselamaan.fi\/en\/wp-json\/wp\/v2\/pages\/177\/revisions\/3762"}],"up":[{"embeddable":true,"href":"https:\/\/koulutuselamaan.fi\/en\/wp-json\/wp\/v2\/pages\/26"}],"wp:attachment":[{"href":"https:\/\/koulutuselamaan.fi\/en\/wp-json\/wp\/v2\/media?parent=177"}],"wp:term":[{"taxonomy":"post_tag","embeddable":true,"href":"https:\/\/koulutuselamaan.fi\/en\/wp-json\/wp\/v2\/tags?post=177"}],"curies":[{"name":"wp","href":"https:\/\/api.w.org\/{rel}","templated":true}]}}