{"id":161,"date":"2019-10-04T12:39:49","date_gmt":"2019-10-04T09:39:49","guid":{"rendered":"http:\/\/wp.koulutuselamaan.fi\/?page_id=161"},"modified":"2026-03-27T09:18:16","modified_gmt":"2026-03-27T07:18:16","slug":"tehtavia-oppilaille","status":"publish","type":"page","link":"https:\/\/koulutuselamaan.fi\/en\/opettajille\/tehtavia-oppilaille\/","title":{"rendered":"Activities for students"},"content":{"rendered":"<div data-elementor-type=\"wp-page\" data-elementor-id=\"161\" class=\"elementor elementor-161\" data-elementor-post-type=\"page\">\n\t\t\t\t\t\t<section class=\"elementor-section elementor-top-section elementor-element elementor-element-7c86e0c4 elementor-section-boxed elementor-section-height-default elementor-section-height-default\" data-id=\"7c86e0c4\" data-element_type=\"section\">\n\t\t\t\t\t\t<div class=\"elementor-container elementor-column-gap-default\">\n\t\t\t\t\t<div class=\"elementor-column elementor-col-100 elementor-top-column elementor-element elementor-element-13ca3bc3\" data-id=\"13ca3bc3\" data-element_type=\"column\">\n\t\t\t<div class=\"elementor-widget-wrap elementor-element-populated\">\n\t\t\t\t\t\t<div class=\"elementor-element elementor-element-13357671 elementor-widget elementor-widget-text-editor\" data-id=\"13357671\" data-element_type=\"widget\" data-widget_type=\"text-editor.default\">\n\t\t\t\t<div class=\"elementor-widget-container\">\n\t\t\t\t\t\t\t\t\t<p>T\u00e4lle sivulle on koottu opetusta tukevia teht\u00e4vi\u00e4. Niit\u00e4 voi k\u00e4ytt\u00e4\u00e4 orientoivana materiaalina ennen Koulutus El\u00e4m\u00e4\u00e4n -opetusta tai opetuksen j\u00e4lkeiseen syvent\u00e4miseen ja kertaukseen. Kaikki teht\u00e4v\u00e4t ovat vapaasti k\u00e4ytett\u00e4viss\u00e4nne my\u00f6s muissa sopivaksi katsomissanne tilanteissa. Yleist\u00e4 lis\u00e4teht\u00e4vist\u00e4:<\/p><ul><li>Teht\u00e4vien tarkoituksena on her\u00e4tell\u00e4 oppilaita ajattelemaan Koulutus El\u00e4m\u00e4\u00e4n -oppitunnilla k\u00e4sitelt\u00e4vi\u00e4 asioita tai syvent\u00e4\u00e4 ajattelua k\u00e4sitellyst\u00e4 aiheesta.<\/li><li>Teht\u00e4v\u00e4t on ryhmitelty vuosiluokittain ja ne seuraavat oppitunnin teemoja. Osa aiheista on yleisi\u00e4 (esim. kehon terveyteen liittyvi\u00e4 aiheita k\u00e4sitell\u00e4\u00e4n kaikilla oppitunneilla) eik\u00e4 mik\u00e4\u00e4n est\u00e4 tekem\u00e4st\u00e4 muidenkin luokka-asteiden ennakkoteht\u00e4vi\u00e4.<\/li><li>Teht\u00e4vien avulla voidaan jatkaa Koulutus El\u00e4m\u00e4\u00e4n -oppitunnin aiheiden k\u00e4sittely\u00e4 my\u00f6s varsinaisen opetuksen j\u00e4lkeen.<\/li><li>Activities can and may be modified to fit the needs of your class. Because of this the activities do not have detailed instructions.<\/li><li>The activities are suited for different subjects and entities combining different subjects.<\/li><li>Activities can be applied to suit your own schedule. They can be assigned to students as homework, done during breaks, or you can even create a theme day around them.<\/li><\/ul><h2>The activities<\/h2><p>P\u00e4iv\u00e4koti: <a href=\"https:\/\/koulutuselamaan.fi\/wp-content\/uploads\/2021\/06\/Ideoita-aiheen-kasittelyyn-Kaikki-minusta.pdf\">Ideoita aiheen k\u00e4sittelyyn; Pid\u00e4n huolta itsest\u00e4ni (3-4v) ja Kaikki minusta<\/a>\u00a0(5v.)<\/p><p><a href=\"https:\/\/koulutuselamaan.fi\/wp-content\/uploads\/2021\/06\/Haroldin-aamujumppa.pdf\">Haroldin aamujumppa<\/a><br \/><a href=\"https:\/\/koulutuselamaan.fi\/wp-content\/uploads\/2021\/06\/Kehoaiheisia-loruja-ja-lauluja.pdf\">Kehoaiheisia loruja ja lauluja<\/a><\/p><p>Esiopetus: <a href=\"https:\/\/koulutuselamaan.fi\/wp-content\/uploads\/2023\/10\/Ideat-eskarit-1.pdf\">Ideoita aiheen k\u00e4sittelyyn: Ihmeellinen kehoni<\/a><\/p><p><a href=\"https:\/\/koulutuselamaan.fi\/wp-content\/uploads\/2021\/06\/Haroldin-erikoinen.pdf\">Haroldin erikoinen<\/a><br \/><a href=\"https:\/\/koulutuselamaan.fi\/wp-content\/uploads\/2021\/06\/Varita-Harold.pdf\">V\u00e4rit\u00e4 Harold<\/a><\/p><p>1. luokka: <a href=\"https:\/\/koulutuselamaan.fi\/wp-content\/uploads\/2021\/06\/Ideoita-aiheen-kasittelyyn-Tunteet-1.pdf\">Ideoita aiheen k\u00e4sittelyyn; Tunteet<\/a><\/p><p><a href=\"https:\/\/koulutuselamaan.fi\/wp-content\/uploads\/2021\/06\/Tunnetaulu.pdf\">Tunnetaulu<\/a><br \/><a href=\"https:\/\/koulutuselamaan.fi\/wp-content\/uploads\/2021\/06\/Sadan-ilmeen-kasvot.pdf\">Sadan ilmeen kasvot<\/a><br \/><a href=\"https:\/\/koulutuselamaan.fi\/wp-content\/uploads\/2021\/06\/Sadan-ilmeen-kasvot-askartelukaavat.pdf\">Sadan ilmeen kasvot; askartelukaavat<\/a><\/p><p>2. luokka: <a href=\"https:\/\/koulutuselamaan.fi\/wp-content\/uploads\/2023\/10\/Ideat-2lk-1.pdf\">Ideoita aiheen k\u00e4sittelyyn: Tutustumme aivoihin<\/a><\/p><p><a href=\"https:\/\/koulutuselamaan.fi\/wp-content\/uploads\/2021\/06\/Ainutlaatuiset-aivoni.pdf\">Ainutlaatuiset aivoni<\/a><br \/><a href=\"https:\/\/koulutuselamaan.fi\/wp-content\/uploads\/2021\/06\/Kasitekartta-aivoista.pdf\">K\u00e4sitekartta aivoista<\/a><\/p><p>3. luokka: <a href=\"https:\/\/koulutuselamaan.fi\/wp-content\/uploads\/2023\/10\/Ideat-3-lk_korjattu.docx\">Ideoita aiheen k\u00e4sittelyyn: Min\u00e4 ja me<\/a><\/p><p><a href=\"https:\/\/koulutuselamaan.fi\/wp-content\/uploads\/2023\/10\/Maailman-juhlat-3lk.pdf\">Maailman juhlat<\/a><br \/><a href=\"https:\/\/koulutuselamaan.fi\/wp-content\/uploads\/2021\/06\/Huolehdin-kehostani.pdf\">Huolehdin kehostani<\/a><\/p><p>4. luokka: <a href=\"https:\/\/koulutuselamaan.fi\/wp-content\/uploads\/2023\/10\/Ideat-4-lk.pdf\">Ideoita aiheen k\u00e4sittelyyn: Yst\u00e4v\u00e4t<\/a><\/p><p><a href=\"https:\/\/koulutuselamaan.fi\/wp-content\/uploads\/2021\/06\/Ystavaa-auttamassa.pdf\">Yst\u00e4v\u00e4\u00e4 auttamassa<\/a><br \/><a href=\"https:\/\/koulutuselamaan.fi\/wp-content\/uploads\/2021\/06\/Ystavat.pdf\">Yst\u00e4v\u00e4t<\/a><\/p><p>5. luokka: <a href=\"https:\/\/koulutuselamaan.fi\/wp-content\/uploads\/2025\/04\/Ideoita-aiheen-kasittelyyn-5-lk.pdf\">Ideoita aiheen ka\u0308sittelyyn: Hyvinvointitaidot<\/a><\/p><p><a href=\"https:\/\/koulutuselamaan.fi\/wp-content\/uploads\/2025\/04\/Oikeudet-ja-vastuut-5-lk.pdf\">Oikeudet ja vastuut<\/a><\/p><p><a href=\"https:\/\/koulutuselamaan.fi\/wp-content\/uploads\/2025\/04\/Aivopolku-5lk.pdf\">Aivopolku<\/a><\/p><p>6. luokka: <a href=\"https:\/\/koulutuselamaan.fi\/wp-content\/uploads\/2021\/06\/Ideoita-aiheen-kasittelyyn-Valinnat.pdf\">Ideoita aiheen k\u00e4sittelyyn; Valinnat<\/a><\/p><p><a href=\"https:\/\/koulutuselamaan.fi\/wp-content\/uploads\/2021\/06\/Valinnat-ja-tunteet.pdf\">Valinnat ja tunteet<\/a><br \/><a href=\"https:\/\/koulutuselamaan.fi\/wp-content\/uploads\/2021\/08\/Laakkeet.pdf\">L\u00e4\u00e4kkeet<\/a><\/p>\t\t\t\t\t\t\t\t<\/div>\n\t\t\t\t<\/div>\n\t\t\t\t\t<\/div>\n\t\t<\/div>\n\t\t\t\t\t<\/div>\n\t\t<\/section>\n\t\t\t\t<section class=\"elementor-section elementor-top-section elementor-element elementor-element-da01384 elementor-section-boxed elementor-section-height-default elementor-section-height-default\" data-id=\"da01384\" data-element_type=\"section\">\n\t\t\t\t\t\t<div class=\"elementor-container elementor-column-gap-default\">\n\t\t\t\t\t<div class=\"elementor-column elementor-col-100 elementor-top-column elementor-element elementor-element-0596488\" data-id=\"0596488\" data-element_type=\"column\">\n\t\t\t<div class=\"elementor-widget-wrap elementor-element-populated\">\n\t\t\t\t\t\t<div class=\"elementor-element elementor-element-2d4193b elementor-widget elementor-widget-heading\" data-id=\"2d4193b\" data-element_type=\"widget\" data-widget_type=\"heading.default\">\n\t\t\t\t<div class=\"elementor-widget-container\">\n\t\t\t\t\t<h2 class=\"elementor-heading-title elementor-size-default\">Svenskt material<\/h2>\t\t\t\t<\/div>\n\t\t\t\t<\/div>\n\t\t\t\t\t<\/div>\n\t\t<\/div>\n\t\t\t\t\t<\/div>\n\t\t<\/section>\n\t\t\t\t<section class=\"elementor-section elementor-top-section elementor-element elementor-element-dafea0b elementor-section-boxed elementor-section-height-default elementor-section-height-default\" data-id=\"dafea0b\" data-element_type=\"section\">\n\t\t\t\t\t\t<div class=\"elementor-container elementor-column-gap-default\">\n\t\t\t\t\t<div class=\"elementor-column elementor-col-100 elementor-top-column elementor-element elementor-element-c6277a6\" data-id=\"c6277a6\" data-element_type=\"column\">\n\t\t\t<div class=\"elementor-widget-wrap elementor-element-populated\">\n\t\t\t\t\t\t<div class=\"elementor-element elementor-element-3e36be4 elementor-widget elementor-widget-text-editor\" data-id=\"3e36be4\" data-element_type=\"widget\" data-widget_type=\"text-editor.default\">\n\t\t\t\t<div class=\"elementor-widget-container\">\n\t\t\t\t\t\t\t\t\t<p>Sm\u00e5barnspedagogik: <a href=\"https:\/\/koulutuselamaan.fi\/wp-content\/uploads\/2023\/10\/Ideer-for-smabarnspedagogik.pdf\">Id\u00e9er f\u00f6r behandling av temat<\/a><\/p><p><a href=\"https:\/\/koulutuselamaan.fi\/wp-content\/uploads\/2023\/10\/Harolds-morgongymnastik.pdf\">Harolds morgongymnastik<\/a><\/p><p><a href=\"https:\/\/koulutuselamaan.fi\/wp-content\/uploads\/2023\/10\/Motionslekar-med-kroppstema.pdf\">Motionslekar med kroppstema<\/a><\/p><p>F\u00f6rskola: <a href=\"https:\/\/koulutuselamaan.fi\/wp-content\/uploads\/2023\/10\/Ideer-for-behandling-av-amnet-forskola.pdf\">Id\u00e9er f\u00f6r behandling av temat<\/a><\/p><p><a href=\"https:\/\/koulutuselamaan.fi\/wp-content\/uploads\/2023\/10\/Harolds-special.pdf\">Harolds special<\/a><\/p><p><a href=\"https:\/\/koulutuselamaan.fi\/wp-content\/uploads\/2023\/10\/Farglagg-Harold.pdf\">F\u00e4rgl\u00e4gg Harold<\/a><\/p><p>\u00c5rskurs 1: <a href=\"https:\/\/koulutuselamaan.fi\/wp-content\/uploads\/2023\/10\/Ideer-for-att-behandla-temat-1.pdf\">Id\u00e9er f\u00f6r behandling av temat<\/a><\/p><p><a href=\"https:\/\/koulutuselamaan.fi\/wp-content\/uploads\/2023\/10\/Hundra-ansiktsuttryck.pdf\">Hundra ansiktsuttryck<\/a><\/p><p><a href=\"https:\/\/koulutuselamaan.fi\/wp-content\/uploads\/2023\/10\/Kanslor.pdf\">K\u00e4nslor<\/a><\/p><p>\u00c5rskurs 2: <a href=\"https:\/\/koulutuselamaan.fi\/wp-content\/uploads\/2023\/10\/Ideer-for-behanling-av-temat-2.pdf\">Id\u00e9er f\u00f6r behandling av temat<\/a><\/p><p><a href=\"https:\/\/koulutuselamaan.fi\/wp-content\/uploads\/2023\/10\/Min-fantastiska-hjarna.pdf\">Min fantastiska hj\u00e4rna<\/a><\/p><p><a href=\"https:\/\/koulutuselamaan.fi\/wp-content\/uploads\/2023\/10\/Tankekarta-om-hjarnan.pdf\">Tankekarta om hj\u00e4rnan<\/a><\/p><p>\u00c5rskurs 3: <a href=\"https:\/\/koulutuselamaan.fi\/wp-content\/uploads\/2023\/10\/Ideer-for-behandling-av-amnet-3.pdf\">Id\u00e9er f\u00f6r behandling av temat<\/a><\/p><p><a href=\"https:\/\/koulutuselamaan.fi\/wp-content\/uploads\/2023\/10\/Kroppspussel.pdf\">Kroppspussel<\/a><\/p><p><a href=\"https:\/\/koulutuselamaan.fi\/wp-content\/uploads\/2023\/10\/Varldens-fester-ak3.pdf\">V\u00e4rldens fester<\/a><\/p><p>\u00c5rskurs 4: <a href=\"https:\/\/koulutuselamaan.fi\/wp-content\/uploads\/2023\/10\/ideer-for-behandling-av-amnet-4.pdf\">Id\u00e9er f\u00f6r behandling av temat<\/a><\/p><p><a href=\"https:\/\/koulutuselamaan.fi\/wp-content\/uploads\/2023\/10\/Vanner.pdf\">V\u00e4nner<\/a><\/p><p><a href=\"https:\/\/koulutuselamaan.fi\/wp-content\/uploads\/2023\/10\/Hjalpa-en-van.pdf\">Hj\u00e4lpa en v\u00e4n<\/a><\/p><p>\u00c5rskurs 5: <a href=\"https:\/\/koulutuselamaan.fi\/wp-content\/uploads\/2025\/04\/Ideer-ak-5.pdf\">Id\u00e9er f\u00f6r behandling av temat<\/a><\/p><p><a href=\"https:\/\/koulutuselamaan.fi\/wp-content\/uploads\/2025\/10\/Hjarnstigen-ak-5.pdf\">Hj\u00e4rnstigen<\/a><\/p><p><a href=\"https:\/\/koulutuselamaan.fi\/wp-content\/uploads\/2025\/04\/Rattigheter-och-ansvar-ak-5.pdf\">R\u00e4ttigheter och ansvar<\/a><\/p><p>\u00c5rskurs 6: <a href=\"https:\/\/koulutuselamaan.fi\/wp-content\/uploads\/2023\/10\/Ideer-for-behandling-av-amnet-6.pdf\">Id\u00e9er f\u00f6r behandling av temat<\/a><\/p><p><a href=\"https:\/\/koulutuselamaan.fi\/wp-content\/uploads\/2023\/10\/Val-och-kanslor.pdf\">Val och k\u00e4nslor<\/a><\/p><p><a href=\"https:\/\/koulutuselamaan.fi\/wp-content\/uploads\/2023\/10\/Lakemedel.pdf\">L\u00e4kemedel<\/a><\/p>\t\t\t\t\t\t\t\t<\/div>\n\t\t\t\t<\/div>\n\t\t\t\t\t<\/div>\n\t\t<\/div>\n\t\t\t\t\t<\/div>\n\t\t<\/section>\n\t\t\t\t<\/div>","protected":false},"excerpt":{"rendered":"<p>T\u00e4lle sivulle on koottu opetusta tukevia teht\u00e4vi\u00e4. Niit\u00e4 voi k\u00e4ytt\u00e4\u00e4 orientoivana materiaalina ennen Koulutus El\u00e4m\u00e4\u00e4n -opetusta tai opetuksen j\u00e4lkeiseen syvent\u00e4miseen ja kertaukseen. Kaikki teht\u00e4v\u00e4t ovat vapaasti k\u00e4ytett\u00e4viss\u00e4nne my\u00f6s muissa sopivaksi katsomissanne tilanteissa. Yleist\u00e4 lis\u00e4teht\u00e4vist\u00e4: Teht\u00e4vien tarkoituksena on her\u00e4tell\u00e4 oppilaita ajattelemaan Koulutus El\u00e4m\u00e4\u00e4n -oppitunnilla k\u00e4sitelt\u00e4vi\u00e4 asioita tai syvent\u00e4\u00e4 ajattelua k\u00e4sitellyst\u00e4 aiheesta. Teht\u00e4v\u00e4t on ryhmitelty vuosiluokittain ja &hellip; <a href=\"https:\/\/koulutuselamaan.fi\/en\/opettajille\/tehtavia-oppilaille\/\" class=\"more-link\">Continue reading <span class=\"screen-reader-text\">Activities for students<\/span><\/a><\/p>","protected":false},"author":5,"featured_media":0,"parent":24,"menu_order":0,"comment_status":"closed","ping_status":"closed","template":"","meta":{"footnotes":""},"tags":[],"class_list":["post-161","page","type-page","status-publish","hentry","no-featured-image"],"jetpack_sharing_enabled":true,"_links":{"self":[{"href":"https:\/\/koulutuselamaan.fi\/en\/wp-json\/wp\/v2\/pages\/161","targetHints":{"allow":["GET"]}}],"collection":[{"href":"https:\/\/koulutuselamaan.fi\/en\/wp-json\/wp\/v2\/pages"}],"about":[{"href":"https:\/\/koulutuselamaan.fi\/en\/wp-json\/wp\/v2\/types\/page"}],"author":[{"embeddable":true,"href":"https:\/\/koulutuselamaan.fi\/en\/wp-json\/wp\/v2\/users\/5"}],"replies":[{"embeddable":true,"href":"https:\/\/koulutuselamaan.fi\/en\/wp-json\/wp\/v2\/comments?post=161"}],"version-history":[{"count":154,"href":"https:\/\/koulutuselamaan.fi\/en\/wp-json\/wp\/v2\/pages\/161\/revisions"}],"predecessor-version":[{"id":6307,"href":"https:\/\/koulutuselamaan.fi\/en\/wp-json\/wp\/v2\/pages\/161\/revisions\/6307"}],"up":[{"embeddable":true,"href":"https:\/\/koulutuselamaan.fi\/en\/wp-json\/wp\/v2\/pages\/24"}],"wp:attachment":[{"href":"https:\/\/koulutuselamaan.fi\/en\/wp-json\/wp\/v2\/media?parent=161"}],"wp:term":[{"taxonomy":"post_tag","embeddable":true,"href":"https:\/\/koulutuselamaan.fi\/en\/wp-json\/wp\/v2\/tags?post=161"}],"curies":[{"name":"wp","href":"https:\/\/api.w.org\/{rel}","templated":true}]}}