{"id":1340,"date":"2020-11-25T11:20:12","date_gmt":"2020-11-25T09:20:12","guid":{"rendered":"https:\/\/koulutuselamaan.fi\/?page_id=1340"},"modified":"2021-02-11T14:45:04","modified_gmt":"2021-02-11T12:45:04","slug":"harold-peli-info","status":"publish","type":"page","link":"https:\/\/koulutuselamaan.fi\/en\/harold-peli-info\/","title":{"rendered":"More information"},"content":{"rendered":"<div data-elementor-type=\"wp-page\" data-elementor-id=\"1340\" class=\"elementor elementor-1340\" data-elementor-post-type=\"page\">\n\t\t\t\t\t\t<section class=\"elementor-section elementor-top-section elementor-element elementor-element-52994d1 elementor-section-boxed elementor-section-height-default elementor-section-height-default\" data-id=\"52994d1\" data-element_type=\"section\">\n\t\t\t\t\t\t<div class=\"elementor-container elementor-column-gap-default\">\n\t\t\t\t\t<div class=\"elementor-column elementor-col-100 elementor-top-column elementor-element elementor-element-3b073b2\" data-id=\"3b073b2\" data-element_type=\"column\">\n\t\t\t<div class=\"elementor-widget-wrap elementor-element-populated\">\n\t\t\t\t\t\t<div class=\"elementor-element elementor-element-02c2837 elementor-widget elementor-widget-heading\" data-id=\"02c2837\" data-element_type=\"widget\" data-widget_type=\"heading.default\">\n\t\t\t\t<div class=\"elementor-widget-container\">\n\t\t\t\t\t<h2 class=\"elementor-heading-title elementor-size-default\">Ihmissuhteet\t- F\u00f6rh\u00e5llanden - Relationships<\/h2>\t\t\t\t<\/div>\n\t\t\t\t<\/div>\n\t\t\t\t<div class=\"elementor-element elementor-element-2ffae60 elementor-widget elementor-widget-text-editor\" data-id=\"2ffae60\" data-element_type=\"widget\" data-widget_type=\"text-editor.default\">\n\t\t\t\t<div class=\"elementor-widget-container\">\n\t\t\t\t\t\t\t\t\t<p><a href=\"https:\/\/www.nuortennetti.fi\/ihmissuhteet\/\">https:\/\/www.nuortennetti.fi\/ihmissuhteet\/<\/a><br \/><br \/><\/p>\t\t\t\t\t\t\t\t<\/div>\n\t\t\t\t<\/div>\n\t\t\t\t<div class=\"elementor-element elementor-element-ce67c5c elementor-widget elementor-widget-heading\" data-id=\"ce67c5c\" data-element_type=\"widget\" data-widget_type=\"heading.default\">\n\t\t\t\t<div class=\"elementor-widget-container\">\n\t\t\t\t\t<h2 class=\"elementor-heading-title elementor-size-default\">Hyvinvointi - V\u00e4lm\u00e5ende - Wellness<\/h2>\t\t\t\t<\/div>\n\t\t\t\t<\/div>\n\t\t\t\t<div class=\"elementor-element elementor-element-315c03e elementor-widget elementor-widget-text-editor\" data-id=\"315c03e\" data-element_type=\"widget\" data-widget_type=\"text-editor.default\">\n\t\t\t\t<div class=\"elementor-widget-container\">\n\t\t\t\t\t\t\t\t\t<p><a href=\"https:\/\/www.nuortennetti.fi\/mieli-ja-keho\/hyvinvointi\/\">https:\/\/www.nuortennetti.fi\/mieli-ja-keho\/hyvinvointi\/<\/a><br><br><\/p>\t\t\t\t\t\t\t\t<\/div>\n\t\t\t\t<\/div>\n\t\t\t\t<div class=\"elementor-element elementor-element-fcb29d9 elementor-widget elementor-widget-heading\" data-id=\"fcb29d9\" data-element_type=\"widget\" data-widget_type=\"heading.default\">\n\t\t\t\t<div class=\"elementor-widget-container\">\n\t\t\t\t\t<h2 class=\"elementor-heading-title elementor-size-default\">Liikunta - Motion - Exercise<\/h2>\t\t\t\t<\/div>\n\t\t\t\t<\/div>\n\t\t\t\t<div class=\"elementor-element elementor-element-73a357a elementor-widget elementor-widget-text-editor\" data-id=\"73a357a\" data-element_type=\"widget\" data-widget_type=\"text-editor.default\">\n\t\t\t\t<div class=\"elementor-widget-container\">\n\t\t\t\t\t\t\t\t\t<p><a href=\"https:\/\/www.nuortennetti.fi\/mieli-ja-keho\/hyvinvointi\/liikunnan-iloa\/\">https:\/\/www.nuortennetti.fi\/mieli-ja-keho\/hyvinvointi\/liikunnan-iloa\/<\/a><\/p>\t\t\t\t\t\t\t\t<\/div>\n\t\t\t\t<\/div>\n\t\t\t\t<div class=\"elementor-element elementor-element-096dd83 elementor-widget elementor-widget-heading\" data-id=\"096dd83\" data-element_type=\"widget\" data-widget_type=\"heading.default\">\n\t\t\t\t<div class=\"elementor-widget-container\">\n\t\t\t\t\t<h2 class=\"elementor-heading-title elementor-size-default\">Uni - S\u00f6mn - Sleep<\/h2>\t\t\t\t<\/div>\n\t\t\t\t<\/div>\n\t\t\t\t<div class=\"elementor-element elementor-element-22dcce2 elementor-widget elementor-widget-text-editor\" data-id=\"22dcce2\" data-element_type=\"widget\" data-widget_type=\"text-editor.default\">\n\t\t\t\t<div class=\"elementor-widget-container\">\n\t\t\t\t\t\t\t\t\t<p><a href=\"https:\/\/www.nuortennetti.fi\/mieli-ja-keho\/hyvinvointi\/nukkuminen-hyvinvoinnin-perusta\/\">https:\/\/www.nuortennetti.fi\/mieli-ja-keho\/hyvinvointi\/nukkuminen-hyvinvoinnin-perusta\/<\/a><\/p>\t\t\t\t\t\t\t\t<\/div>\n\t\t\t\t<\/div>\n\t\t\t\t<div class=\"elementor-element elementor-element-1fe3a40 elementor-widget elementor-widget-heading\" data-id=\"1fe3a40\" data-element_type=\"widget\" data-widget_type=\"heading.default\">\n\t\t\t\t<div class=\"elementor-widget-container\">\n\t\t\t\t\t<h2 class=\"elementor-heading-title elementor-size-default\">Energiajuomat - Energidrycker - Energy Drinks<\/h2>\t\t\t\t<\/div>\n\t\t\t\t<\/div>\n\t\t\t\t<div class=\"elementor-element elementor-element-88548e3 elementor-widget elementor-widget-text-editor\" data-id=\"88548e3\" data-element_type=\"widget\" data-widget_type=\"text-editor.default\">\n\t\t\t\t<div class=\"elementor-widget-container\">\n\t\t\t\t\t\t\t\t\t<p><a href=\"https:\/\/nuortenlinkki.fi\/tietopiste\/pikatieto\/energiajuoma\">https:\/\/nuortenlinkki.fi\/tietopiste\/pikatieto\/energiajuoma<\/a><\/p>\t\t\t\t\t\t\t\t<\/div>\n\t\t\t\t<\/div>\n\t\t\t\t<div class=\"elementor-element elementor-element-7ab8722 elementor-widget elementor-widget-heading\" data-id=\"7ab8722\" data-element_type=\"widget\" data-widget_type=\"heading.default\">\n\t\t\t\t<div class=\"elementor-widget-container\">\n\t\t\t\t\t<h2 class=\"elementor-heading-title elementor-size-default\">Digipelaaminen - Digitalt spelande - Digital Gaming<\/h2>\t\t\t\t<\/div>\n\t\t\t\t<\/div>\n\t\t\t\t<div class=\"elementor-element elementor-element-aa2cd1c elementor-widget elementor-widget-text-editor\" data-id=\"aa2cd1c\" data-element_type=\"widget\" data-widget_type=\"text-editor.default\">\n\t\t\t\t<div class=\"elementor-widget-container\">\n\t\t\t\t\t\t\t\t\t<p><a href=\"https:\/\/nuortenlinkki.fi\/tietopiste\/tietoartikkelit\/pelaaminen\/digitaalinen-pelaaminen\">https:\/\/nuortenlinkki.fi\/tietopiste\/tietoartikkelit\/pelaaminen\/digitaalinen-pelaaminen<\/a><\/p>\t\t\t\t\t\t\t\t<\/div>\n\t\t\t\t<\/div>\n\t\t\t\t<div class=\"elementor-element elementor-element-4203fa1 elementor-widget elementor-widget-heading\" data-id=\"4203fa1\" data-element_type=\"widget\" data-widget_type=\"heading.default\">\n\t\t\t\t<div class=\"elementor-widget-container\">\n\t\t\t\t\t<h2 class=\"elementor-heading-title elementor-size-default\">P\u00e4ihteet ja tupakka - Berusningsmedel och tobak - Intoxicants and tobacco<\/h2>\t\t\t\t<\/div>\n\t\t\t\t<\/div>\n\t\t\t\t<div class=\"elementor-element elementor-element-15c481a elementor-widget elementor-widget-text-editor\" data-id=\"15c481a\" data-element_type=\"widget\" data-widget_type=\"text-editor.default\">\n\t\t\t\t<div class=\"elementor-widget-container\">\n\t\t\t\t\t\t\t\t\t<p><a href=\"https:\/\/www.nuortennetti.fi\/mieli-ja-keho\/paihteet\/\">https:\/\/www.nuortennetti.fi\/mieli-ja-keho\/paihteet\/<\/a><\/p>\t\t\t\t\t\t\t\t<\/div>\n\t\t\t\t<\/div>\n\t\t\t\t<div class=\"elementor-element elementor-element-fcfc419 elementor-widget elementor-widget-heading\" data-id=\"fcfc419\" data-element_type=\"widget\" data-widget_type=\"heading.default\">\n\t\t\t\t<div class=\"elementor-widget-container\">\n\t\t\t\t\t<h2 class=\"elementor-heading-title elementor-size-default\">Aikuisten p\u00e4ihteiden k\u00e4ytt\u00f6 - Bruk av vuxnas berusningsmedel - Adult substance use<\/h2>\t\t\t\t<\/div>\n\t\t\t\t<\/div>\n\t\t\t\t<div class=\"elementor-element elementor-element-ef30f47 elementor-widget elementor-widget-text-editor\" data-id=\"ef30f47\" data-element_type=\"widget\" data-widget_type=\"text-editor.default\">\n\t\t\t\t<div class=\"elementor-widget-container\">\n\t\t\t\t\t\t\t\t\t<p><a href=\"https:\/\/varjomaailma.fi\">https:\/\/varjomaailma.fi<\/a>\/<\/p>\t\t\t\t\t\t\t\t<\/div>\n\t\t\t\t<\/div>\n\t\t\t\t<div class=\"elementor-element elementor-element-89ac1bc elementor-widget-divider--view-line elementor-widget elementor-widget-divider\" data-id=\"89ac1bc\" data-element_type=\"widget\" data-widget_type=\"divider.default\">\n\t\t\t\t<div class=\"elementor-widget-container\">\n\t\t\t\t\t\t\t<div class=\"elementor-divider\">\n\t\t\t<span class=\"elementor-divider-separator\">\n\t\t\t\t\t\t<\/span>\n\t\t<\/div>\n\t\t\t\t\t\t<\/div>\n\t\t\t\t<\/div>\n\t\t\t\t<div class=\"elementor-element elementor-element-3903457 elementor-widget elementor-widget-text-editor\" data-id=\"3903457\" data-element_type=\"widget\" data-widget_type=\"text-editor.default\">\n\t\t\t\t<div class=\"elementor-widget-container\">\n\t\t\t\t\t\t\t\t\t<p><span data-sheets-value=\"{\" data-sheets-userformat=\"{\">The game's content has been made in association with the A-Clinic Foundation and the Parents' Association of Finland. \u00a0The development was made possible through funding from Alko.<\/span><\/p>\t\t\t\t\t\t\t\t<\/div>\n\t\t\t\t<\/div>\n\t\t\t\t\t<\/div>\n\t\t<\/div>\n\t\t\t\t\t<\/div>\n\t\t<\/section>\n\t\t\t\t<\/div>","protected":false},"excerpt":{"rendered":"<p>Ihmissuhteet &#8211; F\u00f6rh\u00e5llanden &#8211; Relationships https:\/\/www.nuortennetti.fi\/ihmissuhteet\/ Hyvinvointi &#8211; V\u00e4lm\u00e5ende &#8211; Wellness https:\/\/www.nuortennetti.fi\/mieli-ja-keho\/hyvinvointi\/ Liikunta &#8211; Motion &#8211; Exercise https:\/\/www.nuortennetti.fi\/mieli-ja-keho\/hyvinvointi\/liikunnan-iloa\/ Uni &#8211; S\u00f6mn &#8211; Sleep https:\/\/www.nuortennetti.fi\/mieli-ja-keho\/hyvinvointi\/nukkuminen-hyvinvoinnin-perusta\/ Energiajuomat &#8211; Energidrycker &#8211; Energy Drinks https:\/\/nuortenlinkki.fi\/tietopiste\/pikatieto\/energiajuoma Digipelaaminen &#8211; Digitalt spelande &#8211; Digital Gaming https:\/\/nuortenlinkki.fi\/tietopiste\/tietoartikkelit\/pelaaminen\/digitaalinen-pelaaminen P\u00e4ihteet ja tupakka &#8211; Berusningsmedel och tobak &#8211; Intoxicants and tobacco https:\/\/www.nuortennetti.fi\/mieli-ja-keho\/paihteet\/ Aikuisten p\u00e4ihteiden k\u00e4ytt\u00f6 &#8211; &hellip; <a href=\"https:\/\/koulutuselamaan.fi\/en\/harold-peli-info\/\" class=\"more-link\">Continue reading <span class=\"screen-reader-text\">More information<\/span><\/a><\/p>","protected":false},"author":1,"featured_media":0,"parent":0,"menu_order":0,"comment_status":"closed","ping_status":"closed","template":"","meta":{"footnotes":""},"tags":[],"class_list":["post-1340","page","type-page","status-publish","hentry","no-featured-image"],"jetpack_sharing_enabled":true,"_links":{"self":[{"href":"https:\/\/koulutuselamaan.fi\/en\/wp-json\/wp\/v2\/pages\/1340","targetHints":{"allow":["GET"]}}],"collection":[{"href":"https:\/\/koulutuselamaan.fi\/en\/wp-json\/wp\/v2\/pages"}],"about":[{"href":"https:\/\/koulutuselamaan.fi\/en\/wp-json\/wp\/v2\/types\/page"}],"author":[{"embeddable":true,"href":"https:\/\/koulutuselamaan.fi\/en\/wp-json\/wp\/v2\/users\/1"}],"replies":[{"embeddable":true,"href":"https:\/\/koulutuselamaan.fi\/en\/wp-json\/wp\/v2\/comments?post=1340"}],"version-history":[{"count":37,"href":"https:\/\/koulutuselamaan.fi\/en\/wp-json\/wp\/v2\/pages\/1340\/revisions"}],"predecessor-version":[{"id":1948,"href":"https:\/\/koulutuselamaan.fi\/en\/wp-json\/wp\/v2\/pages\/1340\/revisions\/1948"}],"wp:attachment":[{"href":"https:\/\/koulutuselamaan.fi\/en\/wp-json\/wp\/v2\/media?parent=1340"}],"wp:term":[{"taxonomy":"post_tag","embeddable":true,"href":"https:\/\/koulutuselamaan.fi\/en\/wp-json\/wp\/v2\/tags?post=1340"}],"curies":[{"name":"wp","href":"https:\/\/api.w.org\/{rel}","templated":true}]}}