{"id":1143,"date":"2020-09-16T13:48:05","date_gmt":"2020-09-16T10:48:05","guid":{"rendered":"https:\/\/koulutuselamaan.fi\/?page_id=1143"},"modified":"2022-10-25T11:33:15","modified_gmt":"2022-10-25T08:33:15","slug":"materiaalia-vanhemmille","status":"publish","type":"page","link":"https:\/\/koulutuselamaan.fi\/en\/vanhemmille\/materiaalia-vanhemmille\/","title":{"rendered":"Material for parents"},"content":{"rendered":"<div data-elementor-type=\"wp-page\" data-elementor-id=\"1143\" class=\"elementor elementor-1143\" data-elementor-post-type=\"page\">\n\t\t\t\t\t\t<section class=\"elementor-section elementor-top-section elementor-element elementor-element-9ca5987 elementor-section-boxed elementor-section-height-default elementor-section-height-default\" data-id=\"9ca5987\" data-element_type=\"section\">\n\t\t\t\t\t\t<div class=\"elementor-container elementor-column-gap-default\">\n\t\t\t\t\t<div class=\"elementor-column elementor-col-100 elementor-top-column elementor-element elementor-element-5e9b915a\" data-id=\"5e9b915a\" data-element_type=\"column\">\n\t\t\t<div class=\"elementor-widget-wrap elementor-element-populated\">\n\t\t\t\t\t\t<div class=\"elementor-element elementor-element-edbb1e6 elementor-widget elementor-widget-text-editor\" data-id=\"edbb1e6\" data-element_type=\"widget\" data-widget_type=\"text-editor.default\">\n\t\t\t\t<div class=\"elementor-widget-container\">\n\t\t\t\t\t\t\t\t\t<h1>Material for parents<\/h1>\t\t\t\t\t\t\t\t<\/div>\n\t\t\t\t<\/div>\n\t\t\t\t<section class=\"elementor-section elementor-inner-section elementor-element elementor-element-9da0418 elementor-section-boxed elementor-section-height-default elementor-section-height-default\" data-id=\"9da0418\" data-element_type=\"section\">\n\t\t\t\t\t\t<div class=\"elementor-container elementor-column-gap-default\">\n\t\t\t\t\t<div class=\"elementor-column elementor-col-66 elementor-inner-column elementor-element elementor-element-19e85f9\" data-id=\"19e85f9\" data-element_type=\"column\">\n\t\t\t<div class=\"elementor-widget-wrap elementor-element-populated\">\n\t\t\t\t\t\t<div class=\"elementor-element elementor-element-40e5185 elementor-widget elementor-widget-text-editor\" data-id=\"40e5185\" data-element_type=\"widget\" data-widget_type=\"text-editor.default\">\n\t\t\t\t<div class=\"elementor-widget-container\">\n\t\t\t\t\t\t\t\t\t<p>N\u00e4ilt\u00e4 sivuilta l\u00f6yd\u00e4t materiaalia vanhemmuuden tueksi. Neuvoja voi k\u00e4ytt\u00e4\u00e4 apuna keskustelussa kaikissa lapsia huolestuttavissa asioissa.\u00a0<br \/>(Material is in Finnish)<\/p><h2>Articles for parents<\/h2><p>Kuinka voit vanhempana tukea lapsen <a href=\"https:\/\/koulutuselamaan.fi\/en\/opettajille\/itsetunto\/\">itsetuntoa<\/a><\/p><p><a href=\"http:\/\/koulutuselamaan.fi\/en\/2020\/11\/20\/artikkelisarja-tunteista\/\" target=\"_blank\" rel=\"noopener\">Artikkelisarja tunteista<\/a> (www.hyvakysymys.fi)<\/p><p><a href=\"https:\/\/www.hyvakysymys.fi\/artikkeli\/miten-puhua-paihteista-koululaisen-kanssa\/\" target=\"_blank\" rel=\"noopener\">Artikkeli: Miten puhua p\u00e4ihteist\u00e4 koululaiselle?<\/a>\u00a0(www.hyvakysymys.fi)<\/p><p><a href=\"https:\/\/www.hyvakysymys.fi\/artikkeli\/miten-tukea-perheen-yhteytta-ja-purkaa-stressia\/\" target=\"_blank\" rel=\"noopener\">Atrikkeli: Miten tukea perheen yhteytt\u00e4 ja purkaa stressi\u00e4<\/a>\u00a0(www.hyvakysymys.fi)<\/p><p><a href=\"https:\/\/www.hyvakysymys.fi\/artikkeli\/lempeaa-asennetta-perhearkeen\/\" target=\"_blank\" rel=\"noopener\">Artikkeli: Lempe\u00e4\u00e4 asennetta perhearkeen<\/a>\u00a0(www.hyvakysymys.fi)<\/p><h2>\u00a0<\/h2><h2>Children's questions and examples of answers<\/h2><p>Koulutus El\u00e4m\u00e4\u00e4n oppitunneilla lapset kysyv\u00e4t paljon kysymyksi\u00e4. Kev\u00e4\u00e4ll\u00e4 2020 4.-6.luokkalaiset oppilaat saivat ennakkoon nimett\u00f6m\u00e4n\u00e4 kysy\u00e4 kysymyksi\u00e4 yst\u00e4vyydest\u00e4 ja kiusaamisesta sek\u00e4 terveydest\u00e4 ja p\u00e4ihteist\u00e4. Tunneilla vastasimme heid\u00e4n kysymyksiins\u00e4.<\/p><p><a href=\"https:\/\/koulutuselamaan.fi\/wp-content\/uploads\/2020\/09\/Lasten-kysymyksi\u00e4-yst\u00e4vyydest\u00e4-ja-kiusaamisesta.pdf\" target=\"_blank\" rel=\"noopener\">Lasten kysymyksi\u00e4 yst\u00e4vyydest\u00e4 ja kiusaamisesta<\/a>\u00a0(pdf)<\/p><p><a href=\"https:\/\/koulutuselamaan.fi\/wp-content\/uploads\/2020\/09\/Lasten-kysymyksi\u00e4-alkoholista-ja-p\u00e4ihteist\u00e4-yleisesti.pdf\" target=\"_blank\" rel=\"noopener\">Lasten-kysymyksi\u00e4-alkoholista-ja-p\u00e4ihteist\u00e4-yleisesti<\/a>\u00a0(pdf)<\/p><p><a href=\"https:\/\/koulutuselamaan.fi\/wp-content\/uploads\/2020\/09\/Lasten-kysymyksi\u00e4-tupakasta-ja-nuuskasta.pdf\" target=\"_blank\" rel=\"noopener\">Lasten-kysymyksi\u00e4-tupakasta-ja-nuuskasta<\/a>\u00a0(pdf)<\/p><p><a href=\"https:\/\/koulutuselamaan.fi\/wp-content\/uploads\/2020\/09\/Lasten-kysymyksi\u00e4-huumeista.pdf\" target=\"_blank\" rel=\"noopener\">Lasten-kysymyksi\u00e4-huumeista<\/a>\u00a0(pdf)<\/p><p><a href=\"https:\/\/koulutuselamaan.fi\/wp-content\/uploads\/2020\/09\/Lasten-kysymyksi\u00e4-terveydest\u00e4.pdf\" target=\"_blank\" rel=\"noopener\">Lasten-kysymyksi\u00e4-terveydest\u00e4<\/a>\u00a0(pdf)<\/p>\t\t\t\t\t\t\t\t<\/div>\n\t\t\t\t<\/div>\n\t\t\t\t\t<\/div>\n\t\t<\/div>\n\t\t\t\t<div class=\"elementor-column elementor-col-33 elementor-inner-column elementor-element elementor-element-812edc3\" data-id=\"812edc3\" data-element_type=\"column\">\n\t\t\t<div class=\"elementor-widget-wrap elementor-element-populated\">\n\t\t\t\t\t\t<div class=\"elementor-element elementor-element-7a2fbc0 elementor-widget elementor-widget-text-editor\" data-id=\"7a2fbc0\" data-element_type=\"widget\" data-widget_type=\"text-editor.default\">\n\t\t\t\t<div class=\"elementor-widget-container\">\n\t\t\t\t\t\t\t\t\t<h2>Tutustu my\u00f6s:<\/h2>\t\t\t\t\t\t\t\t<\/div>\n\t\t\t\t<\/div>\n\t\t\t\t<div class=\"elementor-element elementor-element-a3482ef elementor-widget-divider--view-line elementor-widget elementor-widget-divider\" data-id=\"a3482ef\" data-element_type=\"widget\" data-widget_type=\"divider.default\">\n\t\t\t\t<div class=\"elementor-widget-container\">\n\t\t\t\t\t\t\t<div class=\"elementor-divider\">\n\t\t\t<span class=\"elementor-divider-separator\">\n\t\t\t\t\t\t<\/span>\n\t\t<\/div>\n\t\t\t\t\t\t<\/div>\n\t\t\t\t<\/div>\n\t\t\t\t<div class=\"elementor-element elementor-element-9757bde elementor-nav-menu--dropdown-tablet elementor-nav-menu__text-align-aside elementor-widget elementor-widget-nav-menu\" data-id=\"9757bde\" data-element_type=\"widget\" data-settings=\"{&quot;layout&quot;:&quot;vertical&quot;,&quot;submenu_icon&quot;:{&quot;value&quot;:&quot;&lt;i class=\\&quot;fas fa-caret-down\\&quot;&gt;&lt;\\\/i&gt;&quot;,&quot;library&quot;:&quot;fa-solid&quot;}}\" data-widget_type=\"nav-menu.default\">\n\t\t\t\t<div class=\"elementor-widget-container\">\n\t\t\t\t\t\t\t\t<nav aria-label=\"Menu\" class=\"elementor-nav-menu--main elementor-nav-menu__container elementor-nav-menu--layout-vertical e--pointer-underline e--animation-fade\">\n\t\t\t\t<ul id=\"menu-1-9757bde\" class=\"elementor-nav-menu sm-vertical\"><li class=\"menu-item menu-item-type-post_type menu-item-object-page menu-item-2395\"><a href=\"https:\/\/koulutuselamaan.fi\/en\/vanhemmille\/puhutaan-paihteista\/\" class=\"elementor-item\">Puhutaan p\u00e4ihteist\u00e4 -podcast<\/a><\/li>\n<li class=\"menu-item menu-item-type-post_type menu-item-object-page menu-item-2394\"><a href=\"https:\/\/koulutuselamaan.fi\/en\/lapsille-2\/harold\/\" class=\"elementor-item\">Harold-peli ja ohjeet<\/a><\/li>\n<\/ul>\t\t\t<\/nav>\n\t\t\t\t\t\t<nav class=\"elementor-nav-menu--dropdown elementor-nav-menu__container\" aria-hidden=\"true\">\n\t\t\t\t<ul id=\"menu-2-9757bde\" class=\"elementor-nav-menu sm-vertical\"><li class=\"menu-item menu-item-type-post_type menu-item-object-page menu-item-2395\"><a href=\"https:\/\/koulutuselamaan.fi\/en\/vanhemmille\/puhutaan-paihteista\/\" class=\"elementor-item\" tabindex=\"-1\">Puhutaan p\u00e4ihteist\u00e4 -podcast<\/a><\/li>\n<li class=\"menu-item menu-item-type-post_type menu-item-object-page menu-item-2394\"><a href=\"https:\/\/koulutuselamaan.fi\/en\/lapsille-2\/harold\/\" class=\"elementor-item\" tabindex=\"-1\">Harold-peli ja ohjeet<\/a><\/li>\n<\/ul>\t\t\t<\/nav>\n\t\t\t\t\t\t<\/div>\n\t\t\t\t<\/div>\n\t\t\t\t<div class=\"elementor-element elementor-element-864b3bc elementor-widget-divider--view-line elementor-widget elementor-widget-divider\" data-id=\"864b3bc\" data-element_type=\"widget\" data-widget_type=\"divider.default\">\n\t\t\t\t<div class=\"elementor-widget-container\">\n\t\t\t\t\t\t\t<div class=\"elementor-divider\">\n\t\t\t<span class=\"elementor-divider-separator\">\n\t\t\t\t\t\t<\/span>\n\t\t<\/div>\n\t\t\t\t\t\t<\/div>\n\t\t\t\t<\/div>\n\t\t\t\t\t<\/div>\n\t\t<\/div>\n\t\t\t\t\t<\/div>\n\t\t<\/section>\n\t\t\t\t\t<\/div>\n\t\t<\/div>\n\t\t\t\t\t<\/div>\n\t\t<\/section>\n\t\t\t\t<\/div>","protected":false},"excerpt":{"rendered":"<p>Materiaalia vanhemmille N\u00e4ilt\u00e4 sivuilta l\u00f6yd\u00e4t materiaalia vanhemmuuden tueksi. Neuvoja voi k\u00e4ytt\u00e4\u00e4 apuna keskustelussa kaikissa lapsia huolestuttavissa asioissa.\u00a0(Materiaali on suomeksi) Artikkelit vanhemmille Kuinka voit vanhempana tukea lapsen itsetuntoa Artikkelisarja tunteista (www.hyvakysymys.fi) Artikkeli: Miten puhua p\u00e4ihteist\u00e4 koululaiselle?\u00a0(www.hyvakysymys.fi) Atrikkeli: Miten tukea perheen yhteytt\u00e4 ja purkaa stressi\u00e4\u00a0(www.hyvakysymys.fi) Artikkeli: Lempe\u00e4\u00e4 asennetta perhearkeen\u00a0(www.hyvakysymys.fi) \u00a0 Lasten kysymyksi\u00e4 ja esimerkkivastauksia Koulutus El\u00e4m\u00e4\u00e4n oppitunneilla &hellip; <a href=\"https:\/\/koulutuselamaan.fi\/en\/vanhemmille\/materiaalia-vanhemmille\/\" class=\"more-link\">Continue reading <span class=\"screen-reader-text\">Material for parents<\/span><\/a><\/p>","protected":false},"author":1,"featured_media":0,"parent":26,"menu_order":0,"comment_status":"closed","ping_status":"closed","template":"elementor_header_footer","meta":{"footnotes":""},"tags":[],"class_list":["post-1143","page","type-page","status-publish","hentry","no-featured-image"],"jetpack_sharing_enabled":true,"_links":{"self":[{"href":"https:\/\/koulutuselamaan.fi\/en\/wp-json\/wp\/v2\/pages\/1143","targetHints":{"allow":["GET"]}}],"collection":[{"href":"https:\/\/koulutuselamaan.fi\/en\/wp-json\/wp\/v2\/pages"}],"about":[{"href":"https:\/\/koulutuselamaan.fi\/en\/wp-json\/wp\/v2\/types\/page"}],"author":[{"embeddable":true,"href":"https:\/\/koulutuselamaan.fi\/en\/wp-json\/wp\/v2\/users\/1"}],"replies":[{"embeddable":true,"href":"https:\/\/koulutuselamaan.fi\/en\/wp-json\/wp\/v2\/comments?post=1143"}],"version-history":[{"count":57,"href":"https:\/\/koulutuselamaan.fi\/en\/wp-json\/wp\/v2\/pages\/1143\/revisions"}],"predecessor-version":[{"id":4712,"href":"https:\/\/koulutuselamaan.fi\/en\/wp-json\/wp\/v2\/pages\/1143\/revisions\/4712"}],"up":[{"embeddable":true,"href":"https:\/\/koulutuselamaan.fi\/en\/wp-json\/wp\/v2\/pages\/26"}],"wp:attachment":[{"href":"https:\/\/koulutuselamaan.fi\/en\/wp-json\/wp\/v2\/media?parent=1143"}],"wp:term":[{"taxonomy":"post_tag","embeddable":true,"href":"https:\/\/koulutuselamaan.fi\/en\/wp-json\/wp\/v2\/tags?post=1143"}],"curies":[{"name":"wp","href":"https:\/\/api.w.org\/{rel}","templated":true}]}}